{"id":3060,"date":"2025-06-20T11:34:59","date_gmt":"2025-06-20T09:34:59","guid":{"rendered":"https:\/\/www.kbmedshop.ch\/?post_type=product&#038;p=3060"},"modified":"2026-02-19T10:49:16","modified_gmt":"2026-02-19T09:49:16","slug":"d25-custodia-da-trasporto-uv-smart","status":"publish","type":"product","link":"https:\/\/www.kbmedshop.ch\/it\/prodotto\/d25-custodia-da-trasporto-uv-smart\/","title":{"rendered":"D25 Custodia da trasporto UV Smart"},"content":{"rendered":"<p>La custodia per il trasporto del D25+ \u00e8 progettata per garantire la sicurezza e la facilit\u00e0 di trasporto del dispositivo. Dotato di schiuma personalizzata all&#8217;interno, questo flight case protegge efficacemente il D25+ da urti e danni durante il trasporto. Dotato di solide ruote e di un&#8217;impugnatura ergonomica in gomma, consente uno spostamento fluido e sicuro. Compatta e robusta, la custodia \u00e8 ideale per gli operatori sanitari e le strutture mediche che necessitano di una soluzione affidabile per spostare il proprio dispositivo di disinfezione UV Smart. Si adatta perfettamente alle esigenze dei moderni ambienti medici.<\/p>\n<p>Caratteristiche:<\/p>\n<ul>\n<li>Protezione ottimale: schiuma personalizzata per evitare danni durante il trasporto.<\/li>\n<li>Facile da trasportare: Dotato di ruote solide e di una maniglia ergonomica in gomma.<\/li>\n<li>Design compatto: progettato per adattarsi perfettamente al D25+.<\/li>\n<li>Durata: Realizzato con materiali di alta qualit\u00e0 per un uso intensivo.<\/li>\n<\/ul>\n<p>Applicazioni:<\/p>\n<ul>\n<li>Ideale per ospedali, cliniche e studi medici.<\/li>\n<li>Progettato per proteggere il D25+ durante i movimenti interni o esterni.<\/li>\n<li>Adatto per gli operatori sanitari che cercano una soluzione sicura per trasportare il proprio dispositivo.<\/li>\n<\/ul>\n<p>La custodia per il trasporto D25+ \u00e8 una soluzione indispensabile per gli utenti del D25+, che combina robustezza, praticit\u00e0 e sicurezza. \u00c8 un accessorio indispensabile per garantire la protezione del dispositivo.<\/p>\n","protected":false},"excerpt":{"rendered":"<p>La custodia per il trasporto del D25+ offre una protezione ottimale grazie alla schiuma personalizzata, alle ruote solide e all&#8217;impugnatura ergonomica. Ideale per trasportare il D25+ in sicurezza.<\/p>\n","protected":false},"featured_media":3054,"comment_status":"open","ping_status":"closed","template":"","meta":{"_acf_changed":false},"product_brand":[266],"product_cat":[396],"product_tag":[],"class_list":{"0":"post-3060","1":"product","2":"type-product","3":"status-publish","4":"has-post-thumbnail","6":"product_brand-uv-smart-it","7":"product_cat-sterilizzazione-igiene","9":"first","10":"instock","11":"taxable","12":"shipping-taxable","13":"purchasable","14":"product-type-simple"},"acf":[],"yoast_head":"<!-- This site is optimized with the Yoast SEO plugin v25.0 - https:\/\/yoast.com\/wordpress\/plugins\/seo\/ -->\n<title>D25 Custodia da trasporto UV Smart - KB Med<\/title>\n<meta name=\"description\" content=\"Trasporta il D25+ in modo sicuro con la custodia UV Smart. Schiuma personalizzata, ruote robuste e impugnatura ergonomica per una protezione ottimale.\" \/>\n<meta name=\"robots\" content=\"index, follow, max-snippet:-1, max-image-preview:large, max-video-preview:-1\" \/>\n<link rel=\"canonical\" href=\"https:\/\/www.kbmedshop.ch\/it\/prodotto\/d25-custodia-da-trasporto-uv-smart\/\" \/>\n<meta property=\"og:locale\" content=\"it_IT\" \/>\n<meta property=\"og:type\" content=\"article\" \/>\n<meta property=\"og:title\" content=\"D25 Custodia da trasporto UV Smart - KB Med\" \/>\n<meta property=\"og:description\" content=\"Trasporta il D25+ in modo sicuro con la custodia UV Smart. Schiuma personalizzata, ruote robuste e impugnatura ergonomica per una protezione ottimale.\" \/>\n<meta property=\"og:url\" content=\"https:\/\/www.kbmedshop.ch\/it\/prodotto\/d25-custodia-da-trasporto-uv-smart\/\" \/>\n<meta property=\"og:site_name\" content=\"KB Med\" \/>\n<meta property=\"article:modified_time\" content=\"2026-02-19T09:49:16+00:00\" \/>\n<meta property=\"og:image\" content=\"https:\/\/www.kbmedshop.ch\/wp-content\/uploads\/2025\/06\/uvsmart-d25-flight-case.jpg\" \/>\n\t<meta property=\"og:image:width\" content=\"2000\" \/>\n\t<meta property=\"og:image:height\" content=\"1333\" \/>\n\t<meta property=\"og:image:type\" content=\"image\/jpeg\" \/>\n<meta name=\"twitter:card\" content=\"summary_large_image\" \/>\n<meta name=\"twitter:label1\" content=\"Tempo di lettura stimato\" \/>\n\t<meta name=\"twitter:data1\" content=\"2 minuto\" \/>\n<script type=\"application\/ld+json\" class=\"yoast-schema-graph\">{\"@context\":\"https:\/\/schema.org\",\"@graph\":[{\"@type\":\"WebPage\",\"@id\":\"https:\/\/www.kbmedshop.ch\/it\/prodotto\/d25-custodia-da-trasporto-uv-smart\/\",\"url\":\"https:\/\/www.kbmedshop.ch\/it\/prodotto\/d25-custodia-da-trasporto-uv-smart\/\",\"name\":\"D25 Custodia da trasporto UV Smart - KB Med\",\"isPartOf\":{\"@id\":\"https:\/\/www.kbmedshop.ch\/it\/#website\"},\"primaryImageOfPage\":{\"@id\":\"https:\/\/www.kbmedshop.ch\/it\/prodotto\/d25-custodia-da-trasporto-uv-smart\/#primaryimage\"},\"image\":{\"@id\":\"https:\/\/www.kbmedshop.ch\/it\/prodotto\/d25-custodia-da-trasporto-uv-smart\/#primaryimage\"},\"thumbnailUrl\":\"https:\/\/www.kbmedshop.ch\/wp-content\/uploads\/2025\/06\/uvsmart-d25-flight-case.jpg\",\"datePublished\":\"2025-06-20T09:34:59+00:00\",\"dateModified\":\"2026-02-19T09:49:16+00:00\",\"description\":\"Trasporta il D25+ in modo sicuro con la custodia UV Smart. Schiuma personalizzata, ruote robuste e impugnatura ergonomica per una protezione ottimale.\",\"breadcrumb\":{\"@id\":\"https:\/\/www.kbmedshop.ch\/it\/prodotto\/d25-custodia-da-trasporto-uv-smart\/#breadcrumb\"},\"inLanguage\":\"it-IT\",\"potentialAction\":[{\"@type\":\"ReadAction\",\"target\":[\"https:\/\/www.kbmedshop.ch\/it\/prodotto\/d25-custodia-da-trasporto-uv-smart\/\"]}]},{\"@type\":\"ImageObject\",\"inLanguage\":\"it-IT\",\"@id\":\"https:\/\/www.kbmedshop.ch\/it\/prodotto\/d25-custodia-da-trasporto-uv-smart\/#primaryimage\",\"url\":\"https:\/\/www.kbmedshop.ch\/wp-content\/uploads\/2025\/06\/uvsmart-d25-flight-case.jpg\",\"contentUrl\":\"https:\/\/www.kbmedshop.ch\/wp-content\/uploads\/2025\/06\/uvsmart-d25-flight-case.jpg\",\"width\":2000,\"height\":1333},{\"@type\":\"BreadcrumbList\",\"@id\":\"https:\/\/www.kbmedshop.ch\/it\/prodotto\/d25-custodia-da-trasporto-uv-smart\/#breadcrumb\",\"itemListElement\":[{\"@type\":\"ListItem\",\"position\":1,\"name\":\"Accueil\",\"item\":\"https:\/\/www.kbmedshop.ch\/it\/\"},{\"@type\":\"ListItem\",\"position\":2,\"name\":\"Negozio\",\"item\":\"https:\/\/www.kbmedshop.ch\/shop\/\"},{\"@type\":\"ListItem\",\"position\":3,\"name\":\"D25 Custodia da trasporto UV Smart\"}]},{\"@type\":\"WebSite\",\"@id\":\"https:\/\/www.kbmedshop.ch\/it\/#website\",\"url\":\"https:\/\/www.kbmedshop.ch\/it\/\",\"name\":\"Kbmed\",\"description\":\"\",\"potentialAction\":[{\"@type\":\"SearchAction\",\"target\":{\"@type\":\"EntryPoint\",\"urlTemplate\":\"https:\/\/www.kbmedshop.ch\/it\/?s={search_term_string}\"},\"query-input\":{\"@type\":\"PropertyValueSpecification\",\"valueRequired\":true,\"valueName\":\"search_term_string\"}}],\"inLanguage\":\"it-IT\"}]}<\/script>\n<!-- \/ Yoast SEO plugin. -->","yoast_head_json":{"title":"D25 Custodia da trasporto UV Smart - KB Med","description":"Trasporta il D25+ in modo sicuro con la custodia UV Smart. Schiuma personalizzata, ruote robuste e impugnatura ergonomica per una protezione ottimale.","robots":{"index":"index","follow":"follow","max-snippet":"max-snippet:-1","max-image-preview":"max-image-preview:large","max-video-preview":"max-video-preview:-1"},"canonical":"https:\/\/www.kbmedshop.ch\/it\/prodotto\/d25-custodia-da-trasporto-uv-smart\/","og_locale":"it_IT","og_type":"article","og_title":"D25 Custodia da trasporto UV Smart - KB Med","og_description":"Trasporta il D25+ in modo sicuro con la custodia UV Smart. Schiuma personalizzata, ruote robuste e impugnatura ergonomica per una protezione ottimale.","og_url":"https:\/\/www.kbmedshop.ch\/it\/prodotto\/d25-custodia-da-trasporto-uv-smart\/","og_site_name":"KB Med","article_modified_time":"2026-02-19T09:49:16+00:00","og_image":[{"width":2000,"height":1333,"url":"https:\/\/www.kbmedshop.ch\/wp-content\/uploads\/2025\/06\/uvsmart-d25-flight-case.jpg","type":"image\/jpeg"}],"twitter_card":"summary_large_image","twitter_misc":{"Tempo di lettura stimato":"2 minuto"},"schema":{"@context":"https:\/\/schema.org","@graph":[{"@type":"WebPage","@id":"https:\/\/www.kbmedshop.ch\/it\/prodotto\/d25-custodia-da-trasporto-uv-smart\/","url":"https:\/\/www.kbmedshop.ch\/it\/prodotto\/d25-custodia-da-trasporto-uv-smart\/","name":"D25 Custodia da trasporto UV Smart - KB Med","isPartOf":{"@id":"https:\/\/www.kbmedshop.ch\/it\/#website"},"primaryImageOfPage":{"@id":"https:\/\/www.kbmedshop.ch\/it\/prodotto\/d25-custodia-da-trasporto-uv-smart\/#primaryimage"},"image":{"@id":"https:\/\/www.kbmedshop.ch\/it\/prodotto\/d25-custodia-da-trasporto-uv-smart\/#primaryimage"},"thumbnailUrl":"https:\/\/www.kbmedshop.ch\/wp-content\/uploads\/2025\/06\/uvsmart-d25-flight-case.jpg","datePublished":"2025-06-20T09:34:59+00:00","dateModified":"2026-02-19T09:49:16+00:00","description":"Trasporta il D25+ in modo sicuro con la custodia UV Smart. Schiuma personalizzata, ruote robuste e impugnatura ergonomica per una protezione ottimale.","breadcrumb":{"@id":"https:\/\/www.kbmedshop.ch\/it\/prodotto\/d25-custodia-da-trasporto-uv-smart\/#breadcrumb"},"inLanguage":"it-IT","potentialAction":[{"@type":"ReadAction","target":["https:\/\/www.kbmedshop.ch\/it\/prodotto\/d25-custodia-da-trasporto-uv-smart\/"]}]},{"@type":"ImageObject","inLanguage":"it-IT","@id":"https:\/\/www.kbmedshop.ch\/it\/prodotto\/d25-custodia-da-trasporto-uv-smart\/#primaryimage","url":"https:\/\/www.kbmedshop.ch\/wp-content\/uploads\/2025\/06\/uvsmart-d25-flight-case.jpg","contentUrl":"https:\/\/www.kbmedshop.ch\/wp-content\/uploads\/2025\/06\/uvsmart-d25-flight-case.jpg","width":2000,"height":1333},{"@type":"BreadcrumbList","@id":"https:\/\/www.kbmedshop.ch\/it\/prodotto\/d25-custodia-da-trasporto-uv-smart\/#breadcrumb","itemListElement":[{"@type":"ListItem","position":1,"name":"Accueil","item":"https:\/\/www.kbmedshop.ch\/it\/"},{"@type":"ListItem","position":2,"name":"Negozio","item":"https:\/\/www.kbmedshop.ch\/shop\/"},{"@type":"ListItem","position":3,"name":"D25 Custodia da trasporto UV Smart"}]},{"@type":"WebSite","@id":"https:\/\/www.kbmedshop.ch\/it\/#website","url":"https:\/\/www.kbmedshop.ch\/it\/","name":"Kbmed","description":"","potentialAction":[{"@type":"SearchAction","target":{"@type":"EntryPoint","urlTemplate":"https:\/\/www.kbmedshop.ch\/it\/?s={search_term_string}"},"query-input":{"@type":"PropertyValueSpecification","valueRequired":true,"valueName":"search_term_string"}}],"inLanguage":"it-IT"}]}},"_links":{"self":[{"href":"https:\/\/www.kbmedshop.ch\/it\/wp-json\/wp\/v2\/product\/3060","targetHints":{"allow":["GET"]}}],"collection":[{"href":"https:\/\/www.kbmedshop.ch\/it\/wp-json\/wp\/v2\/product"}],"about":[{"href":"https:\/\/www.kbmedshop.ch\/it\/wp-json\/wp\/v2\/types\/product"}],"replies":[{"embeddable":true,"href":"https:\/\/www.kbmedshop.ch\/it\/wp-json\/wp\/v2\/comments?post=3060"}],"wp:featuredmedia":[{"embeddable":true,"href":"https:\/\/www.kbmedshop.ch\/it\/wp-json\/wp\/v2\/media\/3054"}],"wp:attachment":[{"href":"https:\/\/www.kbmedshop.ch\/it\/wp-json\/wp\/v2\/media?parent=3060"}],"wp:term":[{"taxonomy":"product_brand","embeddable":true,"href":"https:\/\/www.kbmedshop.ch\/it\/wp-json\/wp\/v2\/product_brand?post=3060"},{"taxonomy":"product_cat","embeddable":true,"href":"https:\/\/www.kbmedshop.ch\/it\/wp-json\/wp\/v2\/product_cat?post=3060"},{"taxonomy":"product_tag","embeddable":true,"href":"https:\/\/www.kbmedshop.ch\/it\/wp-json\/wp\/v2\/product_tag?post=3060"}],"curies":[{"name":"wp","href":"https:\/\/api.w.org\/{rel}","templated":true}]}}