{"id":3041,"date":"2025-06-20T10:54:03","date_gmt":"2025-06-20T08:54:03","guid":{"rendered":"https:\/\/www.kbmedshop.ch\/?post_type=product&#038;p=3041"},"modified":"2026-02-19T10:49:17","modified_gmt":"2026-02-19T09:49:17","slug":"adesivi-di-convalida-uv-smart","status":"publish","type":"product","link":"https:\/\/www.kbmedshop.ch\/it\/prodotto\/adesivi-di-convalida-uv-smart\/","title":{"rendered":"Adesivi di convalida UV Smart"},"content":{"rendered":"<p>Gli adesivi di convalida UV intelligenti sono strumenti convenienti e affidabili per monitorare l&#8217;efficacia dei cicli di disinfezione UV-C. Progettati per garantire una rapida convalida, questi adesivi cambiano colore quando rilevano una dose sufficiente di UV-C, assicurando che gli strumenti o le superfici siano stati adeguatamente disinfettati. Facili da usare, gli adesivi di convalida sono ideali per ambienti medici esigenti come ospedali, cliniche e laboratori. Ogni consegna contiene 1000 adesivi, offrendo una soluzione economica ed efficace per il monitoraggio regolare dei processi di disinfezione. Caratteristiche:<\/p>\n<ul>\n<li>Convalida rapida: Cambio colore per indicare se la dose UV-C \u00e8 sufficiente.<\/li>\n<li>Affidabilit\u00e0: Aiuta a garantire cicli di sanificazione efficaci.<\/li>\n<li>Facilit\u00e0 d&#8217;uso: Semplice da applicare e interpretare dopo ogni ciclo.<\/li>\n<li>Pacchetto: Ricevi 1000 adesivi per consegna.<\/li>\n<\/ul>\n<p>Applicazioni:<\/p>\n<ul>\n<li>Ideale per ospedali, cliniche, studi medici e laboratori.<\/li>\n<li>Progettato per convalidare i cicli di disinfezione UV-C.<\/li>\n<li>Adatto per gli operatori sanitari che desiderano garantire una disinfezione ottimale.<\/li>\n<li>Perfetto per ambienti che richiedono un monitoraggio regolare dei processi di disinfezione.<\/li>\n<\/ul>\n<p>Gli adesivi di convalida UV intelligenti sono una soluzione indispensabile per gli utenti di dispositivi UV-C, che combinano semplicit\u00e0, affidabilit\u00e0 ed efficienza. Sono uno strumento essenziale per garantire la sicurezza e la qualit\u00e0 dei processi di disinfezione.<\/p>\n","protected":false},"excerpt":{"rendered":"<p>Gli adesivi di convalida UV intelligenti vengono utilizzati per verificare se la dose di UV-C \u00e8 sufficiente dopo un ciclo di disinfezione. Cambiano colore quando rilevano i raggi UV-C, garantendo una convalida rapida e affidabile.<\/p>\n","protected":false},"featured_media":3039,"comment_status":"open","ping_status":"closed","template":"","meta":{"_acf_changed":false},"product_brand":[266],"product_cat":[396,400],"product_tag":[],"class_list":{"0":"post-3041","1":"product","2":"type-product","3":"status-publish","4":"has-post-thumbnail","6":"product_brand-uv-smart-it","7":"product_cat-sterilizzazione-igiene","8":"product_cat-test-validazione","10":"first","11":"instock","12":"taxable","13":"shipping-taxable","14":"purchasable","15":"product-type-simple"},"acf":[],"yoast_head":"<!-- This site is optimized with the Yoast SEO plugin v25.0 - https:\/\/yoast.com\/wordpress\/plugins\/seo\/ -->\n<title>Adesivi di convalida UV Smart - KB Med<\/title>\n<meta name=\"description\" content=\"Gli adesivi UV Smart Validation cambiano colore per verificare se la dose di UV-C \u00e8 sufficiente dopo un ciclo di disinfezione. 1000 adesivi per consegna.\" \/>\n<meta name=\"robots\" content=\"index, follow, max-snippet:-1, max-image-preview:large, max-video-preview:-1\" \/>\n<link rel=\"canonical\" href=\"https:\/\/www.kbmedshop.ch\/it\/prodotto\/adesivi-di-convalida-uv-smart\/\" \/>\n<meta property=\"og:locale\" content=\"it_IT\" \/>\n<meta property=\"og:type\" content=\"article\" \/>\n<meta property=\"og:title\" content=\"Adesivi di convalida UV Smart - KB Med\" \/>\n<meta property=\"og:description\" content=\"Gli adesivi UV Smart Validation cambiano colore per verificare se la dose di UV-C \u00e8 sufficiente dopo un ciclo di disinfezione. 1000 adesivi per consegna.\" \/>\n<meta property=\"og:url\" content=\"https:\/\/www.kbmedshop.ch\/it\/prodotto\/adesivi-di-convalida-uv-smart\/\" \/>\n<meta property=\"og:site_name\" content=\"KB Med\" \/>\n<meta property=\"article:modified_time\" content=\"2026-02-19T09:49:17+00:00\" \/>\n<meta property=\"og:image\" content=\"https:\/\/www.kbmedshop.ch\/wp-content\/uploads\/2025\/06\/uvsmart-autocollants.png\" \/>\n\t<meta property=\"og:image:width\" content=\"308\" \/>\n\t<meta property=\"og:image:height\" content=\"419\" \/>\n\t<meta property=\"og:image:type\" content=\"image\/png\" \/>\n<meta name=\"twitter:card\" content=\"summary_large_image\" \/>\n<meta name=\"twitter:label1\" content=\"Tempo di lettura stimato\" \/>\n\t<meta name=\"twitter:data1\" content=\"2 minuto\" \/>\n<script type=\"application\/ld+json\" class=\"yoast-schema-graph\">{\"@context\":\"https:\/\/schema.org\",\"@graph\":[{\"@type\":\"WebPage\",\"@id\":\"https:\/\/www.kbmedshop.ch\/it\/prodotto\/adesivi-di-convalida-uv-smart\/\",\"url\":\"https:\/\/www.kbmedshop.ch\/it\/prodotto\/adesivi-di-convalida-uv-smart\/\",\"name\":\"Adesivi di convalida UV Smart - KB Med\",\"isPartOf\":{\"@id\":\"https:\/\/www.kbmedshop.ch\/it\/#website\"},\"primaryImageOfPage\":{\"@id\":\"https:\/\/www.kbmedshop.ch\/it\/prodotto\/adesivi-di-convalida-uv-smart\/#primaryimage\"},\"image\":{\"@id\":\"https:\/\/www.kbmedshop.ch\/it\/prodotto\/adesivi-di-convalida-uv-smart\/#primaryimage\"},\"thumbnailUrl\":\"https:\/\/www.kbmedshop.ch\/wp-content\/uploads\/2025\/06\/uvsmart-autocollants.png\",\"datePublished\":\"2025-06-20T08:54:03+00:00\",\"dateModified\":\"2026-02-19T09:49:17+00:00\",\"description\":\"Gli adesivi UV Smart Validation cambiano colore per verificare se la dose di UV-C \u00e8 sufficiente dopo un ciclo di disinfezione. 1000 adesivi per consegna.\",\"breadcrumb\":{\"@id\":\"https:\/\/www.kbmedshop.ch\/it\/prodotto\/adesivi-di-convalida-uv-smart\/#breadcrumb\"},\"inLanguage\":\"it-IT\",\"potentialAction\":[{\"@type\":\"ReadAction\",\"target\":[\"https:\/\/www.kbmedshop.ch\/it\/prodotto\/adesivi-di-convalida-uv-smart\/\"]}]},{\"@type\":\"ImageObject\",\"inLanguage\":\"it-IT\",\"@id\":\"https:\/\/www.kbmedshop.ch\/it\/prodotto\/adesivi-di-convalida-uv-smart\/#primaryimage\",\"url\":\"https:\/\/www.kbmedshop.ch\/wp-content\/uploads\/2025\/06\/uvsmart-autocollants.png\",\"contentUrl\":\"https:\/\/www.kbmedshop.ch\/wp-content\/uploads\/2025\/06\/uvsmart-autocollants.png\",\"width\":308,\"height\":419},{\"@type\":\"BreadcrumbList\",\"@id\":\"https:\/\/www.kbmedshop.ch\/it\/prodotto\/adesivi-di-convalida-uv-smart\/#breadcrumb\",\"itemListElement\":[{\"@type\":\"ListItem\",\"position\":1,\"name\":\"Accueil\",\"item\":\"https:\/\/www.kbmedshop.ch\/it\/\"},{\"@type\":\"ListItem\",\"position\":2,\"name\":\"Negozio\",\"item\":\"https:\/\/www.kbmedshop.ch\/shop\/\"},{\"@type\":\"ListItem\",\"position\":3,\"name\":\"Adesivi di convalida UV Smart\"}]},{\"@type\":\"WebSite\",\"@id\":\"https:\/\/www.kbmedshop.ch\/it\/#website\",\"url\":\"https:\/\/www.kbmedshop.ch\/it\/\",\"name\":\"Kbmed\",\"description\":\"\",\"potentialAction\":[{\"@type\":\"SearchAction\",\"target\":{\"@type\":\"EntryPoint\",\"urlTemplate\":\"https:\/\/www.kbmedshop.ch\/it\/?s={search_term_string}\"},\"query-input\":{\"@type\":\"PropertyValueSpecification\",\"valueRequired\":true,\"valueName\":\"search_term_string\"}}],\"inLanguage\":\"it-IT\"}]}<\/script>\n<!-- \/ Yoast SEO plugin. -->","yoast_head_json":{"title":"Adesivi di convalida UV Smart - KB Med","description":"Gli adesivi UV Smart Validation cambiano colore per verificare se la dose di UV-C \u00e8 sufficiente dopo un ciclo di disinfezione. 1000 adesivi per consegna.","robots":{"index":"index","follow":"follow","max-snippet":"max-snippet:-1","max-image-preview":"max-image-preview:large","max-video-preview":"max-video-preview:-1"},"canonical":"https:\/\/www.kbmedshop.ch\/it\/prodotto\/adesivi-di-convalida-uv-smart\/","og_locale":"it_IT","og_type":"article","og_title":"Adesivi di convalida UV Smart - KB Med","og_description":"Gli adesivi UV Smart Validation cambiano colore per verificare se la dose di UV-C \u00e8 sufficiente dopo un ciclo di disinfezione. 1000 adesivi per consegna.","og_url":"https:\/\/www.kbmedshop.ch\/it\/prodotto\/adesivi-di-convalida-uv-smart\/","og_site_name":"KB Med","article_modified_time":"2026-02-19T09:49:17+00:00","og_image":[{"width":308,"height":419,"url":"https:\/\/www.kbmedshop.ch\/wp-content\/uploads\/2025\/06\/uvsmart-autocollants.png","type":"image\/png"}],"twitter_card":"summary_large_image","twitter_misc":{"Tempo di lettura stimato":"2 minuto"},"schema":{"@context":"https:\/\/schema.org","@graph":[{"@type":"WebPage","@id":"https:\/\/www.kbmedshop.ch\/it\/prodotto\/adesivi-di-convalida-uv-smart\/","url":"https:\/\/www.kbmedshop.ch\/it\/prodotto\/adesivi-di-convalida-uv-smart\/","name":"Adesivi di convalida UV Smart - KB Med","isPartOf":{"@id":"https:\/\/www.kbmedshop.ch\/it\/#website"},"primaryImageOfPage":{"@id":"https:\/\/www.kbmedshop.ch\/it\/prodotto\/adesivi-di-convalida-uv-smart\/#primaryimage"},"image":{"@id":"https:\/\/www.kbmedshop.ch\/it\/prodotto\/adesivi-di-convalida-uv-smart\/#primaryimage"},"thumbnailUrl":"https:\/\/www.kbmedshop.ch\/wp-content\/uploads\/2025\/06\/uvsmart-autocollants.png","datePublished":"2025-06-20T08:54:03+00:00","dateModified":"2026-02-19T09:49:17+00:00","description":"Gli adesivi UV Smart Validation cambiano colore per verificare se la dose di UV-C \u00e8 sufficiente dopo un ciclo di disinfezione. 1000 adesivi per consegna.","breadcrumb":{"@id":"https:\/\/www.kbmedshop.ch\/it\/prodotto\/adesivi-di-convalida-uv-smart\/#breadcrumb"},"inLanguage":"it-IT","potentialAction":[{"@type":"ReadAction","target":["https:\/\/www.kbmedshop.ch\/it\/prodotto\/adesivi-di-convalida-uv-smart\/"]}]},{"@type":"ImageObject","inLanguage":"it-IT","@id":"https:\/\/www.kbmedshop.ch\/it\/prodotto\/adesivi-di-convalida-uv-smart\/#primaryimage","url":"https:\/\/www.kbmedshop.ch\/wp-content\/uploads\/2025\/06\/uvsmart-autocollants.png","contentUrl":"https:\/\/www.kbmedshop.ch\/wp-content\/uploads\/2025\/06\/uvsmart-autocollants.png","width":308,"height":419},{"@type":"BreadcrumbList","@id":"https:\/\/www.kbmedshop.ch\/it\/prodotto\/adesivi-di-convalida-uv-smart\/#breadcrumb","itemListElement":[{"@type":"ListItem","position":1,"name":"Accueil","item":"https:\/\/www.kbmedshop.ch\/it\/"},{"@type":"ListItem","position":2,"name":"Negozio","item":"https:\/\/www.kbmedshop.ch\/shop\/"},{"@type":"ListItem","position":3,"name":"Adesivi di convalida UV Smart"}]},{"@type":"WebSite","@id":"https:\/\/www.kbmedshop.ch\/it\/#website","url":"https:\/\/www.kbmedshop.ch\/it\/","name":"Kbmed","description":"","potentialAction":[{"@type":"SearchAction","target":{"@type":"EntryPoint","urlTemplate":"https:\/\/www.kbmedshop.ch\/it\/?s={search_term_string}"},"query-input":{"@type":"PropertyValueSpecification","valueRequired":true,"valueName":"search_term_string"}}],"inLanguage":"it-IT"}]}},"_links":{"self":[{"href":"https:\/\/www.kbmedshop.ch\/it\/wp-json\/wp\/v2\/product\/3041","targetHints":{"allow":["GET"]}}],"collection":[{"href":"https:\/\/www.kbmedshop.ch\/it\/wp-json\/wp\/v2\/product"}],"about":[{"href":"https:\/\/www.kbmedshop.ch\/it\/wp-json\/wp\/v2\/types\/product"}],"replies":[{"embeddable":true,"href":"https:\/\/www.kbmedshop.ch\/it\/wp-json\/wp\/v2\/comments?post=3041"}],"wp:featuredmedia":[{"embeddable":true,"href":"https:\/\/www.kbmedshop.ch\/it\/wp-json\/wp\/v2\/media\/3039"}],"wp:attachment":[{"href":"https:\/\/www.kbmedshop.ch\/it\/wp-json\/wp\/v2\/media?parent=3041"}],"wp:term":[{"taxonomy":"product_brand","embeddable":true,"href":"https:\/\/www.kbmedshop.ch\/it\/wp-json\/wp\/v2\/product_brand?post=3041"},{"taxonomy":"product_cat","embeddable":true,"href":"https:\/\/www.kbmedshop.ch\/it\/wp-json\/wp\/v2\/product_cat?post=3041"},{"taxonomy":"product_tag","embeddable":true,"href":"https:\/\/www.kbmedshop.ch\/it\/wp-json\/wp\/v2\/product_tag?post=3041"}],"curies":[{"name":"wp","href":"https:\/\/api.w.org\/{rel}","templated":true}]}}