{"id":2877,"date":"2025-06-19T11:23:33","date_gmt":"2025-06-19T09:23:33","guid":{"rendered":"https:\/\/www.kbmedshop.ch\/?post_type=product&#038;p=2877"},"modified":"2026-02-19T10:49:18","modified_gmt":"2026-02-19T09:49:18","slug":"uv-smart-d45","status":"publish","type":"product","link":"https:\/\/www.kbmedshop.ch\/it\/prodotto\/uv-smart-d45\/","title":{"rendered":"UV Smart D45"},"content":{"rendered":"<p>L&#8217;UV Smart D45 \u00e8 una soluzione innovativa per la disinfezione di strumenti e accessori medici utilizzando la tecnologia UV-C. In breve tempo, questo dispositivo elimina fino al 99,99% di batteri, virus e spore, garantendo un&#8217;igiene ottimale e la massima sicurezza per pazienti e operatori sanitari.<\/p>\n<p>Progettato per soddisfare le esigenze degli ambienti medici pi\u00f9 esigenti, il D45 fornisce una disinfezione efficace senza calore o sostanze chimiche, preservando l&#8217;integrit\u00e0 degli strumenti sensibili. Il suo design ergonomico e l&#8217;interfaccia intuitiva consentono un funzionamento rapido e semplice, ottimizzando i flussi di lavoro in ospedali, cliniche e studi medici.<\/p>\n<p>Tratti somatici:<\/p>\n<ul>\n<li>Disinfezione rapida: Elimina il 99,99% dei microrganismi in un tempo ottimizzato.<\/li>\n<li>Tecnologia UV-C avanzata: disinfezione senza calore e senza sostanze chimiche, ideale per strumenti sensibili.<\/li>\n<li>Compatto ed ergonomico: facile da integrare in studi medici, cliniche e ospedali.<\/li>\n<li>Interfaccia intuitiva: veloce e facile da usare per un notevole risparmio di tempo.<\/li>\n<li>Conforme agli standard medici: Soddisfa i requisiti degli standard internazionali per la disinfezione.<\/li>\n<\/ul>\n<p>Applicazioni:<\/p>\n<ul>\n<li>Ideale per ospedali, cliniche, studi medici e laboratori.<\/li>\n<li>Progettato per la disinfezione rapida di strumenti medici e accessori.<\/li>\n<li>Adatto agli operatori sanitari che cercano una soluzione affidabile ed efficace per garantire un&#8217;igiene ottimale.<\/li>\n<li>Perfetto per ambienti che richiedono una disinfezione rapida e priva di sostanze chimiche.<\/li>\n<\/ul>\n<p>L&#8217;UV Smart D45 \u00e8 una soluzione indispensabile per gli operatori sanitari, che combina velocit\u00e0, efficienza e praticit\u00e0. \u00c8 uno strumento essenziale per migliorare la sicurezza delle cure e ottimizzare i processi di disinfezione.<\/p>\n","protected":false},"excerpt":{"rendered":"<p>L&#8217;UV Smart D45 \u00e8 un dispositivo di disinfezione avanzato che utilizza la tecnologia UV-C per eliminare il 99,99% dei microrganismi in breve tempo. Ideale per gli strumenti medici, garantisce un&#8217;igiene ottimale e si adatta perfettamente agli ambienti medici moderni.<\/p>\n","protected":false},"featured_media":2871,"comment_status":"open","ping_status":"closed","template":"","meta":{"_acf_changed":false},"product_brand":[266],"product_cat":[396],"product_tag":[],"class_list":{"0":"post-2877","1":"product","2":"type-product","3":"status-publish","4":"has-post-thumbnail","6":"product_brand-uv-smart-it","7":"product_cat-sterilizzazione-igiene","9":"first","10":"instock","11":"taxable","12":"shipping-taxable","13":"purchasable","14":"product-type-simple"},"acf":[],"yoast_head":"<!-- This site is optimized with the Yoast SEO plugin v25.0 - https:\/\/yoast.com\/wordpress\/plugins\/seo\/ -->\n<title>UV Smart D45 - KB Med<\/title>\n<meta name=\"description\" content=\"L&#039;UV Smart D45 disinfetta rapidamente gli strumenti medici con la tecnologia UV-C. Veloce, efficace e privo di sostanze chimiche.\" \/>\n<meta name=\"robots\" content=\"index, follow, max-snippet:-1, max-image-preview:large, max-video-preview:-1\" \/>\n<link rel=\"canonical\" href=\"https:\/\/www.kbmedshop.ch\/it\/prodotto\/uv-smart-d45\/\" \/>\n<meta property=\"og:locale\" content=\"it_IT\" \/>\n<meta property=\"og:type\" content=\"article\" \/>\n<meta property=\"og:title\" content=\"UV Smart D45 - KB Med\" \/>\n<meta property=\"og:description\" content=\"L&#039;UV Smart D45 disinfetta rapidamente gli strumenti medici con la tecnologia UV-C. Veloce, efficace e privo di sostanze chimiche.\" \/>\n<meta property=\"og:url\" content=\"https:\/\/www.kbmedshop.ch\/it\/prodotto\/uv-smart-d45\/\" \/>\n<meta property=\"og:site_name\" content=\"KB Med\" \/>\n<meta property=\"article:modified_time\" content=\"2026-02-19T09:49:18+00:00\" \/>\n<meta property=\"og:image\" content=\"https:\/\/www.kbmedshop.ch\/wp-content\/uploads\/2025\/06\/d45.jpeg\" \/>\n\t<meta property=\"og:image:width\" content=\"225\" \/>\n\t<meta property=\"og:image:height\" content=\"225\" \/>\n\t<meta property=\"og:image:type\" content=\"image\/jpeg\" \/>\n<meta name=\"twitter:card\" content=\"summary_large_image\" \/>\n<meta name=\"twitter:label1\" content=\"Tempo di lettura stimato\" \/>\n\t<meta name=\"twitter:data1\" content=\"2 minuto\" \/>\n<script type=\"application\/ld+json\" class=\"yoast-schema-graph\">{\"@context\":\"https:\/\/schema.org\",\"@graph\":[{\"@type\":\"WebPage\",\"@id\":\"https:\/\/www.kbmedshop.ch\/it\/prodotto\/uv-smart-d45\/\",\"url\":\"https:\/\/www.kbmedshop.ch\/it\/prodotto\/uv-smart-d45\/\",\"name\":\"UV Smart D45 - KB Med\",\"isPartOf\":{\"@id\":\"https:\/\/www.kbmedshop.ch\/it\/#website\"},\"primaryImageOfPage\":{\"@id\":\"https:\/\/www.kbmedshop.ch\/it\/prodotto\/uv-smart-d45\/#primaryimage\"},\"image\":{\"@id\":\"https:\/\/www.kbmedshop.ch\/it\/prodotto\/uv-smart-d45\/#primaryimage\"},\"thumbnailUrl\":\"https:\/\/www.kbmedshop.ch\/wp-content\/uploads\/2025\/06\/d45.jpeg\",\"datePublished\":\"2025-06-19T09:23:33+00:00\",\"dateModified\":\"2026-02-19T09:49:18+00:00\",\"description\":\"L'UV Smart D45 disinfetta rapidamente gli strumenti medici con la tecnologia UV-C. Veloce, efficace e privo di sostanze chimiche.\",\"breadcrumb\":{\"@id\":\"https:\/\/www.kbmedshop.ch\/it\/prodotto\/uv-smart-d45\/#breadcrumb\"},\"inLanguage\":\"it-IT\",\"potentialAction\":[{\"@type\":\"ReadAction\",\"target\":[\"https:\/\/www.kbmedshop.ch\/it\/prodotto\/uv-smart-d45\/\"]}]},{\"@type\":\"ImageObject\",\"inLanguage\":\"it-IT\",\"@id\":\"https:\/\/www.kbmedshop.ch\/it\/prodotto\/uv-smart-d45\/#primaryimage\",\"url\":\"https:\/\/www.kbmedshop.ch\/wp-content\/uploads\/2025\/06\/d45.jpeg\",\"contentUrl\":\"https:\/\/www.kbmedshop.ch\/wp-content\/uploads\/2025\/06\/d45.jpeg\",\"width\":225,\"height\":225},{\"@type\":\"BreadcrumbList\",\"@id\":\"https:\/\/www.kbmedshop.ch\/it\/prodotto\/uv-smart-d45\/#breadcrumb\",\"itemListElement\":[{\"@type\":\"ListItem\",\"position\":1,\"name\":\"Accueil\",\"item\":\"https:\/\/www.kbmedshop.ch\/it\/\"},{\"@type\":\"ListItem\",\"position\":2,\"name\":\"Negozio\",\"item\":\"https:\/\/www.kbmedshop.ch\/shop\/\"},{\"@type\":\"ListItem\",\"position\":3,\"name\":\"UV Smart D45\"}]},{\"@type\":\"WebSite\",\"@id\":\"https:\/\/www.kbmedshop.ch\/it\/#website\",\"url\":\"https:\/\/www.kbmedshop.ch\/it\/\",\"name\":\"Kbmed\",\"description\":\"\",\"potentialAction\":[{\"@type\":\"SearchAction\",\"target\":{\"@type\":\"EntryPoint\",\"urlTemplate\":\"https:\/\/www.kbmedshop.ch\/it\/?s={search_term_string}\"},\"query-input\":{\"@type\":\"PropertyValueSpecification\",\"valueRequired\":true,\"valueName\":\"search_term_string\"}}],\"inLanguage\":\"it-IT\"}]}<\/script>\n<!-- \/ Yoast SEO plugin. -->","yoast_head_json":{"title":"UV Smart D45 - KB Med","description":"L'UV Smart D45 disinfetta rapidamente gli strumenti medici con la tecnologia UV-C. Veloce, efficace e privo di sostanze chimiche.","robots":{"index":"index","follow":"follow","max-snippet":"max-snippet:-1","max-image-preview":"max-image-preview:large","max-video-preview":"max-video-preview:-1"},"canonical":"https:\/\/www.kbmedshop.ch\/it\/prodotto\/uv-smart-d45\/","og_locale":"it_IT","og_type":"article","og_title":"UV Smart D45 - KB Med","og_description":"L'UV Smart D45 disinfetta rapidamente gli strumenti medici con la tecnologia UV-C. Veloce, efficace e privo di sostanze chimiche.","og_url":"https:\/\/www.kbmedshop.ch\/it\/prodotto\/uv-smart-d45\/","og_site_name":"KB Med","article_modified_time":"2026-02-19T09:49:18+00:00","og_image":[{"width":225,"height":225,"url":"https:\/\/www.kbmedshop.ch\/wp-content\/uploads\/2025\/06\/d45.jpeg","type":"image\/jpeg"}],"twitter_card":"summary_large_image","twitter_misc":{"Tempo di lettura stimato":"2 minuto"},"schema":{"@context":"https:\/\/schema.org","@graph":[{"@type":"WebPage","@id":"https:\/\/www.kbmedshop.ch\/it\/prodotto\/uv-smart-d45\/","url":"https:\/\/www.kbmedshop.ch\/it\/prodotto\/uv-smart-d45\/","name":"UV Smart D45 - KB Med","isPartOf":{"@id":"https:\/\/www.kbmedshop.ch\/it\/#website"},"primaryImageOfPage":{"@id":"https:\/\/www.kbmedshop.ch\/it\/prodotto\/uv-smart-d45\/#primaryimage"},"image":{"@id":"https:\/\/www.kbmedshop.ch\/it\/prodotto\/uv-smart-d45\/#primaryimage"},"thumbnailUrl":"https:\/\/www.kbmedshop.ch\/wp-content\/uploads\/2025\/06\/d45.jpeg","datePublished":"2025-06-19T09:23:33+00:00","dateModified":"2026-02-19T09:49:18+00:00","description":"L'UV Smart D45 disinfetta rapidamente gli strumenti medici con la tecnologia UV-C. Veloce, efficace e privo di sostanze chimiche.","breadcrumb":{"@id":"https:\/\/www.kbmedshop.ch\/it\/prodotto\/uv-smart-d45\/#breadcrumb"},"inLanguage":"it-IT","potentialAction":[{"@type":"ReadAction","target":["https:\/\/www.kbmedshop.ch\/it\/prodotto\/uv-smart-d45\/"]}]},{"@type":"ImageObject","inLanguage":"it-IT","@id":"https:\/\/www.kbmedshop.ch\/it\/prodotto\/uv-smart-d45\/#primaryimage","url":"https:\/\/www.kbmedshop.ch\/wp-content\/uploads\/2025\/06\/d45.jpeg","contentUrl":"https:\/\/www.kbmedshop.ch\/wp-content\/uploads\/2025\/06\/d45.jpeg","width":225,"height":225},{"@type":"BreadcrumbList","@id":"https:\/\/www.kbmedshop.ch\/it\/prodotto\/uv-smart-d45\/#breadcrumb","itemListElement":[{"@type":"ListItem","position":1,"name":"Accueil","item":"https:\/\/www.kbmedshop.ch\/it\/"},{"@type":"ListItem","position":2,"name":"Negozio","item":"https:\/\/www.kbmedshop.ch\/shop\/"},{"@type":"ListItem","position":3,"name":"UV Smart D45"}]},{"@type":"WebSite","@id":"https:\/\/www.kbmedshop.ch\/it\/#website","url":"https:\/\/www.kbmedshop.ch\/it\/","name":"Kbmed","description":"","potentialAction":[{"@type":"SearchAction","target":{"@type":"EntryPoint","urlTemplate":"https:\/\/www.kbmedshop.ch\/it\/?s={search_term_string}"},"query-input":{"@type":"PropertyValueSpecification","valueRequired":true,"valueName":"search_term_string"}}],"inLanguage":"it-IT"}]}},"_links":{"self":[{"href":"https:\/\/www.kbmedshop.ch\/it\/wp-json\/wp\/v2\/product\/2877","targetHints":{"allow":["GET"]}}],"collection":[{"href":"https:\/\/www.kbmedshop.ch\/it\/wp-json\/wp\/v2\/product"}],"about":[{"href":"https:\/\/www.kbmedshop.ch\/it\/wp-json\/wp\/v2\/types\/product"}],"replies":[{"embeddable":true,"href":"https:\/\/www.kbmedshop.ch\/it\/wp-json\/wp\/v2\/comments?post=2877"}],"wp:featuredmedia":[{"embeddable":true,"href":"https:\/\/www.kbmedshop.ch\/it\/wp-json\/wp\/v2\/media\/2871"}],"wp:attachment":[{"href":"https:\/\/www.kbmedshop.ch\/it\/wp-json\/wp\/v2\/media?parent=2877"}],"wp:term":[{"taxonomy":"product_brand","embeddable":true,"href":"https:\/\/www.kbmedshop.ch\/it\/wp-json\/wp\/v2\/product_brand?post=2877"},{"taxonomy":"product_cat","embeddable":true,"href":"https:\/\/www.kbmedshop.ch\/it\/wp-json\/wp\/v2\/product_cat?post=2877"},{"taxonomy":"product_tag","embeddable":true,"href":"https:\/\/www.kbmedshop.ch\/it\/wp-json\/wp\/v2\/product_tag?post=2877"}],"curies":[{"name":"wp","href":"https:\/\/api.w.org\/{rel}","templated":true}]}}