{"id":2177,"date":"2025-05-07T14:20:14","date_gmt":"2025-05-07T12:20:14","guid":{"rendered":"https:\/\/www.kbmedshop.ch\/?post_type=product&#038;p=2177"},"modified":"2025-05-19T11:29:34","modified_gmt":"2025-05-19T09:29:34","slug":"modula-m","status":"publish","type":"product","link":"https:\/\/www.kbmedshop.ch\/it\/prodotto\/modula-m\/","title":{"rendered":"Modula M"},"content":{"rendered":"<p>Heinemann Modula M \u00e8 un&#8217;unit\u00e0 di consultazione otorinolaringoiatrica moderna e versatile, progettata per soddisfare le esigenze dei professionisti sanitari specializzati nella diagnosi e nel trattamento delle patologie otorinolaringoiatriche. Combinando design ergonomico, tecnologia all&#8217;avanguardia e modularit\u00e0, questa unit\u00e0 offre una soluzione completa e personalizzabile per le consultazioni mediche.<\/p>\n<p>Grazie al suo design modulare, il Modula M pu\u00f2 essere configurato in base alle specifiche esigenze del professionista, integrando apparecchiature e accessori adatti agli esami ORL. La sua struttura compatta e funzionale ottimizza lo spazio di lavoro, mentre i suoi materiali di alta qualit\u00e0 garantiscono una durata e un&#8217;igiene impeccabili. Ideale per studi medici, cliniche e ospedali, il Modula M facilita diagnosi accurate e migliora l&#8217;esperienza del paziente.<\/p>\n<p>&nbsp;<\/p>\n<p>Tratti somatici:<\/p>\n<ul>\n<li>Design modulare: consente una personalizzazione completa per soddisfare le esigenze specifiche delle consultazioni otorinolaringoiatriche.<\/li>\n<li>Ergonomia ottimizzata: design compatto e funzionale per il massimo comfort per il medico e il paziente.<\/li>\n<li>Tecnologia avanzata: Incorpora apparecchiature moderne per una diagnostica accurata ed efficiente.<\/li>\n<li>Materiali di grado medico: garantiscono un&#8217;igiene perfetta e una maggiore durata.<\/li>\n<li>Facilit\u00e0 d&#8217;uso: interfaccia intuitiva e organizzazione ottimizzata degli strumenti per un flusso di lavoro fluido.<\/li>\n<\/ul>\n<p>Applicazioni:<\/p>\n<ul>\n<li>Ideale per studi otorinolaringoiatri, cliniche specialistiche e reparti ospedalieri.<\/li>\n<li>Progettato per l&#8217;esame e il trattamento di patologie dell&#8217;orecchio, del naso e della gola.<\/li>\n<li>Adatto agli operatori sanitari che cercano un&#8217;unit\u00e0 di consultazione ad alte prestazioni e personalizzabile.<\/li>\n<\/ul>\n","protected":false},"excerpt":{"rendered":"<p>Heinemann Modula M \u00e8 una soluzione indispensabile per gli specialisti otorinolaringoiatri, che combina modularit\u00e0, efficienza e comfort. \u00c8 uno strumento essenziale per fornire cure di qualit\u00e0 e migliorare l&#8217;esperienza del paziente.<\/p>\n<p>Codice prodotto : 5100-10000<\/p>\n","protected":false},"featured_media":2810,"comment_status":"open","ping_status":"closed","template":"","meta":{"_acf_changed":false},"product_brand":[234],"product_cat":[382,375,385],"product_tag":[],"class_list":{"0":"post-2177","1":"product","2":"type-product","3":"status-publish","4":"has-post-thumbnail","6":"product_brand-heinemann-medizintechnik","7":"product_cat-ambulatorio-orl","8":"product_cat-orl-it","9":"product_cat-riuniti-orl","11":"first","12":"instock","13":"taxable","14":"shipping-taxable","15":"product-type-simple"},"acf":[],"yoast_head":"<!-- This site is optimized with the Yoast SEO plugin v25.0 - https:\/\/yoast.com\/wordpress\/plugins\/seo\/ -->\n<title>Modula M - KB Med<\/title>\n<meta name=\"description\" content=\"Scoprite Modula M: una soluzione compatta e modulare per ottimizzare la diagnostica otorinolaringoiatrica negli studi e nelle cliniche.\" \/>\n<meta name=\"robots\" content=\"index, follow, max-snippet:-1, max-image-preview:large, max-video-preview:-1\" \/>\n<link rel=\"canonical\" href=\"https:\/\/www.kbmedshop.ch\/it\/prodotto\/modula-m\/\" \/>\n<meta property=\"og:locale\" content=\"it_IT\" \/>\n<meta property=\"og:type\" content=\"article\" \/>\n<meta property=\"og:title\" content=\"Modula M - KB Med\" \/>\n<meta property=\"og:description\" content=\"Scoprite Modula M: una soluzione compatta e modulare per ottimizzare la diagnostica otorinolaringoiatrica negli studi e nelle cliniche.\" \/>\n<meta property=\"og:url\" content=\"https:\/\/www.kbmedshop.ch\/it\/prodotto\/modula-m\/\" \/>\n<meta property=\"og:site_name\" content=\"KB Med\" \/>\n<meta property=\"article:modified_time\" content=\"2025-05-19T09:29:34+00:00\" \/>\n<meta property=\"og:image\" content=\"https:\/\/www.kbmedshop.ch\/wp-content\/uploads\/2025\/05\/modula-M.png\" \/>\n\t<meta property=\"og:image:width\" content=\"518\" \/>\n\t<meta property=\"og:image:height\" content=\"550\" \/>\n\t<meta property=\"og:image:type\" content=\"image\/png\" \/>\n<meta name=\"twitter:card\" content=\"summary_large_image\" \/>\n<meta name=\"twitter:label1\" content=\"Tempo di lettura stimato\" \/>\n\t<meta name=\"twitter:data1\" content=\"2 minuto\" \/>\n<script type=\"application\/ld+json\" class=\"yoast-schema-graph\">{\"@context\":\"https:\/\/schema.org\",\"@graph\":[{\"@type\":\"WebPage\",\"@id\":\"https:\/\/www.kbmedshop.ch\/it\/prodotto\/modula-m\/\",\"url\":\"https:\/\/www.kbmedshop.ch\/it\/prodotto\/modula-m\/\",\"name\":\"Modula M - KB Med\",\"isPartOf\":{\"@id\":\"https:\/\/www.kbmedshop.ch\/it\/#website\"},\"primaryImageOfPage\":{\"@id\":\"https:\/\/www.kbmedshop.ch\/it\/prodotto\/modula-m\/#primaryimage\"},\"image\":{\"@id\":\"https:\/\/www.kbmedshop.ch\/it\/prodotto\/modula-m\/#primaryimage\"},\"thumbnailUrl\":\"https:\/\/www.kbmedshop.ch\/wp-content\/uploads\/2025\/05\/modula-M.png\",\"datePublished\":\"2025-05-07T12:20:14+00:00\",\"dateModified\":\"2025-05-19T09:29:34+00:00\",\"description\":\"Scoprite Modula M: una soluzione compatta e modulare per ottimizzare la diagnostica otorinolaringoiatrica negli studi e nelle cliniche.\",\"breadcrumb\":{\"@id\":\"https:\/\/www.kbmedshop.ch\/it\/prodotto\/modula-m\/#breadcrumb\"},\"inLanguage\":\"it-IT\",\"potentialAction\":[{\"@type\":\"ReadAction\",\"target\":[\"https:\/\/www.kbmedshop.ch\/it\/prodotto\/modula-m\/\"]}]},{\"@type\":\"ImageObject\",\"inLanguage\":\"it-IT\",\"@id\":\"https:\/\/www.kbmedshop.ch\/it\/prodotto\/modula-m\/#primaryimage\",\"url\":\"https:\/\/www.kbmedshop.ch\/wp-content\/uploads\/2025\/05\/modula-M.png\",\"contentUrl\":\"https:\/\/www.kbmedshop.ch\/wp-content\/uploads\/2025\/05\/modula-M.png\",\"width\":518,\"height\":550},{\"@type\":\"BreadcrumbList\",\"@id\":\"https:\/\/www.kbmedshop.ch\/it\/prodotto\/modula-m\/#breadcrumb\",\"itemListElement\":[{\"@type\":\"ListItem\",\"position\":1,\"name\":\"Accueil\",\"item\":\"https:\/\/www.kbmedshop.ch\/it\/\"},{\"@type\":\"ListItem\",\"position\":2,\"name\":\"Negozio\",\"item\":\"https:\/\/www.kbmedshop.ch\/shop\/\"},{\"@type\":\"ListItem\",\"position\":3,\"name\":\"Modula M\"}]},{\"@type\":\"WebSite\",\"@id\":\"https:\/\/www.kbmedshop.ch\/it\/#website\",\"url\":\"https:\/\/www.kbmedshop.ch\/it\/\",\"name\":\"Kbmed\",\"description\":\"\",\"potentialAction\":[{\"@type\":\"SearchAction\",\"target\":{\"@type\":\"EntryPoint\",\"urlTemplate\":\"https:\/\/www.kbmedshop.ch\/it\/?s={search_term_string}\"},\"query-input\":{\"@type\":\"PropertyValueSpecification\",\"valueRequired\":true,\"valueName\":\"search_term_string\"}}],\"inLanguage\":\"it-IT\"}]}<\/script>\n<!-- \/ Yoast SEO plugin. -->","yoast_head_json":{"title":"Modula M - KB Med","description":"Scoprite Modula M: una soluzione compatta e modulare per ottimizzare la diagnostica otorinolaringoiatrica negli studi e nelle cliniche.","robots":{"index":"index","follow":"follow","max-snippet":"max-snippet:-1","max-image-preview":"max-image-preview:large","max-video-preview":"max-video-preview:-1"},"canonical":"https:\/\/www.kbmedshop.ch\/it\/prodotto\/modula-m\/","og_locale":"it_IT","og_type":"article","og_title":"Modula M - KB Med","og_description":"Scoprite Modula M: una soluzione compatta e modulare per ottimizzare la diagnostica otorinolaringoiatrica negli studi e nelle cliniche.","og_url":"https:\/\/www.kbmedshop.ch\/it\/prodotto\/modula-m\/","og_site_name":"KB Med","article_modified_time":"2025-05-19T09:29:34+00:00","og_image":[{"width":518,"height":550,"url":"https:\/\/www.kbmedshop.ch\/wp-content\/uploads\/2025\/05\/modula-M.png","type":"image\/png"}],"twitter_card":"summary_large_image","twitter_misc":{"Tempo di lettura stimato":"2 minuto"},"schema":{"@context":"https:\/\/schema.org","@graph":[{"@type":"WebPage","@id":"https:\/\/www.kbmedshop.ch\/it\/prodotto\/modula-m\/","url":"https:\/\/www.kbmedshop.ch\/it\/prodotto\/modula-m\/","name":"Modula M - KB Med","isPartOf":{"@id":"https:\/\/www.kbmedshop.ch\/it\/#website"},"primaryImageOfPage":{"@id":"https:\/\/www.kbmedshop.ch\/it\/prodotto\/modula-m\/#primaryimage"},"image":{"@id":"https:\/\/www.kbmedshop.ch\/it\/prodotto\/modula-m\/#primaryimage"},"thumbnailUrl":"https:\/\/www.kbmedshop.ch\/wp-content\/uploads\/2025\/05\/modula-M.png","datePublished":"2025-05-07T12:20:14+00:00","dateModified":"2025-05-19T09:29:34+00:00","description":"Scoprite Modula M: una soluzione compatta e modulare per ottimizzare la diagnostica otorinolaringoiatrica negli studi e nelle cliniche.","breadcrumb":{"@id":"https:\/\/www.kbmedshop.ch\/it\/prodotto\/modula-m\/#breadcrumb"},"inLanguage":"it-IT","potentialAction":[{"@type":"ReadAction","target":["https:\/\/www.kbmedshop.ch\/it\/prodotto\/modula-m\/"]}]},{"@type":"ImageObject","inLanguage":"it-IT","@id":"https:\/\/www.kbmedshop.ch\/it\/prodotto\/modula-m\/#primaryimage","url":"https:\/\/www.kbmedshop.ch\/wp-content\/uploads\/2025\/05\/modula-M.png","contentUrl":"https:\/\/www.kbmedshop.ch\/wp-content\/uploads\/2025\/05\/modula-M.png","width":518,"height":550},{"@type":"BreadcrumbList","@id":"https:\/\/www.kbmedshop.ch\/it\/prodotto\/modula-m\/#breadcrumb","itemListElement":[{"@type":"ListItem","position":1,"name":"Accueil","item":"https:\/\/www.kbmedshop.ch\/it\/"},{"@type":"ListItem","position":2,"name":"Negozio","item":"https:\/\/www.kbmedshop.ch\/shop\/"},{"@type":"ListItem","position":3,"name":"Modula M"}]},{"@type":"WebSite","@id":"https:\/\/www.kbmedshop.ch\/it\/#website","url":"https:\/\/www.kbmedshop.ch\/it\/","name":"Kbmed","description":"","potentialAction":[{"@type":"SearchAction","target":{"@type":"EntryPoint","urlTemplate":"https:\/\/www.kbmedshop.ch\/it\/?s={search_term_string}"},"query-input":{"@type":"PropertyValueSpecification","valueRequired":true,"valueName":"search_term_string"}}],"inLanguage":"it-IT"}]}},"_links":{"self":[{"href":"https:\/\/www.kbmedshop.ch\/it\/wp-json\/wp\/v2\/product\/2177","targetHints":{"allow":["GET"]}}],"collection":[{"href":"https:\/\/www.kbmedshop.ch\/it\/wp-json\/wp\/v2\/product"}],"about":[{"href":"https:\/\/www.kbmedshop.ch\/it\/wp-json\/wp\/v2\/types\/product"}],"replies":[{"embeddable":true,"href":"https:\/\/www.kbmedshop.ch\/it\/wp-json\/wp\/v2\/comments?post=2177"}],"wp:featuredmedia":[{"embeddable":true,"href":"https:\/\/www.kbmedshop.ch\/it\/wp-json\/wp\/v2\/media\/2810"}],"wp:attachment":[{"href":"https:\/\/www.kbmedshop.ch\/it\/wp-json\/wp\/v2\/media?parent=2177"}],"wp:term":[{"taxonomy":"product_brand","embeddable":true,"href":"https:\/\/www.kbmedshop.ch\/it\/wp-json\/wp\/v2\/product_brand?post=2177"},{"taxonomy":"product_cat","embeddable":true,"href":"https:\/\/www.kbmedshop.ch\/it\/wp-json\/wp\/v2\/product_cat?post=2177"},{"taxonomy":"product_tag","embeddable":true,"href":"https:\/\/www.kbmedshop.ch\/it\/wp-json\/wp\/v2\/product_tag?post=2177"}],"curies":[{"name":"wp","href":"https:\/\/api.w.org\/{rel}","templated":true}]}}