{"id":2087,"date":"2025-05-08T09:49:25","date_gmt":"2025-05-08T07:49:25","guid":{"rendered":"https:\/\/www.kbmedshop.ch\/?post_type=product&#038;p=2087"},"modified":"2026-02-19T10:49:24","modified_gmt":"2026-02-19T09:49:24","slug":"newmed-quickclean","status":"publish","type":"product","link":"https:\/\/www.kbmedshop.ch\/it\/prodotto\/newmed-quickclean\/","title":{"rendered":"NewMed QuickClean"},"content":{"rendered":"<p>Newmed QuickClean \u00e8 una macchina avanzata per la pulizia e la disinfezione, appositamente progettata per la lavorazione di strumenti medici e chirurgici. Combinando efficienza, velocit\u00e0 e facilit\u00e0 d&#8217;uso, questo dispositivo garantisce una pulizia profonda e una disinfezione ottimale, soddisfacendo i pi\u00f9 elevati standard dei moderni ambienti medici.<\/p>\n<p>Dotato di una tecnologia all&#8217;avanguardia, QuickClean offre cicli programmabili adatti a diversi tipi di strumenti, compresi quelli delicati e complessi. Il suo design compatto ed ergonomico consente una facile integrazione in studi medici, cliniche e laboratori. Con la sua interfaccia intuitiva e le prestazioni affidabili, Newmed QuickClean \u00e8 uno strumento indispensabile per garantire un&#8217;igiene impeccabile e prolungare la vita degli strumenti.<\/p>\n<p>Tratti somatici:<\/p>\n<ul>\n<li>Pulizia e disinfezione avanzate: garantisce un trattamento accurato degli strumenti medici.<\/li>\n<li>Cicli programmabili: Adatto a diversi tipi di strumenti, compresi gli strumenti delicati.<\/li>\n<li>Interfaccia intuitiva: display intuitivo per un funzionamento facile e veloce.<\/li>\n<li>Design compatto: ideale per ambienti medici con spazio limitato.<\/li>\n<li>Materiali robusti: Realizzato con materiali di alta qualit\u00e0 per una maggiore durata.<\/li>\n<li>Efficienza energetica: Ottimizzato per ridurre il consumo di acqua ed energia.<\/li>\n<\/ul>\n<p>Applicazioni:<\/p>\n<ul>\n<li>Ideale per studi medici, cliniche, laboratori e ospedali.<\/li>\n<li>Progettato per la pulizia e la disinfezione di strumenti medici, odontoiatrici e chirurgici.<\/li>\n<li>Adatto per gli operatori sanitari che cercano una soluzione affidabile e ad alte prestazioni per l&#8217;elaborazione degli strumenti.<\/li>\n<li>Perfetto per ambienti che richiedono un&#8217;igiene rigorosa e una pulizia rapida.<\/li>\n<\/ul>\n","protected":false},"excerpt":{"rendered":"<p>Newmed QuickClean \u00e8 una soluzione essenziale per gli operatori sanitari, che combina innovazione, efficienza e facilit\u00e0 d&#8217;uso. \u00c8 uno strumento essenziale per garantire una pulizia e una disinfezione ottimali, soddisfacendo al contempo i requisiti dei moderni ambienti medici.<\/p>\n","protected":false},"featured_media":2691,"comment_status":"open","ping_status":"closed","template":"","meta":{"_acf_changed":false},"product_brand":[240],"product_cat":[166,402,396],"product_tag":[],"class_list":{"0":"post-2087","1":"product","2":"type-product","3":"status-publish","4":"has-post-thumbnail","6":"product_brand-newmed","7":"product_cat-autoclavi","8":"product_cat-bagno-ad-ultrasuoni","9":"product_cat-sterilizzazione-igiene","11":"first","12":"instock","13":"taxable","14":"shipping-taxable","15":"purchasable","16":"product-type-variable"},"acf":[],"yoast_head":"<!-- This site is optimized with the Yoast SEO plugin v25.0 - https:\/\/yoast.com\/wordpress\/plugins\/seo\/ -->\n<title>NewMed QuickClean - KB Med<\/title>\n<meta name=\"description\" content=\"NewMed QuickClean \u00e8 un pulitore a ultrasuoni ad alte prestazioni progettato per pulire efficacemente e a fondo gli strumenti medici prima della sterilizzazione.\" \/>\n<meta name=\"robots\" content=\"index, follow, max-snippet:-1, max-image-preview:large, max-video-preview:-1\" \/>\n<link rel=\"canonical\" href=\"https:\/\/www.kbmedshop.ch\/it\/prodotto\/newmed-quickclean\/\" \/>\n<meta property=\"og:locale\" content=\"it_IT\" \/>\n<meta property=\"og:type\" content=\"article\" \/>\n<meta property=\"og:title\" content=\"NewMed QuickClean - KB Med\" \/>\n<meta property=\"og:description\" content=\"NewMed QuickClean \u00e8 un pulitore a ultrasuoni ad alte prestazioni progettato per pulire efficacemente e a fondo gli strumenti medici prima della sterilizzazione.\" \/>\n<meta property=\"og:url\" content=\"https:\/\/www.kbmedshop.ch\/it\/prodotto\/newmed-quickclean\/\" \/>\n<meta property=\"og:site_name\" content=\"KB Med\" \/>\n<meta property=\"article:modified_time\" content=\"2026-02-19T09:49:24+00:00\" \/>\n<meta property=\"og:image\" content=\"https:\/\/www.kbmedshop.ch\/wp-content\/uploads\/2025\/05\/newmed_quickclean_1.png\" \/>\n\t<meta property=\"og:image:width\" content=\"600\" \/>\n\t<meta property=\"og:image:height\" content=\"450\" \/>\n\t<meta property=\"og:image:type\" content=\"image\/png\" \/>\n<meta name=\"twitter:card\" content=\"summary_large_image\" \/>\n<meta name=\"twitter:label1\" content=\"Tempo di lettura stimato\" \/>\n\t<meta name=\"twitter:data1\" content=\"2 minuto\" \/>\n<script type=\"application\/ld+json\" class=\"yoast-schema-graph\">{\"@context\":\"https:\/\/schema.org\",\"@graph\":[{\"@type\":\"WebPage\",\"@id\":\"https:\/\/www.kbmedshop.ch\/it\/prodotto\/newmed-quickclean\/\",\"url\":\"https:\/\/www.kbmedshop.ch\/it\/prodotto\/newmed-quickclean\/\",\"name\":\"NewMed QuickClean - KB Med\",\"isPartOf\":{\"@id\":\"https:\/\/www.kbmedshop.ch\/it\/#website\"},\"primaryImageOfPage\":{\"@id\":\"https:\/\/www.kbmedshop.ch\/it\/prodotto\/newmed-quickclean\/#primaryimage\"},\"image\":{\"@id\":\"https:\/\/www.kbmedshop.ch\/it\/prodotto\/newmed-quickclean\/#primaryimage\"},\"thumbnailUrl\":\"https:\/\/www.kbmedshop.ch\/wp-content\/uploads\/2025\/05\/newmed_quickclean_1.png\",\"datePublished\":\"2025-05-08T07:49:25+00:00\",\"dateModified\":\"2026-02-19T09:49:24+00:00\",\"description\":\"NewMed QuickClean \u00e8 un pulitore a ultrasuoni ad alte prestazioni progettato per pulire efficacemente e a fondo gli strumenti medici prima della sterilizzazione.\",\"breadcrumb\":{\"@id\":\"https:\/\/www.kbmedshop.ch\/it\/prodotto\/newmed-quickclean\/#breadcrumb\"},\"inLanguage\":\"it-IT\",\"potentialAction\":[{\"@type\":\"ReadAction\",\"target\":[\"https:\/\/www.kbmedshop.ch\/it\/prodotto\/newmed-quickclean\/\"]}]},{\"@type\":\"ImageObject\",\"inLanguage\":\"it-IT\",\"@id\":\"https:\/\/www.kbmedshop.ch\/it\/prodotto\/newmed-quickclean\/#primaryimage\",\"url\":\"https:\/\/www.kbmedshop.ch\/wp-content\/uploads\/2025\/05\/newmed_quickclean_1.png\",\"contentUrl\":\"https:\/\/www.kbmedshop.ch\/wp-content\/uploads\/2025\/05\/newmed_quickclean_1.png\",\"width\":600,\"height\":450},{\"@type\":\"BreadcrumbList\",\"@id\":\"https:\/\/www.kbmedshop.ch\/it\/prodotto\/newmed-quickclean\/#breadcrumb\",\"itemListElement\":[{\"@type\":\"ListItem\",\"position\":1,\"name\":\"Accueil\",\"item\":\"https:\/\/www.kbmedshop.ch\/it\/\"},{\"@type\":\"ListItem\",\"position\":2,\"name\":\"Negozio\",\"item\":\"https:\/\/www.kbmedshop.ch\/shop\/\"},{\"@type\":\"ListItem\",\"position\":3,\"name\":\"NewMed QuickClean\"}]},{\"@type\":\"WebSite\",\"@id\":\"https:\/\/www.kbmedshop.ch\/it\/#website\",\"url\":\"https:\/\/www.kbmedshop.ch\/it\/\",\"name\":\"Kbmed\",\"description\":\"\",\"potentialAction\":[{\"@type\":\"SearchAction\",\"target\":{\"@type\":\"EntryPoint\",\"urlTemplate\":\"https:\/\/www.kbmedshop.ch\/it\/?s={search_term_string}\"},\"query-input\":{\"@type\":\"PropertyValueSpecification\",\"valueRequired\":true,\"valueName\":\"search_term_string\"}}],\"inLanguage\":\"it-IT\"}]}<\/script>\n<!-- \/ Yoast SEO plugin. -->","yoast_head_json":{"title":"NewMed QuickClean - KB Med","description":"NewMed QuickClean \u00e8 un pulitore a ultrasuoni ad alte prestazioni progettato per pulire efficacemente e a fondo gli strumenti medici prima della sterilizzazione.","robots":{"index":"index","follow":"follow","max-snippet":"max-snippet:-1","max-image-preview":"max-image-preview:large","max-video-preview":"max-video-preview:-1"},"canonical":"https:\/\/www.kbmedshop.ch\/it\/prodotto\/newmed-quickclean\/","og_locale":"it_IT","og_type":"article","og_title":"NewMed QuickClean - KB Med","og_description":"NewMed QuickClean \u00e8 un pulitore a ultrasuoni ad alte prestazioni progettato per pulire efficacemente e a fondo gli strumenti medici prima della sterilizzazione.","og_url":"https:\/\/www.kbmedshop.ch\/it\/prodotto\/newmed-quickclean\/","og_site_name":"KB Med","article_modified_time":"2026-02-19T09:49:24+00:00","og_image":[{"width":600,"height":450,"url":"https:\/\/www.kbmedshop.ch\/wp-content\/uploads\/2025\/05\/newmed_quickclean_1.png","type":"image\/png"}],"twitter_card":"summary_large_image","twitter_misc":{"Tempo di lettura stimato":"2 minuto"},"schema":{"@context":"https:\/\/schema.org","@graph":[{"@type":"WebPage","@id":"https:\/\/www.kbmedshop.ch\/it\/prodotto\/newmed-quickclean\/","url":"https:\/\/www.kbmedshop.ch\/it\/prodotto\/newmed-quickclean\/","name":"NewMed QuickClean - KB Med","isPartOf":{"@id":"https:\/\/www.kbmedshop.ch\/it\/#website"},"primaryImageOfPage":{"@id":"https:\/\/www.kbmedshop.ch\/it\/prodotto\/newmed-quickclean\/#primaryimage"},"image":{"@id":"https:\/\/www.kbmedshop.ch\/it\/prodotto\/newmed-quickclean\/#primaryimage"},"thumbnailUrl":"https:\/\/www.kbmedshop.ch\/wp-content\/uploads\/2025\/05\/newmed_quickclean_1.png","datePublished":"2025-05-08T07:49:25+00:00","dateModified":"2026-02-19T09:49:24+00:00","description":"NewMed QuickClean \u00e8 un pulitore a ultrasuoni ad alte prestazioni progettato per pulire efficacemente e a fondo gli strumenti medici prima della sterilizzazione.","breadcrumb":{"@id":"https:\/\/www.kbmedshop.ch\/it\/prodotto\/newmed-quickclean\/#breadcrumb"},"inLanguage":"it-IT","potentialAction":[{"@type":"ReadAction","target":["https:\/\/www.kbmedshop.ch\/it\/prodotto\/newmed-quickclean\/"]}]},{"@type":"ImageObject","inLanguage":"it-IT","@id":"https:\/\/www.kbmedshop.ch\/it\/prodotto\/newmed-quickclean\/#primaryimage","url":"https:\/\/www.kbmedshop.ch\/wp-content\/uploads\/2025\/05\/newmed_quickclean_1.png","contentUrl":"https:\/\/www.kbmedshop.ch\/wp-content\/uploads\/2025\/05\/newmed_quickclean_1.png","width":600,"height":450},{"@type":"BreadcrumbList","@id":"https:\/\/www.kbmedshop.ch\/it\/prodotto\/newmed-quickclean\/#breadcrumb","itemListElement":[{"@type":"ListItem","position":1,"name":"Accueil","item":"https:\/\/www.kbmedshop.ch\/it\/"},{"@type":"ListItem","position":2,"name":"Negozio","item":"https:\/\/www.kbmedshop.ch\/shop\/"},{"@type":"ListItem","position":3,"name":"NewMed QuickClean"}]},{"@type":"WebSite","@id":"https:\/\/www.kbmedshop.ch\/it\/#website","url":"https:\/\/www.kbmedshop.ch\/it\/","name":"Kbmed","description":"","potentialAction":[{"@type":"SearchAction","target":{"@type":"EntryPoint","urlTemplate":"https:\/\/www.kbmedshop.ch\/it\/?s={search_term_string}"},"query-input":{"@type":"PropertyValueSpecification","valueRequired":true,"valueName":"search_term_string"}}],"inLanguage":"it-IT"}]}},"_links":{"self":[{"href":"https:\/\/www.kbmedshop.ch\/it\/wp-json\/wp\/v2\/product\/2087","targetHints":{"allow":["GET"]}}],"collection":[{"href":"https:\/\/www.kbmedshop.ch\/it\/wp-json\/wp\/v2\/product"}],"about":[{"href":"https:\/\/www.kbmedshop.ch\/it\/wp-json\/wp\/v2\/types\/product"}],"replies":[{"embeddable":true,"href":"https:\/\/www.kbmedshop.ch\/it\/wp-json\/wp\/v2\/comments?post=2087"}],"wp:featuredmedia":[{"embeddable":true,"href":"https:\/\/www.kbmedshop.ch\/it\/wp-json\/wp\/v2\/media\/2691"}],"wp:attachment":[{"href":"https:\/\/www.kbmedshop.ch\/it\/wp-json\/wp\/v2\/media?parent=2087"}],"wp:term":[{"taxonomy":"product_brand","embeddable":true,"href":"https:\/\/www.kbmedshop.ch\/it\/wp-json\/wp\/v2\/product_brand?post=2087"},{"taxonomy":"product_cat","embeddable":true,"href":"https:\/\/www.kbmedshop.ch\/it\/wp-json\/wp\/v2\/product_cat?post=2087"},{"taxonomy":"product_tag","embeddable":true,"href":"https:\/\/www.kbmedshop.ch\/it\/wp-json\/wp\/v2\/product_tag?post=2087"}],"curies":[{"name":"wp","href":"https:\/\/api.w.org\/{rel}","templated":true}]}}