{"id":2080,"date":"2025-05-08T10:18:25","date_gmt":"2025-05-08T08:18:25","guid":{"rendered":"https:\/\/www.kbmedshop.ch\/?post_type=product&#038;p=2080"},"modified":"2026-02-19T10:49:24","modified_gmt":"2026-02-19T09:49:24","slug":"newmed-test-bowie-dick","status":"publish","type":"product","link":"https:\/\/www.kbmedshop.ch\/it\/prodotto\/newmed-test-bowie-dick\/","title":{"rendered":"NewMed Test Bowie &#038; Dick"},"content":{"rendered":"<p>Il NewMed Bowie &amp; Dick Test \u00e8 un dispositivo di controllo essenziale per verificare l&#8217;efficacia delle autoclavi di sterilizzazione a vapore. Progettato per ambienti medici e strutture sanitarie, questo test rileva possibili anomalie nella penetrazione del vapore e garantisce una sterilizzazione ottimale degli strumenti medici. \u00c8 essenziale garantire il rispetto degli standard di sterilizzazione e la sicurezza del paziente.<\/p>\n<p>Il Bowie &amp; Dick Test, facile da usare, offre risultati rapidi e affidabili, consentendo agli operatori sanitari di convalidare il corretto funzionamento delle loro autoclavi. Questo test \u00e8 particolarmente indicato per le autoclavi di classe B ed \u00e8 consigliato per i controlli quotidiani in ambulatori medici, cliniche, laboratori e ospedali.<\/p>\n<p>Tratti somatici:<\/p>\n<ul>\n<li>Test di penetrazione del vapore: verifica l&#8217;efficacia della sterilizzazione a vapore nelle autoclavi.<\/li>\n<li>Risultati rapidi e affidabili: consente la convalida quotidiana del corretto funzionamento delle autoclavi.<\/li>\n<li>Facilit\u00e0 d&#8217;uso: Semplice da configurare e interpretare.<\/li>\n<li>Conforme agli standard: soddisfa i requisiti degli standard internazionali di sterilizzazione.<\/li>\n<li>Adatto per autoclavi di classe B: ideale per i moderni ambienti medici.<\/li>\n<\/ul>\n<p>Applicazioni:<\/p>\n<ul>\n<li>Utilizzo in studi medici, cliniche, laboratori e ospedali.<\/li>\n<li>Progettato per il controllo quotidiano delle autoclavi di sterilizzazione a vapore.<\/li>\n<li>Adatto agli operatori sanitari che vogliono garantire una sterilizzazione ottimale e sicura.<\/li>\n<li>Perfetto per gli ambienti che richiedono una convalida regolare dei processi di sterilizzazione.<\/li>\n<\/ul>\n","protected":false},"excerpt":{"rendered":"<p>Il NewMed Bowie &amp; Dick Test \u00e8 una soluzione indispensabile per gli operatori sanitari, che combina semplicit\u00e0, affidabilit\u00e0 e conformit\u00e0 agli standard. \u00c8 uno strumento essenziale per garantire la sicurezza del paziente e la qualit\u00e0 delle cure.<\/p>\n<p>&nbsp;<\/p>\n<p>Codice prodotto : 35950<\/p>\n","protected":false},"featured_media":2658,"comment_status":"open","ping_status":"closed","template":"","meta":{"_acf_changed":false},"product_brand":[240],"product_cat":[399,396],"product_tag":[],"class_list":{"0":"post-2080","1":"product","2":"type-product","3":"status-publish","4":"has-post-thumbnail","6":"product_brand-newmed","7":"product_cat-materiale-di-consumo-sterilizzazione","8":"product_cat-sterilizzazione-igiene","10":"first","11":"instock","12":"taxable","13":"shipping-taxable","14":"product-type-simple"},"acf":[],"yoast_head":"<!-- This site is optimized with the Yoast SEO plugin v25.0 - https:\/\/yoast.com\/wordpress\/plugins\/seo\/ -->\n<title>NewMed Test Bowie &amp; Dick - KB Med<\/title>\n<meta name=\"description\" content=\"Il NewMed Test Bowie &amp; Dick \u00e8 progettato per verificare l&#039;efficienza delle autoclavi a vapore rilevando eventuali sacche d&#039;aria e difetti di penetrazione del vapore.\" \/>\n<meta name=\"robots\" content=\"index, follow, max-snippet:-1, max-image-preview:large, max-video-preview:-1\" \/>\n<link rel=\"canonical\" href=\"https:\/\/www.kbmedshop.ch\/it\/prodotto\/newmed-test-bowie-dick\/\" \/>\n<meta property=\"og:locale\" content=\"it_IT\" \/>\n<meta property=\"og:type\" content=\"article\" \/>\n<meta property=\"og:title\" content=\"NewMed Test Bowie &amp; Dick - KB Med\" \/>\n<meta property=\"og:description\" content=\"Il NewMed Test Bowie &amp; Dick \u00e8 progettato per verificare l&#039;efficienza delle autoclavi a vapore rilevando eventuali sacche d&#039;aria e difetti di penetrazione del vapore.\" \/>\n<meta property=\"og:url\" content=\"https:\/\/www.kbmedshop.ch\/it\/prodotto\/newmed-test-bowie-dick\/\" \/>\n<meta property=\"og:site_name\" content=\"KB Med\" \/>\n<meta property=\"article:modified_time\" content=\"2026-02-19T09:49:24+00:00\" \/>\n<meta property=\"og:image\" content=\"https:\/\/www.kbmedshop.ch\/wp-content\/uploads\/2025\/05\/bowie-and-dick-test.jpg\" \/>\n\t<meta property=\"og:image:width\" content=\"458\" \/>\n\t<meta property=\"og:image:height\" content=\"458\" \/>\n\t<meta property=\"og:image:type\" content=\"image\/jpeg\" \/>\n<meta name=\"twitter:card\" content=\"summary_large_image\" \/>\n<meta name=\"twitter:label1\" content=\"Tempo di lettura stimato\" \/>\n\t<meta name=\"twitter:data1\" content=\"2 minuto\" \/>\n<script type=\"application\/ld+json\" class=\"yoast-schema-graph\">{\"@context\":\"https:\/\/schema.org\",\"@graph\":[{\"@type\":\"WebPage\",\"@id\":\"https:\/\/www.kbmedshop.ch\/it\/prodotto\/newmed-test-bowie-dick\/\",\"url\":\"https:\/\/www.kbmedshop.ch\/it\/prodotto\/newmed-test-bowie-dick\/\",\"name\":\"NewMed Test Bowie & Dick - KB Med\",\"isPartOf\":{\"@id\":\"https:\/\/www.kbmedshop.ch\/it\/#website\"},\"primaryImageOfPage\":{\"@id\":\"https:\/\/www.kbmedshop.ch\/it\/prodotto\/newmed-test-bowie-dick\/#primaryimage\"},\"image\":{\"@id\":\"https:\/\/www.kbmedshop.ch\/it\/prodotto\/newmed-test-bowie-dick\/#primaryimage\"},\"thumbnailUrl\":\"https:\/\/www.kbmedshop.ch\/wp-content\/uploads\/2025\/05\/bowie-and-dick-test.jpg\",\"datePublished\":\"2025-05-08T08:18:25+00:00\",\"dateModified\":\"2026-02-19T09:49:24+00:00\",\"description\":\"Il NewMed Test Bowie & Dick \u00e8 progettato per verificare l'efficienza delle autoclavi a vapore rilevando eventuali sacche d'aria e difetti di penetrazione del vapore.\",\"breadcrumb\":{\"@id\":\"https:\/\/www.kbmedshop.ch\/it\/prodotto\/newmed-test-bowie-dick\/#breadcrumb\"},\"inLanguage\":\"it-IT\",\"potentialAction\":[{\"@type\":\"ReadAction\",\"target\":[\"https:\/\/www.kbmedshop.ch\/it\/prodotto\/newmed-test-bowie-dick\/\"]}]},{\"@type\":\"ImageObject\",\"inLanguage\":\"it-IT\",\"@id\":\"https:\/\/www.kbmedshop.ch\/it\/prodotto\/newmed-test-bowie-dick\/#primaryimage\",\"url\":\"https:\/\/www.kbmedshop.ch\/wp-content\/uploads\/2025\/05\/bowie-and-dick-test.jpg\",\"contentUrl\":\"https:\/\/www.kbmedshop.ch\/wp-content\/uploads\/2025\/05\/bowie-and-dick-test.jpg\",\"width\":458,\"height\":458},{\"@type\":\"BreadcrumbList\",\"@id\":\"https:\/\/www.kbmedshop.ch\/it\/prodotto\/newmed-test-bowie-dick\/#breadcrumb\",\"itemListElement\":[{\"@type\":\"ListItem\",\"position\":1,\"name\":\"Accueil\",\"item\":\"https:\/\/www.kbmedshop.ch\/it\/\"},{\"@type\":\"ListItem\",\"position\":2,\"name\":\"Negozio\",\"item\":\"https:\/\/www.kbmedshop.ch\/shop\/\"},{\"@type\":\"ListItem\",\"position\":3,\"name\":\"NewMed Test Bowie &#038; Dick\"}]},{\"@type\":\"WebSite\",\"@id\":\"https:\/\/www.kbmedshop.ch\/it\/#website\",\"url\":\"https:\/\/www.kbmedshop.ch\/it\/\",\"name\":\"Kbmed\",\"description\":\"\",\"potentialAction\":[{\"@type\":\"SearchAction\",\"target\":{\"@type\":\"EntryPoint\",\"urlTemplate\":\"https:\/\/www.kbmedshop.ch\/it\/?s={search_term_string}\"},\"query-input\":{\"@type\":\"PropertyValueSpecification\",\"valueRequired\":true,\"valueName\":\"search_term_string\"}}],\"inLanguage\":\"it-IT\"}]}<\/script>\n<!-- \/ Yoast SEO plugin. -->","yoast_head_json":{"title":"NewMed Test Bowie & Dick - KB Med","description":"Il NewMed Test Bowie & Dick \u00e8 progettato per verificare l'efficienza delle autoclavi a vapore rilevando eventuali sacche d'aria e difetti di penetrazione del vapore.","robots":{"index":"index","follow":"follow","max-snippet":"max-snippet:-1","max-image-preview":"max-image-preview:large","max-video-preview":"max-video-preview:-1"},"canonical":"https:\/\/www.kbmedshop.ch\/it\/prodotto\/newmed-test-bowie-dick\/","og_locale":"it_IT","og_type":"article","og_title":"NewMed Test Bowie & Dick - KB Med","og_description":"Il NewMed Test Bowie & Dick \u00e8 progettato per verificare l'efficienza delle autoclavi a vapore rilevando eventuali sacche d'aria e difetti di penetrazione del vapore.","og_url":"https:\/\/www.kbmedshop.ch\/it\/prodotto\/newmed-test-bowie-dick\/","og_site_name":"KB Med","article_modified_time":"2026-02-19T09:49:24+00:00","og_image":[{"width":458,"height":458,"url":"https:\/\/www.kbmedshop.ch\/wp-content\/uploads\/2025\/05\/bowie-and-dick-test.jpg","type":"image\/jpeg"}],"twitter_card":"summary_large_image","twitter_misc":{"Tempo di lettura stimato":"2 minuto"},"schema":{"@context":"https:\/\/schema.org","@graph":[{"@type":"WebPage","@id":"https:\/\/www.kbmedshop.ch\/it\/prodotto\/newmed-test-bowie-dick\/","url":"https:\/\/www.kbmedshop.ch\/it\/prodotto\/newmed-test-bowie-dick\/","name":"NewMed Test Bowie & Dick - KB Med","isPartOf":{"@id":"https:\/\/www.kbmedshop.ch\/it\/#website"},"primaryImageOfPage":{"@id":"https:\/\/www.kbmedshop.ch\/it\/prodotto\/newmed-test-bowie-dick\/#primaryimage"},"image":{"@id":"https:\/\/www.kbmedshop.ch\/it\/prodotto\/newmed-test-bowie-dick\/#primaryimage"},"thumbnailUrl":"https:\/\/www.kbmedshop.ch\/wp-content\/uploads\/2025\/05\/bowie-and-dick-test.jpg","datePublished":"2025-05-08T08:18:25+00:00","dateModified":"2026-02-19T09:49:24+00:00","description":"Il NewMed Test Bowie & Dick \u00e8 progettato per verificare l'efficienza delle autoclavi a vapore rilevando eventuali sacche d'aria e difetti di penetrazione del vapore.","breadcrumb":{"@id":"https:\/\/www.kbmedshop.ch\/it\/prodotto\/newmed-test-bowie-dick\/#breadcrumb"},"inLanguage":"it-IT","potentialAction":[{"@type":"ReadAction","target":["https:\/\/www.kbmedshop.ch\/it\/prodotto\/newmed-test-bowie-dick\/"]}]},{"@type":"ImageObject","inLanguage":"it-IT","@id":"https:\/\/www.kbmedshop.ch\/it\/prodotto\/newmed-test-bowie-dick\/#primaryimage","url":"https:\/\/www.kbmedshop.ch\/wp-content\/uploads\/2025\/05\/bowie-and-dick-test.jpg","contentUrl":"https:\/\/www.kbmedshop.ch\/wp-content\/uploads\/2025\/05\/bowie-and-dick-test.jpg","width":458,"height":458},{"@type":"BreadcrumbList","@id":"https:\/\/www.kbmedshop.ch\/it\/prodotto\/newmed-test-bowie-dick\/#breadcrumb","itemListElement":[{"@type":"ListItem","position":1,"name":"Accueil","item":"https:\/\/www.kbmedshop.ch\/it\/"},{"@type":"ListItem","position":2,"name":"Negozio","item":"https:\/\/www.kbmedshop.ch\/shop\/"},{"@type":"ListItem","position":3,"name":"NewMed Test Bowie &#038; Dick"}]},{"@type":"WebSite","@id":"https:\/\/www.kbmedshop.ch\/it\/#website","url":"https:\/\/www.kbmedshop.ch\/it\/","name":"Kbmed","description":"","potentialAction":[{"@type":"SearchAction","target":{"@type":"EntryPoint","urlTemplate":"https:\/\/www.kbmedshop.ch\/it\/?s={search_term_string}"},"query-input":{"@type":"PropertyValueSpecification","valueRequired":true,"valueName":"search_term_string"}}],"inLanguage":"it-IT"}]}},"_links":{"self":[{"href":"https:\/\/www.kbmedshop.ch\/it\/wp-json\/wp\/v2\/product\/2080","targetHints":{"allow":["GET"]}}],"collection":[{"href":"https:\/\/www.kbmedshop.ch\/it\/wp-json\/wp\/v2\/product"}],"about":[{"href":"https:\/\/www.kbmedshop.ch\/it\/wp-json\/wp\/v2\/types\/product"}],"replies":[{"embeddable":true,"href":"https:\/\/www.kbmedshop.ch\/it\/wp-json\/wp\/v2\/comments?post=2080"}],"wp:featuredmedia":[{"embeddable":true,"href":"https:\/\/www.kbmedshop.ch\/it\/wp-json\/wp\/v2\/media\/2658"}],"wp:attachment":[{"href":"https:\/\/www.kbmedshop.ch\/it\/wp-json\/wp\/v2\/media?parent=2080"}],"wp:term":[{"taxonomy":"product_brand","embeddable":true,"href":"https:\/\/www.kbmedshop.ch\/it\/wp-json\/wp\/v2\/product_brand?post=2080"},{"taxonomy":"product_cat","embeddable":true,"href":"https:\/\/www.kbmedshop.ch\/it\/wp-json\/wp\/v2\/product_cat?post=2080"},{"taxonomy":"product_tag","embeddable":true,"href":"https:\/\/www.kbmedshop.ch\/it\/wp-json\/wp\/v2\/product_tag?post=2080"}],"curies":[{"name":"wp","href":"https:\/\/api.w.org\/{rel}","templated":true}]}}