{"id":1847,"date":"2025-04-07T09:47:16","date_gmt":"2025-04-07T07:47:16","guid":{"rendered":"https:\/\/www.kbmedshop.ch\/?post_type=product&#038;p=1847"},"modified":"2025-06-20T08:31:12","modified_gmt":"2025-06-20T06:31:12","slug":"sterilizzatore-kronos-da-18-litri-con-sistema-a-osmosi-inversa-newmedres-classe-b","status":"publish","type":"product","link":"https:\/\/www.kbmedshop.ch\/it\/prodotto\/sterilizzatore-kronos-da-18-litri-con-sistema-a-osmosi-inversa-newmedres-classe-b\/","title":{"rendered":"Sterilizzatore Kronos da 18 litri con sistema a osmosi inversa classe B"},"content":{"rendered":"<p>Tratti somatici:<\/p>\n<ul>\n<li>Capacit\u00e0: 18 litri.<\/li>\n<li>Tecnologia: QuickSteam per cicli pi\u00f9 veloci del 20%.<\/li>\n<li>Sistema di osmosi integrato: Sistema di trattamento dell&#8217;acqua con tre cartucce.<\/li>\n<li>Caratteristiche:\n<ul>\n<li>Display intuitivo per un facile utilizzo.<\/li>\n<li>Stampante integrata per il monitoraggio del ciclo.<\/li>\n<li>Connettivit\u00e0 USB per l&#8217;archiviazione dei dati.<\/li>\n<\/ul>\n<\/li>\n<li>Utilizzazioni:\n<ul>\n<li>Sterilizzazione rapida e affidabile per studi medici e dentistici.<\/li>\n<li>Trattamento automatico dell&#8217;acqua per un&#8217;igiene ottimale.<\/li>\n<\/ul>\n<\/li>\n<\/ul>\n<p>Incluso nel prezzo:<\/p>\n<ul>\n<li>Consegna.<\/li>\n<li>Qualifica dell&#8217;impianto.<\/li>\n<li>La convalida viene effettuata dal produttore.<\/li>\n<\/ul>\n<p>Questa sterilizzatrice Kronos 18 L Classe B con unit\u00e0 di saldatura posteriore integrata \u00e8 una scelta essenziale per i professionisti del settore sanitario che vogliono combinare velocit\u00e0, affidabilit\u00e0 e innovazione nella loro pratica quotidiana.<\/p>\n","protected":false},"excerpt":{"rendered":"<p>Lo sterilizzatore Kronos 18 L Classe B con sistema di osmosi inversa integrato \u00e8 un dispositivo innovativo e affidabile progettato per una sterilizzazione rapida ed efficiente. Grazie al suo sistema di osmosi integrato, garantisce una purificazione ottimale dell&#8217;acqua attraverso un sistema di tre cartucce che si collegano direttamente alla rete idrica. Questo modello \u00e8 dotato della tecnologia brevettata QuickSteam, che riduce i tempi di ciclo di Classe B fino al 20% mantenendo prestazioni impeccabili.<\/p>\n<p>Ideale per studi medici e dentistici, questo sterilizzatore \u00e8 noto per la sua affidabilit\u00e0 senza compromessi e il design innovativo. Ha un display intuitivo, una stampante integrata e una connettivit\u00e0 USB che semplifica il monitoraggio dei cicli e l&#8217;archiviazione dei dati.<\/p>\n<p>&nbsp;<\/p>\n<p>Codice prodotto : KRB10000SA11140<\/p>\n","protected":false},"featured_media":491,"comment_status":"open","ping_status":"closed","template":"","meta":{"_acf_changed":false},"product_brand":[240],"product_cat":[166,396],"product_tag":[],"class_list":{"0":"post-1847","1":"product","2":"type-product","3":"status-publish","4":"has-post-thumbnail","6":"product_brand-newmed","7":"product_cat-autoclavi","8":"product_cat-sterilizzazione-igiene","10":"first","11":"instock","12":"taxable","13":"shipping-taxable","14":"purchasable","15":"product-type-simple"},"acf":[],"yoast_head":"<!-- This site is optimized with the Yoast SEO plugin v25.0 - https:\/\/yoast.com\/wordpress\/plugins\/seo\/ -->\n<title>Sterilizzatore Kronos da 18 litri con sistema a osmosi inversa classe B - KB Med<\/title>\n<meta name=\"description\" content=\"Lo sterilizzatore Kronos 18 L NewmedRES di Classe B con sistema a osmosi inversa garantisce una rapida sterilizzazione e acqua pura per le apparecchiature mediche.\" \/>\n<meta name=\"robots\" content=\"index, follow, max-snippet:-1, max-image-preview:large, max-video-preview:-1\" \/>\n<link rel=\"canonical\" href=\"https:\/\/www.kbmedshop.ch\/it\/prodotto\/sterilizzatore-kronos-da-18-litri-con-sistema-a-osmosi-inversa-newmedres-classe-b\/\" \/>\n<meta property=\"og:locale\" content=\"it_IT\" \/>\n<meta property=\"og:type\" content=\"article\" \/>\n<meta property=\"og:title\" content=\"Sterilizzatore Kronos da 18 litri con sistema a osmosi inversa classe B - KB Med\" \/>\n<meta property=\"og:description\" content=\"Lo sterilizzatore Kronos 18 L NewmedRES di Classe B con sistema a osmosi inversa garantisce una rapida sterilizzazione e acqua pura per le apparecchiature mediche.\" \/>\n<meta property=\"og:url\" content=\"https:\/\/www.kbmedshop.ch\/it\/prodotto\/sterilizzatore-kronos-da-18-litri-con-sistema-a-osmosi-inversa-newmedres-classe-b\/\" \/>\n<meta property=\"og:site_name\" content=\"KB Med\" \/>\n<meta property=\"article:modified_time\" content=\"2025-06-20T06:31:12+00:00\" \/>\n<meta property=\"og:image\" content=\"https:\/\/www.kbmedshop.ch\/wp-content\/uploads\/2025\/04\/sterilisateur-kronos-de-classe-b-newmed.jpg\" \/>\n\t<meta property=\"og:image:width\" content=\"458\" \/>\n\t<meta property=\"og:image:height\" content=\"458\" \/>\n\t<meta property=\"og:image:type\" content=\"image\/jpeg\" \/>\n<meta name=\"twitter:card\" content=\"summary_large_image\" \/>\n<meta name=\"twitter:label1\" content=\"Tempo di lettura stimato\" \/>\n\t<meta name=\"twitter:data1\" content=\"1 minuto\" \/>\n<script type=\"application\/ld+json\" class=\"yoast-schema-graph\">{\"@context\":\"https:\/\/schema.org\",\"@graph\":[{\"@type\":\"WebPage\",\"@id\":\"https:\/\/www.kbmedshop.ch\/it\/prodotto\/sterilizzatore-kronos-da-18-litri-con-sistema-a-osmosi-inversa-newmedres-classe-b\/\",\"url\":\"https:\/\/www.kbmedshop.ch\/it\/prodotto\/sterilizzatore-kronos-da-18-litri-con-sistema-a-osmosi-inversa-newmedres-classe-b\/\",\"name\":\"Sterilizzatore Kronos da 18 litri con sistema a osmosi inversa classe B - KB Med\",\"isPartOf\":{\"@id\":\"https:\/\/www.kbmedshop.ch\/it\/#website\"},\"primaryImageOfPage\":{\"@id\":\"https:\/\/www.kbmedshop.ch\/it\/prodotto\/sterilizzatore-kronos-da-18-litri-con-sistema-a-osmosi-inversa-newmedres-classe-b\/#primaryimage\"},\"image\":{\"@id\":\"https:\/\/www.kbmedshop.ch\/it\/prodotto\/sterilizzatore-kronos-da-18-litri-con-sistema-a-osmosi-inversa-newmedres-classe-b\/#primaryimage\"},\"thumbnailUrl\":\"https:\/\/www.kbmedshop.ch\/wp-content\/uploads\/2025\/04\/sterilisateur-kronos-de-classe-b-newmed.jpg\",\"datePublished\":\"2025-04-07T07:47:16+00:00\",\"dateModified\":\"2025-06-20T06:31:12+00:00\",\"description\":\"Lo sterilizzatore Kronos 18 L NewmedRES di Classe B con sistema a osmosi inversa garantisce una rapida sterilizzazione e acqua pura per le apparecchiature mediche.\",\"breadcrumb\":{\"@id\":\"https:\/\/www.kbmedshop.ch\/it\/prodotto\/sterilizzatore-kronos-da-18-litri-con-sistema-a-osmosi-inversa-newmedres-classe-b\/#breadcrumb\"},\"inLanguage\":\"it-IT\",\"potentialAction\":[{\"@type\":\"ReadAction\",\"target\":[\"https:\/\/www.kbmedshop.ch\/it\/prodotto\/sterilizzatore-kronos-da-18-litri-con-sistema-a-osmosi-inversa-newmedres-classe-b\/\"]}]},{\"@type\":\"ImageObject\",\"inLanguage\":\"it-IT\",\"@id\":\"https:\/\/www.kbmedshop.ch\/it\/prodotto\/sterilizzatore-kronos-da-18-litri-con-sistema-a-osmosi-inversa-newmedres-classe-b\/#primaryimage\",\"url\":\"https:\/\/www.kbmedshop.ch\/wp-content\/uploads\/2025\/04\/sterilisateur-kronos-de-classe-b-newmed.jpg\",\"contentUrl\":\"https:\/\/www.kbmedshop.ch\/wp-content\/uploads\/2025\/04\/sterilisateur-kronos-de-classe-b-newmed.jpg\",\"width\":458,\"height\":458,\"caption\":\"Autoclave Newmed Kronos\"},{\"@type\":\"BreadcrumbList\",\"@id\":\"https:\/\/www.kbmedshop.ch\/it\/prodotto\/sterilizzatore-kronos-da-18-litri-con-sistema-a-osmosi-inversa-newmedres-classe-b\/#breadcrumb\",\"itemListElement\":[{\"@type\":\"ListItem\",\"position\":1,\"name\":\"Accueil\",\"item\":\"https:\/\/www.kbmedshop.ch\/it\/\"},{\"@type\":\"ListItem\",\"position\":2,\"name\":\"Negozio\",\"item\":\"https:\/\/www.kbmedshop.ch\/shop\/\"},{\"@type\":\"ListItem\",\"position\":3,\"name\":\"Sterilizzatore Kronos da 18 litri con sistema a osmosi inversa classe B\"}]},{\"@type\":\"WebSite\",\"@id\":\"https:\/\/www.kbmedshop.ch\/it\/#website\",\"url\":\"https:\/\/www.kbmedshop.ch\/it\/\",\"name\":\"Kbmed\",\"description\":\"\",\"potentialAction\":[{\"@type\":\"SearchAction\",\"target\":{\"@type\":\"EntryPoint\",\"urlTemplate\":\"https:\/\/www.kbmedshop.ch\/it\/?s={search_term_string}\"},\"query-input\":{\"@type\":\"PropertyValueSpecification\",\"valueRequired\":true,\"valueName\":\"search_term_string\"}}],\"inLanguage\":\"it-IT\"}]}<\/script>\n<!-- \/ Yoast SEO plugin. -->","yoast_head_json":{"title":"Sterilizzatore Kronos da 18 litri con sistema a osmosi inversa classe B - KB Med","description":"Lo sterilizzatore Kronos 18 L NewmedRES di Classe B con sistema a osmosi inversa garantisce una rapida sterilizzazione e acqua pura per le apparecchiature mediche.","robots":{"index":"index","follow":"follow","max-snippet":"max-snippet:-1","max-image-preview":"max-image-preview:large","max-video-preview":"max-video-preview:-1"},"canonical":"https:\/\/www.kbmedshop.ch\/it\/prodotto\/sterilizzatore-kronos-da-18-litri-con-sistema-a-osmosi-inversa-newmedres-classe-b\/","og_locale":"it_IT","og_type":"article","og_title":"Sterilizzatore Kronos da 18 litri con sistema a osmosi inversa classe B - KB Med","og_description":"Lo sterilizzatore Kronos 18 L NewmedRES di Classe B con sistema a osmosi inversa garantisce una rapida sterilizzazione e acqua pura per le apparecchiature mediche.","og_url":"https:\/\/www.kbmedshop.ch\/it\/prodotto\/sterilizzatore-kronos-da-18-litri-con-sistema-a-osmosi-inversa-newmedres-classe-b\/","og_site_name":"KB Med","article_modified_time":"2025-06-20T06:31:12+00:00","og_image":[{"width":458,"height":458,"url":"https:\/\/www.kbmedshop.ch\/wp-content\/uploads\/2025\/04\/sterilisateur-kronos-de-classe-b-newmed.jpg","type":"image\/jpeg"}],"twitter_card":"summary_large_image","twitter_misc":{"Tempo di lettura stimato":"1 minuto"},"schema":{"@context":"https:\/\/schema.org","@graph":[{"@type":"WebPage","@id":"https:\/\/www.kbmedshop.ch\/it\/prodotto\/sterilizzatore-kronos-da-18-litri-con-sistema-a-osmosi-inversa-newmedres-classe-b\/","url":"https:\/\/www.kbmedshop.ch\/it\/prodotto\/sterilizzatore-kronos-da-18-litri-con-sistema-a-osmosi-inversa-newmedres-classe-b\/","name":"Sterilizzatore Kronos da 18 litri con sistema a osmosi inversa classe B - KB Med","isPartOf":{"@id":"https:\/\/www.kbmedshop.ch\/it\/#website"},"primaryImageOfPage":{"@id":"https:\/\/www.kbmedshop.ch\/it\/prodotto\/sterilizzatore-kronos-da-18-litri-con-sistema-a-osmosi-inversa-newmedres-classe-b\/#primaryimage"},"image":{"@id":"https:\/\/www.kbmedshop.ch\/it\/prodotto\/sterilizzatore-kronos-da-18-litri-con-sistema-a-osmosi-inversa-newmedres-classe-b\/#primaryimage"},"thumbnailUrl":"https:\/\/www.kbmedshop.ch\/wp-content\/uploads\/2025\/04\/sterilisateur-kronos-de-classe-b-newmed.jpg","datePublished":"2025-04-07T07:47:16+00:00","dateModified":"2025-06-20T06:31:12+00:00","description":"Lo sterilizzatore Kronos 18 L NewmedRES di Classe B con sistema a osmosi inversa garantisce una rapida sterilizzazione e acqua pura per le apparecchiature mediche.","breadcrumb":{"@id":"https:\/\/www.kbmedshop.ch\/it\/prodotto\/sterilizzatore-kronos-da-18-litri-con-sistema-a-osmosi-inversa-newmedres-classe-b\/#breadcrumb"},"inLanguage":"it-IT","potentialAction":[{"@type":"ReadAction","target":["https:\/\/www.kbmedshop.ch\/it\/prodotto\/sterilizzatore-kronos-da-18-litri-con-sistema-a-osmosi-inversa-newmedres-classe-b\/"]}]},{"@type":"ImageObject","inLanguage":"it-IT","@id":"https:\/\/www.kbmedshop.ch\/it\/prodotto\/sterilizzatore-kronos-da-18-litri-con-sistema-a-osmosi-inversa-newmedres-classe-b\/#primaryimage","url":"https:\/\/www.kbmedshop.ch\/wp-content\/uploads\/2025\/04\/sterilisateur-kronos-de-classe-b-newmed.jpg","contentUrl":"https:\/\/www.kbmedshop.ch\/wp-content\/uploads\/2025\/04\/sterilisateur-kronos-de-classe-b-newmed.jpg","width":458,"height":458,"caption":"Autoclave Newmed Kronos"},{"@type":"BreadcrumbList","@id":"https:\/\/www.kbmedshop.ch\/it\/prodotto\/sterilizzatore-kronos-da-18-litri-con-sistema-a-osmosi-inversa-newmedres-classe-b\/#breadcrumb","itemListElement":[{"@type":"ListItem","position":1,"name":"Accueil","item":"https:\/\/www.kbmedshop.ch\/it\/"},{"@type":"ListItem","position":2,"name":"Negozio","item":"https:\/\/www.kbmedshop.ch\/shop\/"},{"@type":"ListItem","position":3,"name":"Sterilizzatore Kronos da 18 litri con sistema a osmosi inversa classe B"}]},{"@type":"WebSite","@id":"https:\/\/www.kbmedshop.ch\/it\/#website","url":"https:\/\/www.kbmedshop.ch\/it\/","name":"Kbmed","description":"","potentialAction":[{"@type":"SearchAction","target":{"@type":"EntryPoint","urlTemplate":"https:\/\/www.kbmedshop.ch\/it\/?s={search_term_string}"},"query-input":{"@type":"PropertyValueSpecification","valueRequired":true,"valueName":"search_term_string"}}],"inLanguage":"it-IT"}]}},"_links":{"self":[{"href":"https:\/\/www.kbmedshop.ch\/it\/wp-json\/wp\/v2\/product\/1847","targetHints":{"allow":["GET"]}}],"collection":[{"href":"https:\/\/www.kbmedshop.ch\/it\/wp-json\/wp\/v2\/product"}],"about":[{"href":"https:\/\/www.kbmedshop.ch\/it\/wp-json\/wp\/v2\/types\/product"}],"replies":[{"embeddable":true,"href":"https:\/\/www.kbmedshop.ch\/it\/wp-json\/wp\/v2\/comments?post=1847"}],"wp:featuredmedia":[{"embeddable":true,"href":"https:\/\/www.kbmedshop.ch\/it\/wp-json\/wp\/v2\/media\/491"}],"wp:attachment":[{"href":"https:\/\/www.kbmedshop.ch\/it\/wp-json\/wp\/v2\/media?parent=1847"}],"wp:term":[{"taxonomy":"product_brand","embeddable":true,"href":"https:\/\/www.kbmedshop.ch\/it\/wp-json\/wp\/v2\/product_brand?post=1847"},{"taxonomy":"product_cat","embeddable":true,"href":"https:\/\/www.kbmedshop.ch\/it\/wp-json\/wp\/v2\/product_cat?post=1847"},{"taxonomy":"product_tag","embeddable":true,"href":"https:\/\/www.kbmedshop.ch\/it\/wp-json\/wp\/v2\/product_tag?post=1847"}],"curies":[{"name":"wp","href":"https:\/\/api.w.org\/{rel}","templated":true}]}}