{"id":1768,"date":"2025-04-07T14:31:33","date_gmt":"2025-04-07T12:31:33","guid":{"rendered":"https:\/\/www.kbmedshop.ch\/?post_type=product&#038;p=1768"},"modified":"2025-04-30T11:11:38","modified_gmt":"2025-04-30T09:11:38","slug":"lampada-radio-a-led-focalizzabile-faromed","status":"publish","type":"product","link":"https:\/\/www.kbmedshop.ch\/it\/prodotto\/lampada-radio-a-led-focalizzabile-faromed\/","title":{"rendered":"Lampada radio a LED focalizzabile Faromed"},"content":{"rendered":"<p>Descrizione dettagliata:<\/p>\n<p>La lampada frontale wireless a LED focalizzabile di Faro \u00e8 uno strumento indispensabile per i professionisti che necessitano di un&#8217;illuminazione precisa e affidabile. Dotato di avanzata tecnologia LED, fornisce una luce intensa e omogenea, perfetta per esami medici e chirurgici.<\/p>\n<p>Il suo fascio di luce \u00e8 focalizzabile, consentendo di regolare la dimensione e l&#8217;intensit\u00e0 del campo illuminato in base alle esigenze specifiche dell&#8217;utente. Grazie al suo design senza fili, questa lampada garantisce una libert\u00e0 di movimento ottimale, pur essendo leggera e comoda da indossare.<\/p>\n<p>La lampada frontale Faromed \u00e8 progettata per un uso prolungato, ha una lunga durata della batteria e una batteria incorporata. \u00c8 ideale per ambienti medici esigenti in cui precisione e praticit\u00e0 sono essenziali.<\/p>\n<p>Tratti somatici:<\/p>\n<ul>\n<li>Tecnologia LED: Illuminazione intensa e omogenea.<\/li>\n<li>Fascio focalizzabile: regolazione precisa delle dimensioni e dell&#8217;intensit\u00e0 del campo luminoso.<\/li>\n<li>Design wireless: libert\u00e0 di movimento e comfort ottimale.<\/li>\n<li>Lunga autonomia: batteria ricaricabile incorporata.<\/li>\n<li>Leggero: progettato per un uso prolungato senza disagio.<\/li>\n<\/ul>\n<p>Applicazioni:<\/p>\n<ul>\n<li>Utilizzo nelle pratiche mediche e chirurgiche.<\/li>\n<li>Indagini che richiedono un&#8217;illuminazione precisa e regolabile.<\/li>\n<\/ul>\n<p>Ambienti medici esigenti.<\/p>\n","protected":false},"excerpt":{"rendered":"<p>La lampada frontale a LED focalizzabile di Faro \u00e8 un dispositivo leggero e potente che fornisce un&#8217;illuminazione precisa e regolabile. \u00c8 ideale per gli operatori sanitari e garantisce una grande libert\u00e0 di movimento grazie al suo design wireless.<\/p>\n","protected":false},"featured_media":628,"comment_status":"open","ping_status":"closed","template":"","meta":{"_acf_changed":false},"product_brand":[],"product_cat":[154],"product_tag":[],"class_list":{"0":"post-1768","1":"product","2":"type-product","3":"status-publish","4":"has-post-thumbnail","6":"product_cat-lampade-frontales","8":"first","9":"instock","10":"taxable","11":"shipping-taxable","12":"purchasable","13":"product-type-simple"},"acf":[],"yoast_head":"<!-- This site is optimized with the Yoast SEO plugin v25.0 - https:\/\/yoast.com\/wordpress\/plugins\/seo\/ -->\n<title>Lampada radio a LED focalizzabile Faromed - KB Med<\/title>\n<meta name=\"description\" content=\"La lampada frontale a LED senza fili Faromed offre un&#039;illuminazione focalizzabile precisa, una durata ottimale della batteria e libert\u00e0 di movimento per la diagnostica medica.\" \/>\n<meta name=\"robots\" content=\"index, follow, max-snippet:-1, max-image-preview:large, max-video-preview:-1\" \/>\n<link rel=\"canonical\" href=\"https:\/\/www.kbmedshop.ch\/it\/prodotto\/lampada-radio-a-led-focalizzabile-faromed\/\" \/>\n<meta property=\"og:locale\" content=\"it_IT\" \/>\n<meta property=\"og:type\" content=\"article\" \/>\n<meta property=\"og:title\" content=\"Lampada radio a LED focalizzabile Faromed - KB Med\" \/>\n<meta property=\"og:description\" content=\"La lampada frontale a LED senza fili Faromed offre un&#039;illuminazione focalizzabile precisa, una durata ottimale della batteria e libert\u00e0 di movimento per la diagnostica medica.\" \/>\n<meta property=\"og:url\" content=\"https:\/\/www.kbmedshop.ch\/it\/prodotto\/lampada-radio-a-led-focalizzabile-faromed\/\" \/>\n<meta property=\"og:site_name\" content=\"KB Med\" \/>\n<meta property=\"article:modified_time\" content=\"2025-04-30T09:11:38+00:00\" \/>\n<meta property=\"og:image\" content=\"https:\/\/www.kbmedshop.ch\/wp-content\/uploads\/2025\/04\/lampe-frontale-batterie-led-faromed-.jpg\" \/>\n\t<meta property=\"og:image:width\" content=\"458\" \/>\n\t<meta property=\"og:image:height\" content=\"458\" \/>\n\t<meta property=\"og:image:type\" content=\"image\/jpeg\" \/>\n<meta name=\"twitter:card\" content=\"summary_large_image\" \/>\n<meta name=\"twitter:label1\" content=\"Tempo di lettura stimato\" \/>\n\t<meta name=\"twitter:data1\" content=\"2 minuto\" \/>\n<script type=\"application\/ld+json\" class=\"yoast-schema-graph\">{\"@context\":\"https:\/\/schema.org\",\"@graph\":[{\"@type\":\"WebPage\",\"@id\":\"https:\/\/www.kbmedshop.ch\/it\/prodotto\/lampada-radio-a-led-focalizzabile-faromed\/\",\"url\":\"https:\/\/www.kbmedshop.ch\/it\/prodotto\/lampada-radio-a-led-focalizzabile-faromed\/\",\"name\":\"Lampada radio a LED focalizzabile Faromed - KB Med\",\"isPartOf\":{\"@id\":\"https:\/\/www.kbmedshop.ch\/it\/#website\"},\"primaryImageOfPage\":{\"@id\":\"https:\/\/www.kbmedshop.ch\/it\/prodotto\/lampada-radio-a-led-focalizzabile-faromed\/#primaryimage\"},\"image\":{\"@id\":\"https:\/\/www.kbmedshop.ch\/it\/prodotto\/lampada-radio-a-led-focalizzabile-faromed\/#primaryimage\"},\"thumbnailUrl\":\"https:\/\/www.kbmedshop.ch\/wp-content\/uploads\/2025\/04\/lampe-frontale-batterie-led-faromed-.jpg\",\"datePublished\":\"2025-04-07T12:31:33+00:00\",\"dateModified\":\"2025-04-30T09:11:38+00:00\",\"description\":\"La lampada frontale a LED senza fili Faromed offre un'illuminazione focalizzabile precisa, una durata ottimale della batteria e libert\u00e0 di movimento per la diagnostica medica.\",\"breadcrumb\":{\"@id\":\"https:\/\/www.kbmedshop.ch\/it\/prodotto\/lampada-radio-a-led-focalizzabile-faromed\/#breadcrumb\"},\"inLanguage\":\"it-IT\",\"potentialAction\":[{\"@type\":\"ReadAction\",\"target\":[\"https:\/\/www.kbmedshop.ch\/it\/prodotto\/lampada-radio-a-led-focalizzabile-faromed\/\"]}]},{\"@type\":\"ImageObject\",\"inLanguage\":\"it-IT\",\"@id\":\"https:\/\/www.kbmedshop.ch\/it\/prodotto\/lampada-radio-a-led-focalizzabile-faromed\/#primaryimage\",\"url\":\"https:\/\/www.kbmedshop.ch\/wp-content\/uploads\/2025\/04\/lampe-frontale-batterie-led-faromed-.jpg\",\"contentUrl\":\"https:\/\/www.kbmedshop.ch\/wp-content\/uploads\/2025\/04\/lampe-frontale-batterie-led-faromed-.jpg\",\"width\":458,\"height\":458,\"caption\":\"Lampe frontale \u00e0 LED sans fil focalisable Faromed\"},{\"@type\":\"BreadcrumbList\",\"@id\":\"https:\/\/www.kbmedshop.ch\/it\/prodotto\/lampada-radio-a-led-focalizzabile-faromed\/#breadcrumb\",\"itemListElement\":[{\"@type\":\"ListItem\",\"position\":1,\"name\":\"Accueil\",\"item\":\"https:\/\/www.kbmedshop.ch\/it\/\"},{\"@type\":\"ListItem\",\"position\":2,\"name\":\"Negozio\",\"item\":\"https:\/\/www.kbmedshop.ch\/shop\/\"},{\"@type\":\"ListItem\",\"position\":3,\"name\":\"Lampada radio a LED focalizzabile Faromed\"}]},{\"@type\":\"WebSite\",\"@id\":\"https:\/\/www.kbmedshop.ch\/it\/#website\",\"url\":\"https:\/\/www.kbmedshop.ch\/it\/\",\"name\":\"Kbmed\",\"description\":\"\",\"potentialAction\":[{\"@type\":\"SearchAction\",\"target\":{\"@type\":\"EntryPoint\",\"urlTemplate\":\"https:\/\/www.kbmedshop.ch\/it\/?s={search_term_string}\"},\"query-input\":{\"@type\":\"PropertyValueSpecification\",\"valueRequired\":true,\"valueName\":\"search_term_string\"}}],\"inLanguage\":\"it-IT\"}]}<\/script>\n<!-- \/ Yoast SEO plugin. -->","yoast_head_json":{"title":"Lampada radio a LED focalizzabile Faromed - KB Med","description":"La lampada frontale a LED senza fili Faromed offre un'illuminazione focalizzabile precisa, una durata ottimale della batteria e libert\u00e0 di movimento per la diagnostica medica.","robots":{"index":"index","follow":"follow","max-snippet":"max-snippet:-1","max-image-preview":"max-image-preview:large","max-video-preview":"max-video-preview:-1"},"canonical":"https:\/\/www.kbmedshop.ch\/it\/prodotto\/lampada-radio-a-led-focalizzabile-faromed\/","og_locale":"it_IT","og_type":"article","og_title":"Lampada radio a LED focalizzabile Faromed - KB Med","og_description":"La lampada frontale a LED senza fili Faromed offre un'illuminazione focalizzabile precisa, una durata ottimale della batteria e libert\u00e0 di movimento per la diagnostica medica.","og_url":"https:\/\/www.kbmedshop.ch\/it\/prodotto\/lampada-radio-a-led-focalizzabile-faromed\/","og_site_name":"KB Med","article_modified_time":"2025-04-30T09:11:38+00:00","og_image":[{"width":458,"height":458,"url":"https:\/\/www.kbmedshop.ch\/wp-content\/uploads\/2025\/04\/lampe-frontale-batterie-led-faromed-.jpg","type":"image\/jpeg"}],"twitter_card":"summary_large_image","twitter_misc":{"Tempo di lettura stimato":"2 minuto"},"schema":{"@context":"https:\/\/schema.org","@graph":[{"@type":"WebPage","@id":"https:\/\/www.kbmedshop.ch\/it\/prodotto\/lampada-radio-a-led-focalizzabile-faromed\/","url":"https:\/\/www.kbmedshop.ch\/it\/prodotto\/lampada-radio-a-led-focalizzabile-faromed\/","name":"Lampada radio a LED focalizzabile Faromed - KB Med","isPartOf":{"@id":"https:\/\/www.kbmedshop.ch\/it\/#website"},"primaryImageOfPage":{"@id":"https:\/\/www.kbmedshop.ch\/it\/prodotto\/lampada-radio-a-led-focalizzabile-faromed\/#primaryimage"},"image":{"@id":"https:\/\/www.kbmedshop.ch\/it\/prodotto\/lampada-radio-a-led-focalizzabile-faromed\/#primaryimage"},"thumbnailUrl":"https:\/\/www.kbmedshop.ch\/wp-content\/uploads\/2025\/04\/lampe-frontale-batterie-led-faromed-.jpg","datePublished":"2025-04-07T12:31:33+00:00","dateModified":"2025-04-30T09:11:38+00:00","description":"La lampada frontale a LED senza fili Faromed offre un'illuminazione focalizzabile precisa, una durata ottimale della batteria e libert\u00e0 di movimento per la diagnostica medica.","breadcrumb":{"@id":"https:\/\/www.kbmedshop.ch\/it\/prodotto\/lampada-radio-a-led-focalizzabile-faromed\/#breadcrumb"},"inLanguage":"it-IT","potentialAction":[{"@type":"ReadAction","target":["https:\/\/www.kbmedshop.ch\/it\/prodotto\/lampada-radio-a-led-focalizzabile-faromed\/"]}]},{"@type":"ImageObject","inLanguage":"it-IT","@id":"https:\/\/www.kbmedshop.ch\/it\/prodotto\/lampada-radio-a-led-focalizzabile-faromed\/#primaryimage","url":"https:\/\/www.kbmedshop.ch\/wp-content\/uploads\/2025\/04\/lampe-frontale-batterie-led-faromed-.jpg","contentUrl":"https:\/\/www.kbmedshop.ch\/wp-content\/uploads\/2025\/04\/lampe-frontale-batterie-led-faromed-.jpg","width":458,"height":458,"caption":"Lampe frontale \u00e0 LED sans fil focalisable Faromed"},{"@type":"BreadcrumbList","@id":"https:\/\/www.kbmedshop.ch\/it\/prodotto\/lampada-radio-a-led-focalizzabile-faromed\/#breadcrumb","itemListElement":[{"@type":"ListItem","position":1,"name":"Accueil","item":"https:\/\/www.kbmedshop.ch\/it\/"},{"@type":"ListItem","position":2,"name":"Negozio","item":"https:\/\/www.kbmedshop.ch\/shop\/"},{"@type":"ListItem","position":3,"name":"Lampada radio a LED focalizzabile Faromed"}]},{"@type":"WebSite","@id":"https:\/\/www.kbmedshop.ch\/it\/#website","url":"https:\/\/www.kbmedshop.ch\/it\/","name":"Kbmed","description":"","potentialAction":[{"@type":"SearchAction","target":{"@type":"EntryPoint","urlTemplate":"https:\/\/www.kbmedshop.ch\/it\/?s={search_term_string}"},"query-input":{"@type":"PropertyValueSpecification","valueRequired":true,"valueName":"search_term_string"}}],"inLanguage":"it-IT"}]}},"_links":{"self":[{"href":"https:\/\/www.kbmedshop.ch\/it\/wp-json\/wp\/v2\/product\/1768","targetHints":{"allow":["GET"]}}],"collection":[{"href":"https:\/\/www.kbmedshop.ch\/it\/wp-json\/wp\/v2\/product"}],"about":[{"href":"https:\/\/www.kbmedshop.ch\/it\/wp-json\/wp\/v2\/types\/product"}],"replies":[{"embeddable":true,"href":"https:\/\/www.kbmedshop.ch\/it\/wp-json\/wp\/v2\/comments?post=1768"}],"wp:featuredmedia":[{"embeddable":true,"href":"https:\/\/www.kbmedshop.ch\/it\/wp-json\/wp\/v2\/media\/628"}],"wp:attachment":[{"href":"https:\/\/www.kbmedshop.ch\/it\/wp-json\/wp\/v2\/media?parent=1768"}],"wp:term":[{"taxonomy":"product_brand","embeddable":true,"href":"https:\/\/www.kbmedshop.ch\/it\/wp-json\/wp\/v2\/product_brand?post=1768"},{"taxonomy":"product_cat","embeddable":true,"href":"https:\/\/www.kbmedshop.ch\/it\/wp-json\/wp\/v2\/product_cat?post=1768"},{"taxonomy":"product_tag","embeddable":true,"href":"https:\/\/www.kbmedshop.ch\/it\/wp-json\/wp\/v2\/product_tag?post=1768"}],"curies":[{"name":"wp","href":"https:\/\/api.w.org\/{rel}","templated":true}]}}