{"id":1684,"date":"2025-04-08T08:38:41","date_gmt":"2025-04-08T06:38:41","guid":{"rendered":"https:\/\/www.kbmedshop.ch\/?post_type=product&#038;p=1684"},"modified":"2025-06-20T08:32:04","modified_gmt":"2025-06-20T06:32:04","slug":"protezione-delle-pistole-per-lirrigazione","status":"publish","type":"product","link":"https:\/\/www.kbmedshop.ch\/it\/prodotto\/protezione-delle-pistole-per-lirrigazione\/","title":{"rendered":"Protezione delle pistole per l&#8217;irrigazione"},"content":{"rendered":"<p>Tratti somatici:<\/p>\n<ul>\n<li>Materiale: Plexiglass trasparente per una visibilit\u00e0 ottimale.<\/li>\n<li>Funzione: Paraspruzzi per pistola di irrigazione.<\/li>\n<li>Applicazione: Riduce gli schizzi di liquido per un uso pulito e sicuro.<\/li>\n<li>Compatibilit\u00e0: Adatto per pistole per irrigazione standard.<\/li>\n<\/ul>\n<p>Applicazioni:<\/p>\n<ul>\n<li>Utilizzo in ambulatori medici e ospedali.<\/li>\n<li>Protezione durante l&#8217;irrigazione.<\/li>\n<li>Mantenere un ambiente pulito e sicuro.<\/li>\n<\/ul>\n<p>Il paraspruzzi in plexiglass \u00e8 uno strumento pratico e affidabile per gli operatori sanitari che vogliono combinare sicurezza, igiene e comfort nella loro pratica quotidiana.<\/p>\n","protected":false},"excerpt":{"rendered":"<p>Il paraspruzzi in plexiglas per pistole di irrigazione \u00e8 un accessorio indispensabile per garantire un utilizzo pulito e sicuro. Progettata per evitare schizzi di liquidi durante l&#8217;irrigazione, questa protezione fornisce un&#8217;efficace barriera e consente una visibilit\u00e0 ottimale grazie al suo materiale trasparente. \u00c8 robusto e facile da installare ed \u00e8 ideale per ambienti medici come studi, ospedali e laboratori.<\/p>\n<p>&nbsp;<\/p>\n<p>Codice prodotto : 501.0331.0<\/p>\n","protected":false},"featured_media":762,"comment_status":"open","ping_status":"closed","template":"","meta":{"_acf_changed":false},"product_brand":[],"product_cat":[386,375],"product_tag":[],"class_list":{"0":"post-1684","1":"product","2":"type-product","3":"status-publish","4":"has-post-thumbnail","6":"product_cat-materiale-di-consumo-orl","7":"product_cat-orl-it","9":"first","10":"instock","11":"taxable","12":"shipping-taxable","13":"purchasable","14":"product-type-simple"},"acf":[],"yoast_head":"<!-- This site is optimized with the Yoast SEO plugin v25.0 - https:\/\/yoast.com\/wordpress\/plugins\/seo\/ -->\n<title>Protezione delle pistole per l&#039;irrigazione - KB Med<\/title>\n<meta name=\"description\" content=\"La protezione per pistola a spruzzo \u00e8 progettata per garantire un uso sicuro e prolungare la durata delle apparecchiature mediche.\" \/>\n<meta name=\"robots\" content=\"index, follow, max-snippet:-1, max-image-preview:large, max-video-preview:-1\" \/>\n<link rel=\"canonical\" href=\"https:\/\/www.kbmedshop.ch\/it\/prodotto\/protezione-delle-pistole-per-lirrigazione\/\" \/>\n<meta property=\"og:locale\" content=\"it_IT\" \/>\n<meta property=\"og:type\" content=\"article\" \/>\n<meta property=\"og:title\" content=\"Protezione delle pistole per l&#039;irrigazione - KB Med\" \/>\n<meta property=\"og:description\" content=\"La protezione per pistola a spruzzo \u00e8 progettata per garantire un uso sicuro e prolungare la durata delle apparecchiature mediche.\" \/>\n<meta property=\"og:url\" content=\"https:\/\/www.kbmedshop.ch\/it\/prodotto\/protezione-delle-pistole-per-lirrigazione\/\" \/>\n<meta property=\"og:site_name\" content=\"KB Med\" \/>\n<meta property=\"article:modified_time\" content=\"2025-06-20T06:32:04+00:00\" \/>\n<meta property=\"og:image\" content=\"https:\/\/www.kbmedshop.ch\/wp-content\/uploads\/2025\/04\/protection-pour-pistolet-d-irrigation-.jpg\" \/>\n\t<meta property=\"og:image:width\" content=\"458\" \/>\n\t<meta property=\"og:image:height\" content=\"458\" \/>\n\t<meta property=\"og:image:type\" content=\"image\/jpeg\" \/>\n<meta name=\"twitter:card\" content=\"summary_large_image\" \/>\n<meta name=\"twitter:label1\" content=\"Tempo di lettura stimato\" \/>\n\t<meta name=\"twitter:data1\" content=\"1 minuto\" \/>\n<script type=\"application\/ld+json\" class=\"yoast-schema-graph\">{\"@context\":\"https:\/\/schema.org\",\"@graph\":[{\"@type\":\"WebPage\",\"@id\":\"https:\/\/www.kbmedshop.ch\/it\/prodotto\/protezione-delle-pistole-per-lirrigazione\/\",\"url\":\"https:\/\/www.kbmedshop.ch\/it\/prodotto\/protezione-delle-pistole-per-lirrigazione\/\",\"name\":\"Protezione delle pistole per l'irrigazione - KB Med\",\"isPartOf\":{\"@id\":\"https:\/\/www.kbmedshop.ch\/it\/#website\"},\"primaryImageOfPage\":{\"@id\":\"https:\/\/www.kbmedshop.ch\/it\/prodotto\/protezione-delle-pistole-per-lirrigazione\/#primaryimage\"},\"image\":{\"@id\":\"https:\/\/www.kbmedshop.ch\/it\/prodotto\/protezione-delle-pistole-per-lirrigazione\/#primaryimage\"},\"thumbnailUrl\":\"https:\/\/www.kbmedshop.ch\/wp-content\/uploads\/2025\/04\/protection-pour-pistolet-d-irrigation-.jpg\",\"datePublished\":\"2025-04-08T06:38:41+00:00\",\"dateModified\":\"2025-06-20T06:32:04+00:00\",\"description\":\"La protezione per pistola a spruzzo \u00e8 progettata per garantire un uso sicuro e prolungare la durata delle apparecchiature mediche.\",\"breadcrumb\":{\"@id\":\"https:\/\/www.kbmedshop.ch\/it\/prodotto\/protezione-delle-pistole-per-lirrigazione\/#breadcrumb\"},\"inLanguage\":\"it-IT\",\"potentialAction\":[{\"@type\":\"ReadAction\",\"target\":[\"https:\/\/www.kbmedshop.ch\/it\/prodotto\/protezione-delle-pistole-per-lirrigazione\/\"]}]},{\"@type\":\"ImageObject\",\"inLanguage\":\"it-IT\",\"@id\":\"https:\/\/www.kbmedshop.ch\/it\/prodotto\/protezione-delle-pistole-per-lirrigazione\/#primaryimage\",\"url\":\"https:\/\/www.kbmedshop.ch\/wp-content\/uploads\/2025\/04\/protection-pour-pistolet-d-irrigation-.jpg\",\"contentUrl\":\"https:\/\/www.kbmedshop.ch\/wp-content\/uploads\/2025\/04\/protection-pour-pistolet-d-irrigation-.jpg\",\"width\":458,\"height\":458,\"caption\":\"Protezione per pistola a spruzzo\"},{\"@type\":\"BreadcrumbList\",\"@id\":\"https:\/\/www.kbmedshop.ch\/it\/prodotto\/protezione-delle-pistole-per-lirrigazione\/#breadcrumb\",\"itemListElement\":[{\"@type\":\"ListItem\",\"position\":1,\"name\":\"Accueil\",\"item\":\"https:\/\/www.kbmedshop.ch\/it\/\"},{\"@type\":\"ListItem\",\"position\":2,\"name\":\"Negozio\",\"item\":\"https:\/\/www.kbmedshop.ch\/shop\/\"},{\"@type\":\"ListItem\",\"position\":3,\"name\":\"Protezione delle pistole per l&rsquo;irrigazione\"}]},{\"@type\":\"WebSite\",\"@id\":\"https:\/\/www.kbmedshop.ch\/it\/#website\",\"url\":\"https:\/\/www.kbmedshop.ch\/it\/\",\"name\":\"Kbmed\",\"description\":\"\",\"potentialAction\":[{\"@type\":\"SearchAction\",\"target\":{\"@type\":\"EntryPoint\",\"urlTemplate\":\"https:\/\/www.kbmedshop.ch\/it\/?s={search_term_string}\"},\"query-input\":{\"@type\":\"PropertyValueSpecification\",\"valueRequired\":true,\"valueName\":\"search_term_string\"}}],\"inLanguage\":\"it-IT\"}]}<\/script>\n<!-- \/ Yoast SEO plugin. -->","yoast_head_json":{"title":"Protezione delle pistole per l'irrigazione - KB Med","description":"La protezione per pistola a spruzzo \u00e8 progettata per garantire un uso sicuro e prolungare la durata delle apparecchiature mediche.","robots":{"index":"index","follow":"follow","max-snippet":"max-snippet:-1","max-image-preview":"max-image-preview:large","max-video-preview":"max-video-preview:-1"},"canonical":"https:\/\/www.kbmedshop.ch\/it\/prodotto\/protezione-delle-pistole-per-lirrigazione\/","og_locale":"it_IT","og_type":"article","og_title":"Protezione delle pistole per l'irrigazione - KB Med","og_description":"La protezione per pistola a spruzzo \u00e8 progettata per garantire un uso sicuro e prolungare la durata delle apparecchiature mediche.","og_url":"https:\/\/www.kbmedshop.ch\/it\/prodotto\/protezione-delle-pistole-per-lirrigazione\/","og_site_name":"KB Med","article_modified_time":"2025-06-20T06:32:04+00:00","og_image":[{"width":458,"height":458,"url":"https:\/\/www.kbmedshop.ch\/wp-content\/uploads\/2025\/04\/protection-pour-pistolet-d-irrigation-.jpg","type":"image\/jpeg"}],"twitter_card":"summary_large_image","twitter_misc":{"Tempo di lettura stimato":"1 minuto"},"schema":{"@context":"https:\/\/schema.org","@graph":[{"@type":"WebPage","@id":"https:\/\/www.kbmedshop.ch\/it\/prodotto\/protezione-delle-pistole-per-lirrigazione\/","url":"https:\/\/www.kbmedshop.ch\/it\/prodotto\/protezione-delle-pistole-per-lirrigazione\/","name":"Protezione delle pistole per l'irrigazione - KB Med","isPartOf":{"@id":"https:\/\/www.kbmedshop.ch\/it\/#website"},"primaryImageOfPage":{"@id":"https:\/\/www.kbmedshop.ch\/it\/prodotto\/protezione-delle-pistole-per-lirrigazione\/#primaryimage"},"image":{"@id":"https:\/\/www.kbmedshop.ch\/it\/prodotto\/protezione-delle-pistole-per-lirrigazione\/#primaryimage"},"thumbnailUrl":"https:\/\/www.kbmedshop.ch\/wp-content\/uploads\/2025\/04\/protection-pour-pistolet-d-irrigation-.jpg","datePublished":"2025-04-08T06:38:41+00:00","dateModified":"2025-06-20T06:32:04+00:00","description":"La protezione per pistola a spruzzo \u00e8 progettata per garantire un uso sicuro e prolungare la durata delle apparecchiature mediche.","breadcrumb":{"@id":"https:\/\/www.kbmedshop.ch\/it\/prodotto\/protezione-delle-pistole-per-lirrigazione\/#breadcrumb"},"inLanguage":"it-IT","potentialAction":[{"@type":"ReadAction","target":["https:\/\/www.kbmedshop.ch\/it\/prodotto\/protezione-delle-pistole-per-lirrigazione\/"]}]},{"@type":"ImageObject","inLanguage":"it-IT","@id":"https:\/\/www.kbmedshop.ch\/it\/prodotto\/protezione-delle-pistole-per-lirrigazione\/#primaryimage","url":"https:\/\/www.kbmedshop.ch\/wp-content\/uploads\/2025\/04\/protection-pour-pistolet-d-irrigation-.jpg","contentUrl":"https:\/\/www.kbmedshop.ch\/wp-content\/uploads\/2025\/04\/protection-pour-pistolet-d-irrigation-.jpg","width":458,"height":458,"caption":"Protezione per pistola a spruzzo"},{"@type":"BreadcrumbList","@id":"https:\/\/www.kbmedshop.ch\/it\/prodotto\/protezione-delle-pistole-per-lirrigazione\/#breadcrumb","itemListElement":[{"@type":"ListItem","position":1,"name":"Accueil","item":"https:\/\/www.kbmedshop.ch\/it\/"},{"@type":"ListItem","position":2,"name":"Negozio","item":"https:\/\/www.kbmedshop.ch\/shop\/"},{"@type":"ListItem","position":3,"name":"Protezione delle pistole per l&rsquo;irrigazione"}]},{"@type":"WebSite","@id":"https:\/\/www.kbmedshop.ch\/it\/#website","url":"https:\/\/www.kbmedshop.ch\/it\/","name":"Kbmed","description":"","potentialAction":[{"@type":"SearchAction","target":{"@type":"EntryPoint","urlTemplate":"https:\/\/www.kbmedshop.ch\/it\/?s={search_term_string}"},"query-input":{"@type":"PropertyValueSpecification","valueRequired":true,"valueName":"search_term_string"}}],"inLanguage":"it-IT"}]}},"_links":{"self":[{"href":"https:\/\/www.kbmedshop.ch\/it\/wp-json\/wp\/v2\/product\/1684","targetHints":{"allow":["GET"]}}],"collection":[{"href":"https:\/\/www.kbmedshop.ch\/it\/wp-json\/wp\/v2\/product"}],"about":[{"href":"https:\/\/www.kbmedshop.ch\/it\/wp-json\/wp\/v2\/types\/product"}],"replies":[{"embeddable":true,"href":"https:\/\/www.kbmedshop.ch\/it\/wp-json\/wp\/v2\/comments?post=1684"}],"wp:featuredmedia":[{"embeddable":true,"href":"https:\/\/www.kbmedshop.ch\/it\/wp-json\/wp\/v2\/media\/762"}],"wp:attachment":[{"href":"https:\/\/www.kbmedshop.ch\/it\/wp-json\/wp\/v2\/media?parent=1684"}],"wp:term":[{"taxonomy":"product_brand","embeddable":true,"href":"https:\/\/www.kbmedshop.ch\/it\/wp-json\/wp\/v2\/product_brand?post=1684"},{"taxonomy":"product_cat","embeddable":true,"href":"https:\/\/www.kbmedshop.ch\/it\/wp-json\/wp\/v2\/product_cat?post=1684"},{"taxonomy":"product_tag","embeddable":true,"href":"https:\/\/www.kbmedshop.ch\/it\/wp-json\/wp\/v2\/product_tag?post=1684"}],"curies":[{"name":"wp","href":"https:\/\/api.w.org\/{rel}","templated":true}]}}