{"id":1678,"date":"2025-04-08T08:50:09","date_gmt":"2025-04-08T06:50:09","guid":{"rendered":"https:\/\/www.kbmedshop.ch\/?post_type=product&#038;p=1678"},"modified":"2025-04-30T08:39:58","modified_gmt":"2025-04-30T06:39:58","slug":"ecg-spray-gel","status":"publish","type":"product","link":"https:\/\/www.kbmedshop.ch\/it\/prodotto\/ecg-spray-gel\/","title":{"rendered":"ECG SPRAY GEL"},"content":{"rendered":"<p>Tratti somatici:<\/p>\n<ul>\n<li>Utilizzo: Adatto per elettrodi senza gel, barre ECG e interruttori.<\/li>\n<li>Qualit\u00e0: garantisce una trasmissione chiara delle onde ECG.<\/li>\n<li>Ipoallergenico: Non irrita la pelle.<\/li>\n<li>Composizione: Privo di sostanze oleose, formaldeide, sale o tossine.<\/li>\n<li>Praticit\u00e0: Inodore per un comfort ottimale.<\/li>\n<li>Confezione: Venduto singolarmente.<\/li>\n<\/ul>\n<p>Applicazioni:<\/p>\n<ul>\n<li>Utilizzo in studi medici, ospedali e laboratori.<\/li>\n<li>Ottimizzazione dei risultati dell&#8217;ECG e delle applicazioni esterne.<\/li>\n<li>Soluzione ideale per ambienti in cui sono richiesti prodotti anallergici.<\/li>\n<\/ul>\n<p>Il gel spray per ECG \u00e8 la prima scelta per gli operatori sanitari che desiderano garantire prestazioni ottimali garantendo al contempo il comfort e la sicurezza del paziente.<\/p>\n","protected":false},"excerpt":{"rendered":"<p>Il gel spray per ECG \u00e8 stato progettato appositamente per elettrodi, barre ECG e interruttori senza gel utilizzati negli ECG e in altre applicazioni esterne. Questo prodotto garantisce una trasmissione chiara e accurata delle onde ECG nel dispositivo, ottimizzando cos\u00ec la qualit\u00e0 dei risultati. \u00c8 ipoallergenico, non irrita la pelle e non contiene sostanze oleose, formaldeide o sale. \u00c8 inodore e privo di tossine ed \u00e8 ideale per l&#8217;uso professionale in ambiente medico.<\/p>\n","protected":false},"featured_media":774,"comment_status":"open","ping_status":"closed","template":"","meta":{"_acf_changed":false},"product_brand":[],"product_cat":[15],"product_tag":[],"class_list":{"0":"post-1678","1":"product","2":"type-product","3":"status-publish","4":"has-post-thumbnail","6":"product_cat-nicht-kategorisiert","8":"first","9":"instock","10":"taxable","11":"shipping-taxable","12":"purchasable","13":"product-type-simple"},"acf":[],"yoast_head":"<!-- This site is optimized with the Yoast SEO plugin v25.0 - https:\/\/yoast.com\/wordpress\/plugins\/seo\/ -->\n<title>ECG SPRAY GEL - KB Med<\/title>\n<meta name=\"description\" content=\"Il gel spray per ECG \u00e8 progettato per migliorare la conduttivit\u00e0 durante gli esami ECG, garantendo risultati accurati e affidabili in ambienti medici.\" \/>\n<meta name=\"robots\" content=\"index, follow, max-snippet:-1, max-image-preview:large, max-video-preview:-1\" \/>\n<link rel=\"canonical\" href=\"https:\/\/www.kbmedshop.ch\/it\/prodotto\/ecg-spray-gel\/\" \/>\n<meta property=\"og:locale\" content=\"it_IT\" \/>\n<meta property=\"og:type\" content=\"article\" \/>\n<meta property=\"og:title\" content=\"ECG SPRAY GEL - KB Med\" \/>\n<meta property=\"og:description\" content=\"Il gel spray per ECG \u00e8 progettato per migliorare la conduttivit\u00e0 durante gli esami ECG, garantendo risultati accurati e affidabili in ambienti medici.\" \/>\n<meta property=\"og:url\" content=\"https:\/\/www.kbmedshop.ch\/it\/prodotto\/ecg-spray-gel\/\" \/>\n<meta property=\"og:site_name\" content=\"KB Med\" \/>\n<meta property=\"article:modified_time\" content=\"2025-04-30T06:39:58+00:00\" \/>\n<meta property=\"og:image\" content=\"https:\/\/www.kbmedshop.ch\/wp-content\/uploads\/2025\/04\/ecg-spray-gel-.jpg\" \/>\n\t<meta property=\"og:image:width\" content=\"458\" \/>\n\t<meta property=\"og:image:height\" content=\"458\" \/>\n\t<meta property=\"og:image:type\" content=\"image\/jpeg\" \/>\n<meta name=\"twitter:card\" content=\"summary_large_image\" \/>\n<meta name=\"twitter:label1\" content=\"Tempo di lettura stimato\" \/>\n\t<meta name=\"twitter:data1\" content=\"1 minuto\" \/>\n<script type=\"application\/ld+json\" class=\"yoast-schema-graph\">{\"@context\":\"https:\/\/schema.org\",\"@graph\":[{\"@type\":\"WebPage\",\"@id\":\"https:\/\/www.kbmedshop.ch\/it\/prodotto\/ecg-spray-gel\/\",\"url\":\"https:\/\/www.kbmedshop.ch\/it\/prodotto\/ecg-spray-gel\/\",\"name\":\"ECG SPRAY GEL - KB Med\",\"isPartOf\":{\"@id\":\"https:\/\/www.kbmedshop.ch\/it\/#website\"},\"primaryImageOfPage\":{\"@id\":\"https:\/\/www.kbmedshop.ch\/it\/prodotto\/ecg-spray-gel\/#primaryimage\"},\"image\":{\"@id\":\"https:\/\/www.kbmedshop.ch\/it\/prodotto\/ecg-spray-gel\/#primaryimage\"},\"thumbnailUrl\":\"https:\/\/www.kbmedshop.ch\/wp-content\/uploads\/2025\/04\/ecg-spray-gel-.jpg\",\"datePublished\":\"2025-04-08T06:50:09+00:00\",\"dateModified\":\"2025-04-30T06:39:58+00:00\",\"description\":\"Il gel spray per ECG \u00e8 progettato per migliorare la conduttivit\u00e0 durante gli esami ECG, garantendo risultati accurati e affidabili in ambienti medici.\",\"breadcrumb\":{\"@id\":\"https:\/\/www.kbmedshop.ch\/it\/prodotto\/ecg-spray-gel\/#breadcrumb\"},\"inLanguage\":\"it-IT\",\"potentialAction\":[{\"@type\":\"ReadAction\",\"target\":[\"https:\/\/www.kbmedshop.ch\/it\/prodotto\/ecg-spray-gel\/\"]}]},{\"@type\":\"ImageObject\",\"inLanguage\":\"it-IT\",\"@id\":\"https:\/\/www.kbmedshop.ch\/it\/prodotto\/ecg-spray-gel\/#primaryimage\",\"url\":\"https:\/\/www.kbmedshop.ch\/wp-content\/uploads\/2025\/04\/ecg-spray-gel-.jpg\",\"contentUrl\":\"https:\/\/www.kbmedshop.ch\/wp-content\/uploads\/2025\/04\/ecg-spray-gel-.jpg\",\"width\":458,\"height\":458,\"caption\":\"ECG SPRAY GEL\"},{\"@type\":\"BreadcrumbList\",\"@id\":\"https:\/\/www.kbmedshop.ch\/it\/prodotto\/ecg-spray-gel\/#breadcrumb\",\"itemListElement\":[{\"@type\":\"ListItem\",\"position\":1,\"name\":\"Accueil\",\"item\":\"https:\/\/www.kbmedshop.ch\/it\/\"},{\"@type\":\"ListItem\",\"position\":2,\"name\":\"Negozio\",\"item\":\"https:\/\/www.kbmedshop.ch\/shop\/\"},{\"@type\":\"ListItem\",\"position\":3,\"name\":\"ECG SPRAY GEL\"}]},{\"@type\":\"WebSite\",\"@id\":\"https:\/\/www.kbmedshop.ch\/it\/#website\",\"url\":\"https:\/\/www.kbmedshop.ch\/it\/\",\"name\":\"Kbmed\",\"description\":\"\",\"potentialAction\":[{\"@type\":\"SearchAction\",\"target\":{\"@type\":\"EntryPoint\",\"urlTemplate\":\"https:\/\/www.kbmedshop.ch\/it\/?s={search_term_string}\"},\"query-input\":{\"@type\":\"PropertyValueSpecification\",\"valueRequired\":true,\"valueName\":\"search_term_string\"}}],\"inLanguage\":\"it-IT\"}]}<\/script>\n<!-- \/ Yoast SEO plugin. -->","yoast_head_json":{"title":"ECG SPRAY GEL - KB Med","description":"Il gel spray per ECG \u00e8 progettato per migliorare la conduttivit\u00e0 durante gli esami ECG, garantendo risultati accurati e affidabili in ambienti medici.","robots":{"index":"index","follow":"follow","max-snippet":"max-snippet:-1","max-image-preview":"max-image-preview:large","max-video-preview":"max-video-preview:-1"},"canonical":"https:\/\/www.kbmedshop.ch\/it\/prodotto\/ecg-spray-gel\/","og_locale":"it_IT","og_type":"article","og_title":"ECG SPRAY GEL - KB Med","og_description":"Il gel spray per ECG \u00e8 progettato per migliorare la conduttivit\u00e0 durante gli esami ECG, garantendo risultati accurati e affidabili in ambienti medici.","og_url":"https:\/\/www.kbmedshop.ch\/it\/prodotto\/ecg-spray-gel\/","og_site_name":"KB Med","article_modified_time":"2025-04-30T06:39:58+00:00","og_image":[{"width":458,"height":458,"url":"https:\/\/www.kbmedshop.ch\/wp-content\/uploads\/2025\/04\/ecg-spray-gel-.jpg","type":"image\/jpeg"}],"twitter_card":"summary_large_image","twitter_misc":{"Tempo di lettura stimato":"1 minuto"},"schema":{"@context":"https:\/\/schema.org","@graph":[{"@type":"WebPage","@id":"https:\/\/www.kbmedshop.ch\/it\/prodotto\/ecg-spray-gel\/","url":"https:\/\/www.kbmedshop.ch\/it\/prodotto\/ecg-spray-gel\/","name":"ECG SPRAY GEL - KB Med","isPartOf":{"@id":"https:\/\/www.kbmedshop.ch\/it\/#website"},"primaryImageOfPage":{"@id":"https:\/\/www.kbmedshop.ch\/it\/prodotto\/ecg-spray-gel\/#primaryimage"},"image":{"@id":"https:\/\/www.kbmedshop.ch\/it\/prodotto\/ecg-spray-gel\/#primaryimage"},"thumbnailUrl":"https:\/\/www.kbmedshop.ch\/wp-content\/uploads\/2025\/04\/ecg-spray-gel-.jpg","datePublished":"2025-04-08T06:50:09+00:00","dateModified":"2025-04-30T06:39:58+00:00","description":"Il gel spray per ECG \u00e8 progettato per migliorare la conduttivit\u00e0 durante gli esami ECG, garantendo risultati accurati e affidabili in ambienti medici.","breadcrumb":{"@id":"https:\/\/www.kbmedshop.ch\/it\/prodotto\/ecg-spray-gel\/#breadcrumb"},"inLanguage":"it-IT","potentialAction":[{"@type":"ReadAction","target":["https:\/\/www.kbmedshop.ch\/it\/prodotto\/ecg-spray-gel\/"]}]},{"@type":"ImageObject","inLanguage":"it-IT","@id":"https:\/\/www.kbmedshop.ch\/it\/prodotto\/ecg-spray-gel\/#primaryimage","url":"https:\/\/www.kbmedshop.ch\/wp-content\/uploads\/2025\/04\/ecg-spray-gel-.jpg","contentUrl":"https:\/\/www.kbmedshop.ch\/wp-content\/uploads\/2025\/04\/ecg-spray-gel-.jpg","width":458,"height":458,"caption":"ECG SPRAY GEL"},{"@type":"BreadcrumbList","@id":"https:\/\/www.kbmedshop.ch\/it\/prodotto\/ecg-spray-gel\/#breadcrumb","itemListElement":[{"@type":"ListItem","position":1,"name":"Accueil","item":"https:\/\/www.kbmedshop.ch\/it\/"},{"@type":"ListItem","position":2,"name":"Negozio","item":"https:\/\/www.kbmedshop.ch\/shop\/"},{"@type":"ListItem","position":3,"name":"ECG SPRAY GEL"}]},{"@type":"WebSite","@id":"https:\/\/www.kbmedshop.ch\/it\/#website","url":"https:\/\/www.kbmedshop.ch\/it\/","name":"Kbmed","description":"","potentialAction":[{"@type":"SearchAction","target":{"@type":"EntryPoint","urlTemplate":"https:\/\/www.kbmedshop.ch\/it\/?s={search_term_string}"},"query-input":{"@type":"PropertyValueSpecification","valueRequired":true,"valueName":"search_term_string"}}],"inLanguage":"it-IT"}]}},"_links":{"self":[{"href":"https:\/\/www.kbmedshop.ch\/it\/wp-json\/wp\/v2\/product\/1678","targetHints":{"allow":["GET"]}}],"collection":[{"href":"https:\/\/www.kbmedshop.ch\/it\/wp-json\/wp\/v2\/product"}],"about":[{"href":"https:\/\/www.kbmedshop.ch\/it\/wp-json\/wp\/v2\/types\/product"}],"replies":[{"embeddable":true,"href":"https:\/\/www.kbmedshop.ch\/it\/wp-json\/wp\/v2\/comments?post=1678"}],"wp:featuredmedia":[{"embeddable":true,"href":"https:\/\/www.kbmedshop.ch\/it\/wp-json\/wp\/v2\/media\/774"}],"wp:attachment":[{"href":"https:\/\/www.kbmedshop.ch\/it\/wp-json\/wp\/v2\/media?parent=1678"}],"wp:term":[{"taxonomy":"product_brand","embeddable":true,"href":"https:\/\/www.kbmedshop.ch\/it\/wp-json\/wp\/v2\/product_brand?post=1678"},{"taxonomy":"product_cat","embeddable":true,"href":"https:\/\/www.kbmedshop.ch\/it\/wp-json\/wp\/v2\/product_cat?post=1678"},{"taxonomy":"product_tag","embeddable":true,"href":"https:\/\/www.kbmedshop.ch\/it\/wp-json\/wp\/v2\/product_tag?post=1678"}],"curies":[{"name":"wp","href":"https:\/\/api.w.org\/{rel}","templated":true}]}}