{"id":1630,"date":"2025-04-08T10:21:07","date_gmt":"2025-04-08T08:21:07","guid":{"rendered":"https:\/\/www.kbmedshop.ch\/?post_type=product&#038;p=1630"},"modified":"2025-05-06T11:37:58","modified_gmt":"2025-05-06T09:37:58","slug":"cavo-in-fibra-ottica-gima-4%2c8-mm-x-2%2c30-m-2","status":"publish","type":"product","link":"https:\/\/www.kbmedshop.ch\/it\/prodotto\/cavo-in-fibra-ottica-gima-4%2c8-mm-x-2%2c30-m-2\/","title":{"rendered":"Cavo in fibra ottica Gima 4,8 mm x 2,30 M"},"content":{"rendered":"<p>Descrizione dettagliata:<\/p>\n<p>Il cavo in fibra ottica Gima \u00e8 appositamente progettato per applicazioni mediche che richiedono una trasmissione della luce efficiente e precisa. Con un diametro di 4,8 mm e una lunghezza di 1,80 m, offre una flessibilit\u00e0 ottimale per l&#8217;uso pratico in vari ambienti medici.<\/p>\n<p>Questo cavo \u00e8 realizzato con materiali di alta qualit\u00e0 e garantisce un&#8217;eccezionale durata e resistenza alle sollecitazioni di un uso intensivo. \u00c8 compatibile con un&#8217;ampia gamma di dispositivi endoscopici e altri dispositivi medici che richiedono una sorgente luminosa affidabile.<\/p>\n<ul>\n<li>Tratti somatici:<\/li>\n<li>Diametro: 4,8 mm.<\/li>\n<li>Lunghezza: 1,80 m, offre una grande flessibilit\u00e0 di utilizzo.<\/li>\n<li>Trasmissione della luce: ottimale per una maggiore precisione.<\/li>\n<li>Materiali robusti: progettati per un uso intenso e duraturo.<\/li>\n<li>Compatibilit\u00e0: Adatto a un&#8217;ampia gamma di dispositivi medici.<\/li>\n<\/ul>\n<p>Applicazioni:<\/p>\n<ul>\n<li>Utilizzo con dispositivi endoscopici.<\/li>\n<li>Ideale per dispositivi medici che richiedono una sorgente luminosa accurata.<\/li>\n<li>Adatto per ospedali, cliniche e studi medici.<\/li>\n<\/ul>\n<p>Il cavo in fibra ottica Gima da 4,8 mm x 1,80 m \u00e8 un accessorio essenziale per gli operatori sanitari che combina prestazioni, affidabilit\u00e0 e durata per risultati ottimali.<\/p>\n","protected":false},"excerpt":{"rendered":"<p>Il cavo in fibra ottica Gima da 4,8 mm x 1,80 m \u00e8 un accessorio medico di alta qualit\u00e0 che garantisce una trasmissione ottimale della luce. Robusto e affidabile, \u00e8 ideale per apparecchiature endoscopiche e altre apparecchiature che richiedono una sorgente luminosa accurata.<\/p>\n","protected":false},"featured_media":857,"comment_status":"open","ping_status":"closed","template":"","meta":{"_acf_changed":false},"product_brand":[],"product_cat":[380,375],"product_tag":[],"class_list":{"0":"post-1630","1":"product","2":"type-product","3":"status-publish","4":"has-post-thumbnail","6":"product_cat-endoscopia-e-video","7":"product_cat-orl-it","9":"first","10":"instock","11":"taxable","12":"shipping-taxable","13":"purchasable","14":"product-type-simple"},"acf":[],"yoast_head":"<!-- This site is optimized with the Yoast SEO plugin v25.0 - https:\/\/yoast.com\/wordpress\/plugins\/seo\/ -->\n<title>Cavo in fibra ottica Gima 4,8 mm x 2,30 M - KB Med<\/title>\n<meta name=\"description\" content=\"La fibra ottica Gima 4,8 mm x 1,80 m offre una trasmissione ottimale della luce, ideale per i dispositivi medici che richiedono una maggiore precisione visiva.\" \/>\n<meta name=\"robots\" content=\"index, follow, max-snippet:-1, max-image-preview:large, max-video-preview:-1\" \/>\n<link rel=\"canonical\" href=\"https:\/\/www.kbmedshop.ch\/it\/prodotto\/cavo-in-fibra-ottica-gima-4%2c8-mm-x-2%2c30-m-2\/\" \/>\n<meta property=\"og:locale\" content=\"it_IT\" \/>\n<meta property=\"og:type\" content=\"article\" \/>\n<meta property=\"og:title\" content=\"Cavo in fibra ottica Gima 4,8 mm x 2,30 M - KB Med\" \/>\n<meta property=\"og:description\" content=\"La fibra ottica Gima 4,8 mm x 1,80 m offre una trasmissione ottimale della luce, ideale per i dispositivi medici che richiedono una maggiore precisione visiva.\" \/>\n<meta property=\"og:url\" content=\"https:\/\/www.kbmedshop.ch\/it\/prodotto\/cavo-in-fibra-ottica-gima-4%2c8-mm-x-2%2c30-m-2\/\" \/>\n<meta property=\"og:site_name\" content=\"KB Med\" \/>\n<meta property=\"article:modified_time\" content=\"2025-05-06T09:37:58+00:00\" \/>\n<meta property=\"og:image\" content=\"https:\/\/www.kbmedshop.ch\/wp-content\/uploads\/2025\/04\/cable-fibre-optique-35mm-x-180m.jpg\" \/>\n\t<meta property=\"og:image:width\" content=\"458\" \/>\n\t<meta property=\"og:image:height\" content=\"458\" \/>\n\t<meta property=\"og:image:type\" content=\"image\/jpeg\" \/>\n<meta name=\"twitter:card\" content=\"summary_large_image\" \/>\n<meta name=\"twitter:label1\" content=\"Tempo di lettura stimato\" \/>\n\t<meta name=\"twitter:data1\" content=\"2 minuto\" \/>\n<script type=\"application\/ld+json\" class=\"yoast-schema-graph\">{\"@context\":\"https:\/\/schema.org\",\"@graph\":[{\"@type\":\"WebPage\",\"@id\":\"https:\/\/www.kbmedshop.ch\/it\/prodotto\/cavo-in-fibra-ottica-gima-4%2c8-mm-x-2%2c30-m-2\/\",\"url\":\"https:\/\/www.kbmedshop.ch\/it\/prodotto\/cavo-in-fibra-ottica-gima-4%2c8-mm-x-2%2c30-m-2\/\",\"name\":\"Cavo in fibra ottica Gima 4,8 mm x 2,30 M - KB Med\",\"isPartOf\":{\"@id\":\"https:\/\/www.kbmedshop.ch\/it\/#website\"},\"primaryImageOfPage\":{\"@id\":\"https:\/\/www.kbmedshop.ch\/it\/prodotto\/cavo-in-fibra-ottica-gima-4%2c8-mm-x-2%2c30-m-2\/#primaryimage\"},\"image\":{\"@id\":\"https:\/\/www.kbmedshop.ch\/it\/prodotto\/cavo-in-fibra-ottica-gima-4%2c8-mm-x-2%2c30-m-2\/#primaryimage\"},\"thumbnailUrl\":\"https:\/\/www.kbmedshop.ch\/wp-content\/uploads\/2025\/04\/cable-fibre-optique-35mm-x-180m.jpg\",\"datePublished\":\"2025-04-08T08:21:07+00:00\",\"dateModified\":\"2025-05-06T09:37:58+00:00\",\"description\":\"La fibra ottica Gima 4,8 mm x 1,80 m offre una trasmissione ottimale della luce, ideale per i dispositivi medici che richiedono una maggiore precisione visiva.\",\"breadcrumb\":{\"@id\":\"https:\/\/www.kbmedshop.ch\/it\/prodotto\/cavo-in-fibra-ottica-gima-4%2c8-mm-x-2%2c30-m-2\/#breadcrumb\"},\"inLanguage\":\"it-IT\",\"potentialAction\":[{\"@type\":\"ReadAction\",\"target\":[\"https:\/\/www.kbmedshop.ch\/it\/prodotto\/cavo-in-fibra-ottica-gima-4%2c8-mm-x-2%2c30-m-2\/\"]}]},{\"@type\":\"ImageObject\",\"inLanguage\":\"it-IT\",\"@id\":\"https:\/\/www.kbmedshop.ch\/it\/prodotto\/cavo-in-fibra-ottica-gima-4%2c8-mm-x-2%2c30-m-2\/#primaryimage\",\"url\":\"https:\/\/www.kbmedshop.ch\/wp-content\/uploads\/2025\/04\/cable-fibre-optique-35mm-x-180m.jpg\",\"contentUrl\":\"https:\/\/www.kbmedshop.ch\/wp-content\/uploads\/2025\/04\/cable-fibre-optique-35mm-x-180m.jpg\",\"width\":458,\"height\":458,\"caption\":\"Cavo in fibra ottica Gima da 3,5 mm x 1,80 m\"},{\"@type\":\"BreadcrumbList\",\"@id\":\"https:\/\/www.kbmedshop.ch\/it\/prodotto\/cavo-in-fibra-ottica-gima-4%2c8-mm-x-2%2c30-m-2\/#breadcrumb\",\"itemListElement\":[{\"@type\":\"ListItem\",\"position\":1,\"name\":\"Accueil\",\"item\":\"https:\/\/www.kbmedshop.ch\/it\/\"},{\"@type\":\"ListItem\",\"position\":2,\"name\":\"Negozio\",\"item\":\"https:\/\/www.kbmedshop.ch\/shop\/\"},{\"@type\":\"ListItem\",\"position\":3,\"name\":\"Cavo in fibra ottica Gima 4,8 mm x 2,30 M\"}]},{\"@type\":\"WebSite\",\"@id\":\"https:\/\/www.kbmedshop.ch\/it\/#website\",\"url\":\"https:\/\/www.kbmedshop.ch\/it\/\",\"name\":\"Kbmed\",\"description\":\"\",\"potentialAction\":[{\"@type\":\"SearchAction\",\"target\":{\"@type\":\"EntryPoint\",\"urlTemplate\":\"https:\/\/www.kbmedshop.ch\/it\/?s={search_term_string}\"},\"query-input\":{\"@type\":\"PropertyValueSpecification\",\"valueRequired\":true,\"valueName\":\"search_term_string\"}}],\"inLanguage\":\"it-IT\"}]}<\/script>\n<!-- \/ Yoast SEO plugin. -->","yoast_head_json":{"title":"Cavo in fibra ottica Gima 4,8 mm x 2,30 M - KB Med","description":"La fibra ottica Gima 4,8 mm x 1,80 m offre una trasmissione ottimale della luce, ideale per i dispositivi medici che richiedono una maggiore precisione visiva.","robots":{"index":"index","follow":"follow","max-snippet":"max-snippet:-1","max-image-preview":"max-image-preview:large","max-video-preview":"max-video-preview:-1"},"canonical":"https:\/\/www.kbmedshop.ch\/it\/prodotto\/cavo-in-fibra-ottica-gima-4%2c8-mm-x-2%2c30-m-2\/","og_locale":"it_IT","og_type":"article","og_title":"Cavo in fibra ottica Gima 4,8 mm x 2,30 M - KB Med","og_description":"La fibra ottica Gima 4,8 mm x 1,80 m offre una trasmissione ottimale della luce, ideale per i dispositivi medici che richiedono una maggiore precisione visiva.","og_url":"https:\/\/www.kbmedshop.ch\/it\/prodotto\/cavo-in-fibra-ottica-gima-4%2c8-mm-x-2%2c30-m-2\/","og_site_name":"KB Med","article_modified_time":"2025-05-06T09:37:58+00:00","og_image":[{"width":458,"height":458,"url":"https:\/\/www.kbmedshop.ch\/wp-content\/uploads\/2025\/04\/cable-fibre-optique-35mm-x-180m.jpg","type":"image\/jpeg"}],"twitter_card":"summary_large_image","twitter_misc":{"Tempo di lettura stimato":"2 minuto"},"schema":{"@context":"https:\/\/schema.org","@graph":[{"@type":"WebPage","@id":"https:\/\/www.kbmedshop.ch\/it\/prodotto\/cavo-in-fibra-ottica-gima-4%2c8-mm-x-2%2c30-m-2\/","url":"https:\/\/www.kbmedshop.ch\/it\/prodotto\/cavo-in-fibra-ottica-gima-4%2c8-mm-x-2%2c30-m-2\/","name":"Cavo in fibra ottica Gima 4,8 mm x 2,30 M - KB Med","isPartOf":{"@id":"https:\/\/www.kbmedshop.ch\/it\/#website"},"primaryImageOfPage":{"@id":"https:\/\/www.kbmedshop.ch\/it\/prodotto\/cavo-in-fibra-ottica-gima-4%2c8-mm-x-2%2c30-m-2\/#primaryimage"},"image":{"@id":"https:\/\/www.kbmedshop.ch\/it\/prodotto\/cavo-in-fibra-ottica-gima-4%2c8-mm-x-2%2c30-m-2\/#primaryimage"},"thumbnailUrl":"https:\/\/www.kbmedshop.ch\/wp-content\/uploads\/2025\/04\/cable-fibre-optique-35mm-x-180m.jpg","datePublished":"2025-04-08T08:21:07+00:00","dateModified":"2025-05-06T09:37:58+00:00","description":"La fibra ottica Gima 4,8 mm x 1,80 m offre una trasmissione ottimale della luce, ideale per i dispositivi medici che richiedono una maggiore precisione visiva.","breadcrumb":{"@id":"https:\/\/www.kbmedshop.ch\/it\/prodotto\/cavo-in-fibra-ottica-gima-4%2c8-mm-x-2%2c30-m-2\/#breadcrumb"},"inLanguage":"it-IT","potentialAction":[{"@type":"ReadAction","target":["https:\/\/www.kbmedshop.ch\/it\/prodotto\/cavo-in-fibra-ottica-gima-4%2c8-mm-x-2%2c30-m-2\/"]}]},{"@type":"ImageObject","inLanguage":"it-IT","@id":"https:\/\/www.kbmedshop.ch\/it\/prodotto\/cavo-in-fibra-ottica-gima-4%2c8-mm-x-2%2c30-m-2\/#primaryimage","url":"https:\/\/www.kbmedshop.ch\/wp-content\/uploads\/2025\/04\/cable-fibre-optique-35mm-x-180m.jpg","contentUrl":"https:\/\/www.kbmedshop.ch\/wp-content\/uploads\/2025\/04\/cable-fibre-optique-35mm-x-180m.jpg","width":458,"height":458,"caption":"Cavo in fibra ottica Gima da 3,5 mm x 1,80 m"},{"@type":"BreadcrumbList","@id":"https:\/\/www.kbmedshop.ch\/it\/prodotto\/cavo-in-fibra-ottica-gima-4%2c8-mm-x-2%2c30-m-2\/#breadcrumb","itemListElement":[{"@type":"ListItem","position":1,"name":"Accueil","item":"https:\/\/www.kbmedshop.ch\/it\/"},{"@type":"ListItem","position":2,"name":"Negozio","item":"https:\/\/www.kbmedshop.ch\/shop\/"},{"@type":"ListItem","position":3,"name":"Cavo in fibra ottica Gima 4,8 mm x 2,30 M"}]},{"@type":"WebSite","@id":"https:\/\/www.kbmedshop.ch\/it\/#website","url":"https:\/\/www.kbmedshop.ch\/it\/","name":"Kbmed","description":"","potentialAction":[{"@type":"SearchAction","target":{"@type":"EntryPoint","urlTemplate":"https:\/\/www.kbmedshop.ch\/it\/?s={search_term_string}"},"query-input":{"@type":"PropertyValueSpecification","valueRequired":true,"valueName":"search_term_string"}}],"inLanguage":"it-IT"}]}},"_links":{"self":[{"href":"https:\/\/www.kbmedshop.ch\/it\/wp-json\/wp\/v2\/product\/1630","targetHints":{"allow":["GET"]}}],"collection":[{"href":"https:\/\/www.kbmedshop.ch\/it\/wp-json\/wp\/v2\/product"}],"about":[{"href":"https:\/\/www.kbmedshop.ch\/it\/wp-json\/wp\/v2\/types\/product"}],"replies":[{"embeddable":true,"href":"https:\/\/www.kbmedshop.ch\/it\/wp-json\/wp\/v2\/comments?post=1630"}],"wp:featuredmedia":[{"embeddable":true,"href":"https:\/\/www.kbmedshop.ch\/it\/wp-json\/wp\/v2\/media\/857"}],"wp:attachment":[{"href":"https:\/\/www.kbmedshop.ch\/it\/wp-json\/wp\/v2\/media?parent=1630"}],"wp:term":[{"taxonomy":"product_brand","embeddable":true,"href":"https:\/\/www.kbmedshop.ch\/it\/wp-json\/wp\/v2\/product_brand?post=1630"},{"taxonomy":"product_cat","embeddable":true,"href":"https:\/\/www.kbmedshop.ch\/it\/wp-json\/wp\/v2\/product_cat?post=1630"},{"taxonomy":"product_tag","embeddable":true,"href":"https:\/\/www.kbmedshop.ch\/it\/wp-json\/wp\/v2\/product_tag?post=1630"}],"curies":[{"name":"wp","href":"https:\/\/api.w.org\/{rel}","templated":true}]}}