{"id":1621,"date":"2025-04-08T11:00:25","date_gmt":"2025-04-08T09:00:25","guid":{"rendered":"https:\/\/www.kbmedshop.ch\/?post_type=product&#038;p=1621"},"modified":"2025-04-29T15:13:10","modified_gmt":"2025-04-29T13:13:10","slug":"sgabello-medico","status":"publish","type":"product","link":"https:\/\/www.kbmedshop.ch\/it\/prodotto\/sgabello-medico\/","title":{"rendered":"Sgabello medico"},"content":{"rendered":"<p>Descrizione dettagliata:<\/p>\n<p>Lo sgabello medico \u00e8 progettato per offrire comfort e praticit\u00e0 agli operatori sanitari. Disponibile in diverse altezze regolabili (da 39,5 cm a 85,5 cm), si adatta perfettamente alle esigenze specifiche di ogni utente. \u00c8 possibile scegliere tra alianti rigidi o doppie ruote con ruote da 50 mm per una mobilit\u00e0 ottimale.<\/p>\n<p>Questo sgabello \u00e8 inoltre personalizzabile con 18 colori di rivestimento e diverse forme di sella tra cui scegliere, permettendoti di soddisfare le esigenze estetiche e funzionali del tuo ambiente medico. Il suo design robusto ed ergonomico lo rende uno strumento indispensabile per studi medici, cliniche e altri spazi professionali.<\/p>\n<p>Tratti somatici:<\/p>\n<ul>\n<li>Altezze regolabili: Da 39,5 cm (minimo) a 85,5 cm (massimo).<\/li>\n<li>Mobilit\u00e0: Piedini fissi o ruote doppie con ruote \u00d8 50 mm.<\/li>\n<li>Rivestimento: 18 colori disponibili.<\/li>\n<li>Forma della sella: diverse opzioni tra cui scegliere.<\/li>\n<\/ul>\n<p>Utilizzo: Ideale per ambienti medici e professionali.<\/p>\n","protected":false},"excerpt":{"rendered":"<p>Sgabello medico ergonomico e personalizzabile, disponibile in diverse altezze e opzioni di mobilit\u00e0. Ideale per studi medici e ambienti professionali.<\/p>\n","protected":false},"featured_media":868,"comment_status":"open","ping_status":"closed","template":"","meta":{"_acf_changed":false},"product_brand":[],"product_cat":[382,375,384],"product_tag":[],"class_list":{"0":"post-1621","1":"product","2":"type-product","3":"status-publish","4":"has-post-thumbnail","6":"product_cat-ambulatorio-orl","7":"product_cat-orl-it","8":"product_cat-poltrone-e-sgabelli-orl","10":"first","11":"instock","12":"taxable","13":"shipping-taxable","14":"product-type-simple"},"acf":[],"yoast_head":"<!-- This site is optimized with the Yoast SEO plugin v25.0 - https:\/\/yoast.com\/wordpress\/plugins\/seo\/ -->\n<title>Sgabello medico - KB Med<\/title>\n<meta name=\"description\" content=\"Questo sgabello medico ergonomico \u00e8 stato progettato per offrire comfort, mobilit\u00e0 e praticit\u00e0 agli operatori sanitari durante le consultazioni.\" \/>\n<meta name=\"robots\" content=\"index, follow, max-snippet:-1, max-image-preview:large, max-video-preview:-1\" \/>\n<link rel=\"canonical\" href=\"https:\/\/www.kbmedshop.ch\/it\/prodotto\/sgabello-medico\/\" \/>\n<meta property=\"og:locale\" content=\"it_IT\" \/>\n<meta property=\"og:type\" content=\"article\" \/>\n<meta property=\"og:title\" content=\"Sgabello medico - KB Med\" \/>\n<meta property=\"og:description\" content=\"Questo sgabello medico ergonomico \u00e8 stato progettato per offrire comfort, mobilit\u00e0 e praticit\u00e0 agli operatori sanitari durante le consultazioni.\" \/>\n<meta property=\"og:url\" content=\"https:\/\/www.kbmedshop.ch\/it\/prodotto\/sgabello-medico\/\" \/>\n<meta property=\"og:site_name\" content=\"KB Med\" \/>\n<meta property=\"article:modified_time\" content=\"2025-04-29T13:13:10+00:00\" \/>\n<meta property=\"og:image\" content=\"https:\/\/www.kbmedshop.ch\/wp-content\/uploads\/2025\/04\/tabouret-medical.jpg\" \/>\n\t<meta property=\"og:image:width\" content=\"458\" \/>\n\t<meta property=\"og:image:height\" content=\"458\" \/>\n\t<meta property=\"og:image:type\" content=\"image\/jpeg\" \/>\n<meta name=\"twitter:card\" content=\"summary_large_image\" \/>\n<meta name=\"twitter:label1\" content=\"Tempo di lettura stimato\" \/>\n\t<meta name=\"twitter:data1\" content=\"1 minuto\" \/>\n<script type=\"application\/ld+json\" class=\"yoast-schema-graph\">{\"@context\":\"https:\/\/schema.org\",\"@graph\":[{\"@type\":\"WebPage\",\"@id\":\"https:\/\/www.kbmedshop.ch\/it\/prodotto\/sgabello-medico\/\",\"url\":\"https:\/\/www.kbmedshop.ch\/it\/prodotto\/sgabello-medico\/\",\"name\":\"Sgabello medico - KB Med\",\"isPartOf\":{\"@id\":\"https:\/\/www.kbmedshop.ch\/it\/#website\"},\"primaryImageOfPage\":{\"@id\":\"https:\/\/www.kbmedshop.ch\/it\/prodotto\/sgabello-medico\/#primaryimage\"},\"image\":{\"@id\":\"https:\/\/www.kbmedshop.ch\/it\/prodotto\/sgabello-medico\/#primaryimage\"},\"thumbnailUrl\":\"https:\/\/www.kbmedshop.ch\/wp-content\/uploads\/2025\/04\/tabouret-medical.jpg\",\"datePublished\":\"2025-04-08T09:00:25+00:00\",\"dateModified\":\"2025-04-29T13:13:10+00:00\",\"description\":\"Questo sgabello medico ergonomico \u00e8 stato progettato per offrire comfort, mobilit\u00e0 e praticit\u00e0 agli operatori sanitari durante le consultazioni.\",\"breadcrumb\":{\"@id\":\"https:\/\/www.kbmedshop.ch\/it\/prodotto\/sgabello-medico\/#breadcrumb\"},\"inLanguage\":\"it-IT\",\"potentialAction\":[{\"@type\":\"ReadAction\",\"target\":[\"https:\/\/www.kbmedshop.ch\/it\/prodotto\/sgabello-medico\/\"]}]},{\"@type\":\"ImageObject\",\"inLanguage\":\"it-IT\",\"@id\":\"https:\/\/www.kbmedshop.ch\/it\/prodotto\/sgabello-medico\/#primaryimage\",\"url\":\"https:\/\/www.kbmedshop.ch\/wp-content\/uploads\/2025\/04\/tabouret-medical.jpg\",\"contentUrl\":\"https:\/\/www.kbmedshop.ch\/wp-content\/uploads\/2025\/04\/tabouret-medical.jpg\",\"width\":458,\"height\":458,\"caption\":\"Sgabello medico\"},{\"@type\":\"BreadcrumbList\",\"@id\":\"https:\/\/www.kbmedshop.ch\/it\/prodotto\/sgabello-medico\/#breadcrumb\",\"itemListElement\":[{\"@type\":\"ListItem\",\"position\":1,\"name\":\"Accueil\",\"item\":\"https:\/\/www.kbmedshop.ch\/it\/\"},{\"@type\":\"ListItem\",\"position\":2,\"name\":\"Negozio\",\"item\":\"https:\/\/www.kbmedshop.ch\/shop\/\"},{\"@type\":\"ListItem\",\"position\":3,\"name\":\"Sgabello medico\"}]},{\"@type\":\"WebSite\",\"@id\":\"https:\/\/www.kbmedshop.ch\/it\/#website\",\"url\":\"https:\/\/www.kbmedshop.ch\/it\/\",\"name\":\"Kbmed\",\"description\":\"\",\"potentialAction\":[{\"@type\":\"SearchAction\",\"target\":{\"@type\":\"EntryPoint\",\"urlTemplate\":\"https:\/\/www.kbmedshop.ch\/it\/?s={search_term_string}\"},\"query-input\":{\"@type\":\"PropertyValueSpecification\",\"valueRequired\":true,\"valueName\":\"search_term_string\"}}],\"inLanguage\":\"it-IT\"}]}<\/script>\n<!-- \/ Yoast SEO plugin. -->","yoast_head_json":{"title":"Sgabello medico - KB Med","description":"Questo sgabello medico ergonomico \u00e8 stato progettato per offrire comfort, mobilit\u00e0 e praticit\u00e0 agli operatori sanitari durante le consultazioni.","robots":{"index":"index","follow":"follow","max-snippet":"max-snippet:-1","max-image-preview":"max-image-preview:large","max-video-preview":"max-video-preview:-1"},"canonical":"https:\/\/www.kbmedshop.ch\/it\/prodotto\/sgabello-medico\/","og_locale":"it_IT","og_type":"article","og_title":"Sgabello medico - KB Med","og_description":"Questo sgabello medico ergonomico \u00e8 stato progettato per offrire comfort, mobilit\u00e0 e praticit\u00e0 agli operatori sanitari durante le consultazioni.","og_url":"https:\/\/www.kbmedshop.ch\/it\/prodotto\/sgabello-medico\/","og_site_name":"KB Med","article_modified_time":"2025-04-29T13:13:10+00:00","og_image":[{"width":458,"height":458,"url":"https:\/\/www.kbmedshop.ch\/wp-content\/uploads\/2025\/04\/tabouret-medical.jpg","type":"image\/jpeg"}],"twitter_card":"summary_large_image","twitter_misc":{"Tempo di lettura stimato":"1 minuto"},"schema":{"@context":"https:\/\/schema.org","@graph":[{"@type":"WebPage","@id":"https:\/\/www.kbmedshop.ch\/it\/prodotto\/sgabello-medico\/","url":"https:\/\/www.kbmedshop.ch\/it\/prodotto\/sgabello-medico\/","name":"Sgabello medico - KB Med","isPartOf":{"@id":"https:\/\/www.kbmedshop.ch\/it\/#website"},"primaryImageOfPage":{"@id":"https:\/\/www.kbmedshop.ch\/it\/prodotto\/sgabello-medico\/#primaryimage"},"image":{"@id":"https:\/\/www.kbmedshop.ch\/it\/prodotto\/sgabello-medico\/#primaryimage"},"thumbnailUrl":"https:\/\/www.kbmedshop.ch\/wp-content\/uploads\/2025\/04\/tabouret-medical.jpg","datePublished":"2025-04-08T09:00:25+00:00","dateModified":"2025-04-29T13:13:10+00:00","description":"Questo sgabello medico ergonomico \u00e8 stato progettato per offrire comfort, mobilit\u00e0 e praticit\u00e0 agli operatori sanitari durante le consultazioni.","breadcrumb":{"@id":"https:\/\/www.kbmedshop.ch\/it\/prodotto\/sgabello-medico\/#breadcrumb"},"inLanguage":"it-IT","potentialAction":[{"@type":"ReadAction","target":["https:\/\/www.kbmedshop.ch\/it\/prodotto\/sgabello-medico\/"]}]},{"@type":"ImageObject","inLanguage":"it-IT","@id":"https:\/\/www.kbmedshop.ch\/it\/prodotto\/sgabello-medico\/#primaryimage","url":"https:\/\/www.kbmedshop.ch\/wp-content\/uploads\/2025\/04\/tabouret-medical.jpg","contentUrl":"https:\/\/www.kbmedshop.ch\/wp-content\/uploads\/2025\/04\/tabouret-medical.jpg","width":458,"height":458,"caption":"Sgabello medico"},{"@type":"BreadcrumbList","@id":"https:\/\/www.kbmedshop.ch\/it\/prodotto\/sgabello-medico\/#breadcrumb","itemListElement":[{"@type":"ListItem","position":1,"name":"Accueil","item":"https:\/\/www.kbmedshop.ch\/it\/"},{"@type":"ListItem","position":2,"name":"Negozio","item":"https:\/\/www.kbmedshop.ch\/shop\/"},{"@type":"ListItem","position":3,"name":"Sgabello medico"}]},{"@type":"WebSite","@id":"https:\/\/www.kbmedshop.ch\/it\/#website","url":"https:\/\/www.kbmedshop.ch\/it\/","name":"Kbmed","description":"","potentialAction":[{"@type":"SearchAction","target":{"@type":"EntryPoint","urlTemplate":"https:\/\/www.kbmedshop.ch\/it\/?s={search_term_string}"},"query-input":{"@type":"PropertyValueSpecification","valueRequired":true,"valueName":"search_term_string"}}],"inLanguage":"it-IT"}]}},"_links":{"self":[{"href":"https:\/\/www.kbmedshop.ch\/it\/wp-json\/wp\/v2\/product\/1621","targetHints":{"allow":["GET"]}}],"collection":[{"href":"https:\/\/www.kbmedshop.ch\/it\/wp-json\/wp\/v2\/product"}],"about":[{"href":"https:\/\/www.kbmedshop.ch\/it\/wp-json\/wp\/v2\/types\/product"}],"replies":[{"embeddable":true,"href":"https:\/\/www.kbmedshop.ch\/it\/wp-json\/wp\/v2\/comments?post=1621"}],"wp:featuredmedia":[{"embeddable":true,"href":"https:\/\/www.kbmedshop.ch\/it\/wp-json\/wp\/v2\/media\/868"}],"wp:attachment":[{"href":"https:\/\/www.kbmedshop.ch\/it\/wp-json\/wp\/v2\/media?parent=1621"}],"wp:term":[{"taxonomy":"product_brand","embeddable":true,"href":"https:\/\/www.kbmedshop.ch\/it\/wp-json\/wp\/v2\/product_brand?post=1621"},{"taxonomy":"product_cat","embeddable":true,"href":"https:\/\/www.kbmedshop.ch\/it\/wp-json\/wp\/v2\/product_cat?post=1621"},{"taxonomy":"product_tag","embeddable":true,"href":"https:\/\/www.kbmedshop.ch\/it\/wp-json\/wp\/v2\/product_tag?post=1621"}],"curies":[{"name":"wp","href":"https:\/\/api.w.org\/{rel}","templated":true}]}}