{"id":1608,"date":"2025-04-08T11:13:57","date_gmt":"2025-04-08T09:13:57","guid":{"rendered":"https:\/\/www.kbmedshop.ch\/?post_type=product&#038;p=1608"},"modified":"2025-05-26T14:45:38","modified_gmt":"2025-05-26T12:45:38","slug":"ago-per-paracentesi-da-18-cm-7","status":"publish","type":"product","link":"https:\/\/www.kbmedshop.ch\/it\/prodotto\/ago-per-paracentesi-da-18-cm-7\/","title":{"rendered":"Ago per paracentesi da 18,0 cm\/7&#8243;"},"content":{"rendered":"<p>Descrizione dettagliata:<\/p>\n<p>L&#8217;ago per paracentesi Lucae (Politzer) \u00e8 specificamente progettato per le procedure otologiche, inclusa la paracentesi, che prevede la perforazione del timpano per drenare il liquido accumulato nell&#8217;orecchio medio. Con una lunghezza di 18 cm (7 pollici), questo strumento consente una manipolazione precisa e confortevole, garantendo un&#8217;efficienza ottimale durante le procedure.<\/p>\n<p>Realizzato in acciaio inossidabile, questo ago \u00e8 resistente alla corrosione e facile da sterilizzare, garantendo una perfetta igiene e un&#8217;eccezionale durata. Il design ergonomico e la punta fine garantiscono una penetrazione controllata e sicura, riducendo al minimo i rischi per il paziente.<\/p>\n<p>Tratti somatici:<\/p>\n<ul>\n<li>Materiale: acciaio inossidabile, robusto e durevole.<\/li>\n<li>Dimensioni: 18 cm (7 pollici) di lunghezza.<\/li>\n<li>Design ergonomico: facilita la manipolazione e migliora la precisione.<\/li>\n<li>Igiene: Facile da sterilizzare per un uso sicuro.<\/li>\n<\/ul>\n<p>Applicazioni:<\/p>\n<ul>\n<li>Utilizzo in procedure otologiche, compresa la paracentesi.<\/li>\n<li>Ideale per studi otorinolaringoiatri e ambienti ospedalieri.<\/li>\n<li>Adatto per gli operatori sanitari che necessitano di uno strumento affidabile e preciso.<\/li>\n<\/ul>\n<p>L&#8217;ago per paracentesi Lucae (Politzer) \u00e8 uno strumento indispensabile per gli interventi ecologici che combina precisione, robustezza e affidabilit\u00e0.<\/p>\n","protected":false},"excerpt":{"rendered":"<p>L&#8217;ago per paracentesi Lucae (Politzer) da 18 cm \u00e8 uno strumento medico di precisione progettato per le procedure otologiche. \u00c8 realizzato in acciaio inossidabile e offre robustezza, affidabilit\u00e0 e maneggevolezza, ideale per gli operatori sanitari.<\/p>\n","protected":false},"featured_media":890,"comment_status":"open","ping_status":"closed","template":"","meta":{"_acf_changed":false},"product_brand":[],"product_cat":[375,381],"product_tag":[],"class_list":{"0":"post-1608","1":"product","2":"type-product","3":"status-publish","4":"has-post-thumbnail","6":"product_cat-orl-it","7":"product_cat-strumentario-orl","9":"first","10":"instock","11":"taxable","12":"shipping-taxable","13":"purchasable","14":"product-type-simple"},"acf":[],"yoast_head":"<!-- This site is optimized with the Yoast SEO plugin v25.0 - https:\/\/yoast.com\/wordpress\/plugins\/seo\/ -->\n<title>Ago per paracentesi da 18,0 cm\/7&quot; - KB Med<\/title>\n<meta name=\"description\" content=\"L&#039;ago per paracentesi da 18,0 cm \u00e8 uno strumento medico preciso e affidabile, progettato per procedure otorinolaringoiatriche delicate e sicure.\" \/>\n<meta name=\"robots\" content=\"index, follow, max-snippet:-1, max-image-preview:large, max-video-preview:-1\" \/>\n<link rel=\"canonical\" href=\"https:\/\/www.kbmedshop.ch\/it\/prodotto\/ago-per-paracentesi-da-18-cm-7\/\" \/>\n<meta property=\"og:locale\" content=\"it_IT\" \/>\n<meta property=\"og:type\" content=\"article\" \/>\n<meta property=\"og:title\" content=\"Ago per paracentesi da 18,0 cm\/7&quot; - KB Med\" \/>\n<meta property=\"og:description\" content=\"L&#039;ago per paracentesi da 18,0 cm \u00e8 uno strumento medico preciso e affidabile, progettato per procedure otorinolaringoiatriche delicate e sicure.\" \/>\n<meta property=\"og:url\" content=\"https:\/\/www.kbmedshop.ch\/it\/prodotto\/ago-per-paracentesi-da-18-cm-7\/\" \/>\n<meta property=\"og:site_name\" content=\"KB Med\" \/>\n<meta property=\"article:modified_time\" content=\"2025-05-26T12:45:38+00:00\" \/>\n<meta property=\"og:image\" content=\"https:\/\/www.kbmedshop.ch\/wp-content\/uploads\/2025\/04\/aiguille-paracentese-180-cm7.jpg\" \/>\n\t<meta property=\"og:image:width\" content=\"458\" \/>\n\t<meta property=\"og:image:height\" content=\"458\" \/>\n\t<meta property=\"og:image:type\" content=\"image\/jpeg\" \/>\n<meta name=\"twitter:card\" content=\"summary_large_image\" \/>\n<meta name=\"twitter:label1\" content=\"Tempo di lettura stimato\" \/>\n\t<meta name=\"twitter:data1\" content=\"2 minuto\" \/>\n<script type=\"application\/ld+json\" class=\"yoast-schema-graph\">{\"@context\":\"https:\/\/schema.org\",\"@graph\":[{\"@type\":\"WebPage\",\"@id\":\"https:\/\/www.kbmedshop.ch\/it\/prodotto\/ago-per-paracentesi-da-18-cm-7\/\",\"url\":\"https:\/\/www.kbmedshop.ch\/it\/prodotto\/ago-per-paracentesi-da-18-cm-7\/\",\"name\":\"Ago per paracentesi da 18,0 cm\/7\\\" - KB Med\",\"isPartOf\":{\"@id\":\"https:\/\/www.kbmedshop.ch\/it\/#website\"},\"primaryImageOfPage\":{\"@id\":\"https:\/\/www.kbmedshop.ch\/it\/prodotto\/ago-per-paracentesi-da-18-cm-7\/#primaryimage\"},\"image\":{\"@id\":\"https:\/\/www.kbmedshop.ch\/it\/prodotto\/ago-per-paracentesi-da-18-cm-7\/#primaryimage\"},\"thumbnailUrl\":\"https:\/\/www.kbmedshop.ch\/wp-content\/uploads\/2025\/04\/aiguille-paracentese-180-cm7.jpg\",\"datePublished\":\"2025-04-08T09:13:57+00:00\",\"dateModified\":\"2025-05-26T12:45:38+00:00\",\"description\":\"L'ago per paracentesi da 18,0 cm \u00e8 uno strumento medico preciso e affidabile, progettato per procedure otorinolaringoiatriche delicate e sicure.\",\"breadcrumb\":{\"@id\":\"https:\/\/www.kbmedshop.ch\/it\/prodotto\/ago-per-paracentesi-da-18-cm-7\/#breadcrumb\"},\"inLanguage\":\"it-IT\",\"potentialAction\":[{\"@type\":\"ReadAction\",\"target\":[\"https:\/\/www.kbmedshop.ch\/it\/prodotto\/ago-per-paracentesi-da-18-cm-7\/\"]}]},{\"@type\":\"ImageObject\",\"inLanguage\":\"it-IT\",\"@id\":\"https:\/\/www.kbmedshop.ch\/it\/prodotto\/ago-per-paracentesi-da-18-cm-7\/#primaryimage\",\"url\":\"https:\/\/www.kbmedshop.ch\/wp-content\/uploads\/2025\/04\/aiguille-paracentese-180-cm7.jpg\",\"contentUrl\":\"https:\/\/www.kbmedshop.ch\/wp-content\/uploads\/2025\/04\/aiguille-paracentese-180-cm7.jpg\",\"width\":458,\"height\":458,\"caption\":\"Ago per paracentesi da 18,0 cm\/7\\\"\"},{\"@type\":\"BreadcrumbList\",\"@id\":\"https:\/\/www.kbmedshop.ch\/it\/prodotto\/ago-per-paracentesi-da-18-cm-7\/#breadcrumb\",\"itemListElement\":[{\"@type\":\"ListItem\",\"position\":1,\"name\":\"Accueil\",\"item\":\"https:\/\/www.kbmedshop.ch\/it\/\"},{\"@type\":\"ListItem\",\"position\":2,\"name\":\"Negozio\",\"item\":\"https:\/\/www.kbmedshop.ch\/shop\/\"},{\"@type\":\"ListItem\",\"position\":3,\"name\":\"Ago per paracentesi da 18,0 cm\/7&Prime;\"}]},{\"@type\":\"WebSite\",\"@id\":\"https:\/\/www.kbmedshop.ch\/it\/#website\",\"url\":\"https:\/\/www.kbmedshop.ch\/it\/\",\"name\":\"Kbmed\",\"description\":\"\",\"potentialAction\":[{\"@type\":\"SearchAction\",\"target\":{\"@type\":\"EntryPoint\",\"urlTemplate\":\"https:\/\/www.kbmedshop.ch\/it\/?s={search_term_string}\"},\"query-input\":{\"@type\":\"PropertyValueSpecification\",\"valueRequired\":true,\"valueName\":\"search_term_string\"}}],\"inLanguage\":\"it-IT\"}]}<\/script>\n<!-- \/ Yoast SEO plugin. -->","yoast_head_json":{"title":"Ago per paracentesi da 18,0 cm\/7\" - KB Med","description":"L'ago per paracentesi da 18,0 cm \u00e8 uno strumento medico preciso e affidabile, progettato per procedure otorinolaringoiatriche delicate e sicure.","robots":{"index":"index","follow":"follow","max-snippet":"max-snippet:-1","max-image-preview":"max-image-preview:large","max-video-preview":"max-video-preview:-1"},"canonical":"https:\/\/www.kbmedshop.ch\/it\/prodotto\/ago-per-paracentesi-da-18-cm-7\/","og_locale":"it_IT","og_type":"article","og_title":"Ago per paracentesi da 18,0 cm\/7\" - KB Med","og_description":"L'ago per paracentesi da 18,0 cm \u00e8 uno strumento medico preciso e affidabile, progettato per procedure otorinolaringoiatriche delicate e sicure.","og_url":"https:\/\/www.kbmedshop.ch\/it\/prodotto\/ago-per-paracentesi-da-18-cm-7\/","og_site_name":"KB Med","article_modified_time":"2025-05-26T12:45:38+00:00","og_image":[{"width":458,"height":458,"url":"https:\/\/www.kbmedshop.ch\/wp-content\/uploads\/2025\/04\/aiguille-paracentese-180-cm7.jpg","type":"image\/jpeg"}],"twitter_card":"summary_large_image","twitter_misc":{"Tempo di lettura stimato":"2 minuto"},"schema":{"@context":"https:\/\/schema.org","@graph":[{"@type":"WebPage","@id":"https:\/\/www.kbmedshop.ch\/it\/prodotto\/ago-per-paracentesi-da-18-cm-7\/","url":"https:\/\/www.kbmedshop.ch\/it\/prodotto\/ago-per-paracentesi-da-18-cm-7\/","name":"Ago per paracentesi da 18,0 cm\/7\" - KB Med","isPartOf":{"@id":"https:\/\/www.kbmedshop.ch\/it\/#website"},"primaryImageOfPage":{"@id":"https:\/\/www.kbmedshop.ch\/it\/prodotto\/ago-per-paracentesi-da-18-cm-7\/#primaryimage"},"image":{"@id":"https:\/\/www.kbmedshop.ch\/it\/prodotto\/ago-per-paracentesi-da-18-cm-7\/#primaryimage"},"thumbnailUrl":"https:\/\/www.kbmedshop.ch\/wp-content\/uploads\/2025\/04\/aiguille-paracentese-180-cm7.jpg","datePublished":"2025-04-08T09:13:57+00:00","dateModified":"2025-05-26T12:45:38+00:00","description":"L'ago per paracentesi da 18,0 cm \u00e8 uno strumento medico preciso e affidabile, progettato per procedure otorinolaringoiatriche delicate e sicure.","breadcrumb":{"@id":"https:\/\/www.kbmedshop.ch\/it\/prodotto\/ago-per-paracentesi-da-18-cm-7\/#breadcrumb"},"inLanguage":"it-IT","potentialAction":[{"@type":"ReadAction","target":["https:\/\/www.kbmedshop.ch\/it\/prodotto\/ago-per-paracentesi-da-18-cm-7\/"]}]},{"@type":"ImageObject","inLanguage":"it-IT","@id":"https:\/\/www.kbmedshop.ch\/it\/prodotto\/ago-per-paracentesi-da-18-cm-7\/#primaryimage","url":"https:\/\/www.kbmedshop.ch\/wp-content\/uploads\/2025\/04\/aiguille-paracentese-180-cm7.jpg","contentUrl":"https:\/\/www.kbmedshop.ch\/wp-content\/uploads\/2025\/04\/aiguille-paracentese-180-cm7.jpg","width":458,"height":458,"caption":"Ago per paracentesi da 18,0 cm\/7\""},{"@type":"BreadcrumbList","@id":"https:\/\/www.kbmedshop.ch\/it\/prodotto\/ago-per-paracentesi-da-18-cm-7\/#breadcrumb","itemListElement":[{"@type":"ListItem","position":1,"name":"Accueil","item":"https:\/\/www.kbmedshop.ch\/it\/"},{"@type":"ListItem","position":2,"name":"Negozio","item":"https:\/\/www.kbmedshop.ch\/shop\/"},{"@type":"ListItem","position":3,"name":"Ago per paracentesi da 18,0 cm\/7&Prime;"}]},{"@type":"WebSite","@id":"https:\/\/www.kbmedshop.ch\/it\/#website","url":"https:\/\/www.kbmedshop.ch\/it\/","name":"Kbmed","description":"","potentialAction":[{"@type":"SearchAction","target":{"@type":"EntryPoint","urlTemplate":"https:\/\/www.kbmedshop.ch\/it\/?s={search_term_string}"},"query-input":{"@type":"PropertyValueSpecification","valueRequired":true,"valueName":"search_term_string"}}],"inLanguage":"it-IT"}]}},"_links":{"self":[{"href":"https:\/\/www.kbmedshop.ch\/it\/wp-json\/wp\/v2\/product\/1608","targetHints":{"allow":["GET"]}}],"collection":[{"href":"https:\/\/www.kbmedshop.ch\/it\/wp-json\/wp\/v2\/product"}],"about":[{"href":"https:\/\/www.kbmedshop.ch\/it\/wp-json\/wp\/v2\/types\/product"}],"replies":[{"embeddable":true,"href":"https:\/\/www.kbmedshop.ch\/it\/wp-json\/wp\/v2\/comments?post=1608"}],"wp:featuredmedia":[{"embeddable":true,"href":"https:\/\/www.kbmedshop.ch\/it\/wp-json\/wp\/v2\/media\/890"}],"wp:attachment":[{"href":"https:\/\/www.kbmedshop.ch\/it\/wp-json\/wp\/v2\/media?parent=1608"}],"wp:term":[{"taxonomy":"product_brand","embeddable":true,"href":"https:\/\/www.kbmedshop.ch\/it\/wp-json\/wp\/v2\/product_brand?post=1608"},{"taxonomy":"product_cat","embeddable":true,"href":"https:\/\/www.kbmedshop.ch\/it\/wp-json\/wp\/v2\/product_cat?post=1608"},{"taxonomy":"product_tag","embeddable":true,"href":"https:\/\/www.kbmedshop.ch\/it\/wp-json\/wp\/v2\/product_tag?post=1608"}],"curies":[{"name":"wp","href":"https:\/\/api.w.org\/{rel}","templated":true}]}}