{"id":1595,"date":"2025-04-08T11:33:36","date_gmt":"2025-04-08T09:33:36","guid":{"rendered":"https:\/\/www.kbmedshop.ch\/?post_type=product&#038;p=1595"},"modified":"2025-04-29T14:29:40","modified_gmt":"2025-04-29T12:29:40","slug":"clip-per-naso-e-orecchio","status":"publish","type":"product","link":"https:\/\/www.kbmedshop.ch\/it\/prodotto\/clip-per-naso-e-orecchio\/","title":{"rendered":"Clip per naso e orecchio"},"content":{"rendered":"<p>Descrizione dettagliata:<\/p>\n<p>La clip per naso e orecchio Lucae \u00e8 stata sviluppata appositamente per le procedure mediche che richiedono una manipolazione precisa e sicura nella cavit\u00e0 del naso e dell&#8217;orecchio. Con una lunghezza di 14 cm, offre un&#8217;eccellente manovrabilit\u00e0 e facilita il raggiungimento di punti difficili.<\/p>\n<p>Realizzata in acciaio inossidabile, questa pinza \u00e8 resistente alla corrosione e facile da sterilizzare, garantendo una perfetta igiene e un&#8217;eccezionale durata. Il suo design ergonomico garantisce una presa e una maneggevolezza confortevoli, anche durante gli usi pi\u00f9 lunghi.<\/p>\n<p>Tratti somatici:<\/p>\n<ul>\n<li>Materiale: acciaio inossidabile, robusto e durevole.<\/li>\n<li>Misure: 14 cm di lunghezza.<\/li>\n<li>Design ergonomico: facilita la manipolazione e migliora la precisione.<\/li>\n<li>Igiene: Facile da sterilizzare per un uso sicuro.<\/li>\n<\/ul>\n<p>Applicazioni:<\/p>\n<ul>\n<li>Usalo per le procedure al naso e all&#8217;orecchio.<\/li>\n<li>Estrazione di corpi estranei o pulizia di cavit\u00e0.<\/li>\n<li>Ideale per studi otorinolaringoiatri e ambienti ospedalieri.<\/li>\n<\/ul>\n<p>Il morsetto per naso e orecchio Lucae \u00e8 uno strumento indispensabile per le procedure mediche, combinando semplicit\u00e0, efficienza e robustezza.<\/p>\n","protected":false},"excerpt":{"rendered":"<p>La clip per naso e orecchio Lucae da 14 cm \u00e8 uno strumento medico versatile progettato per le procedure nasali e della cavit\u00e0 auricolare. Il suo design ergonomico e la sua precisione lo rendono uno strumento essenziale per gli operatori sanitari.<\/p>\n","protected":false},"featured_media":911,"comment_status":"open","ping_status":"closed","template":"","meta":{"_acf_changed":false},"product_brand":[],"product_cat":[375,381],"product_tag":[],"class_list":{"0":"post-1595","1":"product","2":"type-product","3":"status-publish","4":"has-post-thumbnail","6":"product_cat-orl-it","7":"product_cat-strumentario-orl","9":"first","10":"instock","11":"taxable","12":"shipping-taxable","13":"purchasable","14":"product-type-simple"},"acf":[],"yoast_head":"<!-- This site is optimized with the Yoast SEO plugin v25.0 - https:\/\/yoast.com\/wordpress\/plugins\/seo\/ -->\n<title>Clip per naso e orecchio - KB Med<\/title>\n<meta name=\"description\" content=\"La clip per naso e orecchio \u00e8 un accessorio medico versatile progettato per esami otorinolaringoiatrici precisi e confortevoli in ambiente professionale.\" \/>\n<meta name=\"robots\" content=\"index, follow, max-snippet:-1, max-image-preview:large, max-video-preview:-1\" \/>\n<link rel=\"canonical\" href=\"https:\/\/www.kbmedshop.ch\/it\/prodotto\/clip-per-naso-e-orecchio\/\" \/>\n<meta property=\"og:locale\" content=\"it_IT\" \/>\n<meta property=\"og:type\" content=\"article\" \/>\n<meta property=\"og:title\" content=\"Clip per naso e orecchio - KB Med\" \/>\n<meta property=\"og:description\" content=\"La clip per naso e orecchio \u00e8 un accessorio medico versatile progettato per esami otorinolaringoiatrici precisi e confortevoli in ambiente professionale.\" \/>\n<meta property=\"og:url\" content=\"https:\/\/www.kbmedshop.ch\/it\/prodotto\/clip-per-naso-e-orecchio\/\" \/>\n<meta property=\"og:site_name\" content=\"KB Med\" \/>\n<meta property=\"article:modified_time\" content=\"2025-04-29T12:29:40+00:00\" \/>\n<meta property=\"og:image\" content=\"https:\/\/www.kbmedshop.ch\/wp-content\/uploads\/2025\/04\/pince-nasale-auriculaire.jpg\" \/>\n\t<meta property=\"og:image:width\" content=\"458\" \/>\n\t<meta property=\"og:image:height\" content=\"458\" \/>\n\t<meta property=\"og:image:type\" content=\"image\/jpeg\" \/>\n<meta name=\"twitter:card\" content=\"summary_large_image\" \/>\n<meta name=\"twitter:label1\" content=\"Tempo di lettura stimato\" \/>\n\t<meta name=\"twitter:data1\" content=\"2 minuto\" \/>\n<script type=\"application\/ld+json\" class=\"yoast-schema-graph\">{\"@context\":\"https:\/\/schema.org\",\"@graph\":[{\"@type\":\"WebPage\",\"@id\":\"https:\/\/www.kbmedshop.ch\/it\/prodotto\/clip-per-naso-e-orecchio\/\",\"url\":\"https:\/\/www.kbmedshop.ch\/it\/prodotto\/clip-per-naso-e-orecchio\/\",\"name\":\"Clip per naso e orecchio - KB Med\",\"isPartOf\":{\"@id\":\"https:\/\/www.kbmedshop.ch\/it\/#website\"},\"primaryImageOfPage\":{\"@id\":\"https:\/\/www.kbmedshop.ch\/it\/prodotto\/clip-per-naso-e-orecchio\/#primaryimage\"},\"image\":{\"@id\":\"https:\/\/www.kbmedshop.ch\/it\/prodotto\/clip-per-naso-e-orecchio\/#primaryimage\"},\"thumbnailUrl\":\"https:\/\/www.kbmedshop.ch\/wp-content\/uploads\/2025\/04\/pince-nasale-auriculaire.jpg\",\"datePublished\":\"2025-04-08T09:33:36+00:00\",\"dateModified\":\"2025-04-29T12:29:40+00:00\",\"description\":\"La clip per naso e orecchio \u00e8 un accessorio medico versatile progettato per esami otorinolaringoiatrici precisi e confortevoli in ambiente professionale.\",\"breadcrumb\":{\"@id\":\"https:\/\/www.kbmedshop.ch\/it\/prodotto\/clip-per-naso-e-orecchio\/#breadcrumb\"},\"inLanguage\":\"it-IT\",\"potentialAction\":[{\"@type\":\"ReadAction\",\"target\":[\"https:\/\/www.kbmedshop.ch\/it\/prodotto\/clip-per-naso-e-orecchio\/\"]}]},{\"@type\":\"ImageObject\",\"inLanguage\":\"it-IT\",\"@id\":\"https:\/\/www.kbmedshop.ch\/it\/prodotto\/clip-per-naso-e-orecchio\/#primaryimage\",\"url\":\"https:\/\/www.kbmedshop.ch\/wp-content\/uploads\/2025\/04\/pince-nasale-auriculaire.jpg\",\"contentUrl\":\"https:\/\/www.kbmedshop.ch\/wp-content\/uploads\/2025\/04\/pince-nasale-auriculaire.jpg\",\"width\":458,\"height\":458,\"caption\":\"Clip per naso e orecchio\"},{\"@type\":\"BreadcrumbList\",\"@id\":\"https:\/\/www.kbmedshop.ch\/it\/prodotto\/clip-per-naso-e-orecchio\/#breadcrumb\",\"itemListElement\":[{\"@type\":\"ListItem\",\"position\":1,\"name\":\"Accueil\",\"item\":\"https:\/\/www.kbmedshop.ch\/it\/\"},{\"@type\":\"ListItem\",\"position\":2,\"name\":\"Negozio\",\"item\":\"https:\/\/www.kbmedshop.ch\/shop\/\"},{\"@type\":\"ListItem\",\"position\":3,\"name\":\"Clip per naso e orecchio\"}]},{\"@type\":\"WebSite\",\"@id\":\"https:\/\/www.kbmedshop.ch\/it\/#website\",\"url\":\"https:\/\/www.kbmedshop.ch\/it\/\",\"name\":\"Kbmed\",\"description\":\"\",\"potentialAction\":[{\"@type\":\"SearchAction\",\"target\":{\"@type\":\"EntryPoint\",\"urlTemplate\":\"https:\/\/www.kbmedshop.ch\/it\/?s={search_term_string}\"},\"query-input\":{\"@type\":\"PropertyValueSpecification\",\"valueRequired\":true,\"valueName\":\"search_term_string\"}}],\"inLanguage\":\"it-IT\"}]}<\/script>\n<!-- \/ Yoast SEO plugin. -->","yoast_head_json":{"title":"Clip per naso e orecchio - KB Med","description":"La clip per naso e orecchio \u00e8 un accessorio medico versatile progettato per esami otorinolaringoiatrici precisi e confortevoli in ambiente professionale.","robots":{"index":"index","follow":"follow","max-snippet":"max-snippet:-1","max-image-preview":"max-image-preview:large","max-video-preview":"max-video-preview:-1"},"canonical":"https:\/\/www.kbmedshop.ch\/it\/prodotto\/clip-per-naso-e-orecchio\/","og_locale":"it_IT","og_type":"article","og_title":"Clip per naso e orecchio - KB Med","og_description":"La clip per naso e orecchio \u00e8 un accessorio medico versatile progettato per esami otorinolaringoiatrici precisi e confortevoli in ambiente professionale.","og_url":"https:\/\/www.kbmedshop.ch\/it\/prodotto\/clip-per-naso-e-orecchio\/","og_site_name":"KB Med","article_modified_time":"2025-04-29T12:29:40+00:00","og_image":[{"width":458,"height":458,"url":"https:\/\/www.kbmedshop.ch\/wp-content\/uploads\/2025\/04\/pince-nasale-auriculaire.jpg","type":"image\/jpeg"}],"twitter_card":"summary_large_image","twitter_misc":{"Tempo di lettura stimato":"2 minuto"},"schema":{"@context":"https:\/\/schema.org","@graph":[{"@type":"WebPage","@id":"https:\/\/www.kbmedshop.ch\/it\/prodotto\/clip-per-naso-e-orecchio\/","url":"https:\/\/www.kbmedshop.ch\/it\/prodotto\/clip-per-naso-e-orecchio\/","name":"Clip per naso e orecchio - KB Med","isPartOf":{"@id":"https:\/\/www.kbmedshop.ch\/it\/#website"},"primaryImageOfPage":{"@id":"https:\/\/www.kbmedshop.ch\/it\/prodotto\/clip-per-naso-e-orecchio\/#primaryimage"},"image":{"@id":"https:\/\/www.kbmedshop.ch\/it\/prodotto\/clip-per-naso-e-orecchio\/#primaryimage"},"thumbnailUrl":"https:\/\/www.kbmedshop.ch\/wp-content\/uploads\/2025\/04\/pince-nasale-auriculaire.jpg","datePublished":"2025-04-08T09:33:36+00:00","dateModified":"2025-04-29T12:29:40+00:00","description":"La clip per naso e orecchio \u00e8 un accessorio medico versatile progettato per esami otorinolaringoiatrici precisi e confortevoli in ambiente professionale.","breadcrumb":{"@id":"https:\/\/www.kbmedshop.ch\/it\/prodotto\/clip-per-naso-e-orecchio\/#breadcrumb"},"inLanguage":"it-IT","potentialAction":[{"@type":"ReadAction","target":["https:\/\/www.kbmedshop.ch\/it\/prodotto\/clip-per-naso-e-orecchio\/"]}]},{"@type":"ImageObject","inLanguage":"it-IT","@id":"https:\/\/www.kbmedshop.ch\/it\/prodotto\/clip-per-naso-e-orecchio\/#primaryimage","url":"https:\/\/www.kbmedshop.ch\/wp-content\/uploads\/2025\/04\/pince-nasale-auriculaire.jpg","contentUrl":"https:\/\/www.kbmedshop.ch\/wp-content\/uploads\/2025\/04\/pince-nasale-auriculaire.jpg","width":458,"height":458,"caption":"Clip per naso e orecchio"},{"@type":"BreadcrumbList","@id":"https:\/\/www.kbmedshop.ch\/it\/prodotto\/clip-per-naso-e-orecchio\/#breadcrumb","itemListElement":[{"@type":"ListItem","position":1,"name":"Accueil","item":"https:\/\/www.kbmedshop.ch\/it\/"},{"@type":"ListItem","position":2,"name":"Negozio","item":"https:\/\/www.kbmedshop.ch\/shop\/"},{"@type":"ListItem","position":3,"name":"Clip per naso e orecchio"}]},{"@type":"WebSite","@id":"https:\/\/www.kbmedshop.ch\/it\/#website","url":"https:\/\/www.kbmedshop.ch\/it\/","name":"Kbmed","description":"","potentialAction":[{"@type":"SearchAction","target":{"@type":"EntryPoint","urlTemplate":"https:\/\/www.kbmedshop.ch\/it\/?s={search_term_string}"},"query-input":{"@type":"PropertyValueSpecification","valueRequired":true,"valueName":"search_term_string"}}],"inLanguage":"it-IT"}]}},"_links":{"self":[{"href":"https:\/\/www.kbmedshop.ch\/it\/wp-json\/wp\/v2\/product\/1595","targetHints":{"allow":["GET"]}}],"collection":[{"href":"https:\/\/www.kbmedshop.ch\/it\/wp-json\/wp\/v2\/product"}],"about":[{"href":"https:\/\/www.kbmedshop.ch\/it\/wp-json\/wp\/v2\/types\/product"}],"replies":[{"embeddable":true,"href":"https:\/\/www.kbmedshop.ch\/it\/wp-json\/wp\/v2\/comments?post=1595"}],"wp:featuredmedia":[{"embeddable":true,"href":"https:\/\/www.kbmedshop.ch\/it\/wp-json\/wp\/v2\/media\/911"}],"wp:attachment":[{"href":"https:\/\/www.kbmedshop.ch\/it\/wp-json\/wp\/v2\/media?parent=1595"}],"wp:term":[{"taxonomy":"product_brand","embeddable":true,"href":"https:\/\/www.kbmedshop.ch\/it\/wp-json\/wp\/v2\/product_brand?post=1595"},{"taxonomy":"product_cat","embeddable":true,"href":"https:\/\/www.kbmedshop.ch\/it\/wp-json\/wp\/v2\/product_cat?post=1595"},{"taxonomy":"product_tag","embeddable":true,"href":"https:\/\/www.kbmedshop.ch\/it\/wp-json\/wp\/v2\/product_tag?post=1595"}],"curies":[{"name":"wp","href":"https:\/\/api.w.org\/{rel}","templated":true}]}}