{"id":1451,"date":"2025-02-07T09:54:12","date_gmt":"2025-02-07T08:54:12","guid":{"rendered":"https:\/\/www.kbmedshop.ch\/?page_id=1451"},"modified":"2025-04-28T08:31:01","modified_gmt":"2025-04-28T06:31:01","slug":"condizioni-generali-di-vendita","status":"publish","type":"page","link":"https:\/\/www.kbmedshop.ch\/it\/condizioni-generali-di-vendita\/","title":{"rendered":"Condizioni generali di vendita (CGV)"},"content":{"rendered":"<section id=\"stafe-blocks-content-69e391205664f\" class=\"stafe-blocks-content sbcontent section section_content-block section_content-no-bg\" >\n            <div class=\"container breadcrumbs\">\n            <div class=\"yoast-breadcrumb\"><span><span><a href=\"https:\/\/www.kbmedshop.ch\/it\/\">Accueil<\/a><\/span><\/span><\/div>        <\/div>\n        <div class=\"content-block_container\">\n        <div class=\"container content-container-no-element\">\n            \n            \n            \n            <div class=\"content_content\">\n                                    <h1>Condizioni generali di vendita (CGV)<\/h1>\n<p>&nbsp;<\/p>\n<p>&nbsp;<\/p>\n<p>&nbsp;<\/p>\n<h3>1. Ambito di applicazione<\/h3>\n<p>Le presenti Condizioni Generali di Vendita (CGV) si applicano a tutti gli ordini effettuati sul sito web kbmedshop.ch da clienti domiciliati in Svizzera. Effettuando un ordine, il cliente riconosce senza riserve le presenti CGV.<\/p>\n<p>&nbsp;<\/p>\n<p>&nbsp;<\/p>\n<p>&nbsp;<\/p>\n<h3>2. Identificazione della societ\u00e0<\/h3>\n<p>Nome della societ\u00e0: KB Medizin Technik GmbH<\/p>\n<p>Indirizzo: Gewerbestrasse 6, 4105 Biel-Benken, Svizzera<\/p>\n<p>Partita IVA: CHE-112.310.873 IVA<\/p>\n<p>E-mail: info@kbmed.ch<\/p>\n<p>Telefono: +41 61 331 68 51<\/p>\n<p>&nbsp;<\/p>\n<p>&nbsp;<\/p>\n<p>&nbsp;<\/p>\n<h3>3. Prodotti e servizi<\/h3>\n<p>I prodotti offerti sul sito web sono descritti nel modo pi\u00f9 accurato possibile. Le immagini dei prodotti sono solo di riferimento e possono differire leggermente dal prodotto reale.<\/p>\n<p>&nbsp;<\/p>\n<p>&nbsp;<\/p>\n<p>&nbsp;<\/p>\n<h3>4. Prezzi<\/h3>\n<p>I prezzi indicati sul sito web sono espressi in franchi svizzeri (CHF) e non includono l&#8217;IVA. Il prezzo comprensivo di IVA appare solo al momento del pagamento.<br \/>\nLe spese di spedizione sono indicate separatamente al momento dell&#8217;ordine.<\/p>\n<p>&nbsp;<\/p>\n<p>&nbsp;<\/p>\n<p>&nbsp;<\/p>\n<h3>5. Ordine<\/h3>\n<p>L&#8217;ordine \u00e8 considerato definitivo non appena viene confermato via e-mail. L&#8217;azienda si riserva il diritto di rifiutare un ordine in caso di mancato pagamento o di controversia con il cliente.<\/p>\n<p>&nbsp;<\/p>\n<p>&nbsp;<\/p>\n<p>&nbsp;<\/p>\n<h3>6. Pagamento<\/h3>\n<p>Il pagamento pu\u00f2 essere effettuato tramite carta di credito, bonifico bancario o qualsiasi altro mezzo indicato sul sito. I dati di pagamento sono protetti secondo le norme vigenti.<\/p>\n<p>&nbsp;<\/p>\n<p>&nbsp;<\/p>\n<h3>7. Consegna<\/h3>\n<p>I prodotti vengono consegnati all&#8217;indirizzo indicato dal cliente al momento dell&#8217;ordine. I tempi di consegna sono indicativi e possono variare a seconda della disponibilit\u00e0 e del prodotto.<\/p>\n<p>&nbsp;<\/p>\n<p>&nbsp;<\/p>\n<p>&nbsp;<\/p>\n<h3>8. Diritto di recesso<\/h3>\n<p>In conformit\u00e0 alla legge svizzera, il diritto di recesso non \u00e8 obbligatorio. Tuttavia, vi diamo la possibilit\u00e0 di restituire l&#8217;articolo entro 14 giorni dal ricevimento del pacco. Tuttavia, devono essere soddisfatte le seguenti condizioni:<br \/>\n&#8211; Qualit\u00e0 impeccabile del prodotto<br \/>\n&#8211; I costi di restituzione non sono coperti da KB Medizin Technik<br \/>\n&#8211; Prova di spedizione da parte del cliente<\/p>\n<p>&nbsp;<\/p>\n<p>&nbsp;<\/p>\n<p>&nbsp;<\/p>\n<h3>9. Garanzia e responsabilit\u00e0<\/h3>\n<p>I prodotti godono della garanzia legale contro i difetti di fabbricazione. L&#8217;azienda non pu\u00f2 essere ritenuta responsabile per danni indiretti legati all&#8217;uso dei prodotti.<br \/>\nI prodotti beneficiano di una garanzia legale di 2 anni contro i difetti di fabbricazione in conformit\u00e0 alla legislazione svizzera. In caso di difetti, il cliente deve contattarci entro un periodo di tempo ragionevole dalla scoperta del problema.<\/p>\n<p>&nbsp;<\/p>\n<p>&nbsp;<\/p>\n<p>&nbsp;<\/p>\n<h3>10. Protezione dei dati<\/h3>\n<p>La raccolta e il trattamento dei dati personali del cliente avvengono in conformit\u00e0 alla Legge federale sulla protezione dei dati (FADP). Ulteriori informazioni sono disponibili nella nostra politica sulla privacy.<\/p>\n<p>&nbsp;<\/p>\n<p>&nbsp;<\/p>\n<p>&nbsp;<\/p>\n<h3>11. Controversie<\/h3>\n<p>In caso di controversia, le parti si impegnano a cercare una soluzione amichevole. In caso contrario, saranno competenti i tribunali del Cantone di Basilea Campagna.<\/p>\n<p>&nbsp;<\/p>\n<p>&nbsp;<\/p>\n<h3>12. Modifica delle CGC<\/h3>\n<p>L&#8217;azienda si riserva il diritto di modificare le presenti CGC in qualsiasi momento. Si applicano le CGV valide al momento dell&#8217;ordine.<\/p>\n<p>&nbsp;<\/p>\n<p>Aggiornamento: 11 aprile 2025 | 11\/04\/2025<\/p>\n                \n                            <\/div>\n        <\/div>\n    <\/div>\n<\/section>","protected":false},"excerpt":{"rendered":"","protected":false},"author":4,"featured_media":0,"parent":0,"menu_order":0,"comment_status":"closed","ping_status":"closed","template":"","meta":{"_acf_changed":false,"footnotes":""},"class_list":["post-1451","page","type-page","status-publish","hentry"],"acf":{"page_role":""},"yoast_head":"<!-- This site is optimized with the Yoast SEO plugin v25.0 - https:\/\/yoast.com\/wordpress\/plugins\/seo\/ -->\n<title>Condizioni generali di vendita (CGV) - KB Med<\/title>\n<meta name=\"description\" content=\"Leggete le Condizioni Generali di Contratto (CG) di KB Medizin Technik GmbH. Regole trasparenti per ordini e consegne.\" \/>\n<meta name=\"robots\" content=\"index, follow, max-snippet:-1, max-image-preview:large, max-video-preview:-1\" \/>\n<link rel=\"canonical\" href=\"https:\/\/www.kbmedshop.ch\/it\/condizioni-generali-di-vendita\/\" \/>\n<meta property=\"og:locale\" content=\"it_IT\" \/>\n<meta property=\"og:type\" content=\"article\" \/>\n<meta property=\"og:title\" content=\"Condizioni generali di vendita (CGV) - KB Med\" \/>\n<meta property=\"og:description\" content=\"Leggete le Condizioni Generali di Contratto (CG) di KB Medizin Technik GmbH. Regole trasparenti per ordini e consegne.\" \/>\n<meta property=\"og:url\" content=\"https:\/\/www.kbmedshop.ch\/it\/condizioni-generali-di-vendita\/\" \/>\n<meta property=\"og:site_name\" content=\"KB Med\" \/>\n<meta property=\"article:modified_time\" content=\"2025-04-28T06:31:01+00:00\" \/>\n<meta name=\"twitter:card\" content=\"summary_large_image\" \/>\n<meta name=\"twitter:label1\" content=\"Tempo di lettura stimato\" \/>\n\t<meta name=\"twitter:data1\" content=\"3 minuto\" \/>\n<script type=\"application\/ld+json\" class=\"yoast-schema-graph\">{\"@context\":\"https:\/\/schema.org\",\"@graph\":[{\"@type\":\"WebPage\",\"@id\":\"https:\/\/www.kbmedshop.ch\/it\/condizioni-generali-di-vendita\/\",\"url\":\"https:\/\/www.kbmedshop.ch\/it\/condizioni-generali-di-vendita\/\",\"name\":\"Condizioni generali di vendita (CGV) - KB Med\",\"isPartOf\":{\"@id\":\"https:\/\/www.kbmedshop.ch\/it\/#website\"},\"datePublished\":\"2025-02-07T08:54:12+00:00\",\"dateModified\":\"2025-04-28T06:31:01+00:00\",\"description\":\"Leggete le Condizioni Generali di Contratto (CG) di KB Medizin Technik GmbH. Regole trasparenti per ordini e consegne.\",\"breadcrumb\":{\"@id\":\"https:\/\/www.kbmedshop.ch\/it\/condizioni-generali-di-vendita\/#breadcrumb\"},\"inLanguage\":\"it-IT\",\"potentialAction\":[{\"@type\":\"ReadAction\",\"target\":[\"https:\/\/www.kbmedshop.ch\/it\/condizioni-generali-di-vendita\/\"]}]},{\"@type\":\"BreadcrumbList\",\"@id\":\"https:\/\/www.kbmedshop.ch\/it\/condizioni-generali-di-vendita\/#breadcrumb\",\"itemListElement\":[{\"@type\":\"ListItem\",\"position\":1,\"name\":\"Accueil\",\"item\":\"https:\/\/www.kbmedshop.ch\/it\/\"},{\"@type\":\"ListItem\",\"position\":2,\"name\":\"Condizioni generali di vendita (CGV)\"}]},{\"@type\":\"WebSite\",\"@id\":\"https:\/\/www.kbmedshop.ch\/it\/#website\",\"url\":\"https:\/\/www.kbmedshop.ch\/it\/\",\"name\":\"Kbmed\",\"description\":\"\",\"potentialAction\":[{\"@type\":\"SearchAction\",\"target\":{\"@type\":\"EntryPoint\",\"urlTemplate\":\"https:\/\/www.kbmedshop.ch\/it\/?s={search_term_string}\"},\"query-input\":{\"@type\":\"PropertyValueSpecification\",\"valueRequired\":true,\"valueName\":\"search_term_string\"}}],\"inLanguage\":\"it-IT\"}]}<\/script>\n<!-- \/ Yoast SEO plugin. -->","yoast_head_json":{"title":"Condizioni generali di vendita (CGV) - KB Med","description":"Leggete le Condizioni Generali di Contratto (CG) di KB Medizin Technik GmbH. Regole trasparenti per ordini e consegne.","robots":{"index":"index","follow":"follow","max-snippet":"max-snippet:-1","max-image-preview":"max-image-preview:large","max-video-preview":"max-video-preview:-1"},"canonical":"https:\/\/www.kbmedshop.ch\/it\/condizioni-generali-di-vendita\/","og_locale":"it_IT","og_type":"article","og_title":"Condizioni generali di vendita (CGV) - KB Med","og_description":"Leggete le Condizioni Generali di Contratto (CG) di KB Medizin Technik GmbH. Regole trasparenti per ordini e consegne.","og_url":"https:\/\/www.kbmedshop.ch\/it\/condizioni-generali-di-vendita\/","og_site_name":"KB Med","article_modified_time":"2025-04-28T06:31:01+00:00","twitter_card":"summary_large_image","twitter_misc":{"Tempo di lettura stimato":"3 minuto"},"schema":{"@context":"https:\/\/schema.org","@graph":[{"@type":"WebPage","@id":"https:\/\/www.kbmedshop.ch\/it\/condizioni-generali-di-vendita\/","url":"https:\/\/www.kbmedshop.ch\/it\/condizioni-generali-di-vendita\/","name":"Condizioni generali di vendita (CGV) - KB Med","isPartOf":{"@id":"https:\/\/www.kbmedshop.ch\/it\/#website"},"datePublished":"2025-02-07T08:54:12+00:00","dateModified":"2025-04-28T06:31:01+00:00","description":"Leggete le Condizioni Generali di Contratto (CG) di KB Medizin Technik GmbH. Regole trasparenti per ordini e consegne.","breadcrumb":{"@id":"https:\/\/www.kbmedshop.ch\/it\/condizioni-generali-di-vendita\/#breadcrumb"},"inLanguage":"it-IT","potentialAction":[{"@type":"ReadAction","target":["https:\/\/www.kbmedshop.ch\/it\/condizioni-generali-di-vendita\/"]}]},{"@type":"BreadcrumbList","@id":"https:\/\/www.kbmedshop.ch\/it\/condizioni-generali-di-vendita\/#breadcrumb","itemListElement":[{"@type":"ListItem","position":1,"name":"Accueil","item":"https:\/\/www.kbmedshop.ch\/it\/"},{"@type":"ListItem","position":2,"name":"Condizioni generali di vendita (CGV)"}]},{"@type":"WebSite","@id":"https:\/\/www.kbmedshop.ch\/it\/#website","url":"https:\/\/www.kbmedshop.ch\/it\/","name":"Kbmed","description":"","potentialAction":[{"@type":"SearchAction","target":{"@type":"EntryPoint","urlTemplate":"https:\/\/www.kbmedshop.ch\/it\/?s={search_term_string}"},"query-input":{"@type":"PropertyValueSpecification","valueRequired":true,"valueName":"search_term_string"}}],"inLanguage":"it-IT"}]}},"_links":{"self":[{"href":"https:\/\/www.kbmedshop.ch\/it\/wp-json\/wp\/v2\/pages\/1451","targetHints":{"allow":["GET"]}}],"collection":[{"href":"https:\/\/www.kbmedshop.ch\/it\/wp-json\/wp\/v2\/pages"}],"about":[{"href":"https:\/\/www.kbmedshop.ch\/it\/wp-json\/wp\/v2\/types\/page"}],"author":[{"embeddable":true,"href":"https:\/\/www.kbmedshop.ch\/it\/wp-json\/wp\/v2\/users\/4"}],"replies":[{"embeddable":true,"href":"https:\/\/www.kbmedshop.ch\/it\/wp-json\/wp\/v2\/comments?post=1451"}],"version-history":[{"count":1,"href":"https:\/\/www.kbmedshop.ch\/it\/wp-json\/wp\/v2\/pages\/1451\/revisions"}],"predecessor-version":[{"id":1452,"href":"https:\/\/www.kbmedshop.ch\/it\/wp-json\/wp\/v2\/pages\/1451\/revisions\/1452"}],"wp:attachment":[{"href":"https:\/\/www.kbmedshop.ch\/it\/wp-json\/wp\/v2\/media?parent=1451"}],"curies":[{"name":"wp","href":"https:\/\/api.w.org\/{rel}","templated":true}]}}