{"id":1447,"date":"2025-04-17T14:32:03","date_gmt":"2025-04-17T12:32:03","guid":{"rendered":"https:\/\/www.kbmedshop.ch\/?page_id=1447"},"modified":"2025-06-19T15:42:46","modified_gmt":"2025-06-19T13:42:46","slug":"sterilizzazione","status":"publish","type":"page","link":"https:\/\/www.kbmedshop.ch\/it\/sterilizzazione\/","title":{"rendered":"Sterilizzazione"},"content":{"rendered":"<section id=\"stafe-blocks-content-69e3879e822f8\" class=\"stafe-blocks-content sbcontent section section_content-block section_content-no-bg\" >\n        <div class=\"content-block_container\">\n        <div class=\"container content-container-no-element\">\n            \n            \n            \n            <div class=\"content_content\">\n                                    <h2>Sterilizzazione: attrezzature, manutenzione e competenza<\/h2>\n<p>&nbsp;<\/p>\n<p>La sterilizzazione \u00e8 un pilastro essenziale della sicurezza in campo medico. Offriamo soluzioni complete per garantire la conformit\u00e0 dei vostri studi medici e la sicurezza dei vostri pazienti. Le nostre apparecchiature e i nostri servizi sono progettati per soddisfare le esigenze di studi medici, cliniche, ospedali ed EMS.<\/p>\n<p>&nbsp;<\/p>\n                \n                            <\/div>\n        <\/div>\n    <\/div>\n<\/section><section id=\"stafe-blocks-content-69e3879e84aa5\" class=\"stafe-blocks-content sbcontent section section_content-block section_content-no-bg\" >\n        <div class=\"content-block_container\">\n        <div class=\"container content-container-right-list\">\n            \n                            <div class=\"content_list\">\n                                            <div class=\"list_item\">\n                                                            <div class=\"list-icon\">\n                                    <i class=\"icon stafiniticon-arrow_forward\"><\/i>\n                                <\/div>\n                                                        <div class=\"list-content\">\n                                <p>Autoclavi: ad alte prestazioni e adatte a tutti i volumi di sterilizzazione.<\/p>\n                            <\/div>\n                        <\/div>\n                                            <div class=\"list_item\">\n                                                            <div class=\"list-icon\">\n                                    <i class=\"icon stafiniticon-arrow_forward\"><\/i>\n                                <\/div>\n                                                        <div class=\"list-content\">\n                                <p>Disinfettori: per una pulizia e disinfezione ottimale degli strumenti.<\/p>\n                            <\/div>\n                        <\/div>\n                                            <div class=\"list_item\">\n                                                            <div class=\"list-icon\">\n                                    <i class=\"icon stafiniticon-arrow_forward\"><\/i>\n                                <\/div>\n                                                        <div class=\"list-content\">\n                                <p>Sistemi di tracciabilit\u00e0: software e soluzioni per la tracciabilit\u00e0 dei cicli di sterilizzazione.<\/p>\n                            <\/div>\n                        <\/div>\n                                            <div class=\"list_item\">\n                                                            <div class=\"list-icon\">\n                                    <i class=\"icon stafiniticon-arrow_forward\"><\/i>\n                                <\/div>\n                                                        <div class=\"list-content\">\n                                <p>Accessori per la sterilizzazione: cestelli, supporti e imballaggi adatti.<\/p>\n                            <\/div>\n                        <\/div>\n                                    <\/div>\n            \n            \n            <div class=\"content_content\">\n                                    <h3>Le nostre apparecchiature di sterilizzazione<\/h3>\n<p>Vi forniamo una gamma di apparecchiature di alta qualit\u00e0 per garantire una sterilizzazione efficace e conforme agli standard:<\/p>\n<p>&nbsp;<\/p>\n<p><img loading=\"lazy\" decoding=\"async\" class=\"alignnone wp-image-2955 \" src=\"https:\/\/www.kbmedshop.ch\/wp-content\/uploads\/2025\/06\/bainetster-300x152.jpg\" alt=\"\" width=\"484\" height=\"245\" srcset=\"https:\/\/www.kbmedshop.ch\/wp-content\/uploads\/2025\/06\/bainetster-300x152.jpg 300w, https:\/\/www.kbmedshop.ch\/wp-content\/uploads\/2025\/06\/bainetster-1024x519.jpg 1024w, https:\/\/www.kbmedshop.ch\/wp-content\/uploads\/2025\/06\/bainetster-768x389.jpg 768w, https:\/\/www.kbmedshop.ch\/wp-content\/uploads\/2025\/06\/bainetster-600x304.jpg 600w, https:\/\/www.kbmedshop.ch\/wp-content\/uploads\/2025\/06\/bainetster.jpg 1100w\" sizes=\"auto, (max-width: 484px) 100vw, 484px\" \/><\/p>\n                \n                            <\/div>\n        <\/div>\n    <\/div>\n<\/section><section id=\"stafe-blocks-content-69e3879e86600\" class=\"stafe-blocks-content sbcontent section section_content-block section_content-no-bg\" >\n        <div class=\"content-block_container\">\n        <div class=\"container content-container-no-element\">\n            \n            \n            \n            <div class=\"content_content\">\n                                    <p>Le nostre apparecchiature sono selezionate per la loro affidabilit\u00e0, facilit\u00e0 d&#8217;uso e conformit\u00e0 agli standard ISO e CE.<\/p>\n<p>&nbsp;<\/p>\n                \n                            <\/div>\n        <\/div>\n    <\/div>\n<\/section><section id=\"stafe-blocks-content-icon-69e3879e86f4e\" class=\"stafe-blocks-content-icon sbcontenticon section section_content-icon-block section_content-icon-no-bg\" >\n            <div class=\"content-icon-block_container container\">\n            <div class=\"content-icon-title\">\n                <h3>Supporto per la manutenzione del prodotto<\/h3>\n<p>La manutenzione delle apparecchiature di sterilizzazione \u00e8 essenziale per garantirne l&#8217;efficienza e la durata. Vi offriamo :<\/p>\n            <\/div>\n        <\/div>\n                <div class=\"content-icon_container container\" style=\"--process-count: 3\">\n                            <div class=\"content-icon_item \" >\n                                            <div class=\"content-icon-title\">\n                                                                                        <p>Controlli regolari:<\/p>\n                                                    <\/div>\n                                                                <div class=\"content-icon-content\">\n                            <p>Controllo delle prestazioni e dei cicli di sterilizzazione.<\/p>\n                        <\/div>\n                                    <\/div>\n                            <div class=\"content-icon_item \" >\n                                            <div class=\"content-icon-title\">\n                                                                                        <p>Riparazioni e servizi di assistenza :<\/p>\n                                                    <\/div>\n                                                                <div class=\"content-icon-content\">\n                            <p>Risposta rapida per ridurre al minimo i tempi di inattivit\u00e0.<\/p>\n                        <\/div>\n                                    <\/div>\n                            <div class=\"content-icon_item \" >\n                                            <div class=\"content-icon-title\">\n                                                                                        <p>Formazione tecnica :<\/p>\n                                                    <\/div>\n                                                                <div class=\"content-icon-content\">\n                            <p>Sensibilizzare il personale all&#8217;uso ottimale delle attrezzature.<\/p>\n                        <\/div>\n                                    <\/div>\n                    <\/div>\n    <\/section><section id=\"stafe-blocks-content-69e3879e88e20\" class=\"stafe-blocks-content sbcontent section section_content-block section_content-no-bg\" >\n        <div class=\"content-block_container\">\n        <div class=\"container content-container-no-element\">\n            \n            \n            \n            <div class=\"content_content\">\n                                    <p>Il nostro team tecnico \u00e8 specializzato in apparecchiature di sterilizzazione e pu\u00f2 rispondere rapidamente alle vostre esigenze.<\/p>\n<p>&nbsp;<\/p>\n                \n                            <\/div>\n        <\/div>\n    <\/div>\n<\/section><section id=\"stafe-blocks-content-69e3879e89737\" class=\"stafe-blocks-content sbcontent section section_content-block section_content-no-bg\" >\n        <div class=\"content-block_container\">\n        <div class=\"container content-container-left-list\">\n            \n                            <div class=\"content_list\">\n                                            <div class=\"list_item\">\n                                                            <div class=\"list-icon\">\n                                    <i class=\"icon stafiniticon-arrow_forward\"><\/i>\n                                <\/div>\n                                                        <div class=\"list-content\">\n                                <p>Sacchetti e rotoli per la sterilizzazione<\/p>\n                            <\/div>\n                        <\/div>\n                                            <div class=\"list_item\">\n                                                            <div class=\"list-icon\">\n                                    <i class=\"icon stafiniticon-arrow_forward\"><\/i>\n                                <\/div>\n                                                        <div class=\"list-content\">\n                                <p>Indicatori chimici e biologici<\/p>\n                            <\/div>\n                        <\/div>\n                                            <div class=\"list_item\">\n                                                            <div class=\"list-icon\">\n                                    <i class=\"icon stafiniticon-arrow_forward\"><\/i>\n                                <\/div>\n                                                        <div class=\"list-content\">\n                                <p>Soluzioni per la pulizia e la disinfezione<\/p>\n                            <\/div>\n                        <\/div>\n                                            <div class=\"list_item\">\n                                                            <div class=\"list-icon\">\n                                    <i class=\"icon stafiniticon-arrow_forward\"><\/i>\n                                <\/div>\n                                                        <div class=\"list-content\">\n                                <p>Filtri e accessori per autoclavi<\/p>\n                            <\/div>\n                        <\/div>\n                                    <\/div>\n            \n            \n            <div class=\"content_content\">\n                                    <h3>Fornitura di materiali di consumo<\/h3>\n<p>Offriamo un&#8217;ampia gamma di materiali di consumo essenziali per i vostri processi di sterilizzazione:<\/p>\n<p>&nbsp;<\/p>\n<p><img loading=\"lazy\" decoding=\"async\" class=\"alignnone wp-image-2960 \" src=\"https:\/\/www.kbmedshop.ch\/wp-content\/uploads\/2025\/06\/sterilisation-03-1024x538-1-300x158.jpg\" alt=\"\" width=\"436\" height=\"230\" srcset=\"https:\/\/www.kbmedshop.ch\/wp-content\/uploads\/2025\/06\/sterilisation-03-1024x538-1-300x158.jpg 300w, https:\/\/www.kbmedshop.ch\/wp-content\/uploads\/2025\/06\/sterilisation-03-1024x538-1-768x404.jpg 768w, https:\/\/www.kbmedshop.ch\/wp-content\/uploads\/2025\/06\/sterilisation-03-1024x538-1-600x315.jpg 600w, https:\/\/www.kbmedshop.ch\/wp-content\/uploads\/2025\/06\/sterilisation-03-1024x538-1.jpg 1024w\" sizes=\"auto, (max-width: 436px) 100vw, 436px\" \/><\/p>\n                \n                            <\/div>\n        <\/div>\n    <\/div>\n<\/section><section id=\"stafe-blocks-content-69e3879e8a612\" class=\"stafe-blocks-content sbcontent section section_content-block section_content-no-bg\" >\n        <div class=\"content-block_container\">\n        <div class=\"container content-container-no-element\">\n            \n            \n            \n            <div class=\"content_content\">\n                                    <p>Grazie alla nostra piattaforma di e-commerce, potete ordinare facilmente i vostri materiali di consumo e beneficiare di una consegna rapida.<\/p>\n<p>&nbsp;<\/p>\n                \n                            <\/div>\n        <\/div>\n    <\/div>\n<\/section><section id=\"stafe-blocks-content-icon-69e3879e8ae93\" class=\"stafe-blocks-content-icon sbcontenticon section section_content-icon-block section_content-icon-no-bg\" >\n            <div class=\"content-icon-block_container container\">\n            <div class=\"content-icon-title\">\n                <h3>Audit di sterilizzazione e disinfezione<\/h3>\n<p>Possiamo aiutarvi a ottimizzare le vostre pratiche di sterilizzazione con un audit completo:<\/p>\n            <\/div>\n        <\/div>\n                <div class=\"content-icon_container container\" style=\"--process-count: 4\">\n                            <div class=\"content-icon_item \" >\n                                            <div class=\"content-icon-title\">\n                                                                                        <p>Valutazione delle attrezzature e dei protocolli:<\/p>\n                                                    <\/div>\n                                                                <div class=\"content-icon-content\">\n                            <p>Analisi delle prestazioni e conformit\u00e0.<\/p>\n                        <\/div>\n                                    <\/div>\n                            <div class=\"content-icon_item \" >\n                                            <div class=\"content-icon-title\">\n                                                                                        <p>Raccomandazioni personalizzate :<\/p>\n                                                    <\/div>\n                                                                <div class=\"content-icon-content\">\n                            <p>Soluzioni su misura per le vostre esigenze specifiche.<\/p>\n                        <\/div>\n                                    <\/div>\n                            <div class=\"content-icon_item \" >\n                                            <div class=\"content-icon-title\">\n                                                                                        <p>Formazione e sensibilizzazione :<\/p>\n                                                    <\/div>\n                                                                <div class=\"content-icon-content\">\n                            <p>Formazione del personale sulle migliori pratiche.<\/p>\n                        <\/div>\n                                    <\/div>\n                            <div class=\"content-icon_item \" >\n                                            <div class=\"content-icon-title\">\n                                                                                        <p>Rapporto dettagliato:<\/p>\n                                                    <\/div>\n                                                                <div class=\"content-icon-content\">\n                            <p>Consigli per migliorare i processi e garantire la sicurezza.<\/p>\n                        <\/div>\n                                    <\/div>\n                    <\/div>\n    <\/section><section id=\"stafe-blocks-content-69e3879e8b9b2\" class=\"stafe-blocks-content sbcontent section section_content-block section_content-no-bg\" >\n        <div class=\"content-block_container\">\n        <div class=\"container content-container-no-element\">\n            \n            \n            \n            <div class=\"content_content\">\n                                    <p>La nostra esperienza vi permette di garantire un ambiente medico sicuro e conforme alle norme vigenti.<\/p>\n<p>&nbsp;<\/p>\n                \n                            <\/div>\n        <\/div>\n    <\/div>\n<\/section><section id=\"stafe-blocks-content-icon-69e3879e8c23a\" class=\"stafe-blocks-content-icon sbcontenticon section section_content-icon-block section_content-icon-no-bg\" >\n            <div class=\"content-icon-block_container container\">\n            <div class=\"content-icon-title\">\n                <h4>Perch\u00e9 scegliere la nostra esperienza di sterilizzazione?<\/h4>\n            <\/div>\n        <\/div>\n                <div class=\"content-icon_container container\" style=\"--process-count: 4\">\n                            <div class=\"content-icon_item \" >\n                                            <div class=\"content-icon-title\">\n                                                                                        <p>Soluzioni innovative:<\/p>\n                                                    <\/div>\n                                                                <div class=\"content-icon-content\">\n                            <p>Apparecchiature e materiali di consumo di ultima generazione.<\/p>\n                        <\/div>\n                                    <\/div>\n                            <div class=\"content-icon_item \" >\n                                            <div class=\"content-icon-title\">\n                                                                                        <p>Supporto su misura :<\/p>\n                                                    <\/div>\n                                                                <div class=\"content-icon-content\">\n                            <p>Audit, manutenzione e formazione su misura per le vostre esigenze.<\/p>\n                        <\/div>\n                                    <\/div>\n                            <div class=\"content-icon_item \" >\n                                            <div class=\"content-icon-title\">\n                                                                                        <p>Servizio clienti reattivo:<\/p>\n                                                    <\/div>\n                                                                <div class=\"content-icon-content\">\n                            <p>Assistenza tecnica e consulenza personalizzata.<\/p>\n                        <\/div>\n                                    <\/div>\n                            <div class=\"content-icon_item \" >\n                                            <div class=\"content-icon-title\">\n                                                                                        <p>Una piattaforma di e-commerce intuitiva:<\/p>\n                                                    <\/div>\n                                                                <div class=\"content-icon-content\">\n                            <p>Ordinate i vostri prodotti in pochi clic.<\/p>\n                        <\/div>\n                                    <\/div>\n                    <\/div>\n    <\/section>","protected":false},"excerpt":{"rendered":"","protected":false},"author":4,"featured_media":0,"parent":0,"menu_order":0,"comment_status":"closed","ping_status":"closed","template":"","meta":{"_acf_changed":false,"footnotes":""},"class_list":["post-1447","page","type-page","status-publish","hentry"],"acf":{"page_role":""},"yoast_head":"<!-- This site is optimized with the Yoast SEO plugin v25.0 - https:\/\/yoast.com\/wordpress\/plugins\/seo\/ -->\n<title>Sterilizzazione - KB Med<\/title>\n<meta name=\"description\" content=\"Scoprite i nostri servizi e le nostre apparecchiature per la sterilizzazione medica. Soluzioni affidabili per garantire un&#039;igiene ottimale.\" \/>\n<meta name=\"robots\" content=\"index, follow, max-snippet:-1, max-image-preview:large, max-video-preview:-1\" \/>\n<link rel=\"canonical\" href=\"https:\/\/www.kbmedshop.ch\/it\/sterilizzazione\/\" \/>\n<meta property=\"og:locale\" content=\"it_IT\" \/>\n<meta property=\"og:type\" content=\"article\" \/>\n<meta property=\"og:title\" content=\"Sterilizzazione - KB Med\" \/>\n<meta property=\"og:description\" content=\"Scoprite i nostri servizi e le nostre apparecchiature per la sterilizzazione medica. Soluzioni affidabili per garantire un&#039;igiene ottimale.\" \/>\n<meta property=\"og:url\" content=\"https:\/\/www.kbmedshop.ch\/it\/sterilizzazione\/\" \/>\n<meta property=\"og:site_name\" content=\"KB Med\" \/>\n<meta property=\"article:modified_time\" content=\"2025-06-19T13:42:46+00:00\" \/>\n<meta name=\"twitter:card\" content=\"summary_large_image\" \/>\n<meta name=\"twitter:label1\" content=\"Tempo di lettura stimato\" \/>\n\t<meta name=\"twitter:data1\" content=\"3 minuto\" \/>\n<script type=\"application\/ld+json\" class=\"yoast-schema-graph\">{\"@context\":\"https:\/\/schema.org\",\"@graph\":[{\"@type\":\"WebPage\",\"@id\":\"https:\/\/www.kbmedshop.ch\/it\/sterilizzazione\/\",\"url\":\"https:\/\/www.kbmedshop.ch\/it\/sterilizzazione\/\",\"name\":\"Sterilizzazione - KB Med\",\"isPartOf\":{\"@id\":\"https:\/\/www.kbmedshop.ch\/it\/#website\"},\"datePublished\":\"2025-04-17T12:32:03+00:00\",\"dateModified\":\"2025-06-19T13:42:46+00:00\",\"description\":\"Scoprite i nostri servizi e le nostre apparecchiature per la sterilizzazione medica. Soluzioni affidabili per garantire un'igiene ottimale.\",\"breadcrumb\":{\"@id\":\"https:\/\/www.kbmedshop.ch\/it\/sterilizzazione\/#breadcrumb\"},\"inLanguage\":\"it-IT\",\"potentialAction\":[{\"@type\":\"ReadAction\",\"target\":[\"https:\/\/www.kbmedshop.ch\/it\/sterilizzazione\/\"]}]},{\"@type\":\"BreadcrumbList\",\"@id\":\"https:\/\/www.kbmedshop.ch\/it\/sterilizzazione\/#breadcrumb\",\"itemListElement\":[{\"@type\":\"ListItem\",\"position\":1,\"name\":\"Accueil\",\"item\":\"https:\/\/www.kbmedshop.ch\/it\/\"},{\"@type\":\"ListItem\",\"position\":2,\"name\":\"Sterilizzazione\"}]},{\"@type\":\"WebSite\",\"@id\":\"https:\/\/www.kbmedshop.ch\/it\/#website\",\"url\":\"https:\/\/www.kbmedshop.ch\/it\/\",\"name\":\"Kbmed\",\"description\":\"\",\"potentialAction\":[{\"@type\":\"SearchAction\",\"target\":{\"@type\":\"EntryPoint\",\"urlTemplate\":\"https:\/\/www.kbmedshop.ch\/it\/?s={search_term_string}\"},\"query-input\":{\"@type\":\"PropertyValueSpecification\",\"valueRequired\":true,\"valueName\":\"search_term_string\"}}],\"inLanguage\":\"it-IT\"}]}<\/script>\n<!-- \/ Yoast SEO plugin. -->","yoast_head_json":{"title":"Sterilizzazione - KB Med","description":"Scoprite i nostri servizi e le nostre apparecchiature per la sterilizzazione medica. Soluzioni affidabili per garantire un'igiene ottimale.","robots":{"index":"index","follow":"follow","max-snippet":"max-snippet:-1","max-image-preview":"max-image-preview:large","max-video-preview":"max-video-preview:-1"},"canonical":"https:\/\/www.kbmedshop.ch\/it\/sterilizzazione\/","og_locale":"it_IT","og_type":"article","og_title":"Sterilizzazione - KB Med","og_description":"Scoprite i nostri servizi e le nostre apparecchiature per la sterilizzazione medica. Soluzioni affidabili per garantire un'igiene ottimale.","og_url":"https:\/\/www.kbmedshop.ch\/it\/sterilizzazione\/","og_site_name":"KB Med","article_modified_time":"2025-06-19T13:42:46+00:00","twitter_card":"summary_large_image","twitter_misc":{"Tempo di lettura stimato":"3 minuto"},"schema":{"@context":"https:\/\/schema.org","@graph":[{"@type":"WebPage","@id":"https:\/\/www.kbmedshop.ch\/it\/sterilizzazione\/","url":"https:\/\/www.kbmedshop.ch\/it\/sterilizzazione\/","name":"Sterilizzazione - KB Med","isPartOf":{"@id":"https:\/\/www.kbmedshop.ch\/it\/#website"},"datePublished":"2025-04-17T12:32:03+00:00","dateModified":"2025-06-19T13:42:46+00:00","description":"Scoprite i nostri servizi e le nostre apparecchiature per la sterilizzazione medica. Soluzioni affidabili per garantire un'igiene ottimale.","breadcrumb":{"@id":"https:\/\/www.kbmedshop.ch\/it\/sterilizzazione\/#breadcrumb"},"inLanguage":"it-IT","potentialAction":[{"@type":"ReadAction","target":["https:\/\/www.kbmedshop.ch\/it\/sterilizzazione\/"]}]},{"@type":"BreadcrumbList","@id":"https:\/\/www.kbmedshop.ch\/it\/sterilizzazione\/#breadcrumb","itemListElement":[{"@type":"ListItem","position":1,"name":"Accueil","item":"https:\/\/www.kbmedshop.ch\/it\/"},{"@type":"ListItem","position":2,"name":"Sterilizzazione"}]},{"@type":"WebSite","@id":"https:\/\/www.kbmedshop.ch\/it\/#website","url":"https:\/\/www.kbmedshop.ch\/it\/","name":"Kbmed","description":"","potentialAction":[{"@type":"SearchAction","target":{"@type":"EntryPoint","urlTemplate":"https:\/\/www.kbmedshop.ch\/it\/?s={search_term_string}"},"query-input":{"@type":"PropertyValueSpecification","valueRequired":true,"valueName":"search_term_string"}}],"inLanguage":"it-IT"}]}},"_links":{"self":[{"href":"https:\/\/www.kbmedshop.ch\/it\/wp-json\/wp\/v2\/pages\/1447","targetHints":{"allow":["GET"]}}],"collection":[{"href":"https:\/\/www.kbmedshop.ch\/it\/wp-json\/wp\/v2\/pages"}],"about":[{"href":"https:\/\/www.kbmedshop.ch\/it\/wp-json\/wp\/v2\/types\/page"}],"author":[{"embeddable":true,"href":"https:\/\/www.kbmedshop.ch\/it\/wp-json\/wp\/v2\/users\/4"}],"replies":[{"embeddable":true,"href":"https:\/\/www.kbmedshop.ch\/it\/wp-json\/wp\/v2\/comments?post=1447"}],"version-history":[{"count":2,"href":"https:\/\/www.kbmedshop.ch\/it\/wp-json\/wp\/v2\/pages\/1447\/revisions"}],"predecessor-version":[{"id":2965,"href":"https:\/\/www.kbmedshop.ch\/it\/wp-json\/wp\/v2\/pages\/1447\/revisions\/2965"}],"wp:attachment":[{"href":"https:\/\/www.kbmedshop.ch\/it\/wp-json\/wp\/v2\/media?parent=1447"}],"curies":[{"name":"wp","href":"https:\/\/api.w.org\/{rel}","templated":true}]}}