{"id":3805,"date":"2026-04-02T15:31:04","date_gmt":"2026-04-02T13:31:04","guid":{"rendered":"https:\/\/www.kbmedshop.ch\/?post_type=product&#038;p=3805"},"modified":"2026-04-02T15:32:09","modified_gmt":"2026-04-02T13:32:09","slug":"mikrozid-sensitive-wipes","status":"publish","type":"product","link":"https:\/\/www.kbmedshop.ch\/fr\/produit\/mikrozid-sensitive-wipes\/","title":{"rendered":"Mikrozid Sensitive Wipes"},"content":{"rendered":"<p>Pour les \u00e9quipements m\u00e9dicaux les plus vuln\u00e9rables, la gamme Mikrozid Sensitive est la solution de s\u00e9curit\u00e9 par excellence. Totalement d\u00e9pourvue d&rsquo;alcool, elle repose sur une formulation \u00e0 base de compos\u00e9s d&rsquo;ammonium quaternaire qui \u00e9limine les agents pathog\u00e8nes sans agresser les mat\u00e9riaux polym\u00e8res. C&rsquo;est le produit de choix pour la d\u00e9sinfection entre deux patients des sondes d&rsquo;\u00e9chographie (abdominales et vaginales) ainsi que des surfaces en verre acrylique (Plexiglas) souvent pr\u00e9sentes sur les couveuses ou les dispositifs de protection. Le format Jumbo offre une surface de nettoyage g\u00e9n\u00e9reuse, permettant de traiter de larges unit\u00e9s de soin avec une seule lingette. L&rsquo;excellente tol\u00e9rance cutan\u00e9e du produit est \u00e9galement un atout pour le personnel manipulant les lingettes de mani\u00e8re r\u00e9p\u00e9t\u00e9e. Pour KB Med, l&rsquo;usage de ces lingettes est une garantie contre l&rsquo;opacification pr\u00e9matur\u00e9e de vos optiques et instruments sensibles.<\/p>\n","protected":false},"excerpt":{"rendered":"<p>Lingettes pr\u00eates \u00e0 l&#8217;emploi, totalement exemptes d&rsquo;alcool, destin\u00e9es aux surfaces et instruments ne supportant pas les solvants. Recommand\u00e9es pour les sondes de diagnostic et le mobilier d\u00e9licat.<\/p>\n<p>Code produit : 70003104 | 70003109<\/p>\n","protected":false},"featured_media":3695,"comment_status":"open","ping_status":"closed","template":"","meta":{"_acf_changed":false},"product_brand":[],"product_cat":[359,357],"product_tag":[],"class_list":{"0":"post-3805","1":"product","2":"type-product","3":"status-publish","4":"has-post-thumbnail","6":"product_cat-consommables-hygiene","7":"product_cat-sterilisation-hygiene-fr","9":"first","10":"instock","11":"taxable","12":"shipping-taxable","13":"purchasable","14":"product-type-variable"},"acf":[],"yoast_head":"<!-- This site is optimized with the Yoast SEO plugin v25.0 - https:\/\/yoast.com\/wordpress\/plugins\/seo\/ -->\n<title>Mikrozid Sensitive Wipes - KB Med<\/title>\n<meta name=\"description\" content=\"Lingettes d\u00e9sinfectantes sans alcool pour dispositifs m\u00e9dicaux ultra-sensibles. Id\u00e9al pour les sondes d&#039;\u00e9chographie et le verre acrylique (Plexiglas).\" \/>\n<meta name=\"robots\" content=\"index, follow, max-snippet:-1, max-image-preview:large, max-video-preview:-1\" \/>\n<link rel=\"canonical\" href=\"https:\/\/www.kbmedshop.ch\/fr\/produit\/mikrozid-sensitive-wipes\/\" \/>\n<meta property=\"og:locale\" content=\"fr_FR\" \/>\n<meta property=\"og:type\" content=\"article\" \/>\n<meta property=\"og:title\" content=\"Mikrozid Sensitive Wipes - KB Med\" \/>\n<meta property=\"og:description\" content=\"Lingettes d\u00e9sinfectantes sans alcool pour dispositifs m\u00e9dicaux ultra-sensibles. Id\u00e9al pour les sondes d&#039;\u00e9chographie et le verre acrylique (Plexiglas).\" \/>\n<meta property=\"og:url\" content=\"https:\/\/www.kbmedshop.ch\/fr\/produit\/mikrozid-sensitive-wipes\/\" \/>\n<meta property=\"og:site_name\" content=\"KB Med\" \/>\n<meta property=\"article:modified_time\" content=\"2026-04-02T13:32:09+00:00\" \/>\n<meta property=\"og:image\" content=\"https:\/\/www.kbmedshop.ch\/wp-content\/uploads\/2026\/04\/mikrozid_sensitive_wipes.png\" \/>\n\t<meta property=\"og:image:width\" content=\"1748\" \/>\n\t<meta property=\"og:image:height\" content=\"1244\" \/>\n\t<meta property=\"og:image:type\" content=\"image\/png\" \/>\n<meta name=\"twitter:card\" content=\"summary_large_image\" \/>\n<script type=\"application\/ld+json\" class=\"yoast-schema-graph\">{\"@context\":\"https:\/\/schema.org\",\"@graph\":[{\"@type\":\"WebPage\",\"@id\":\"https:\/\/www.kbmedshop.ch\/fr\/produit\/mikrozid-sensitive-wipes\/\",\"url\":\"https:\/\/www.kbmedshop.ch\/fr\/produit\/mikrozid-sensitive-wipes\/\",\"name\":\"Mikrozid Sensitive Wipes - KB Med\",\"isPartOf\":{\"@id\":\"https:\/\/www.kbmedshop.ch\/fr\/#website\"},\"primaryImageOfPage\":{\"@id\":\"https:\/\/www.kbmedshop.ch\/fr\/produit\/mikrozid-sensitive-wipes\/#primaryimage\"},\"image\":{\"@id\":\"https:\/\/www.kbmedshop.ch\/fr\/produit\/mikrozid-sensitive-wipes\/#primaryimage\"},\"thumbnailUrl\":\"https:\/\/www.kbmedshop.ch\/wp-content\/uploads\/2026\/04\/mikrozid_sensitive_wipes.png\",\"datePublished\":\"2026-04-02T13:31:04+00:00\",\"dateModified\":\"2026-04-02T13:32:09+00:00\",\"description\":\"Lingettes d\u00e9sinfectantes sans alcool pour dispositifs m\u00e9dicaux ultra-sensibles. Id\u00e9al pour les sondes d'\u00e9chographie et le verre acrylique (Plexiglas).\",\"breadcrumb\":{\"@id\":\"https:\/\/www.kbmedshop.ch\/fr\/produit\/mikrozid-sensitive-wipes\/#breadcrumb\"},\"inLanguage\":\"fr-FR\",\"potentialAction\":[{\"@type\":\"ReadAction\",\"target\":[\"https:\/\/www.kbmedshop.ch\/fr\/produit\/mikrozid-sensitive-wipes\/\"]}]},{\"@type\":\"ImageObject\",\"inLanguage\":\"fr-FR\",\"@id\":\"https:\/\/www.kbmedshop.ch\/fr\/produit\/mikrozid-sensitive-wipes\/#primaryimage\",\"url\":\"https:\/\/www.kbmedshop.ch\/wp-content\/uploads\/2026\/04\/mikrozid_sensitive_wipes.png\",\"contentUrl\":\"https:\/\/www.kbmedshop.ch\/wp-content\/uploads\/2026\/04\/mikrozid_sensitive_wipes.png\",\"width\":1748,\"height\":1244},{\"@type\":\"BreadcrumbList\",\"@id\":\"https:\/\/www.kbmedshop.ch\/fr\/produit\/mikrozid-sensitive-wipes\/#breadcrumb\",\"itemListElement\":[{\"@type\":\"ListItem\",\"position\":1,\"name\":\"Accueil\",\"item\":\"https:\/\/www.kbmedshop.ch\/fr\/\"},{\"@type\":\"ListItem\",\"position\":2,\"name\":\"Boutique\",\"item\":\"https:\/\/www.kbmedshop.ch\/shop\/\"},{\"@type\":\"ListItem\",\"position\":3,\"name\":\"Mikrozid Sensitive Wipes\"}]},{\"@type\":\"WebSite\",\"@id\":\"https:\/\/www.kbmedshop.ch\/fr\/#website\",\"url\":\"https:\/\/www.kbmedshop.ch\/fr\/\",\"name\":\"Kbmed\",\"description\":\"\",\"potentialAction\":[{\"@type\":\"SearchAction\",\"target\":{\"@type\":\"EntryPoint\",\"urlTemplate\":\"https:\/\/www.kbmedshop.ch\/fr\/?s={search_term_string}\"},\"query-input\":{\"@type\":\"PropertyValueSpecification\",\"valueRequired\":true,\"valueName\":\"search_term_string\"}}],\"inLanguage\":\"fr-FR\"}]}<\/script>\n<!-- \/ Yoast SEO plugin. -->","yoast_head_json":{"title":"Mikrozid Sensitive Wipes - KB Med","description":"Lingettes d\u00e9sinfectantes sans alcool pour dispositifs m\u00e9dicaux ultra-sensibles. Id\u00e9al pour les sondes d'\u00e9chographie et le verre acrylique (Plexiglas).","robots":{"index":"index","follow":"follow","max-snippet":"max-snippet:-1","max-image-preview":"max-image-preview:large","max-video-preview":"max-video-preview:-1"},"canonical":"https:\/\/www.kbmedshop.ch\/fr\/produit\/mikrozid-sensitive-wipes\/","og_locale":"fr_FR","og_type":"article","og_title":"Mikrozid Sensitive Wipes - KB Med","og_description":"Lingettes d\u00e9sinfectantes sans alcool pour dispositifs m\u00e9dicaux ultra-sensibles. Id\u00e9al pour les sondes d'\u00e9chographie et le verre acrylique (Plexiglas).","og_url":"https:\/\/www.kbmedshop.ch\/fr\/produit\/mikrozid-sensitive-wipes\/","og_site_name":"KB Med","article_modified_time":"2026-04-02T13:32:09+00:00","og_image":[{"width":1748,"height":1244,"url":"https:\/\/www.kbmedshop.ch\/wp-content\/uploads\/2026\/04\/mikrozid_sensitive_wipes.png","type":"image\/png"}],"twitter_card":"summary_large_image","schema":{"@context":"https:\/\/schema.org","@graph":[{"@type":"WebPage","@id":"https:\/\/www.kbmedshop.ch\/fr\/produit\/mikrozid-sensitive-wipes\/","url":"https:\/\/www.kbmedshop.ch\/fr\/produit\/mikrozid-sensitive-wipes\/","name":"Mikrozid Sensitive Wipes - KB Med","isPartOf":{"@id":"https:\/\/www.kbmedshop.ch\/fr\/#website"},"primaryImageOfPage":{"@id":"https:\/\/www.kbmedshop.ch\/fr\/produit\/mikrozid-sensitive-wipes\/#primaryimage"},"image":{"@id":"https:\/\/www.kbmedshop.ch\/fr\/produit\/mikrozid-sensitive-wipes\/#primaryimage"},"thumbnailUrl":"https:\/\/www.kbmedshop.ch\/wp-content\/uploads\/2026\/04\/mikrozid_sensitive_wipes.png","datePublished":"2026-04-02T13:31:04+00:00","dateModified":"2026-04-02T13:32:09+00:00","description":"Lingettes d\u00e9sinfectantes sans alcool pour dispositifs m\u00e9dicaux ultra-sensibles. Id\u00e9al pour les sondes d'\u00e9chographie et le verre acrylique (Plexiglas).","breadcrumb":{"@id":"https:\/\/www.kbmedshop.ch\/fr\/produit\/mikrozid-sensitive-wipes\/#breadcrumb"},"inLanguage":"fr-FR","potentialAction":[{"@type":"ReadAction","target":["https:\/\/www.kbmedshop.ch\/fr\/produit\/mikrozid-sensitive-wipes\/"]}]},{"@type":"ImageObject","inLanguage":"fr-FR","@id":"https:\/\/www.kbmedshop.ch\/fr\/produit\/mikrozid-sensitive-wipes\/#primaryimage","url":"https:\/\/www.kbmedshop.ch\/wp-content\/uploads\/2026\/04\/mikrozid_sensitive_wipes.png","contentUrl":"https:\/\/www.kbmedshop.ch\/wp-content\/uploads\/2026\/04\/mikrozid_sensitive_wipes.png","width":1748,"height":1244},{"@type":"BreadcrumbList","@id":"https:\/\/www.kbmedshop.ch\/fr\/produit\/mikrozid-sensitive-wipes\/#breadcrumb","itemListElement":[{"@type":"ListItem","position":1,"name":"Accueil","item":"https:\/\/www.kbmedshop.ch\/fr\/"},{"@type":"ListItem","position":2,"name":"Boutique","item":"https:\/\/www.kbmedshop.ch\/shop\/"},{"@type":"ListItem","position":3,"name":"Mikrozid Sensitive Wipes"}]},{"@type":"WebSite","@id":"https:\/\/www.kbmedshop.ch\/fr\/#website","url":"https:\/\/www.kbmedshop.ch\/fr\/","name":"Kbmed","description":"","potentialAction":[{"@type":"SearchAction","target":{"@type":"EntryPoint","urlTemplate":"https:\/\/www.kbmedshop.ch\/fr\/?s={search_term_string}"},"query-input":{"@type":"PropertyValueSpecification","valueRequired":true,"valueName":"search_term_string"}}],"inLanguage":"fr-FR"}]}},"_links":{"self":[{"href":"https:\/\/www.kbmedshop.ch\/fr\/wp-json\/wp\/v2\/product\/3805","targetHints":{"allow":["GET"]}}],"collection":[{"href":"https:\/\/www.kbmedshop.ch\/fr\/wp-json\/wp\/v2\/product"}],"about":[{"href":"https:\/\/www.kbmedshop.ch\/fr\/wp-json\/wp\/v2\/types\/product"}],"replies":[{"embeddable":true,"href":"https:\/\/www.kbmedshop.ch\/fr\/wp-json\/wp\/v2\/comments?post=3805"}],"wp:featuredmedia":[{"embeddable":true,"href":"https:\/\/www.kbmedshop.ch\/fr\/wp-json\/wp\/v2\/media\/3695"}],"wp:attachment":[{"href":"https:\/\/www.kbmedshop.ch\/fr\/wp-json\/wp\/v2\/media?parent=3805"}],"wp:term":[{"taxonomy":"product_brand","embeddable":true,"href":"https:\/\/www.kbmedshop.ch\/fr\/wp-json\/wp\/v2\/product_brand?post=3805"},{"taxonomy":"product_cat","embeddable":true,"href":"https:\/\/www.kbmedshop.ch\/fr\/wp-json\/wp\/v2\/product_cat?post=3805"},{"taxonomy":"product_tag","embeddable":true,"href":"https:\/\/www.kbmedshop.ch\/fr\/wp-json\/wp\/v2\/product_tag?post=3805"}],"curies":[{"name":"wp","href":"https:\/\/api.w.org\/{rel}","templated":true}]}}