{"id":3796,"date":"2026-04-02T15:24:38","date_gmt":"2026-04-02T13:24:38","guid":{"rendered":"https:\/\/www.kbmedshop.ch\/?post_type=product&#038;p=3796"},"modified":"2026-04-02T15:25:59","modified_gmt":"2026-04-02T13:25:59","slug":"mikrozid-universal-wipes-green-line","status":"publish","type":"product","link":"https:\/\/www.kbmedshop.ch\/fr\/produit\/mikrozid-universal-wipes-green-line\/","title":{"rendered":"Mikrozid Universal Wipes Green Line"},"content":{"rendered":"<p>La version Green Line des lingettes Mikrozid Universal repr\u00e9sente une avanc\u00e9e majeure chez KB Med, alliant haute performance microbiologique et engagement \u00e9cologique. Con\u00e7ues pour les exigences des cabinets modernes, ces lingettes sont fabriqu\u00e9es \u00e0 partir de mat\u00e9riaux 100 % sans plastique et sont enti\u00e8rement biod\u00e9gradables.<br \/>\nLeur formulation \u00e0 faible teneur en alcool garantit une compatibilit\u00e9 mat\u00e9rielle exceptionnelle : elles peuvent \u00eatre utilis\u00e9es en toute s\u00e9curit\u00e9 sur les \u00e9crans tactiles, les claviers, ainsi que sur les rev\u00eatements en cuir synth\u00e9tique des fauteuils d&rsquo;examen, \u00e9liminant tout risque de fissures ou de d\u00e9coloration. Malgr\u00e9 leur composition durable, leur efficacit\u00e9 reste impressionnante avec un temps d&rsquo;action tr\u00e8s court contre les bact\u00e9ries, les levures et les virus, y compris les Norovirus et le Polyoma SV40. C&rsquo;est la solution id\u00e9ale pour garantir une s\u00e9curit\u00e9 optimale tout en respectant l&rsquo;environnement et l&rsquo;int\u00e9grit\u00e9 de votre mat\u00e9riel m\u00e9dical.<\/p>\n","protected":false},"excerpt":{"rendered":"<p>Solution \u00e9coresponsable pour la d\u00e9sinfection et le nettoyage des surfaces m\u00e9dicales. Ces lingettes biod\u00e9gradables offrent un spectre d&rsquo;action complet tout en pr\u00e9servant vos dispositifs fragiles gr\u00e2ce \u00e0 une formule unique \u00e0 faible teneur en alcool.<\/p>\n<p>Code produit : 70003354 | 70003664<\/p>\n","protected":false},"featured_media":3701,"comment_status":"open","ping_status":"closed","template":"","meta":{"_acf_changed":false},"product_brand":[],"product_cat":[359,357],"product_tag":[],"class_list":{"0":"post-3796","1":"product","2":"type-product","3":"status-publish","4":"has-post-thumbnail","6":"product_cat-consommables-hygiene","7":"product_cat-sterilisation-hygiene-fr","9":"first","10":"instock","11":"taxable","12":"shipping-taxable","13":"purchasable","14":"product-type-variable"},"acf":[],"yoast_head":"<!-- This site is optimized with the Yoast SEO plugin v25.0 - https:\/\/yoast.com\/wordpress\/plugins\/seo\/ -->\n<title>Mikrozid Universal Wipes Green Line - KB Med<\/title>\n<meta name=\"description\" content=\"Lingettes d\u00e9sinfectantes \u00e9cologiques \u00e0 faible teneur en alcool pour surfaces sensibles. 100 % sans plastique et biod\u00e9gradables. Id\u00e9ales pour les \u00e9crans et le cuir synth\u00e9tique.\" \/>\n<meta name=\"robots\" content=\"index, follow, max-snippet:-1, max-image-preview:large, max-video-preview:-1\" \/>\n<link rel=\"canonical\" href=\"https:\/\/www.kbmedshop.ch\/fr\/produit\/mikrozid-universal-wipes-green-line\/\" \/>\n<meta property=\"og:locale\" content=\"fr_FR\" \/>\n<meta property=\"og:type\" content=\"article\" \/>\n<meta property=\"og:title\" content=\"Mikrozid Universal Wipes Green Line - KB Med\" \/>\n<meta property=\"og:description\" content=\"Lingettes d\u00e9sinfectantes \u00e9cologiques \u00e0 faible teneur en alcool pour surfaces sensibles. 100 % sans plastique et biod\u00e9gradables. Id\u00e9ales pour les \u00e9crans et le cuir synth\u00e9tique.\" \/>\n<meta property=\"og:url\" content=\"https:\/\/www.kbmedshop.ch\/fr\/produit\/mikrozid-universal-wipes-green-line\/\" \/>\n<meta property=\"og:site_name\" content=\"KB Med\" \/>\n<meta property=\"article:modified_time\" content=\"2026-04-02T13:25:59+00:00\" \/>\n<meta property=\"og:image\" content=\"https:\/\/www.kbmedshop.ch\/wp-content\/uploads\/2026\/04\/mikrozid_universal_wipes_green_line_1-1024x655.png\" \/>\n\t<meta property=\"og:image:width\" content=\"1024\" \/>\n\t<meta property=\"og:image:height\" content=\"655\" \/>\n\t<meta property=\"og:image:type\" content=\"image\/png\" \/>\n<meta name=\"twitter:card\" content=\"summary_large_image\" \/>\n<script type=\"application\/ld+json\" class=\"yoast-schema-graph\">{\"@context\":\"https:\/\/schema.org\",\"@graph\":[{\"@type\":\"WebPage\",\"@id\":\"https:\/\/www.kbmedshop.ch\/fr\/produit\/mikrozid-universal-wipes-green-line\/\",\"url\":\"https:\/\/www.kbmedshop.ch\/fr\/produit\/mikrozid-universal-wipes-green-line\/\",\"name\":\"Mikrozid Universal Wipes Green Line - KB Med\",\"isPartOf\":{\"@id\":\"https:\/\/www.kbmedshop.ch\/fr\/#website\"},\"primaryImageOfPage\":{\"@id\":\"https:\/\/www.kbmedshop.ch\/fr\/produit\/mikrozid-universal-wipes-green-line\/#primaryimage\"},\"image\":{\"@id\":\"https:\/\/www.kbmedshop.ch\/fr\/produit\/mikrozid-universal-wipes-green-line\/#primaryimage\"},\"thumbnailUrl\":\"https:\/\/www.kbmedshop.ch\/wp-content\/uploads\/2026\/04\/mikrozid_universal_wipes_green_line_1-scaled.png\",\"datePublished\":\"2026-04-02T13:24:38+00:00\",\"dateModified\":\"2026-04-02T13:25:59+00:00\",\"description\":\"Lingettes d\u00e9sinfectantes \u00e9cologiques \u00e0 faible teneur en alcool pour surfaces sensibles. 100 % sans plastique et biod\u00e9gradables. Id\u00e9ales pour les \u00e9crans et le cuir synth\u00e9tique.\",\"breadcrumb\":{\"@id\":\"https:\/\/www.kbmedshop.ch\/fr\/produit\/mikrozid-universal-wipes-green-line\/#breadcrumb\"},\"inLanguage\":\"fr-FR\",\"potentialAction\":[{\"@type\":\"ReadAction\",\"target\":[\"https:\/\/www.kbmedshop.ch\/fr\/produit\/mikrozid-universal-wipes-green-line\/\"]}]},{\"@type\":\"ImageObject\",\"inLanguage\":\"fr-FR\",\"@id\":\"https:\/\/www.kbmedshop.ch\/fr\/produit\/mikrozid-universal-wipes-green-line\/#primaryimage\",\"url\":\"https:\/\/www.kbmedshop.ch\/wp-content\/uploads\/2026\/04\/mikrozid_universal_wipes_green_line_1-scaled.png\",\"contentUrl\":\"https:\/\/www.kbmedshop.ch\/wp-content\/uploads\/2026\/04\/mikrozid_universal_wipes_green_line_1-scaled.png\",\"width\":2560,\"height\":1637},{\"@type\":\"BreadcrumbList\",\"@id\":\"https:\/\/www.kbmedshop.ch\/fr\/produit\/mikrozid-universal-wipes-green-line\/#breadcrumb\",\"itemListElement\":[{\"@type\":\"ListItem\",\"position\":1,\"name\":\"Accueil\",\"item\":\"https:\/\/www.kbmedshop.ch\/fr\/\"},{\"@type\":\"ListItem\",\"position\":2,\"name\":\"Boutique\",\"item\":\"https:\/\/www.kbmedshop.ch\/shop\/\"},{\"@type\":\"ListItem\",\"position\":3,\"name\":\"Mikrozid Universal Wipes Green Line\"}]},{\"@type\":\"WebSite\",\"@id\":\"https:\/\/www.kbmedshop.ch\/fr\/#website\",\"url\":\"https:\/\/www.kbmedshop.ch\/fr\/\",\"name\":\"Kbmed\",\"description\":\"\",\"potentialAction\":[{\"@type\":\"SearchAction\",\"target\":{\"@type\":\"EntryPoint\",\"urlTemplate\":\"https:\/\/www.kbmedshop.ch\/fr\/?s={search_term_string}\"},\"query-input\":{\"@type\":\"PropertyValueSpecification\",\"valueRequired\":true,\"valueName\":\"search_term_string\"}}],\"inLanguage\":\"fr-FR\"}]}<\/script>\n<!-- \/ Yoast SEO plugin. -->","yoast_head_json":{"title":"Mikrozid Universal Wipes Green Line - KB Med","description":"Lingettes d\u00e9sinfectantes \u00e9cologiques \u00e0 faible teneur en alcool pour surfaces sensibles. 100 % sans plastique et biod\u00e9gradables. Id\u00e9ales pour les \u00e9crans et le cuir synth\u00e9tique.","robots":{"index":"index","follow":"follow","max-snippet":"max-snippet:-1","max-image-preview":"max-image-preview:large","max-video-preview":"max-video-preview:-1"},"canonical":"https:\/\/www.kbmedshop.ch\/fr\/produit\/mikrozid-universal-wipes-green-line\/","og_locale":"fr_FR","og_type":"article","og_title":"Mikrozid Universal Wipes Green Line - KB Med","og_description":"Lingettes d\u00e9sinfectantes \u00e9cologiques \u00e0 faible teneur en alcool pour surfaces sensibles. 100 % sans plastique et biod\u00e9gradables. Id\u00e9ales pour les \u00e9crans et le cuir synth\u00e9tique.","og_url":"https:\/\/www.kbmedshop.ch\/fr\/produit\/mikrozid-universal-wipes-green-line\/","og_site_name":"KB Med","article_modified_time":"2026-04-02T13:25:59+00:00","og_image":[{"width":1024,"height":655,"url":"https:\/\/www.kbmedshop.ch\/wp-content\/uploads\/2026\/04\/mikrozid_universal_wipes_green_line_1-1024x655.png","type":"image\/png"}],"twitter_card":"summary_large_image","schema":{"@context":"https:\/\/schema.org","@graph":[{"@type":"WebPage","@id":"https:\/\/www.kbmedshop.ch\/fr\/produit\/mikrozid-universal-wipes-green-line\/","url":"https:\/\/www.kbmedshop.ch\/fr\/produit\/mikrozid-universal-wipes-green-line\/","name":"Mikrozid Universal Wipes Green Line - KB Med","isPartOf":{"@id":"https:\/\/www.kbmedshop.ch\/fr\/#website"},"primaryImageOfPage":{"@id":"https:\/\/www.kbmedshop.ch\/fr\/produit\/mikrozid-universal-wipes-green-line\/#primaryimage"},"image":{"@id":"https:\/\/www.kbmedshop.ch\/fr\/produit\/mikrozid-universal-wipes-green-line\/#primaryimage"},"thumbnailUrl":"https:\/\/www.kbmedshop.ch\/wp-content\/uploads\/2026\/04\/mikrozid_universal_wipes_green_line_1-scaled.png","datePublished":"2026-04-02T13:24:38+00:00","dateModified":"2026-04-02T13:25:59+00:00","description":"Lingettes d\u00e9sinfectantes \u00e9cologiques \u00e0 faible teneur en alcool pour surfaces sensibles. 100 % sans plastique et biod\u00e9gradables. Id\u00e9ales pour les \u00e9crans et le cuir synth\u00e9tique.","breadcrumb":{"@id":"https:\/\/www.kbmedshop.ch\/fr\/produit\/mikrozid-universal-wipes-green-line\/#breadcrumb"},"inLanguage":"fr-FR","potentialAction":[{"@type":"ReadAction","target":["https:\/\/www.kbmedshop.ch\/fr\/produit\/mikrozid-universal-wipes-green-line\/"]}]},{"@type":"ImageObject","inLanguage":"fr-FR","@id":"https:\/\/www.kbmedshop.ch\/fr\/produit\/mikrozid-universal-wipes-green-line\/#primaryimage","url":"https:\/\/www.kbmedshop.ch\/wp-content\/uploads\/2026\/04\/mikrozid_universal_wipes_green_line_1-scaled.png","contentUrl":"https:\/\/www.kbmedshop.ch\/wp-content\/uploads\/2026\/04\/mikrozid_universal_wipes_green_line_1-scaled.png","width":2560,"height":1637},{"@type":"BreadcrumbList","@id":"https:\/\/www.kbmedshop.ch\/fr\/produit\/mikrozid-universal-wipes-green-line\/#breadcrumb","itemListElement":[{"@type":"ListItem","position":1,"name":"Accueil","item":"https:\/\/www.kbmedshop.ch\/fr\/"},{"@type":"ListItem","position":2,"name":"Boutique","item":"https:\/\/www.kbmedshop.ch\/shop\/"},{"@type":"ListItem","position":3,"name":"Mikrozid Universal Wipes Green Line"}]},{"@type":"WebSite","@id":"https:\/\/www.kbmedshop.ch\/fr\/#website","url":"https:\/\/www.kbmedshop.ch\/fr\/","name":"Kbmed","description":"","potentialAction":[{"@type":"SearchAction","target":{"@type":"EntryPoint","urlTemplate":"https:\/\/www.kbmedshop.ch\/fr\/?s={search_term_string}"},"query-input":{"@type":"PropertyValueSpecification","valueRequired":true,"valueName":"search_term_string"}}],"inLanguage":"fr-FR"}]}},"_links":{"self":[{"href":"https:\/\/www.kbmedshop.ch\/fr\/wp-json\/wp\/v2\/product\/3796","targetHints":{"allow":["GET"]}}],"collection":[{"href":"https:\/\/www.kbmedshop.ch\/fr\/wp-json\/wp\/v2\/product"}],"about":[{"href":"https:\/\/www.kbmedshop.ch\/fr\/wp-json\/wp\/v2\/types\/product"}],"replies":[{"embeddable":true,"href":"https:\/\/www.kbmedshop.ch\/fr\/wp-json\/wp\/v2\/comments?post=3796"}],"wp:featuredmedia":[{"embeddable":true,"href":"https:\/\/www.kbmedshop.ch\/fr\/wp-json\/wp\/v2\/media\/3701"}],"wp:attachment":[{"href":"https:\/\/www.kbmedshop.ch\/fr\/wp-json\/wp\/v2\/media?parent=3796"}],"wp:term":[{"taxonomy":"product_brand","embeddable":true,"href":"https:\/\/www.kbmedshop.ch\/fr\/wp-json\/wp\/v2\/product_brand?post=3796"},{"taxonomy":"product_cat","embeddable":true,"href":"https:\/\/www.kbmedshop.ch\/fr\/wp-json\/wp\/v2\/product_cat?post=3796"},{"taxonomy":"product_tag","embeddable":true,"href":"https:\/\/www.kbmedshop.ch\/fr\/wp-json\/wp\/v2\/product_tag?post=3796"}],"curies":[{"name":"wp","href":"https:\/\/api.w.org\/{rel}","templated":true}]}}