{"id":3787,"date":"2026-04-02T15:18:46","date_gmt":"2026-04-02T13:18:46","guid":{"rendered":"https:\/\/www.kbmedshop.ch\/?post_type=product&#038;p=3787"},"modified":"2026-04-02T15:28:03","modified_gmt":"2026-04-02T13:28:03","slug":"mikrozid-universal-wipes","status":"publish","type":"product","link":"https:\/\/www.kbmedshop.ch\/fr\/produit\/mikrozid-universal-wipes\/","title":{"rendered":"Mikrozid Universal Wipes"},"content":{"rendered":"<p>Les lingettes Mikrozid Universal repr\u00e9sentent l&rsquo;\u00e9volution de la d\u00e9sinfection de contact. Con\u00e7ues pour r\u00e9pondre aux exigences des cabinets modernes \u00e9quip\u00e9s de nombreux dispositifs \u00e9lectroniques, elles affichent une compatibilit\u00e9 mat\u00e9rielle exceptionnelle. Contrairement aux lingettes fortement alcoolis\u00e9es, elles peuvent \u00eatre utilis\u00e9es en toute s\u00e9curit\u00e9 sur les \u00e9crans tactiles, les claviers, mais aussi sur les rev\u00eatements en cuir synth\u00e9tique des fauteuils d&rsquo;examen sans risque de craquelure ou de d\u00e9coloration. Leur spectre d&rsquo;activit\u00e9 est impressionnant : elles sont efficaces contre les bact\u00e9ries, les levures et les virus (y compris Norovirus et Polyome SV40) en un temps de contact tr\u00e8s court. Que vous choisissiez la gamme Premium pour sa texture extra-douce ou la version Green Line pour son engagement \u00e9cologique (lingettes 100 % sans plastique et biod\u00e9gradables), vous b\u00e9n\u00e9ficiez d&rsquo;une s\u00e9curit\u00e9 microbiologique optimale sans compromis sur la pr\u00e9servation de votre mat\u00e9riel m\u00e9dical.<\/p>\n","protected":false},"excerpt":{"rendered":"<p>Solution polyvalente pour la d\u00e9sinfection et le nettoyage des surfaces m\u00e9dicales. Sa formule unique \u00e0 faible taux d&rsquo;alcool permet de traiter les dispositifs fragiles tout en garantissant un spectre d&rsquo;action complet.<\/p>\n<p>Code produit : 70000038 | 70001061<\/p>\n","protected":false},"featured_media":3698,"comment_status":"open","ping_status":"closed","template":"","meta":{"_acf_changed":false},"product_brand":[],"product_cat":[359,357],"product_tag":[],"class_list":{"0":"post-3787","1":"product","2":"type-product","3":"status-publish","4":"has-post-thumbnail","6":"product_cat-consommables-hygiene","7":"product_cat-sterilisation-hygiene-fr","9":"first","10":"instock","11":"taxable","12":"shipping-taxable","13":"purchasable","14":"product-type-variable"},"acf":[],"yoast_head":"<!-- This site is optimized with the Yoast SEO plugin v25.0 - https:\/\/yoast.com\/wordpress\/plugins\/seo\/ -->\n<title>Mikrozid Universal Wipes - KB Med<\/title>\n<meta name=\"description\" content=\"Lingettes d\u00e9sinfectantes \u00e0 faible teneur en alcool pour surfaces sensibles. Efficacit\u00e9 rapide et haute compatibilit\u00e9 mat\u00e9rielle. Id\u00e9al pour les \u00e9crans et le cuir synth\u00e9tique.\" \/>\n<meta name=\"robots\" content=\"index, follow, max-snippet:-1, max-image-preview:large, max-video-preview:-1\" \/>\n<link rel=\"canonical\" href=\"https:\/\/www.kbmedshop.ch\/fr\/produit\/mikrozid-universal-wipes\/\" \/>\n<meta property=\"og:locale\" content=\"fr_FR\" \/>\n<meta property=\"og:type\" content=\"article\" \/>\n<meta property=\"og:title\" content=\"Mikrozid Universal Wipes - KB Med\" \/>\n<meta property=\"og:description\" content=\"Lingettes d\u00e9sinfectantes \u00e0 faible teneur en alcool pour surfaces sensibles. Efficacit\u00e9 rapide et haute compatibilit\u00e9 mat\u00e9rielle. Id\u00e9al pour les \u00e9crans et le cuir synth\u00e9tique.\" \/>\n<meta property=\"og:url\" content=\"https:\/\/www.kbmedshop.ch\/fr\/produit\/mikrozid-universal-wipes\/\" \/>\n<meta property=\"og:site_name\" content=\"KB Med\" \/>\n<meta property=\"article:modified_time\" content=\"2026-04-02T13:28:03+00:00\" \/>\n<meta property=\"og:image\" content=\"https:\/\/www.kbmedshop.ch\/wp-content\/uploads\/2026\/04\/mikrozid_universal_p_wipes-1024x666.png\" \/>\n\t<meta property=\"og:image:width\" content=\"1024\" \/>\n\t<meta property=\"og:image:height\" content=\"666\" \/>\n\t<meta property=\"og:image:type\" content=\"image\/png\" \/>\n<meta name=\"twitter:card\" content=\"summary_large_image\" \/>\n<meta name=\"twitter:label1\" content=\"Dur\u00e9e de lecture estim\u00e9e\" \/>\n\t<meta name=\"twitter:data1\" content=\"1 minute\" \/>\n<script type=\"application\/ld+json\" class=\"yoast-schema-graph\">{\"@context\":\"https:\/\/schema.org\",\"@graph\":[{\"@type\":\"WebPage\",\"@id\":\"https:\/\/www.kbmedshop.ch\/fr\/produit\/mikrozid-universal-wipes\/\",\"url\":\"https:\/\/www.kbmedshop.ch\/fr\/produit\/mikrozid-universal-wipes\/\",\"name\":\"Mikrozid Universal Wipes - KB Med\",\"isPartOf\":{\"@id\":\"https:\/\/www.kbmedshop.ch\/fr\/#website\"},\"primaryImageOfPage\":{\"@id\":\"https:\/\/www.kbmedshop.ch\/fr\/produit\/mikrozid-universal-wipes\/#primaryimage\"},\"image\":{\"@id\":\"https:\/\/www.kbmedshop.ch\/fr\/produit\/mikrozid-universal-wipes\/#primaryimage\"},\"thumbnailUrl\":\"https:\/\/www.kbmedshop.ch\/wp-content\/uploads\/2026\/04\/mikrozid_universal_p_wipes-scaled.png\",\"datePublished\":\"2026-04-02T13:18:46+00:00\",\"dateModified\":\"2026-04-02T13:28:03+00:00\",\"description\":\"Lingettes d\u00e9sinfectantes \u00e0 faible teneur en alcool pour surfaces sensibles. Efficacit\u00e9 rapide et haute compatibilit\u00e9 mat\u00e9rielle. Id\u00e9al pour les \u00e9crans et le cuir synth\u00e9tique.\",\"breadcrumb\":{\"@id\":\"https:\/\/www.kbmedshop.ch\/fr\/produit\/mikrozid-universal-wipes\/#breadcrumb\"},\"inLanguage\":\"fr-FR\",\"potentialAction\":[{\"@type\":\"ReadAction\",\"target\":[\"https:\/\/www.kbmedshop.ch\/fr\/produit\/mikrozid-universal-wipes\/\"]}]},{\"@type\":\"ImageObject\",\"inLanguage\":\"fr-FR\",\"@id\":\"https:\/\/www.kbmedshop.ch\/fr\/produit\/mikrozid-universal-wipes\/#primaryimage\",\"url\":\"https:\/\/www.kbmedshop.ch\/wp-content\/uploads\/2026\/04\/mikrozid_universal_p_wipes-scaled.png\",\"contentUrl\":\"https:\/\/www.kbmedshop.ch\/wp-content\/uploads\/2026\/04\/mikrozid_universal_p_wipes-scaled.png\",\"width\":2560,\"height\":1665},{\"@type\":\"BreadcrumbList\",\"@id\":\"https:\/\/www.kbmedshop.ch\/fr\/produit\/mikrozid-universal-wipes\/#breadcrumb\",\"itemListElement\":[{\"@type\":\"ListItem\",\"position\":1,\"name\":\"Accueil\",\"item\":\"https:\/\/www.kbmedshop.ch\/fr\/\"},{\"@type\":\"ListItem\",\"position\":2,\"name\":\"Boutique\",\"item\":\"https:\/\/www.kbmedshop.ch\/shop\/\"},{\"@type\":\"ListItem\",\"position\":3,\"name\":\"Mikrozid Universal Wipes\"}]},{\"@type\":\"WebSite\",\"@id\":\"https:\/\/www.kbmedshop.ch\/fr\/#website\",\"url\":\"https:\/\/www.kbmedshop.ch\/fr\/\",\"name\":\"Kbmed\",\"description\":\"\",\"potentialAction\":[{\"@type\":\"SearchAction\",\"target\":{\"@type\":\"EntryPoint\",\"urlTemplate\":\"https:\/\/www.kbmedshop.ch\/fr\/?s={search_term_string}\"},\"query-input\":{\"@type\":\"PropertyValueSpecification\",\"valueRequired\":true,\"valueName\":\"search_term_string\"}}],\"inLanguage\":\"fr-FR\"}]}<\/script>\n<!-- \/ Yoast SEO plugin. -->","yoast_head_json":{"title":"Mikrozid Universal Wipes - KB Med","description":"Lingettes d\u00e9sinfectantes \u00e0 faible teneur en alcool pour surfaces sensibles. Efficacit\u00e9 rapide et haute compatibilit\u00e9 mat\u00e9rielle. Id\u00e9al pour les \u00e9crans et le cuir synth\u00e9tique.","robots":{"index":"index","follow":"follow","max-snippet":"max-snippet:-1","max-image-preview":"max-image-preview:large","max-video-preview":"max-video-preview:-1"},"canonical":"https:\/\/www.kbmedshop.ch\/fr\/produit\/mikrozid-universal-wipes\/","og_locale":"fr_FR","og_type":"article","og_title":"Mikrozid Universal Wipes - KB Med","og_description":"Lingettes d\u00e9sinfectantes \u00e0 faible teneur en alcool pour surfaces sensibles. Efficacit\u00e9 rapide et haute compatibilit\u00e9 mat\u00e9rielle. Id\u00e9al pour les \u00e9crans et le cuir synth\u00e9tique.","og_url":"https:\/\/www.kbmedshop.ch\/fr\/produit\/mikrozid-universal-wipes\/","og_site_name":"KB Med","article_modified_time":"2026-04-02T13:28:03+00:00","og_image":[{"width":1024,"height":666,"url":"https:\/\/www.kbmedshop.ch\/wp-content\/uploads\/2026\/04\/mikrozid_universal_p_wipes-1024x666.png","type":"image\/png"}],"twitter_card":"summary_large_image","twitter_misc":{"Dur\u00e9e de lecture estim\u00e9e":"1 minute"},"schema":{"@context":"https:\/\/schema.org","@graph":[{"@type":"WebPage","@id":"https:\/\/www.kbmedshop.ch\/fr\/produit\/mikrozid-universal-wipes\/","url":"https:\/\/www.kbmedshop.ch\/fr\/produit\/mikrozid-universal-wipes\/","name":"Mikrozid Universal Wipes - KB Med","isPartOf":{"@id":"https:\/\/www.kbmedshop.ch\/fr\/#website"},"primaryImageOfPage":{"@id":"https:\/\/www.kbmedshop.ch\/fr\/produit\/mikrozid-universal-wipes\/#primaryimage"},"image":{"@id":"https:\/\/www.kbmedshop.ch\/fr\/produit\/mikrozid-universal-wipes\/#primaryimage"},"thumbnailUrl":"https:\/\/www.kbmedshop.ch\/wp-content\/uploads\/2026\/04\/mikrozid_universal_p_wipes-scaled.png","datePublished":"2026-04-02T13:18:46+00:00","dateModified":"2026-04-02T13:28:03+00:00","description":"Lingettes d\u00e9sinfectantes \u00e0 faible teneur en alcool pour surfaces sensibles. Efficacit\u00e9 rapide et haute compatibilit\u00e9 mat\u00e9rielle. Id\u00e9al pour les \u00e9crans et le cuir synth\u00e9tique.","breadcrumb":{"@id":"https:\/\/www.kbmedshop.ch\/fr\/produit\/mikrozid-universal-wipes\/#breadcrumb"},"inLanguage":"fr-FR","potentialAction":[{"@type":"ReadAction","target":["https:\/\/www.kbmedshop.ch\/fr\/produit\/mikrozid-universal-wipes\/"]}]},{"@type":"ImageObject","inLanguage":"fr-FR","@id":"https:\/\/www.kbmedshop.ch\/fr\/produit\/mikrozid-universal-wipes\/#primaryimage","url":"https:\/\/www.kbmedshop.ch\/wp-content\/uploads\/2026\/04\/mikrozid_universal_p_wipes-scaled.png","contentUrl":"https:\/\/www.kbmedshop.ch\/wp-content\/uploads\/2026\/04\/mikrozid_universal_p_wipes-scaled.png","width":2560,"height":1665},{"@type":"BreadcrumbList","@id":"https:\/\/www.kbmedshop.ch\/fr\/produit\/mikrozid-universal-wipes\/#breadcrumb","itemListElement":[{"@type":"ListItem","position":1,"name":"Accueil","item":"https:\/\/www.kbmedshop.ch\/fr\/"},{"@type":"ListItem","position":2,"name":"Boutique","item":"https:\/\/www.kbmedshop.ch\/shop\/"},{"@type":"ListItem","position":3,"name":"Mikrozid Universal Wipes"}]},{"@type":"WebSite","@id":"https:\/\/www.kbmedshop.ch\/fr\/#website","url":"https:\/\/www.kbmedshop.ch\/fr\/","name":"Kbmed","description":"","potentialAction":[{"@type":"SearchAction","target":{"@type":"EntryPoint","urlTemplate":"https:\/\/www.kbmedshop.ch\/fr\/?s={search_term_string}"},"query-input":{"@type":"PropertyValueSpecification","valueRequired":true,"valueName":"search_term_string"}}],"inLanguage":"fr-FR"}]}},"_links":{"self":[{"href":"https:\/\/www.kbmedshop.ch\/fr\/wp-json\/wp\/v2\/product\/3787","targetHints":{"allow":["GET"]}}],"collection":[{"href":"https:\/\/www.kbmedshop.ch\/fr\/wp-json\/wp\/v2\/product"}],"about":[{"href":"https:\/\/www.kbmedshop.ch\/fr\/wp-json\/wp\/v2\/types\/product"}],"replies":[{"embeddable":true,"href":"https:\/\/www.kbmedshop.ch\/fr\/wp-json\/wp\/v2\/comments?post=3787"}],"wp:featuredmedia":[{"embeddable":true,"href":"https:\/\/www.kbmedshop.ch\/fr\/wp-json\/wp\/v2\/media\/3698"}],"wp:attachment":[{"href":"https:\/\/www.kbmedshop.ch\/fr\/wp-json\/wp\/v2\/media?parent=3787"}],"wp:term":[{"taxonomy":"product_brand","embeddable":true,"href":"https:\/\/www.kbmedshop.ch\/fr\/wp-json\/wp\/v2\/product_brand?post=3787"},{"taxonomy":"product_cat","embeddable":true,"href":"https:\/\/www.kbmedshop.ch\/fr\/wp-json\/wp\/v2\/product_cat?post=3787"},{"taxonomy":"product_tag","embeddable":true,"href":"https:\/\/www.kbmedshop.ch\/fr\/wp-json\/wp\/v2\/product_tag?post=3787"}],"curies":[{"name":"wp","href":"https:\/\/api.w.org\/{rel}","templated":true}]}}