{"id":3777,"date":"2026-04-02T15:12:10","date_gmt":"2026-04-02T13:12:10","guid":{"rendered":"https:\/\/www.kbmedshop.ch\/?post_type=product&#038;p=3777"},"modified":"2026-04-02T15:14:23","modified_gmt":"2026-04-02T13:14:23","slug":"mikrozid-af-wipes","status":"publish","type":"product","link":"https:\/\/www.kbmedshop.ch\/fr\/produit\/mikrozid-af-wipes\/","title":{"rendered":"Mikrozid AF Wipes"},"content":{"rendered":"<p>Les lingettes Mikrozid AF Jumbo sont con\u00e7ues pour les professionnels qui ne peuvent pas se permettre d&rsquo;attendre. Gr\u00e2ce \u00e0 leur forte teneur en alcool, elles garantissent une d\u00e9sinfection totale des surfaces (fauteuils, plateaux, poign\u00e9es) en un temps record (souvent moins d&rsquo;une minute). Le format Jumbo est particuli\u00e8rement efficace pour couvrir de larges surfaces avec une seule lingette, sans risquer de manquer de produit \u00e0 mi-chemin. Elles s\u00e8chent rapidement sans laisser de traces r\u00e9siduelles visibles, permettant une remise en service imm\u00e9diate du mat\u00e9riel. Qu&rsquo;elles soient utilis\u00e9es en bo\u00eete distributrice (Dispenser) pour une ergonomie parfaite ou en recharge (Beutel) pour optimiser vos co\u00fbts, ces lingettes sont la r\u00e9f\u00e9rence absolue en bloc op\u00e9ratoire et en salle d&rsquo;examen pour lutter contre les contaminations crois\u00e9es.<\/p>\n","protected":false},"excerpt":{"rendered":"<p>Lingettes impr\u00e9gn\u00e9es d&rsquo;une solution hydro-alcoolique \u00e0 large spectre. Format large pour traiter rapidement les grandes surfaces entre deux patients.<\/p>\n<p>Code produit : 70003094 | 70003093<\/p>\n","protected":false},"featured_media":3692,"comment_status":"open","ping_status":"closed","template":"","meta":{"_acf_changed":false},"product_brand":[],"product_cat":[359,357],"product_tag":[],"class_list":{"0":"post-3777","1":"product","2":"type-product","3":"status-publish","4":"has-post-thumbnail","6":"product_cat-consommables-hygiene","7":"product_cat-sterilisation-hygiene-fr","9":"first","10":"instock","11":"taxable","12":"shipping-taxable","13":"purchasable","14":"product-type-variable"},"acf":[],"yoast_head":"<!-- This site is optimized with the Yoast SEO plugin v25.0 - https:\/\/yoast.com\/wordpress\/plugins\/seo\/ -->\n<title>Mikrozid AF Wipes - KB Med<\/title>\n<meta name=\"description\" content=\"Lingettes d\u00e9sinfectantes rapides \u00e0 base d&#039;alcool pour surfaces m\u00e9dicales. Format Jumbo pour une couverture maximale. Action en 30 secondes.\" \/>\n<meta name=\"robots\" content=\"index, follow, max-snippet:-1, max-image-preview:large, max-video-preview:-1\" \/>\n<link rel=\"canonical\" href=\"https:\/\/www.kbmedshop.ch\/fr\/produit\/mikrozid-af-wipes\/\" \/>\n<meta property=\"og:locale\" content=\"fr_FR\" \/>\n<meta property=\"og:type\" content=\"article\" \/>\n<meta property=\"og:title\" content=\"Mikrozid AF Wipes - KB Med\" \/>\n<meta property=\"og:description\" content=\"Lingettes d\u00e9sinfectantes rapides \u00e0 base d&#039;alcool pour surfaces m\u00e9dicales. Format Jumbo pour une couverture maximale. Action en 30 secondes.\" \/>\n<meta property=\"og:url\" content=\"https:\/\/www.kbmedshop.ch\/fr\/produit\/mikrozid-af-wipes\/\" \/>\n<meta property=\"og:site_name\" content=\"KB Med\" \/>\n<meta property=\"article:modified_time\" content=\"2026-04-02T13:14:23+00:00\" \/>\n<meta property=\"og:image\" content=\"https:\/\/www.kbmedshop.ch\/wp-content\/uploads\/2026\/04\/mikrozid_af-1024x840.png\" \/>\n\t<meta property=\"og:image:width\" content=\"1024\" \/>\n\t<meta property=\"og:image:height\" content=\"840\" \/>\n\t<meta property=\"og:image:type\" content=\"image\/png\" \/>\n<meta name=\"twitter:card\" content=\"summary_large_image\" \/>\n<script type=\"application\/ld+json\" class=\"yoast-schema-graph\">{\"@context\":\"https:\/\/schema.org\",\"@graph\":[{\"@type\":\"WebPage\",\"@id\":\"https:\/\/www.kbmedshop.ch\/fr\/produit\/mikrozid-af-wipes\/\",\"url\":\"https:\/\/www.kbmedshop.ch\/fr\/produit\/mikrozid-af-wipes\/\",\"name\":\"Mikrozid AF Wipes - KB Med\",\"isPartOf\":{\"@id\":\"https:\/\/www.kbmedshop.ch\/fr\/#website\"},\"primaryImageOfPage\":{\"@id\":\"https:\/\/www.kbmedshop.ch\/fr\/produit\/mikrozid-af-wipes\/#primaryimage\"},\"image\":{\"@id\":\"https:\/\/www.kbmedshop.ch\/fr\/produit\/mikrozid-af-wipes\/#primaryimage\"},\"thumbnailUrl\":\"https:\/\/www.kbmedshop.ch\/wp-content\/uploads\/2026\/04\/mikrozid_af-scaled.png\",\"datePublished\":\"2026-04-02T13:12:10+00:00\",\"dateModified\":\"2026-04-02T13:14:23+00:00\",\"description\":\"Lingettes d\u00e9sinfectantes rapides \u00e0 base d'alcool pour surfaces m\u00e9dicales. Format Jumbo pour une couverture maximale. Action en 30 secondes.\",\"breadcrumb\":{\"@id\":\"https:\/\/www.kbmedshop.ch\/fr\/produit\/mikrozid-af-wipes\/#breadcrumb\"},\"inLanguage\":\"fr-FR\",\"potentialAction\":[{\"@type\":\"ReadAction\",\"target\":[\"https:\/\/www.kbmedshop.ch\/fr\/produit\/mikrozid-af-wipes\/\"]}]},{\"@type\":\"ImageObject\",\"inLanguage\":\"fr-FR\",\"@id\":\"https:\/\/www.kbmedshop.ch\/fr\/produit\/mikrozid-af-wipes\/#primaryimage\",\"url\":\"https:\/\/www.kbmedshop.ch\/wp-content\/uploads\/2026\/04\/mikrozid_af-scaled.png\",\"contentUrl\":\"https:\/\/www.kbmedshop.ch\/wp-content\/uploads\/2026\/04\/mikrozid_af-scaled.png\",\"width\":2560,\"height\":2099},{\"@type\":\"BreadcrumbList\",\"@id\":\"https:\/\/www.kbmedshop.ch\/fr\/produit\/mikrozid-af-wipes\/#breadcrumb\",\"itemListElement\":[{\"@type\":\"ListItem\",\"position\":1,\"name\":\"Accueil\",\"item\":\"https:\/\/www.kbmedshop.ch\/fr\/\"},{\"@type\":\"ListItem\",\"position\":2,\"name\":\"Boutique\",\"item\":\"https:\/\/www.kbmedshop.ch\/shop\/\"},{\"@type\":\"ListItem\",\"position\":3,\"name\":\"Mikrozid AF Wipes\"}]},{\"@type\":\"WebSite\",\"@id\":\"https:\/\/www.kbmedshop.ch\/fr\/#website\",\"url\":\"https:\/\/www.kbmedshop.ch\/fr\/\",\"name\":\"Kbmed\",\"description\":\"\",\"potentialAction\":[{\"@type\":\"SearchAction\",\"target\":{\"@type\":\"EntryPoint\",\"urlTemplate\":\"https:\/\/www.kbmedshop.ch\/fr\/?s={search_term_string}\"},\"query-input\":{\"@type\":\"PropertyValueSpecification\",\"valueRequired\":true,\"valueName\":\"search_term_string\"}}],\"inLanguage\":\"fr-FR\"}]}<\/script>\n<!-- \/ Yoast SEO plugin. -->","yoast_head_json":{"title":"Mikrozid AF Wipes - KB Med","description":"Lingettes d\u00e9sinfectantes rapides \u00e0 base d'alcool pour surfaces m\u00e9dicales. Format Jumbo pour une couverture maximale. Action en 30 secondes.","robots":{"index":"index","follow":"follow","max-snippet":"max-snippet:-1","max-image-preview":"max-image-preview:large","max-video-preview":"max-video-preview:-1"},"canonical":"https:\/\/www.kbmedshop.ch\/fr\/produit\/mikrozid-af-wipes\/","og_locale":"fr_FR","og_type":"article","og_title":"Mikrozid AF Wipes - KB Med","og_description":"Lingettes d\u00e9sinfectantes rapides \u00e0 base d'alcool pour surfaces m\u00e9dicales. Format Jumbo pour une couverture maximale. Action en 30 secondes.","og_url":"https:\/\/www.kbmedshop.ch\/fr\/produit\/mikrozid-af-wipes\/","og_site_name":"KB Med","article_modified_time":"2026-04-02T13:14:23+00:00","og_image":[{"width":1024,"height":840,"url":"https:\/\/www.kbmedshop.ch\/wp-content\/uploads\/2026\/04\/mikrozid_af-1024x840.png","type":"image\/png"}],"twitter_card":"summary_large_image","schema":{"@context":"https:\/\/schema.org","@graph":[{"@type":"WebPage","@id":"https:\/\/www.kbmedshop.ch\/fr\/produit\/mikrozid-af-wipes\/","url":"https:\/\/www.kbmedshop.ch\/fr\/produit\/mikrozid-af-wipes\/","name":"Mikrozid AF Wipes - KB Med","isPartOf":{"@id":"https:\/\/www.kbmedshop.ch\/fr\/#website"},"primaryImageOfPage":{"@id":"https:\/\/www.kbmedshop.ch\/fr\/produit\/mikrozid-af-wipes\/#primaryimage"},"image":{"@id":"https:\/\/www.kbmedshop.ch\/fr\/produit\/mikrozid-af-wipes\/#primaryimage"},"thumbnailUrl":"https:\/\/www.kbmedshop.ch\/wp-content\/uploads\/2026\/04\/mikrozid_af-scaled.png","datePublished":"2026-04-02T13:12:10+00:00","dateModified":"2026-04-02T13:14:23+00:00","description":"Lingettes d\u00e9sinfectantes rapides \u00e0 base d'alcool pour surfaces m\u00e9dicales. Format Jumbo pour une couverture maximale. Action en 30 secondes.","breadcrumb":{"@id":"https:\/\/www.kbmedshop.ch\/fr\/produit\/mikrozid-af-wipes\/#breadcrumb"},"inLanguage":"fr-FR","potentialAction":[{"@type":"ReadAction","target":["https:\/\/www.kbmedshop.ch\/fr\/produit\/mikrozid-af-wipes\/"]}]},{"@type":"ImageObject","inLanguage":"fr-FR","@id":"https:\/\/www.kbmedshop.ch\/fr\/produit\/mikrozid-af-wipes\/#primaryimage","url":"https:\/\/www.kbmedshop.ch\/wp-content\/uploads\/2026\/04\/mikrozid_af-scaled.png","contentUrl":"https:\/\/www.kbmedshop.ch\/wp-content\/uploads\/2026\/04\/mikrozid_af-scaled.png","width":2560,"height":2099},{"@type":"BreadcrumbList","@id":"https:\/\/www.kbmedshop.ch\/fr\/produit\/mikrozid-af-wipes\/#breadcrumb","itemListElement":[{"@type":"ListItem","position":1,"name":"Accueil","item":"https:\/\/www.kbmedshop.ch\/fr\/"},{"@type":"ListItem","position":2,"name":"Boutique","item":"https:\/\/www.kbmedshop.ch\/shop\/"},{"@type":"ListItem","position":3,"name":"Mikrozid AF Wipes"}]},{"@type":"WebSite","@id":"https:\/\/www.kbmedshop.ch\/fr\/#website","url":"https:\/\/www.kbmedshop.ch\/fr\/","name":"Kbmed","description":"","potentialAction":[{"@type":"SearchAction","target":{"@type":"EntryPoint","urlTemplate":"https:\/\/www.kbmedshop.ch\/fr\/?s={search_term_string}"},"query-input":{"@type":"PropertyValueSpecification","valueRequired":true,"valueName":"search_term_string"}}],"inLanguage":"fr-FR"}]}},"_links":{"self":[{"href":"https:\/\/www.kbmedshop.ch\/fr\/wp-json\/wp\/v2\/product\/3777","targetHints":{"allow":["GET"]}}],"collection":[{"href":"https:\/\/www.kbmedshop.ch\/fr\/wp-json\/wp\/v2\/product"}],"about":[{"href":"https:\/\/www.kbmedshop.ch\/fr\/wp-json\/wp\/v2\/types\/product"}],"replies":[{"embeddable":true,"href":"https:\/\/www.kbmedshop.ch\/fr\/wp-json\/wp\/v2\/comments?post=3777"}],"wp:featuredmedia":[{"embeddable":true,"href":"https:\/\/www.kbmedshop.ch\/fr\/wp-json\/wp\/v2\/media\/3692"}],"wp:attachment":[{"href":"https:\/\/www.kbmedshop.ch\/fr\/wp-json\/wp\/v2\/media?parent=3777"}],"wp:term":[{"taxonomy":"product_brand","embeddable":true,"href":"https:\/\/www.kbmedshop.ch\/fr\/wp-json\/wp\/v2\/product_brand?post=3777"},{"taxonomy":"product_cat","embeddable":true,"href":"https:\/\/www.kbmedshop.ch\/fr\/wp-json\/wp\/v2\/product_cat?post=3777"},{"taxonomy":"product_tag","embeddable":true,"href":"https:\/\/www.kbmedshop.ch\/fr\/wp-json\/wp\/v2\/product_tag?post=3777"}],"curies":[{"name":"wp","href":"https:\/\/api.w.org\/{rel}","templated":true}]}}