{"id":3768,"date":"2026-04-02T15:00:14","date_gmt":"2026-04-02T13:00:14","guid":{"rendered":"https:\/\/www.kbmedshop.ch\/?post_type=product&#038;p=3768"},"modified":"2026-04-02T15:01:18","modified_gmt":"2026-04-02T13:01:18","slug":"kodan-wipes","status":"publish","type":"product","link":"https:\/\/www.kbmedshop.ch\/fr\/produit\/kodan-wipes\/","title":{"rendered":"Kodan Wipes"},"content":{"rendered":"<p>Les lingettes Kodan (N) sont un incontournable du quotidien m\u00e9dical pour les interventions rapides. Impr\u00e9gn\u00e9es de la solution Kodan reconnue pour sa tol\u00e9rance cutan\u00e9e et son spectre d&rsquo;action rapide, elles permettent de d\u00e9sinfecter une zone de peau avant une injection ou de nettoyer instantan\u00e9ment de petits instruments de mesure. Leur format compact de 90 lingettes est parfaitement adapt\u00e9 aux chariots de soins ou aux sacs d&rsquo;urgence. Le conditionnement garantit que chaque lingette reste satur\u00e9e de produit jusqu&rsquo;\u00e0 la derni\u00e8re utilisation du pot. Pour une approche plus \u00e9cologique et \u00e9conomique, le syst\u00e8me de recharge (Refill) permet de r\u00e9utiliser le distributeur d&rsquo;origine tout en r\u00e9duisant les d\u00e9chets plastiques. Un produit essentiel disponible chez KB Med pour maintenir une barri\u00e8re d&rsquo;hygi\u00e8ne constante.<\/p>\n","protected":false},"excerpt":{"rendered":"<p>Lingettes impr\u00e9gn\u00e9es d&rsquo;une solution alcoolique pour la d\u00e9sinfection rapide. Id\u00e9ales pour l&rsquo;antisepsie cutan\u00e9e ponctuelle ou le nettoyage de petits objets m\u00e9dicaux.<\/p>\n<p>Code produit : 70002035 | 70002035<\/p>\n","protected":false},"featured_media":3689,"comment_status":"open","ping_status":"closed","template":"","meta":{"_acf_changed":false},"product_brand":[],"product_cat":[359,357],"product_tag":[],"class_list":{"0":"post-3768","1":"product","2":"type-product","3":"status-publish","4":"has-post-thumbnail","6":"product_cat-consommables-hygiene","7":"product_cat-sterilisation-hygiene-fr","9":"first","10":"instock","11":"taxable","12":"shipping-taxable","13":"purchasable","14":"product-type-variable"},"acf":[],"yoast_head":"<!-- This site is optimized with the Yoast SEO plugin v25.0 - https:\/\/yoast.com\/wordpress\/plugins\/seo\/ -->\n<title>Kodan Wipes - KB Med<\/title>\n<meta name=\"description\" content=\"Lingettes antiseptiques pour la peau et les petites surfaces. Format pratique de 90 lingettes pour une hygi\u00e8ne imm\u00e9diate.\" \/>\n<meta name=\"robots\" content=\"index, follow, max-snippet:-1, max-image-preview:large, max-video-preview:-1\" \/>\n<link rel=\"canonical\" href=\"https:\/\/www.kbmedshop.ch\/fr\/produit\/kodan-wipes\/\" \/>\n<meta property=\"og:locale\" content=\"fr_FR\" \/>\n<meta property=\"og:type\" content=\"article\" \/>\n<meta property=\"og:title\" content=\"Kodan Wipes - KB Med\" \/>\n<meta property=\"og:description\" content=\"Lingettes antiseptiques pour la peau et les petites surfaces. Format pratique de 90 lingettes pour une hygi\u00e8ne imm\u00e9diate.\" \/>\n<meta property=\"og:url\" content=\"https:\/\/www.kbmedshop.ch\/fr\/produit\/kodan-wipes\/\" \/>\n<meta property=\"og:site_name\" content=\"KB Med\" \/>\n<meta property=\"article:modified_time\" content=\"2026-04-02T13:01:18+00:00\" \/>\n<meta property=\"og:image\" content=\"https:\/\/www.kbmedshop.ch\/wp-content\/uploads\/2026\/04\/kodan_wipes_90-693x1024.png\" \/>\n\t<meta property=\"og:image:width\" content=\"693\" \/>\n\t<meta property=\"og:image:height\" content=\"1024\" \/>\n\t<meta property=\"og:image:type\" content=\"image\/png\" \/>\n<meta name=\"twitter:card\" content=\"summary_large_image\" \/>\n<script type=\"application\/ld+json\" class=\"yoast-schema-graph\">{\"@context\":\"https:\/\/schema.org\",\"@graph\":[{\"@type\":\"WebPage\",\"@id\":\"https:\/\/www.kbmedshop.ch\/fr\/produit\/kodan-wipes\/\",\"url\":\"https:\/\/www.kbmedshop.ch\/fr\/produit\/kodan-wipes\/\",\"name\":\"Kodan Wipes - KB Med\",\"isPartOf\":{\"@id\":\"https:\/\/www.kbmedshop.ch\/fr\/#website\"},\"primaryImageOfPage\":{\"@id\":\"https:\/\/www.kbmedshop.ch\/fr\/produit\/kodan-wipes\/#primaryimage\"},\"image\":{\"@id\":\"https:\/\/www.kbmedshop.ch\/fr\/produit\/kodan-wipes\/#primaryimage\"},\"thumbnailUrl\":\"https:\/\/www.kbmedshop.ch\/wp-content\/uploads\/2026\/04\/kodan_wipes_90.png\",\"datePublished\":\"2026-04-02T13:00:14+00:00\",\"dateModified\":\"2026-04-02T13:01:18+00:00\",\"description\":\"Lingettes antiseptiques pour la peau et les petites surfaces. Format pratique de 90 lingettes pour une hygi\u00e8ne imm\u00e9diate.\",\"breadcrumb\":{\"@id\":\"https:\/\/www.kbmedshop.ch\/fr\/produit\/kodan-wipes\/#breadcrumb\"},\"inLanguage\":\"fr-FR\",\"potentialAction\":[{\"@type\":\"ReadAction\",\"target\":[\"https:\/\/www.kbmedshop.ch\/fr\/produit\/kodan-wipes\/\"]}]},{\"@type\":\"ImageObject\",\"inLanguage\":\"fr-FR\",\"@id\":\"https:\/\/www.kbmedshop.ch\/fr\/produit\/kodan-wipes\/#primaryimage\",\"url\":\"https:\/\/www.kbmedshop.ch\/wp-content\/uploads\/2026\/04\/kodan_wipes_90.png\",\"contentUrl\":\"https:\/\/www.kbmedshop.ch\/wp-content\/uploads\/2026\/04\/kodan_wipes_90.png\",\"width\":1199,\"height\":1772},{\"@type\":\"BreadcrumbList\",\"@id\":\"https:\/\/www.kbmedshop.ch\/fr\/produit\/kodan-wipes\/#breadcrumb\",\"itemListElement\":[{\"@type\":\"ListItem\",\"position\":1,\"name\":\"Accueil\",\"item\":\"https:\/\/www.kbmedshop.ch\/fr\/\"},{\"@type\":\"ListItem\",\"position\":2,\"name\":\"Boutique\",\"item\":\"https:\/\/www.kbmedshop.ch\/shop\/\"},{\"@type\":\"ListItem\",\"position\":3,\"name\":\"Kodan Wipes\"}]},{\"@type\":\"WebSite\",\"@id\":\"https:\/\/www.kbmedshop.ch\/fr\/#website\",\"url\":\"https:\/\/www.kbmedshop.ch\/fr\/\",\"name\":\"Kbmed\",\"description\":\"\",\"potentialAction\":[{\"@type\":\"SearchAction\",\"target\":{\"@type\":\"EntryPoint\",\"urlTemplate\":\"https:\/\/www.kbmedshop.ch\/fr\/?s={search_term_string}\"},\"query-input\":{\"@type\":\"PropertyValueSpecification\",\"valueRequired\":true,\"valueName\":\"search_term_string\"}}],\"inLanguage\":\"fr-FR\"}]}<\/script>\n<!-- \/ Yoast SEO plugin. -->","yoast_head_json":{"title":"Kodan Wipes - KB Med","description":"Lingettes antiseptiques pour la peau et les petites surfaces. Format pratique de 90 lingettes pour une hygi\u00e8ne imm\u00e9diate.","robots":{"index":"index","follow":"follow","max-snippet":"max-snippet:-1","max-image-preview":"max-image-preview:large","max-video-preview":"max-video-preview:-1"},"canonical":"https:\/\/www.kbmedshop.ch\/fr\/produit\/kodan-wipes\/","og_locale":"fr_FR","og_type":"article","og_title":"Kodan Wipes - KB Med","og_description":"Lingettes antiseptiques pour la peau et les petites surfaces. Format pratique de 90 lingettes pour une hygi\u00e8ne imm\u00e9diate.","og_url":"https:\/\/www.kbmedshop.ch\/fr\/produit\/kodan-wipes\/","og_site_name":"KB Med","article_modified_time":"2026-04-02T13:01:18+00:00","og_image":[{"width":693,"height":1024,"url":"https:\/\/www.kbmedshop.ch\/wp-content\/uploads\/2026\/04\/kodan_wipes_90-693x1024.png","type":"image\/png"}],"twitter_card":"summary_large_image","schema":{"@context":"https:\/\/schema.org","@graph":[{"@type":"WebPage","@id":"https:\/\/www.kbmedshop.ch\/fr\/produit\/kodan-wipes\/","url":"https:\/\/www.kbmedshop.ch\/fr\/produit\/kodan-wipes\/","name":"Kodan Wipes - KB Med","isPartOf":{"@id":"https:\/\/www.kbmedshop.ch\/fr\/#website"},"primaryImageOfPage":{"@id":"https:\/\/www.kbmedshop.ch\/fr\/produit\/kodan-wipes\/#primaryimage"},"image":{"@id":"https:\/\/www.kbmedshop.ch\/fr\/produit\/kodan-wipes\/#primaryimage"},"thumbnailUrl":"https:\/\/www.kbmedshop.ch\/wp-content\/uploads\/2026\/04\/kodan_wipes_90.png","datePublished":"2026-04-02T13:00:14+00:00","dateModified":"2026-04-02T13:01:18+00:00","description":"Lingettes antiseptiques pour la peau et les petites surfaces. Format pratique de 90 lingettes pour une hygi\u00e8ne imm\u00e9diate.","breadcrumb":{"@id":"https:\/\/www.kbmedshop.ch\/fr\/produit\/kodan-wipes\/#breadcrumb"},"inLanguage":"fr-FR","potentialAction":[{"@type":"ReadAction","target":["https:\/\/www.kbmedshop.ch\/fr\/produit\/kodan-wipes\/"]}]},{"@type":"ImageObject","inLanguage":"fr-FR","@id":"https:\/\/www.kbmedshop.ch\/fr\/produit\/kodan-wipes\/#primaryimage","url":"https:\/\/www.kbmedshop.ch\/wp-content\/uploads\/2026\/04\/kodan_wipes_90.png","contentUrl":"https:\/\/www.kbmedshop.ch\/wp-content\/uploads\/2026\/04\/kodan_wipes_90.png","width":1199,"height":1772},{"@type":"BreadcrumbList","@id":"https:\/\/www.kbmedshop.ch\/fr\/produit\/kodan-wipes\/#breadcrumb","itemListElement":[{"@type":"ListItem","position":1,"name":"Accueil","item":"https:\/\/www.kbmedshop.ch\/fr\/"},{"@type":"ListItem","position":2,"name":"Boutique","item":"https:\/\/www.kbmedshop.ch\/shop\/"},{"@type":"ListItem","position":3,"name":"Kodan Wipes"}]},{"@type":"WebSite","@id":"https:\/\/www.kbmedshop.ch\/fr\/#website","url":"https:\/\/www.kbmedshop.ch\/fr\/","name":"Kbmed","description":"","potentialAction":[{"@type":"SearchAction","target":{"@type":"EntryPoint","urlTemplate":"https:\/\/www.kbmedshop.ch\/fr\/?s={search_term_string}"},"query-input":{"@type":"PropertyValueSpecification","valueRequired":true,"valueName":"search_term_string"}}],"inLanguage":"fr-FR"}]}},"_links":{"self":[{"href":"https:\/\/www.kbmedshop.ch\/fr\/wp-json\/wp\/v2\/product\/3768","targetHints":{"allow":["GET"]}}],"collection":[{"href":"https:\/\/www.kbmedshop.ch\/fr\/wp-json\/wp\/v2\/product"}],"about":[{"href":"https:\/\/www.kbmedshop.ch\/fr\/wp-json\/wp\/v2\/types\/product"}],"replies":[{"embeddable":true,"href":"https:\/\/www.kbmedshop.ch\/fr\/wp-json\/wp\/v2\/comments?post=3768"}],"wp:featuredmedia":[{"embeddable":true,"href":"https:\/\/www.kbmedshop.ch\/fr\/wp-json\/wp\/v2\/media\/3689"}],"wp:attachment":[{"href":"https:\/\/www.kbmedshop.ch\/fr\/wp-json\/wp\/v2\/media?parent=3768"}],"wp:term":[{"taxonomy":"product_brand","embeddable":true,"href":"https:\/\/www.kbmedshop.ch\/fr\/wp-json\/wp\/v2\/product_brand?post=3768"},{"taxonomy":"product_cat","embeddable":true,"href":"https:\/\/www.kbmedshop.ch\/fr\/wp-json\/wp\/v2\/product_cat?post=3768"},{"taxonomy":"product_tag","embeddable":true,"href":"https:\/\/www.kbmedshop.ch\/fr\/wp-json\/wp\/v2\/product_tag?post=3768"}],"curies":[{"name":"wp","href":"https:\/\/api.w.org\/{rel}","templated":true}]}}