{"id":3763,"date":"2026-04-02T14:54:33","date_gmt":"2026-04-02T12:54:33","guid":{"rendered":"https:\/\/www.kbmedshop.ch\/?post_type=product&#038;p=3763"},"modified":"2026-04-02T14:55:31","modified_gmt":"2026-04-02T12:55:31","slug":"gigasept-power-set3","status":"publish","type":"product","link":"https:\/\/www.kbmedshop.ch\/fr\/produit\/gigasept-power-set3\/","title":{"rendered":"Gigasept Power Set3"},"content":{"rendered":"<p>Le Gigasept Power Set3 a \u00e9t\u00e9 d\u00e9velopp\u00e9 pour r\u00e9pondre aux besoins des cliniques et cabinets g\u00e9rant des dispositifs m\u00e9dicaux particuli\u00e8rement expos\u00e9s ou complexes. Ce syst\u00e8me garantit une \u00e9limination compl\u00e8te du biofilm et des d\u00e9p\u00f4ts prot\u00e9iques les plus tenaces, tout en assurant une s\u00e9curit\u00e9 microbiologique totale. Sa composition chimique \u00e9quilibr\u00e9e permet d&rsquo;attaquer les agents pathog\u00e8nes sans alt\u00e9rer les alliages m\u00e9talliques ni les surfaces synth\u00e9tiques de haute qualit\u00e9. C&rsquo;est l&rsquo;alli\u00e9 id\u00e9al pour une rotation rapide des instruments tout en respectant les normes d&rsquo;hygi\u00e8ne les plus strictes. Ce set permet de pr\u00e9parer vos instruments de mani\u00e8re optimale avant leur passage en autoclave, garantissant ainsi un cycle de st\u00e9rilisation sans faille.<\/p>\n","protected":false},"excerpt":{"rendered":"<p>Kit complet de nettoyage et d\u00e9sinfection haute performance. Con\u00e7u pour les protocoles o\u00f9 la puissance d&rsquo;action et la rapidit\u00e9 sont les priorit\u00e9s absolues.<\/p>\n<p>Code produit : 70003176<\/p>\n","protected":false},"featured_media":3686,"comment_status":"open","ping_status":"closed","template":"","meta":{"_acf_changed":false},"product_brand":[],"product_cat":[359,357],"product_tag":[],"class_list":{"0":"post-3763","1":"product","2":"type-product","3":"status-publish","4":"has-post-thumbnail","6":"product_cat-consommables-hygiene","7":"product_cat-sterilisation-hygiene-fr","9":"first","10":"instock","11":"taxable","12":"shipping-taxable","13":"purchasable","14":"product-type-simple"},"acf":[],"yoast_head":"<!-- This site is optimized with the Yoast SEO plugin v25.0 - https:\/\/yoast.com\/wordpress\/plugins\/seo\/ -->\n<title>Gigasept Power Set3 - KB Med<\/title>\n<meta name=\"description\" content=\"Syst\u00e8me de d\u00e9sinfection intensif pour l&#039;instrumentation sp\u00e9cifique. \u00c9limination radicale des contaminants organiques et microbiens.\" \/>\n<meta name=\"robots\" content=\"index, follow, max-snippet:-1, max-image-preview:large, max-video-preview:-1\" \/>\n<link rel=\"canonical\" href=\"https:\/\/www.kbmedshop.ch\/fr\/produit\/gigasept-power-set3\/\" \/>\n<meta property=\"og:locale\" content=\"fr_FR\" \/>\n<meta property=\"og:type\" content=\"article\" \/>\n<meta property=\"og:title\" content=\"Gigasept Power Set3 - KB Med\" \/>\n<meta property=\"og:description\" content=\"Syst\u00e8me de d\u00e9sinfection intensif pour l&#039;instrumentation sp\u00e9cifique. \u00c9limination radicale des contaminants organiques et microbiens.\" \/>\n<meta property=\"og:url\" content=\"https:\/\/www.kbmedshop.ch\/fr\/produit\/gigasept-power-set3\/\" \/>\n<meta property=\"og:site_name\" content=\"KB Med\" \/>\n<meta property=\"article:modified_time\" content=\"2026-04-02T12:55:31+00:00\" \/>\n<meta property=\"og:image\" content=\"https:\/\/www.kbmedshop.ch\/wp-content\/uploads\/2026\/04\/gigasept_power_set3-1024x737.png\" \/>\n\t<meta property=\"og:image:width\" content=\"1024\" \/>\n\t<meta property=\"og:image:height\" content=\"737\" \/>\n\t<meta property=\"og:image:type\" content=\"image\/png\" \/>\n<meta name=\"twitter:card\" content=\"summary_large_image\" \/>\n<script type=\"application\/ld+json\" class=\"yoast-schema-graph\">{\"@context\":\"https:\/\/schema.org\",\"@graph\":[{\"@type\":\"WebPage\",\"@id\":\"https:\/\/www.kbmedshop.ch\/fr\/produit\/gigasept-power-set3\/\",\"url\":\"https:\/\/www.kbmedshop.ch\/fr\/produit\/gigasept-power-set3\/\",\"name\":\"Gigasept Power Set3 - KB Med\",\"isPartOf\":{\"@id\":\"https:\/\/www.kbmedshop.ch\/fr\/#website\"},\"primaryImageOfPage\":{\"@id\":\"https:\/\/www.kbmedshop.ch\/fr\/produit\/gigasept-power-set3\/#primaryimage\"},\"image\":{\"@id\":\"https:\/\/www.kbmedshop.ch\/fr\/produit\/gigasept-power-set3\/#primaryimage\"},\"thumbnailUrl\":\"https:\/\/www.kbmedshop.ch\/wp-content\/uploads\/2026\/04\/gigasept_power_set3-scaled.png\",\"datePublished\":\"2026-04-02T12:54:33+00:00\",\"dateModified\":\"2026-04-02T12:55:31+00:00\",\"description\":\"Syst\u00e8me de d\u00e9sinfection intensif pour l'instrumentation sp\u00e9cifique. \u00c9limination radicale des contaminants organiques et microbiens.\",\"breadcrumb\":{\"@id\":\"https:\/\/www.kbmedshop.ch\/fr\/produit\/gigasept-power-set3\/#breadcrumb\"},\"inLanguage\":\"fr-FR\",\"potentialAction\":[{\"@type\":\"ReadAction\",\"target\":[\"https:\/\/www.kbmedshop.ch\/fr\/produit\/gigasept-power-set3\/\"]}]},{\"@type\":\"ImageObject\",\"inLanguage\":\"fr-FR\",\"@id\":\"https:\/\/www.kbmedshop.ch\/fr\/produit\/gigasept-power-set3\/#primaryimage\",\"url\":\"https:\/\/www.kbmedshop.ch\/wp-content\/uploads\/2026\/04\/gigasept_power_set3-scaled.png\",\"contentUrl\":\"https:\/\/www.kbmedshop.ch\/wp-content\/uploads\/2026\/04\/gigasept_power_set3-scaled.png\",\"width\":2560,\"height\":1842},{\"@type\":\"BreadcrumbList\",\"@id\":\"https:\/\/www.kbmedshop.ch\/fr\/produit\/gigasept-power-set3\/#breadcrumb\",\"itemListElement\":[{\"@type\":\"ListItem\",\"position\":1,\"name\":\"Accueil\",\"item\":\"https:\/\/www.kbmedshop.ch\/fr\/\"},{\"@type\":\"ListItem\",\"position\":2,\"name\":\"Boutique\",\"item\":\"https:\/\/www.kbmedshop.ch\/shop\/\"},{\"@type\":\"ListItem\",\"position\":3,\"name\":\"Gigasept Power Set3\"}]},{\"@type\":\"WebSite\",\"@id\":\"https:\/\/www.kbmedshop.ch\/fr\/#website\",\"url\":\"https:\/\/www.kbmedshop.ch\/fr\/\",\"name\":\"Kbmed\",\"description\":\"\",\"potentialAction\":[{\"@type\":\"SearchAction\",\"target\":{\"@type\":\"EntryPoint\",\"urlTemplate\":\"https:\/\/www.kbmedshop.ch\/fr\/?s={search_term_string}\"},\"query-input\":{\"@type\":\"PropertyValueSpecification\",\"valueRequired\":true,\"valueName\":\"search_term_string\"}}],\"inLanguage\":\"fr-FR\"}]}<\/script>\n<!-- \/ Yoast SEO plugin. -->","yoast_head_json":{"title":"Gigasept Power Set3 - KB Med","description":"Syst\u00e8me de d\u00e9sinfection intensif pour l'instrumentation sp\u00e9cifique. \u00c9limination radicale des contaminants organiques et microbiens.","robots":{"index":"index","follow":"follow","max-snippet":"max-snippet:-1","max-image-preview":"max-image-preview:large","max-video-preview":"max-video-preview:-1"},"canonical":"https:\/\/www.kbmedshop.ch\/fr\/produit\/gigasept-power-set3\/","og_locale":"fr_FR","og_type":"article","og_title":"Gigasept Power Set3 - KB Med","og_description":"Syst\u00e8me de d\u00e9sinfection intensif pour l'instrumentation sp\u00e9cifique. \u00c9limination radicale des contaminants organiques et microbiens.","og_url":"https:\/\/www.kbmedshop.ch\/fr\/produit\/gigasept-power-set3\/","og_site_name":"KB Med","article_modified_time":"2026-04-02T12:55:31+00:00","og_image":[{"width":1024,"height":737,"url":"https:\/\/www.kbmedshop.ch\/wp-content\/uploads\/2026\/04\/gigasept_power_set3-1024x737.png","type":"image\/png"}],"twitter_card":"summary_large_image","schema":{"@context":"https:\/\/schema.org","@graph":[{"@type":"WebPage","@id":"https:\/\/www.kbmedshop.ch\/fr\/produit\/gigasept-power-set3\/","url":"https:\/\/www.kbmedshop.ch\/fr\/produit\/gigasept-power-set3\/","name":"Gigasept Power Set3 - KB Med","isPartOf":{"@id":"https:\/\/www.kbmedshop.ch\/fr\/#website"},"primaryImageOfPage":{"@id":"https:\/\/www.kbmedshop.ch\/fr\/produit\/gigasept-power-set3\/#primaryimage"},"image":{"@id":"https:\/\/www.kbmedshop.ch\/fr\/produit\/gigasept-power-set3\/#primaryimage"},"thumbnailUrl":"https:\/\/www.kbmedshop.ch\/wp-content\/uploads\/2026\/04\/gigasept_power_set3-scaled.png","datePublished":"2026-04-02T12:54:33+00:00","dateModified":"2026-04-02T12:55:31+00:00","description":"Syst\u00e8me de d\u00e9sinfection intensif pour l'instrumentation sp\u00e9cifique. \u00c9limination radicale des contaminants organiques et microbiens.","breadcrumb":{"@id":"https:\/\/www.kbmedshop.ch\/fr\/produit\/gigasept-power-set3\/#breadcrumb"},"inLanguage":"fr-FR","potentialAction":[{"@type":"ReadAction","target":["https:\/\/www.kbmedshop.ch\/fr\/produit\/gigasept-power-set3\/"]}]},{"@type":"ImageObject","inLanguage":"fr-FR","@id":"https:\/\/www.kbmedshop.ch\/fr\/produit\/gigasept-power-set3\/#primaryimage","url":"https:\/\/www.kbmedshop.ch\/wp-content\/uploads\/2026\/04\/gigasept_power_set3-scaled.png","contentUrl":"https:\/\/www.kbmedshop.ch\/wp-content\/uploads\/2026\/04\/gigasept_power_set3-scaled.png","width":2560,"height":1842},{"@type":"BreadcrumbList","@id":"https:\/\/www.kbmedshop.ch\/fr\/produit\/gigasept-power-set3\/#breadcrumb","itemListElement":[{"@type":"ListItem","position":1,"name":"Accueil","item":"https:\/\/www.kbmedshop.ch\/fr\/"},{"@type":"ListItem","position":2,"name":"Boutique","item":"https:\/\/www.kbmedshop.ch\/shop\/"},{"@type":"ListItem","position":3,"name":"Gigasept Power Set3"}]},{"@type":"WebSite","@id":"https:\/\/www.kbmedshop.ch\/fr\/#website","url":"https:\/\/www.kbmedshop.ch\/fr\/","name":"Kbmed","description":"","potentialAction":[{"@type":"SearchAction","target":{"@type":"EntryPoint","urlTemplate":"https:\/\/www.kbmedshop.ch\/fr\/?s={search_term_string}"},"query-input":{"@type":"PropertyValueSpecification","valueRequired":true,"valueName":"search_term_string"}}],"inLanguage":"fr-FR"}]}},"_links":{"self":[{"href":"https:\/\/www.kbmedshop.ch\/fr\/wp-json\/wp\/v2\/product\/3763","targetHints":{"allow":["GET"]}}],"collection":[{"href":"https:\/\/www.kbmedshop.ch\/fr\/wp-json\/wp\/v2\/product"}],"about":[{"href":"https:\/\/www.kbmedshop.ch\/fr\/wp-json\/wp\/v2\/types\/product"}],"replies":[{"embeddable":true,"href":"https:\/\/www.kbmedshop.ch\/fr\/wp-json\/wp\/v2\/comments?post=3763"}],"wp:featuredmedia":[{"embeddable":true,"href":"https:\/\/www.kbmedshop.ch\/fr\/wp-json\/wp\/v2\/media\/3686"}],"wp:attachment":[{"href":"https:\/\/www.kbmedshop.ch\/fr\/wp-json\/wp\/v2\/media?parent=3763"}],"wp:term":[{"taxonomy":"product_brand","embeddable":true,"href":"https:\/\/www.kbmedshop.ch\/fr\/wp-json\/wp\/v2\/product_brand?post=3763"},{"taxonomy":"product_cat","embeddable":true,"href":"https:\/\/www.kbmedshop.ch\/fr\/wp-json\/wp\/v2\/product_cat?post=3763"},{"taxonomy":"product_tag","embeddable":true,"href":"https:\/\/www.kbmedshop.ch\/fr\/wp-json\/wp\/v2\/product_tag?post=3763"}],"curies":[{"name":"wp","href":"https:\/\/api.w.org\/{rel}","templated":true}]}}