{"id":3756,"date":"2026-04-02T14:37:11","date_gmt":"2026-04-02T12:37:11","guid":{"rendered":"https:\/\/www.kbmedshop.ch\/?post_type=product&#038;p=3756"},"modified":"2026-04-02T14:38:26","modified_gmt":"2026-04-02T12:38:26","slug":"gigasept-instru-af","status":"publish","type":"product","link":"https:\/\/www.kbmedshop.ch\/fr\/produit\/gigasept-instru-af\/","title":{"rendered":"Gigasept Instru AF"},"content":{"rendered":"<p>Gigasept Instru AF est une solution polyvalente qui combine deux \u00e9tapes cruciales : le nettoyage intensif et la d\u00e9sinfection. Sa formule \u00e0 base d&rsquo;amines assure un large spectre d&rsquo;activit\u00e9, incluant une efficacit\u00e9 contre les bact\u00e9ries, les levures et les virus envelopp\u00e9s (HBV, HIV, HCV). L\u2019absence d&rsquo;ald\u00e9hyde \u00e9vite la fixation des prot\u00e9ines sur les instruments, ce qui facilite grandement le rin\u00e7age ult\u00e9rieur. Il poss\u00e8de un pouvoir nettoyant sup\u00e9rieur, capable de dissoudre les r\u00e9sidus de sang et de s\u00e9cr\u00e9tions m\u00eame dans les zones difficiles d&rsquo;acc\u00e8s des instruments articul\u00e9s. Utilisable en bain \u00e0 ultrasons pour maximiser son efficacit\u00e9, il laisse une odeur discr\u00e8te et fra\u00eeche dans votre salle de st\u00e9rilisation, rendant le travail quotidien plus confortable pour vos \u00e9quipes.<\/p>\n","protected":false},"excerpt":{"rendered":"<p>Concentr\u00e9 sans ald\u00e9hydes destin\u00e9 au traitement manuel des instruments chirurgicaux et rotatifs. Nettoie en profondeur tout en offrant une protection contre les infections.<\/p>\n<p>Code produit : 107412 | 107411<\/p>\n","protected":false},"featured_media":3683,"comment_status":"open","ping_status":"closed","template":"","meta":{"_acf_changed":false},"product_brand":[],"product_cat":[359,357],"product_tag":[],"class_list":{"0":"post-3756","1":"product","2":"type-product","3":"status-publish","4":"has-post-thumbnail","6":"product_cat-consommables-hygiene","7":"product_cat-sterilisation-hygiene-fr","9":"first","10":"instock","11":"taxable","12":"shipping-taxable","13":"purchasable","14":"product-type-variable"},"acf":[],"yoast_head":"<!-- This site is optimized with the Yoast SEO plugin v25.0 - https:\/\/yoast.com\/wordpress\/plugins\/seo\/ -->\n<title>Gigasept Instru AF - KB Med<\/title>\n<meta name=\"description\" content=\"D\u00e9sinfectant combin\u00e9 pour le nettoyage et la d\u00e9sinfection des instruments. Sans ald\u00e9hydes, action rapide et parfum agr\u00e9able.\" \/>\n<meta name=\"robots\" content=\"index, follow, max-snippet:-1, max-image-preview:large, max-video-preview:-1\" \/>\n<link rel=\"canonical\" href=\"https:\/\/www.kbmedshop.ch\/fr\/produit\/gigasept-instru-af\/\" \/>\n<meta property=\"og:locale\" content=\"fr_FR\" \/>\n<meta property=\"og:type\" content=\"article\" \/>\n<meta property=\"og:title\" content=\"Gigasept Instru AF - KB Med\" \/>\n<meta property=\"og:description\" content=\"D\u00e9sinfectant combin\u00e9 pour le nettoyage et la d\u00e9sinfection des instruments. Sans ald\u00e9hydes, action rapide et parfum agr\u00e9able.\" \/>\n<meta property=\"og:url\" content=\"https:\/\/www.kbmedshop.ch\/fr\/produit\/gigasept-instru-af\/\" \/>\n<meta property=\"og:site_name\" content=\"KB Med\" \/>\n<meta property=\"article:modified_time\" content=\"2026-04-02T12:38:26+00:00\" \/>\n<meta property=\"og:image\" content=\"https:\/\/www.kbmedshop.ch\/wp-content\/uploads\/2026\/04\/gigasept_instru_af-527x1024.png\" \/>\n\t<meta property=\"og:image:width\" content=\"527\" \/>\n\t<meta property=\"og:image:height\" content=\"1024\" \/>\n\t<meta property=\"og:image:type\" content=\"image\/png\" \/>\n<meta name=\"twitter:card\" content=\"summary_large_image\" \/>\n<script type=\"application\/ld+json\" class=\"yoast-schema-graph\">{\"@context\":\"https:\/\/schema.org\",\"@graph\":[{\"@type\":\"WebPage\",\"@id\":\"https:\/\/www.kbmedshop.ch\/fr\/produit\/gigasept-instru-af\/\",\"url\":\"https:\/\/www.kbmedshop.ch\/fr\/produit\/gigasept-instru-af\/\",\"name\":\"Gigasept Instru AF - KB Med\",\"isPartOf\":{\"@id\":\"https:\/\/www.kbmedshop.ch\/fr\/#website\"},\"primaryImageOfPage\":{\"@id\":\"https:\/\/www.kbmedshop.ch\/fr\/produit\/gigasept-instru-af\/#primaryimage\"},\"image\":{\"@id\":\"https:\/\/www.kbmedshop.ch\/fr\/produit\/gigasept-instru-af\/#primaryimage\"},\"thumbnailUrl\":\"https:\/\/www.kbmedshop.ch\/wp-content\/uploads\/2026\/04\/gigasept_instru_af-scaled.png\",\"datePublished\":\"2026-04-02T12:37:11+00:00\",\"dateModified\":\"2026-04-02T12:38:26+00:00\",\"description\":\"D\u00e9sinfectant combin\u00e9 pour le nettoyage et la d\u00e9sinfection des instruments. Sans ald\u00e9hydes, action rapide et parfum agr\u00e9able.\",\"breadcrumb\":{\"@id\":\"https:\/\/www.kbmedshop.ch\/fr\/produit\/gigasept-instru-af\/#breadcrumb\"},\"inLanguage\":\"fr-FR\",\"potentialAction\":[{\"@type\":\"ReadAction\",\"target\":[\"https:\/\/www.kbmedshop.ch\/fr\/produit\/gigasept-instru-af\/\"]}]},{\"@type\":\"ImageObject\",\"inLanguage\":\"fr-FR\",\"@id\":\"https:\/\/www.kbmedshop.ch\/fr\/produit\/gigasept-instru-af\/#primaryimage\",\"url\":\"https:\/\/www.kbmedshop.ch\/wp-content\/uploads\/2026\/04\/gigasept_instru_af-scaled.png\",\"contentUrl\":\"https:\/\/www.kbmedshop.ch\/wp-content\/uploads\/2026\/04\/gigasept_instru_af-scaled.png\",\"width\":1317,\"height\":2560},{\"@type\":\"BreadcrumbList\",\"@id\":\"https:\/\/www.kbmedshop.ch\/fr\/produit\/gigasept-instru-af\/#breadcrumb\",\"itemListElement\":[{\"@type\":\"ListItem\",\"position\":1,\"name\":\"Accueil\",\"item\":\"https:\/\/www.kbmedshop.ch\/fr\/\"},{\"@type\":\"ListItem\",\"position\":2,\"name\":\"Boutique\",\"item\":\"https:\/\/www.kbmedshop.ch\/shop\/\"},{\"@type\":\"ListItem\",\"position\":3,\"name\":\"Gigasept Instru AF\"}]},{\"@type\":\"WebSite\",\"@id\":\"https:\/\/www.kbmedshop.ch\/fr\/#website\",\"url\":\"https:\/\/www.kbmedshop.ch\/fr\/\",\"name\":\"Kbmed\",\"description\":\"\",\"potentialAction\":[{\"@type\":\"SearchAction\",\"target\":{\"@type\":\"EntryPoint\",\"urlTemplate\":\"https:\/\/www.kbmedshop.ch\/fr\/?s={search_term_string}\"},\"query-input\":{\"@type\":\"PropertyValueSpecification\",\"valueRequired\":true,\"valueName\":\"search_term_string\"}}],\"inLanguage\":\"fr-FR\"}]}<\/script>\n<!-- \/ Yoast SEO plugin. -->","yoast_head_json":{"title":"Gigasept Instru AF - KB Med","description":"D\u00e9sinfectant combin\u00e9 pour le nettoyage et la d\u00e9sinfection des instruments. Sans ald\u00e9hydes, action rapide et parfum agr\u00e9able.","robots":{"index":"index","follow":"follow","max-snippet":"max-snippet:-1","max-image-preview":"max-image-preview:large","max-video-preview":"max-video-preview:-1"},"canonical":"https:\/\/www.kbmedshop.ch\/fr\/produit\/gigasept-instru-af\/","og_locale":"fr_FR","og_type":"article","og_title":"Gigasept Instru AF - KB Med","og_description":"D\u00e9sinfectant combin\u00e9 pour le nettoyage et la d\u00e9sinfection des instruments. Sans ald\u00e9hydes, action rapide et parfum agr\u00e9able.","og_url":"https:\/\/www.kbmedshop.ch\/fr\/produit\/gigasept-instru-af\/","og_site_name":"KB Med","article_modified_time":"2026-04-02T12:38:26+00:00","og_image":[{"width":527,"height":1024,"url":"https:\/\/www.kbmedshop.ch\/wp-content\/uploads\/2026\/04\/gigasept_instru_af-527x1024.png","type":"image\/png"}],"twitter_card":"summary_large_image","schema":{"@context":"https:\/\/schema.org","@graph":[{"@type":"WebPage","@id":"https:\/\/www.kbmedshop.ch\/fr\/produit\/gigasept-instru-af\/","url":"https:\/\/www.kbmedshop.ch\/fr\/produit\/gigasept-instru-af\/","name":"Gigasept Instru AF - KB Med","isPartOf":{"@id":"https:\/\/www.kbmedshop.ch\/fr\/#website"},"primaryImageOfPage":{"@id":"https:\/\/www.kbmedshop.ch\/fr\/produit\/gigasept-instru-af\/#primaryimage"},"image":{"@id":"https:\/\/www.kbmedshop.ch\/fr\/produit\/gigasept-instru-af\/#primaryimage"},"thumbnailUrl":"https:\/\/www.kbmedshop.ch\/wp-content\/uploads\/2026\/04\/gigasept_instru_af-scaled.png","datePublished":"2026-04-02T12:37:11+00:00","dateModified":"2026-04-02T12:38:26+00:00","description":"D\u00e9sinfectant combin\u00e9 pour le nettoyage et la d\u00e9sinfection des instruments. Sans ald\u00e9hydes, action rapide et parfum agr\u00e9able.","breadcrumb":{"@id":"https:\/\/www.kbmedshop.ch\/fr\/produit\/gigasept-instru-af\/#breadcrumb"},"inLanguage":"fr-FR","potentialAction":[{"@type":"ReadAction","target":["https:\/\/www.kbmedshop.ch\/fr\/produit\/gigasept-instru-af\/"]}]},{"@type":"ImageObject","inLanguage":"fr-FR","@id":"https:\/\/www.kbmedshop.ch\/fr\/produit\/gigasept-instru-af\/#primaryimage","url":"https:\/\/www.kbmedshop.ch\/wp-content\/uploads\/2026\/04\/gigasept_instru_af-scaled.png","contentUrl":"https:\/\/www.kbmedshop.ch\/wp-content\/uploads\/2026\/04\/gigasept_instru_af-scaled.png","width":1317,"height":2560},{"@type":"BreadcrumbList","@id":"https:\/\/www.kbmedshop.ch\/fr\/produit\/gigasept-instru-af\/#breadcrumb","itemListElement":[{"@type":"ListItem","position":1,"name":"Accueil","item":"https:\/\/www.kbmedshop.ch\/fr\/"},{"@type":"ListItem","position":2,"name":"Boutique","item":"https:\/\/www.kbmedshop.ch\/shop\/"},{"@type":"ListItem","position":3,"name":"Gigasept Instru AF"}]},{"@type":"WebSite","@id":"https:\/\/www.kbmedshop.ch\/fr\/#website","url":"https:\/\/www.kbmedshop.ch\/fr\/","name":"Kbmed","description":"","potentialAction":[{"@type":"SearchAction","target":{"@type":"EntryPoint","urlTemplate":"https:\/\/www.kbmedshop.ch\/fr\/?s={search_term_string}"},"query-input":{"@type":"PropertyValueSpecification","valueRequired":true,"valueName":"search_term_string"}}],"inLanguage":"fr-FR"}]}},"_links":{"self":[{"href":"https:\/\/www.kbmedshop.ch\/fr\/wp-json\/wp\/v2\/product\/3756","targetHints":{"allow":["GET"]}}],"collection":[{"href":"https:\/\/www.kbmedshop.ch\/fr\/wp-json\/wp\/v2\/product"}],"about":[{"href":"https:\/\/www.kbmedshop.ch\/fr\/wp-json\/wp\/v2\/types\/product"}],"replies":[{"embeddable":true,"href":"https:\/\/www.kbmedshop.ch\/fr\/wp-json\/wp\/v2\/comments?post=3756"}],"wp:featuredmedia":[{"embeddable":true,"href":"https:\/\/www.kbmedshop.ch\/fr\/wp-json\/wp\/v2\/media\/3683"}],"wp:attachment":[{"href":"https:\/\/www.kbmedshop.ch\/fr\/wp-json\/wp\/v2\/media?parent=3756"}],"wp:term":[{"taxonomy":"product_brand","embeddable":true,"href":"https:\/\/www.kbmedshop.ch\/fr\/wp-json\/wp\/v2\/product_brand?post=3756"},{"taxonomy":"product_cat","embeddable":true,"href":"https:\/\/www.kbmedshop.ch\/fr\/wp-json\/wp\/v2\/product_cat?post=3756"},{"taxonomy":"product_tag","embeddable":true,"href":"https:\/\/www.kbmedshop.ch\/fr\/wp-json\/wp\/v2\/product_tag?post=3756"}],"curies":[{"name":"wp","href":"https:\/\/api.w.org\/{rel}","templated":true}]}}