{"id":3751,"date":"2026-04-02T14:31:05","date_gmt":"2026-04-02T12:31:05","guid":{"rendered":"https:\/\/www.kbmedshop.ch\/?post_type=product&#038;p=3751"},"modified":"2026-04-02T14:32:50","modified_gmt":"2026-04-02T12:32:50","slug":"gigasept-ff-2l","status":"publish","type":"product","link":"https:\/\/www.kbmedshop.ch\/fr\/produit\/gigasept-ff-2l\/","title":{"rendered":"Gigasept FF 2L"},"content":{"rendered":"<p>Le Gigasept FF (neu) est la r\u00e9f\u00e9rence pour le traitement manuel des instruments qui ne supportent pas la chaleur, comme les endoscopes souples ou rigides. Sa formulation innovante repose sur le diald\u00e9hyde succinique, \u00e9vitant ainsi l&rsquo;utilisation de formald\u00e9hyde tout en garantissant une efficacit\u00e9 microbiologique totale (bact\u00e9ricide, mycobact\u00e9ricide, fongicide et virucide). Ce produit se distingue par une stabilit\u00e9 exceptionnelle de la solution pr\u00eate \u00e0 l&#8217;emploi, utilisable jusqu&rsquo;\u00e0 7 jours selon la charge organique. Il pr\u00e9serve l\u2019int\u00e9grit\u00e9 des fibres optiques, des joints et des polym\u00e8res complexes, prolongeant ainsi la dur\u00e9e de vie de votre parc d&rsquo;instruments. Chez KB Med, nous le pr\u00e9conisons pour sa fiabilit\u00e9 lors des protocoles de d\u00e9sinfection les plus exigeants.<\/p>\n","protected":false},"excerpt":{"rendered":"<p>Solution concentr\u00e9e pour la d\u00e9sinfection manuelle de haut niveau des dispositifs m\u00e9dicaux d\u00e9licats. Offre un large spectre d\u2019activit\u00e9 et une excellente protection des mat\u00e9riaux.<\/p>\n<p>Code produit : 70003414<\/p>\n","protected":false},"featured_media":3680,"comment_status":"open","ping_status":"closed","template":"","meta":{"_acf_changed":false},"product_brand":[],"product_cat":[359,357],"product_tag":[],"class_list":{"0":"post-3751","1":"product","2":"type-product","3":"status-publish","4":"has-post-thumbnail","6":"product_cat-consommables-hygiene","7":"product_cat-sterilisation-hygiene-fr","9":"first","10":"instock","11":"taxable","12":"shipping-taxable","13":"purchasable","14":"product-type-simple"},"acf":[],"yoast_head":"<!-- This site is optimized with the Yoast SEO plugin v25.0 - https:\/\/yoast.com\/wordpress\/plugins\/seo\/ -->\n<title>Gigasept FF 2L - KB Med<\/title>\n<meta name=\"description\" content=\"D\u00e9sinfectant haute performance pour endoscopes et instruments thermosensibles. Formule sans formald\u00e9hyde \u00e0 base de diald\u00e9hyde succinique.\" \/>\n<meta name=\"robots\" content=\"index, follow, max-snippet:-1, max-image-preview:large, max-video-preview:-1\" \/>\n<link rel=\"canonical\" href=\"https:\/\/www.kbmedshop.ch\/fr\/produit\/gigasept-ff-2l\/\" \/>\n<meta property=\"og:locale\" content=\"fr_FR\" \/>\n<meta property=\"og:type\" content=\"article\" \/>\n<meta property=\"og:title\" content=\"Gigasept FF 2L - KB Med\" \/>\n<meta property=\"og:description\" content=\"D\u00e9sinfectant haute performance pour endoscopes et instruments thermosensibles. Formule sans formald\u00e9hyde \u00e0 base de diald\u00e9hyde succinique.\" \/>\n<meta property=\"og:url\" content=\"https:\/\/www.kbmedshop.ch\/fr\/produit\/gigasept-ff-2l\/\" \/>\n<meta property=\"og:site_name\" content=\"KB Med\" \/>\n<meta property=\"article:modified_time\" content=\"2026-04-02T12:32:50+00:00\" \/>\n<meta property=\"og:image\" content=\"https:\/\/www.kbmedshop.ch\/wp-content\/uploads\/2026\/04\/gigasept_ff_neu-527x1024.png\" \/>\n\t<meta property=\"og:image:width\" content=\"527\" \/>\n\t<meta property=\"og:image:height\" content=\"1024\" \/>\n\t<meta property=\"og:image:type\" content=\"image\/png\" \/>\n<meta name=\"twitter:card\" content=\"summary_large_image\" \/>\n<script type=\"application\/ld+json\" class=\"yoast-schema-graph\">{\"@context\":\"https:\/\/schema.org\",\"@graph\":[{\"@type\":\"WebPage\",\"@id\":\"https:\/\/www.kbmedshop.ch\/fr\/produit\/gigasept-ff-2l\/\",\"url\":\"https:\/\/www.kbmedshop.ch\/fr\/produit\/gigasept-ff-2l\/\",\"name\":\"Gigasept FF 2L - KB Med\",\"isPartOf\":{\"@id\":\"https:\/\/www.kbmedshop.ch\/fr\/#website\"},\"primaryImageOfPage\":{\"@id\":\"https:\/\/www.kbmedshop.ch\/fr\/produit\/gigasept-ff-2l\/#primaryimage\"},\"image\":{\"@id\":\"https:\/\/www.kbmedshop.ch\/fr\/produit\/gigasept-ff-2l\/#primaryimage\"},\"thumbnailUrl\":\"https:\/\/www.kbmedshop.ch\/wp-content\/uploads\/2026\/04\/gigasept_ff_neu-scaled.png\",\"datePublished\":\"2026-04-02T12:31:05+00:00\",\"dateModified\":\"2026-04-02T12:32:50+00:00\",\"description\":\"D\u00e9sinfectant haute performance pour endoscopes et instruments thermosensibles. Formule sans formald\u00e9hyde \u00e0 base de diald\u00e9hyde succinique.\",\"breadcrumb\":{\"@id\":\"https:\/\/www.kbmedshop.ch\/fr\/produit\/gigasept-ff-2l\/#breadcrumb\"},\"inLanguage\":\"fr-FR\",\"potentialAction\":[{\"@type\":\"ReadAction\",\"target\":[\"https:\/\/www.kbmedshop.ch\/fr\/produit\/gigasept-ff-2l\/\"]}]},{\"@type\":\"ImageObject\",\"inLanguage\":\"fr-FR\",\"@id\":\"https:\/\/www.kbmedshop.ch\/fr\/produit\/gigasept-ff-2l\/#primaryimage\",\"url\":\"https:\/\/www.kbmedshop.ch\/wp-content\/uploads\/2026\/04\/gigasept_ff_neu-scaled.png\",\"contentUrl\":\"https:\/\/www.kbmedshop.ch\/wp-content\/uploads\/2026\/04\/gigasept_ff_neu-scaled.png\",\"width\":1317,\"height\":2560},{\"@type\":\"BreadcrumbList\",\"@id\":\"https:\/\/www.kbmedshop.ch\/fr\/produit\/gigasept-ff-2l\/#breadcrumb\",\"itemListElement\":[{\"@type\":\"ListItem\",\"position\":1,\"name\":\"Accueil\",\"item\":\"https:\/\/www.kbmedshop.ch\/fr\/\"},{\"@type\":\"ListItem\",\"position\":2,\"name\":\"Boutique\",\"item\":\"https:\/\/www.kbmedshop.ch\/shop\/\"},{\"@type\":\"ListItem\",\"position\":3,\"name\":\"Gigasept FF 2L\"}]},{\"@type\":\"WebSite\",\"@id\":\"https:\/\/www.kbmedshop.ch\/fr\/#website\",\"url\":\"https:\/\/www.kbmedshop.ch\/fr\/\",\"name\":\"Kbmed\",\"description\":\"\",\"potentialAction\":[{\"@type\":\"SearchAction\",\"target\":{\"@type\":\"EntryPoint\",\"urlTemplate\":\"https:\/\/www.kbmedshop.ch\/fr\/?s={search_term_string}\"},\"query-input\":{\"@type\":\"PropertyValueSpecification\",\"valueRequired\":true,\"valueName\":\"search_term_string\"}}],\"inLanguage\":\"fr-FR\"}]}<\/script>\n<!-- \/ Yoast SEO plugin. -->","yoast_head_json":{"title":"Gigasept FF 2L - KB Med","description":"D\u00e9sinfectant haute performance pour endoscopes et instruments thermosensibles. Formule sans formald\u00e9hyde \u00e0 base de diald\u00e9hyde succinique.","robots":{"index":"index","follow":"follow","max-snippet":"max-snippet:-1","max-image-preview":"max-image-preview:large","max-video-preview":"max-video-preview:-1"},"canonical":"https:\/\/www.kbmedshop.ch\/fr\/produit\/gigasept-ff-2l\/","og_locale":"fr_FR","og_type":"article","og_title":"Gigasept FF 2L - KB Med","og_description":"D\u00e9sinfectant haute performance pour endoscopes et instruments thermosensibles. Formule sans formald\u00e9hyde \u00e0 base de diald\u00e9hyde succinique.","og_url":"https:\/\/www.kbmedshop.ch\/fr\/produit\/gigasept-ff-2l\/","og_site_name":"KB Med","article_modified_time":"2026-04-02T12:32:50+00:00","og_image":[{"width":527,"height":1024,"url":"https:\/\/www.kbmedshop.ch\/wp-content\/uploads\/2026\/04\/gigasept_ff_neu-527x1024.png","type":"image\/png"}],"twitter_card":"summary_large_image","schema":{"@context":"https:\/\/schema.org","@graph":[{"@type":"WebPage","@id":"https:\/\/www.kbmedshop.ch\/fr\/produit\/gigasept-ff-2l\/","url":"https:\/\/www.kbmedshop.ch\/fr\/produit\/gigasept-ff-2l\/","name":"Gigasept FF 2L - KB Med","isPartOf":{"@id":"https:\/\/www.kbmedshop.ch\/fr\/#website"},"primaryImageOfPage":{"@id":"https:\/\/www.kbmedshop.ch\/fr\/produit\/gigasept-ff-2l\/#primaryimage"},"image":{"@id":"https:\/\/www.kbmedshop.ch\/fr\/produit\/gigasept-ff-2l\/#primaryimage"},"thumbnailUrl":"https:\/\/www.kbmedshop.ch\/wp-content\/uploads\/2026\/04\/gigasept_ff_neu-scaled.png","datePublished":"2026-04-02T12:31:05+00:00","dateModified":"2026-04-02T12:32:50+00:00","description":"D\u00e9sinfectant haute performance pour endoscopes et instruments thermosensibles. Formule sans formald\u00e9hyde \u00e0 base de diald\u00e9hyde succinique.","breadcrumb":{"@id":"https:\/\/www.kbmedshop.ch\/fr\/produit\/gigasept-ff-2l\/#breadcrumb"},"inLanguage":"fr-FR","potentialAction":[{"@type":"ReadAction","target":["https:\/\/www.kbmedshop.ch\/fr\/produit\/gigasept-ff-2l\/"]}]},{"@type":"ImageObject","inLanguage":"fr-FR","@id":"https:\/\/www.kbmedshop.ch\/fr\/produit\/gigasept-ff-2l\/#primaryimage","url":"https:\/\/www.kbmedshop.ch\/wp-content\/uploads\/2026\/04\/gigasept_ff_neu-scaled.png","contentUrl":"https:\/\/www.kbmedshop.ch\/wp-content\/uploads\/2026\/04\/gigasept_ff_neu-scaled.png","width":1317,"height":2560},{"@type":"BreadcrumbList","@id":"https:\/\/www.kbmedshop.ch\/fr\/produit\/gigasept-ff-2l\/#breadcrumb","itemListElement":[{"@type":"ListItem","position":1,"name":"Accueil","item":"https:\/\/www.kbmedshop.ch\/fr\/"},{"@type":"ListItem","position":2,"name":"Boutique","item":"https:\/\/www.kbmedshop.ch\/shop\/"},{"@type":"ListItem","position":3,"name":"Gigasept FF 2L"}]},{"@type":"WebSite","@id":"https:\/\/www.kbmedshop.ch\/fr\/#website","url":"https:\/\/www.kbmedshop.ch\/fr\/","name":"Kbmed","description":"","potentialAction":[{"@type":"SearchAction","target":{"@type":"EntryPoint","urlTemplate":"https:\/\/www.kbmedshop.ch\/fr\/?s={search_term_string}"},"query-input":{"@type":"PropertyValueSpecification","valueRequired":true,"valueName":"search_term_string"}}],"inLanguage":"fr-FR"}]}},"_links":{"self":[{"href":"https:\/\/www.kbmedshop.ch\/fr\/wp-json\/wp\/v2\/product\/3751","targetHints":{"allow":["GET"]}}],"collection":[{"href":"https:\/\/www.kbmedshop.ch\/fr\/wp-json\/wp\/v2\/product"}],"about":[{"href":"https:\/\/www.kbmedshop.ch\/fr\/wp-json\/wp\/v2\/types\/product"}],"replies":[{"embeddable":true,"href":"https:\/\/www.kbmedshop.ch\/fr\/wp-json\/wp\/v2\/comments?post=3751"}],"wp:featuredmedia":[{"embeddable":true,"href":"https:\/\/www.kbmedshop.ch\/fr\/wp-json\/wp\/v2\/media\/3680"}],"wp:attachment":[{"href":"https:\/\/www.kbmedshop.ch\/fr\/wp-json\/wp\/v2\/media?parent=3751"}],"wp:term":[{"taxonomy":"product_brand","embeddable":true,"href":"https:\/\/www.kbmedshop.ch\/fr\/wp-json\/wp\/v2\/product_brand?post=3751"},{"taxonomy":"product_cat","embeddable":true,"href":"https:\/\/www.kbmedshop.ch\/fr\/wp-json\/wp\/v2\/product_cat?post=3751"},{"taxonomy":"product_tag","embeddable":true,"href":"https:\/\/www.kbmedshop.ch\/fr\/wp-json\/wp\/v2\/product_tag?post=3751"}],"curies":[{"name":"wp","href":"https:\/\/api.w.org\/{rel}","templated":true}]}}