{"id":3742,"date":"2026-04-02T14:21:09","date_gmt":"2026-04-02T12:21:09","guid":{"rendered":"https:\/\/www.kbmedshop.ch\/?post_type=product&#038;p=3742"},"modified":"2026-04-02T14:22:19","modified_gmt":"2026-04-02T12:22:19","slug":"esemtan-wash-lotion","status":"publish","type":"product","link":"https:\/\/www.kbmedshop.ch\/fr\/produit\/esemtan-wash-lotion\/","title":{"rendered":"Esemtan Wash Lotion"},"content":{"rendered":"<p>Formul\u00e9e pour minimiser les risques d&rsquo;irritation, l&rsquo;Esemtan Wash Lotion est la solution de r\u00e9f\u00e9rence pour l&rsquo;hygi\u00e8ne globale au cabinet. Son pH neutre pour la peau et l&rsquo;absence de savon traditionnel permettent un nettoyage efficace sans alt\u00e9rer la barri\u00e8re protectrice de l&rsquo;\u00e9piderme. Que ce soit en version standard ou en flacon Hyclick pour une s\u00e9curit\u00e9 microbiologique renforc\u00e9e, elle laisse une sensation de fra\u00eecheur discr\u00e8te et une peau saine. Disponible chez KB Med pour tous vos protocoles d&rsquo;hygi\u00e8ne quotidiens.<\/p>\n","protected":false},"excerpt":{"rendered":"<p>Solution de lavage sans savon \u00e0 base de substances actives douces. Convient pour le nettoyage d\u00e9licat du corps, des cheveux et des mains, tout en respectant l&rsquo;\u00e9quilibre cutan\u00e9.<\/p>\n<p>Code produit : 70003700 | 70003701<\/p>\n","protected":false},"featured_media":3719,"comment_status":"open","ping_status":"closed","template":"","meta":{"_acf_changed":false},"product_brand":[],"product_cat":[359,357],"product_tag":[],"class_list":{"0":"post-3742","1":"product","2":"type-product","3":"status-publish","4":"has-post-thumbnail","6":"product_cat-consommables-hygiene","7":"product_cat-sterilisation-hygiene-fr","9":"first","10":"instock","11":"taxable","12":"shipping-taxable","13":"purchasable","14":"product-type-variable"},"acf":[],"yoast_head":"<!-- This site is optimized with the Yoast SEO plugin v25.0 - https:\/\/yoast.com\/wordpress\/plugins\/seo\/ -->\n<title>Esemtan Wash Lotion - KB Med<\/title>\n<meta name=\"description\" content=\"Lotion lavante douce pour les mains et le corps. pH neutre, sans savon, adapt\u00e9e aux peaux sensibles et au lavage pr\u00e9-op\u00e9ratoire.\" \/>\n<meta name=\"robots\" content=\"index, follow, max-snippet:-1, max-image-preview:large, max-video-preview:-1\" \/>\n<link rel=\"canonical\" href=\"https:\/\/www.kbmedshop.ch\/fr\/produit\/esemtan-wash-lotion\/\" \/>\n<meta property=\"og:locale\" content=\"fr_FR\" \/>\n<meta property=\"og:type\" content=\"article\" \/>\n<meta property=\"og:title\" content=\"Esemtan Wash Lotion - KB Med\" \/>\n<meta property=\"og:description\" content=\"Lotion lavante douce pour les mains et le corps. pH neutre, sans savon, adapt\u00e9e aux peaux sensibles et au lavage pr\u00e9-op\u00e9ratoire.\" \/>\n<meta property=\"og:url\" content=\"https:\/\/www.kbmedshop.ch\/fr\/produit\/esemtan-wash-lotion\/\" \/>\n<meta property=\"og:site_name\" content=\"KB Med\" \/>\n<meta property=\"article:modified_time\" content=\"2026-04-02T12:22:19+00:00\" \/>\n<meta property=\"og:image\" content=\"https:\/\/www.kbmedshop.ch\/wp-content\/uploads\/2026\/04\/esemtan_wash_lotion-532x1024.png\" \/>\n\t<meta property=\"og:image:width\" content=\"532\" \/>\n\t<meta property=\"og:image:height\" content=\"1024\" \/>\n\t<meta property=\"og:image:type\" content=\"image\/png\" \/>\n<meta name=\"twitter:card\" content=\"summary_large_image\" \/>\n<script type=\"application\/ld+json\" class=\"yoast-schema-graph\">{\"@context\":\"https:\/\/schema.org\",\"@graph\":[{\"@type\":\"WebPage\",\"@id\":\"https:\/\/www.kbmedshop.ch\/fr\/produit\/esemtan-wash-lotion\/\",\"url\":\"https:\/\/www.kbmedshop.ch\/fr\/produit\/esemtan-wash-lotion\/\",\"name\":\"Esemtan Wash Lotion - KB Med\",\"isPartOf\":{\"@id\":\"https:\/\/www.kbmedshop.ch\/fr\/#website\"},\"primaryImageOfPage\":{\"@id\":\"https:\/\/www.kbmedshop.ch\/fr\/produit\/esemtan-wash-lotion\/#primaryimage\"},\"image\":{\"@id\":\"https:\/\/www.kbmedshop.ch\/fr\/produit\/esemtan-wash-lotion\/#primaryimage\"},\"thumbnailUrl\":\"https:\/\/www.kbmedshop.ch\/wp-content\/uploads\/2026\/04\/esemtan_wash_lotion-scaled.png\",\"datePublished\":\"2026-04-02T12:21:09+00:00\",\"dateModified\":\"2026-04-02T12:22:19+00:00\",\"description\":\"Lotion lavante douce pour les mains et le corps. pH neutre, sans savon, adapt\u00e9e aux peaux sensibles et au lavage pr\u00e9-op\u00e9ratoire.\",\"breadcrumb\":{\"@id\":\"https:\/\/www.kbmedshop.ch\/fr\/produit\/esemtan-wash-lotion\/#breadcrumb\"},\"inLanguage\":\"fr-FR\",\"potentialAction\":[{\"@type\":\"ReadAction\",\"target\":[\"https:\/\/www.kbmedshop.ch\/fr\/produit\/esemtan-wash-lotion\/\"]}]},{\"@type\":\"ImageObject\",\"inLanguage\":\"fr-FR\",\"@id\":\"https:\/\/www.kbmedshop.ch\/fr\/produit\/esemtan-wash-lotion\/#primaryimage\",\"url\":\"https:\/\/www.kbmedshop.ch\/wp-content\/uploads\/2026\/04\/esemtan_wash_lotion-scaled.png\",\"contentUrl\":\"https:\/\/www.kbmedshop.ch\/wp-content\/uploads\/2026\/04\/esemtan_wash_lotion-scaled.png\",\"width\":1330,\"height\":2560},{\"@type\":\"BreadcrumbList\",\"@id\":\"https:\/\/www.kbmedshop.ch\/fr\/produit\/esemtan-wash-lotion\/#breadcrumb\",\"itemListElement\":[{\"@type\":\"ListItem\",\"position\":1,\"name\":\"Accueil\",\"item\":\"https:\/\/www.kbmedshop.ch\/fr\/\"},{\"@type\":\"ListItem\",\"position\":2,\"name\":\"Boutique\",\"item\":\"https:\/\/www.kbmedshop.ch\/shop\/\"},{\"@type\":\"ListItem\",\"position\":3,\"name\":\"Esemtan Wash Lotion\"}]},{\"@type\":\"WebSite\",\"@id\":\"https:\/\/www.kbmedshop.ch\/fr\/#website\",\"url\":\"https:\/\/www.kbmedshop.ch\/fr\/\",\"name\":\"Kbmed\",\"description\":\"\",\"potentialAction\":[{\"@type\":\"SearchAction\",\"target\":{\"@type\":\"EntryPoint\",\"urlTemplate\":\"https:\/\/www.kbmedshop.ch\/fr\/?s={search_term_string}\"},\"query-input\":{\"@type\":\"PropertyValueSpecification\",\"valueRequired\":true,\"valueName\":\"search_term_string\"}}],\"inLanguage\":\"fr-FR\"}]}<\/script>\n<!-- \/ Yoast SEO plugin. -->","yoast_head_json":{"title":"Esemtan Wash Lotion - KB Med","description":"Lotion lavante douce pour les mains et le corps. pH neutre, sans savon, adapt\u00e9e aux peaux sensibles et au lavage pr\u00e9-op\u00e9ratoire.","robots":{"index":"index","follow":"follow","max-snippet":"max-snippet:-1","max-image-preview":"max-image-preview:large","max-video-preview":"max-video-preview:-1"},"canonical":"https:\/\/www.kbmedshop.ch\/fr\/produit\/esemtan-wash-lotion\/","og_locale":"fr_FR","og_type":"article","og_title":"Esemtan Wash Lotion - KB Med","og_description":"Lotion lavante douce pour les mains et le corps. pH neutre, sans savon, adapt\u00e9e aux peaux sensibles et au lavage pr\u00e9-op\u00e9ratoire.","og_url":"https:\/\/www.kbmedshop.ch\/fr\/produit\/esemtan-wash-lotion\/","og_site_name":"KB Med","article_modified_time":"2026-04-02T12:22:19+00:00","og_image":[{"width":532,"height":1024,"url":"https:\/\/www.kbmedshop.ch\/wp-content\/uploads\/2026\/04\/esemtan_wash_lotion-532x1024.png","type":"image\/png"}],"twitter_card":"summary_large_image","schema":{"@context":"https:\/\/schema.org","@graph":[{"@type":"WebPage","@id":"https:\/\/www.kbmedshop.ch\/fr\/produit\/esemtan-wash-lotion\/","url":"https:\/\/www.kbmedshop.ch\/fr\/produit\/esemtan-wash-lotion\/","name":"Esemtan Wash Lotion - KB Med","isPartOf":{"@id":"https:\/\/www.kbmedshop.ch\/fr\/#website"},"primaryImageOfPage":{"@id":"https:\/\/www.kbmedshop.ch\/fr\/produit\/esemtan-wash-lotion\/#primaryimage"},"image":{"@id":"https:\/\/www.kbmedshop.ch\/fr\/produit\/esemtan-wash-lotion\/#primaryimage"},"thumbnailUrl":"https:\/\/www.kbmedshop.ch\/wp-content\/uploads\/2026\/04\/esemtan_wash_lotion-scaled.png","datePublished":"2026-04-02T12:21:09+00:00","dateModified":"2026-04-02T12:22:19+00:00","description":"Lotion lavante douce pour les mains et le corps. pH neutre, sans savon, adapt\u00e9e aux peaux sensibles et au lavage pr\u00e9-op\u00e9ratoire.","breadcrumb":{"@id":"https:\/\/www.kbmedshop.ch\/fr\/produit\/esemtan-wash-lotion\/#breadcrumb"},"inLanguage":"fr-FR","potentialAction":[{"@type":"ReadAction","target":["https:\/\/www.kbmedshop.ch\/fr\/produit\/esemtan-wash-lotion\/"]}]},{"@type":"ImageObject","inLanguage":"fr-FR","@id":"https:\/\/www.kbmedshop.ch\/fr\/produit\/esemtan-wash-lotion\/#primaryimage","url":"https:\/\/www.kbmedshop.ch\/wp-content\/uploads\/2026\/04\/esemtan_wash_lotion-scaled.png","contentUrl":"https:\/\/www.kbmedshop.ch\/wp-content\/uploads\/2026\/04\/esemtan_wash_lotion-scaled.png","width":1330,"height":2560},{"@type":"BreadcrumbList","@id":"https:\/\/www.kbmedshop.ch\/fr\/produit\/esemtan-wash-lotion\/#breadcrumb","itemListElement":[{"@type":"ListItem","position":1,"name":"Accueil","item":"https:\/\/www.kbmedshop.ch\/fr\/"},{"@type":"ListItem","position":2,"name":"Boutique","item":"https:\/\/www.kbmedshop.ch\/shop\/"},{"@type":"ListItem","position":3,"name":"Esemtan Wash Lotion"}]},{"@type":"WebSite","@id":"https:\/\/www.kbmedshop.ch\/fr\/#website","url":"https:\/\/www.kbmedshop.ch\/fr\/","name":"Kbmed","description":"","potentialAction":[{"@type":"SearchAction","target":{"@type":"EntryPoint","urlTemplate":"https:\/\/www.kbmedshop.ch\/fr\/?s={search_term_string}"},"query-input":{"@type":"PropertyValueSpecification","valueRequired":true,"valueName":"search_term_string"}}],"inLanguage":"fr-FR"}]}},"_links":{"self":[{"href":"https:\/\/www.kbmedshop.ch\/fr\/wp-json\/wp\/v2\/product\/3742","targetHints":{"allow":["GET"]}}],"collection":[{"href":"https:\/\/www.kbmedshop.ch\/fr\/wp-json\/wp\/v2\/product"}],"about":[{"href":"https:\/\/www.kbmedshop.ch\/fr\/wp-json\/wp\/v2\/types\/product"}],"replies":[{"embeddable":true,"href":"https:\/\/www.kbmedshop.ch\/fr\/wp-json\/wp\/v2\/comments?post=3742"}],"wp:featuredmedia":[{"embeddable":true,"href":"https:\/\/www.kbmedshop.ch\/fr\/wp-json\/wp\/v2\/media\/3719"}],"wp:attachment":[{"href":"https:\/\/www.kbmedshop.ch\/fr\/wp-json\/wp\/v2\/media?parent=3742"}],"wp:term":[{"taxonomy":"product_brand","embeddable":true,"href":"https:\/\/www.kbmedshop.ch\/fr\/wp-json\/wp\/v2\/product_brand?post=3742"},{"taxonomy":"product_cat","embeddable":true,"href":"https:\/\/www.kbmedshop.ch\/fr\/wp-json\/wp\/v2\/product_cat?post=3742"},{"taxonomy":"product_tag","embeddable":true,"href":"https:\/\/www.kbmedshop.ch\/fr\/wp-json\/wp\/v2\/product_tag?post=3742"}],"curies":[{"name":"wp","href":"https:\/\/api.w.org\/{rel}","templated":true}]}}