{"id":3737,"date":"2026-04-02T14:14:48","date_gmt":"2026-04-02T12:14:48","guid":{"rendered":"https:\/\/www.kbmedshop.ch\/?post_type=product&#038;p=3737"},"modified":"2026-04-02T14:25:25","modified_gmt":"2026-04-02T12:25:25","slug":"esemtan-skin-lotion","status":"publish","type":"product","link":"https:\/\/www.kbmedshop.ch\/fr\/produit\/esemtan-skin-lotion\/","title":{"rendered":"Esemtan Skin Lotion"},"content":{"rendered":"<p>L&rsquo;Esemtan Skin Lotion est une \u00e9mulsion huile-dans-eau con\u00e7ue pour l&rsquo;entretien quotidien de la peau du personnel et des patients. Sa texture l\u00e9g\u00e8re permet une absorption quasi instantan\u00e9e, ce qui est crucial entre deux interventions. Elle contient de l&rsquo;allanto\u00efne, reconnue pour ses propri\u00e9t\u00e9s apaisantes et r\u00e9g\u00e9n\u00e9ratrices. En renfor\u00e7ant le film hydrolipidique naturel, cette lotion prot\u00e8ge activement contre les agressions ext\u00e9rieures et les agents irritants courants en milieu hospitalier.<\/p>\n","protected":false},"excerpt":{"rendered":"<p>Soin intensif pour les mains et le corps, sp\u00e9cialement formul\u00e9 pour les peaux s\u00e8ches. Ce baume riche apaise les irritations et hydrate durablement les \u00e9pidermes fragilis\u00e9s.<\/p>\n<p>Code produit : 70000843<\/p>\n","protected":false},"featured_media":3716,"comment_status":"open","ping_status":"closed","template":"","meta":{"_acf_changed":false},"product_brand":[],"product_cat":[359,357],"product_tag":[],"class_list":{"0":"post-3737","1":"product","2":"type-product","3":"status-publish","4":"has-post-thumbnail","6":"product_cat-consommables-hygiene","7":"product_cat-sterilisation-hygiene-fr","9":"first","10":"instock","11":"taxable","12":"shipping-taxable","13":"purchasable","14":"product-type-simple"},"acf":[],"yoast_head":"<!-- This site is optimized with the Yoast SEO plugin v25.0 - https:\/\/yoast.com\/wordpress\/plugins\/seo\/ -->\n<title>Esemtan Skin Lotion - KB Med<\/title>\n<meta name=\"description\" content=\"Baume protecteur pour peaux tr\u00e8s s\u00e8ches et sensibles. Id\u00e9al apr\u00e8s le lavage des mains ou la d\u00e9sinfection. Texture riche et apaisante.\" \/>\n<meta name=\"robots\" content=\"index, follow, max-snippet:-1, max-image-preview:large, max-video-preview:-1\" \/>\n<link rel=\"canonical\" href=\"https:\/\/www.kbmedshop.ch\/fr\/produit\/esemtan-skin-lotion\/\" \/>\n<meta property=\"og:locale\" content=\"fr_FR\" \/>\n<meta property=\"og:type\" content=\"article\" \/>\n<meta property=\"og:title\" content=\"Esemtan Skin Lotion - KB Med\" \/>\n<meta property=\"og:description\" content=\"Baume protecteur pour peaux tr\u00e8s s\u00e8ches et sensibles. Id\u00e9al apr\u00e8s le lavage des mains ou la d\u00e9sinfection. Texture riche et apaisante.\" \/>\n<meta property=\"og:url\" content=\"https:\/\/www.kbmedshop.ch\/fr\/produit\/esemtan-skin-lotion\/\" \/>\n<meta property=\"og:site_name\" content=\"KB Med\" \/>\n<meta property=\"article:modified_time\" content=\"2026-04-02T12:25:25+00:00\" \/>\n<meta property=\"og:image\" content=\"https:\/\/www.kbmedshop.ch\/wp-content\/uploads\/2026\/04\/esemtan_skin_lotion-618x1024.png\" \/>\n\t<meta property=\"og:image:width\" content=\"618\" \/>\n\t<meta property=\"og:image:height\" content=\"1024\" \/>\n\t<meta property=\"og:image:type\" content=\"image\/png\" \/>\n<meta name=\"twitter:card\" content=\"summary_large_image\" \/>\n<meta name=\"twitter:label1\" content=\"Dur\u00e9e de lecture estim\u00e9e\" \/>\n\t<meta name=\"twitter:data1\" content=\"1 minute\" \/>\n<script type=\"application\/ld+json\" class=\"yoast-schema-graph\">{\"@context\":\"https:\/\/schema.org\",\"@graph\":[{\"@type\":\"WebPage\",\"@id\":\"https:\/\/www.kbmedshop.ch\/fr\/produit\/esemtan-skin-lotion\/\",\"url\":\"https:\/\/www.kbmedshop.ch\/fr\/produit\/esemtan-skin-lotion\/\",\"name\":\"Esemtan Skin Lotion - KB Med\",\"isPartOf\":{\"@id\":\"https:\/\/www.kbmedshop.ch\/fr\/#website\"},\"primaryImageOfPage\":{\"@id\":\"https:\/\/www.kbmedshop.ch\/fr\/produit\/esemtan-skin-lotion\/#primaryimage\"},\"image\":{\"@id\":\"https:\/\/www.kbmedshop.ch\/fr\/produit\/esemtan-skin-lotion\/#primaryimage\"},\"thumbnailUrl\":\"https:\/\/www.kbmedshop.ch\/wp-content\/uploads\/2026\/04\/esemtan_skin_lotion.png\",\"datePublished\":\"2026-04-02T12:14:48+00:00\",\"dateModified\":\"2026-04-02T12:25:25+00:00\",\"description\":\"Baume protecteur pour peaux tr\u00e8s s\u00e8ches et sensibles. Id\u00e9al apr\u00e8s le lavage des mains ou la d\u00e9sinfection. Texture riche et apaisante.\",\"breadcrumb\":{\"@id\":\"https:\/\/www.kbmedshop.ch\/fr\/produit\/esemtan-skin-lotion\/#breadcrumb\"},\"inLanguage\":\"fr-FR\",\"potentialAction\":[{\"@type\":\"ReadAction\",\"target\":[\"https:\/\/www.kbmedshop.ch\/fr\/produit\/esemtan-skin-lotion\/\"]}]},{\"@type\":\"ImageObject\",\"inLanguage\":\"fr-FR\",\"@id\":\"https:\/\/www.kbmedshop.ch\/fr\/produit\/esemtan-skin-lotion\/#primaryimage\",\"url\":\"https:\/\/www.kbmedshop.ch\/wp-content\/uploads\/2026\/04\/esemtan_skin_lotion.png\",\"contentUrl\":\"https:\/\/www.kbmedshop.ch\/wp-content\/uploads\/2026\/04\/esemtan_skin_lotion.png\",\"width\":1070,\"height\":1772},{\"@type\":\"BreadcrumbList\",\"@id\":\"https:\/\/www.kbmedshop.ch\/fr\/produit\/esemtan-skin-lotion\/#breadcrumb\",\"itemListElement\":[{\"@type\":\"ListItem\",\"position\":1,\"name\":\"Accueil\",\"item\":\"https:\/\/www.kbmedshop.ch\/fr\/\"},{\"@type\":\"ListItem\",\"position\":2,\"name\":\"Boutique\",\"item\":\"https:\/\/www.kbmedshop.ch\/shop\/\"},{\"@type\":\"ListItem\",\"position\":3,\"name\":\"Esemtan Skin Lotion\"}]},{\"@type\":\"WebSite\",\"@id\":\"https:\/\/www.kbmedshop.ch\/fr\/#website\",\"url\":\"https:\/\/www.kbmedshop.ch\/fr\/\",\"name\":\"Kbmed\",\"description\":\"\",\"potentialAction\":[{\"@type\":\"SearchAction\",\"target\":{\"@type\":\"EntryPoint\",\"urlTemplate\":\"https:\/\/www.kbmedshop.ch\/fr\/?s={search_term_string}\"},\"query-input\":{\"@type\":\"PropertyValueSpecification\",\"valueRequired\":true,\"valueName\":\"search_term_string\"}}],\"inLanguage\":\"fr-FR\"}]}<\/script>\n<!-- \/ Yoast SEO plugin. -->","yoast_head_json":{"title":"Esemtan Skin Lotion - KB Med","description":"Baume protecteur pour peaux tr\u00e8s s\u00e8ches et sensibles. Id\u00e9al apr\u00e8s le lavage des mains ou la d\u00e9sinfection. Texture riche et apaisante.","robots":{"index":"index","follow":"follow","max-snippet":"max-snippet:-1","max-image-preview":"max-image-preview:large","max-video-preview":"max-video-preview:-1"},"canonical":"https:\/\/www.kbmedshop.ch\/fr\/produit\/esemtan-skin-lotion\/","og_locale":"fr_FR","og_type":"article","og_title":"Esemtan Skin Lotion - KB Med","og_description":"Baume protecteur pour peaux tr\u00e8s s\u00e8ches et sensibles. Id\u00e9al apr\u00e8s le lavage des mains ou la d\u00e9sinfection. Texture riche et apaisante.","og_url":"https:\/\/www.kbmedshop.ch\/fr\/produit\/esemtan-skin-lotion\/","og_site_name":"KB Med","article_modified_time":"2026-04-02T12:25:25+00:00","og_image":[{"width":618,"height":1024,"url":"https:\/\/www.kbmedshop.ch\/wp-content\/uploads\/2026\/04\/esemtan_skin_lotion-618x1024.png","type":"image\/png"}],"twitter_card":"summary_large_image","twitter_misc":{"Dur\u00e9e de lecture estim\u00e9e":"1 minute"},"schema":{"@context":"https:\/\/schema.org","@graph":[{"@type":"WebPage","@id":"https:\/\/www.kbmedshop.ch\/fr\/produit\/esemtan-skin-lotion\/","url":"https:\/\/www.kbmedshop.ch\/fr\/produit\/esemtan-skin-lotion\/","name":"Esemtan Skin Lotion - KB Med","isPartOf":{"@id":"https:\/\/www.kbmedshop.ch\/fr\/#website"},"primaryImageOfPage":{"@id":"https:\/\/www.kbmedshop.ch\/fr\/produit\/esemtan-skin-lotion\/#primaryimage"},"image":{"@id":"https:\/\/www.kbmedshop.ch\/fr\/produit\/esemtan-skin-lotion\/#primaryimage"},"thumbnailUrl":"https:\/\/www.kbmedshop.ch\/wp-content\/uploads\/2026\/04\/esemtan_skin_lotion.png","datePublished":"2026-04-02T12:14:48+00:00","dateModified":"2026-04-02T12:25:25+00:00","description":"Baume protecteur pour peaux tr\u00e8s s\u00e8ches et sensibles. Id\u00e9al apr\u00e8s le lavage des mains ou la d\u00e9sinfection. Texture riche et apaisante.","breadcrumb":{"@id":"https:\/\/www.kbmedshop.ch\/fr\/produit\/esemtan-skin-lotion\/#breadcrumb"},"inLanguage":"fr-FR","potentialAction":[{"@type":"ReadAction","target":["https:\/\/www.kbmedshop.ch\/fr\/produit\/esemtan-skin-lotion\/"]}]},{"@type":"ImageObject","inLanguage":"fr-FR","@id":"https:\/\/www.kbmedshop.ch\/fr\/produit\/esemtan-skin-lotion\/#primaryimage","url":"https:\/\/www.kbmedshop.ch\/wp-content\/uploads\/2026\/04\/esemtan_skin_lotion.png","contentUrl":"https:\/\/www.kbmedshop.ch\/wp-content\/uploads\/2026\/04\/esemtan_skin_lotion.png","width":1070,"height":1772},{"@type":"BreadcrumbList","@id":"https:\/\/www.kbmedshop.ch\/fr\/produit\/esemtan-skin-lotion\/#breadcrumb","itemListElement":[{"@type":"ListItem","position":1,"name":"Accueil","item":"https:\/\/www.kbmedshop.ch\/fr\/"},{"@type":"ListItem","position":2,"name":"Boutique","item":"https:\/\/www.kbmedshop.ch\/shop\/"},{"@type":"ListItem","position":3,"name":"Esemtan Skin Lotion"}]},{"@type":"WebSite","@id":"https:\/\/www.kbmedshop.ch\/fr\/#website","url":"https:\/\/www.kbmedshop.ch\/fr\/","name":"Kbmed","description":"","potentialAction":[{"@type":"SearchAction","target":{"@type":"EntryPoint","urlTemplate":"https:\/\/www.kbmedshop.ch\/fr\/?s={search_term_string}"},"query-input":{"@type":"PropertyValueSpecification","valueRequired":true,"valueName":"search_term_string"}}],"inLanguage":"fr-FR"}]}},"_links":{"self":[{"href":"https:\/\/www.kbmedshop.ch\/fr\/wp-json\/wp\/v2\/product\/3737","targetHints":{"allow":["GET"]}}],"collection":[{"href":"https:\/\/www.kbmedshop.ch\/fr\/wp-json\/wp\/v2\/product"}],"about":[{"href":"https:\/\/www.kbmedshop.ch\/fr\/wp-json\/wp\/v2\/types\/product"}],"replies":[{"embeddable":true,"href":"https:\/\/www.kbmedshop.ch\/fr\/wp-json\/wp\/v2\/comments?post=3737"}],"wp:featuredmedia":[{"embeddable":true,"href":"https:\/\/www.kbmedshop.ch\/fr\/wp-json\/wp\/v2\/media\/3716"}],"wp:attachment":[{"href":"https:\/\/www.kbmedshop.ch\/fr\/wp-json\/wp\/v2\/media?parent=3737"}],"wp:term":[{"taxonomy":"product_brand","embeddable":true,"href":"https:\/\/www.kbmedshop.ch\/fr\/wp-json\/wp\/v2\/product_brand?post=3737"},{"taxonomy":"product_cat","embeddable":true,"href":"https:\/\/www.kbmedshop.ch\/fr\/wp-json\/wp\/v2\/product_cat?post=3737"},{"taxonomy":"product_tag","embeddable":true,"href":"https:\/\/www.kbmedshop.ch\/fr\/wp-json\/wp\/v2\/product_tag?post=3737"}],"curies":[{"name":"wp","href":"https:\/\/api.w.org\/{rel}","templated":true}]}}