{"id":3734,"date":"2026-04-02T14:11:37","date_gmt":"2026-04-02T12:11:37","guid":{"rendered":"https:\/\/www.kbmedshop.ch\/?post_type=product&#038;p=3734"},"modified":"2026-04-02T14:12:28","modified_gmt":"2026-04-02T12:12:28","slug":"esemtan-dry-skin-balm","status":"publish","type":"product","link":"https:\/\/www.kbmedshop.ch\/fr\/produit\/esemtan-dry-skin-balm\/","title":{"rendered":"Esemtan Dry Skin Balm"},"content":{"rendered":"<p>Le travail en milieu m\u00e9dical expose souvent la peau \u00e0 un dess\u00e8chement s\u00e9v\u00e8re. L&rsquo;Esemtan Dry Skin Balm apporte une r\u00e9ponse cibl\u00e9e gr\u00e2ce \u00e0 sa composition riche en ur\u00e9e et en lipides de haute qualit\u00e9. Contrairement aux cr\u00e8mes classiques, il p\u00e9n\u00e8tre en profondeur pour r\u00e9parer les zones gerc\u00e9es sans laisser de film gras persistant. Utilis\u00e9 r\u00e9guli\u00e8rement apr\u00e8s chaque d\u00e9sinfection ou lavage, il redonne souplesse et confort \u00e0 vos mains, pr\u00e9venant ainsi les dermatites professionnelles.<\/p>\n","protected":false},"excerpt":{"rendered":"<p>Soin intensif pour les mains et le corps, sp\u00e9cialement formul\u00e9 pour les peaux s\u00e8ches. Ce baume riche apaise les irritations et hydrate durablement les \u00e9pidermes fragilis\u00e9s.<\/p>\n<p>Code produit : 70000843<\/p>\n","protected":false},"featured_media":3732,"comment_status":"open","ping_status":"closed","template":"","meta":{"_acf_changed":false},"product_brand":[],"product_cat":[359,357],"product_tag":[],"class_list":{"0":"post-3734","1":"product","2":"type-product","3":"status-publish","4":"has-post-thumbnail","6":"product_cat-consommables-hygiene","7":"product_cat-sterilisation-hygiene-fr","9":"first","10":"instock","11":"taxable","12":"shipping-taxable","13":"purchasable","14":"product-type-simple"},"acf":[],"yoast_head":"<!-- This site is optimized with the Yoast SEO plugin v25.0 - https:\/\/yoast.com\/wordpress\/plugins\/seo\/ -->\n<title>Esemtan Dry Skin Balm - KB Med<\/title>\n<meta name=\"description\" content=\"Baume protecteur pour peaux tr\u00e8s s\u00e8ches et sensibles. Id\u00e9al apr\u00e8s le lavage des mains ou la d\u00e9sinfection. Texture riche et apaisante.\" \/>\n<meta name=\"robots\" content=\"index, follow, max-snippet:-1, max-image-preview:large, max-video-preview:-1\" \/>\n<link rel=\"canonical\" href=\"https:\/\/www.kbmedshop.ch\/fr\/produit\/esemtan-dry-skin-balm\/\" \/>\n<meta property=\"og:locale\" content=\"fr_FR\" \/>\n<meta property=\"og:type\" content=\"article\" \/>\n<meta property=\"og:title\" content=\"Esemtan Dry Skin Balm - KB Med\" \/>\n<meta property=\"og:description\" content=\"Baume protecteur pour peaux tr\u00e8s s\u00e8ches et sensibles. Id\u00e9al apr\u00e8s le lavage des mains ou la d\u00e9sinfection. Texture riche et apaisante.\" \/>\n<meta property=\"og:url\" content=\"https:\/\/www.kbmedshop.ch\/fr\/produit\/esemtan-dry-skin-balm\/\" \/>\n<meta property=\"og:site_name\" content=\"KB Med\" \/>\n<meta property=\"article:modified_time\" content=\"2026-04-02T12:12:28+00:00\" \/>\n<meta property=\"og:image\" content=\"https:\/\/www.kbmedshop.ch\/wp-content\/uploads\/2026\/04\/esemtan_dry_skin_balm-618x1024.png\" \/>\n\t<meta property=\"og:image:width\" content=\"618\" \/>\n\t<meta property=\"og:image:height\" content=\"1024\" \/>\n\t<meta property=\"og:image:type\" content=\"image\/png\" \/>\n<meta name=\"twitter:card\" content=\"summary_large_image\" \/>\n<script type=\"application\/ld+json\" class=\"yoast-schema-graph\">{\"@context\":\"https:\/\/schema.org\",\"@graph\":[{\"@type\":\"WebPage\",\"@id\":\"https:\/\/www.kbmedshop.ch\/fr\/produit\/esemtan-dry-skin-balm\/\",\"url\":\"https:\/\/www.kbmedshop.ch\/fr\/produit\/esemtan-dry-skin-balm\/\",\"name\":\"Esemtan Dry Skin Balm - KB Med\",\"isPartOf\":{\"@id\":\"https:\/\/www.kbmedshop.ch\/fr\/#website\"},\"primaryImageOfPage\":{\"@id\":\"https:\/\/www.kbmedshop.ch\/fr\/produit\/esemtan-dry-skin-balm\/#primaryimage\"},\"image\":{\"@id\":\"https:\/\/www.kbmedshop.ch\/fr\/produit\/esemtan-dry-skin-balm\/#primaryimage\"},\"thumbnailUrl\":\"https:\/\/www.kbmedshop.ch\/wp-content\/uploads\/2026\/04\/esemtan_dry_skin_balm.png\",\"datePublished\":\"2026-04-02T12:11:37+00:00\",\"dateModified\":\"2026-04-02T12:12:28+00:00\",\"description\":\"Baume protecteur pour peaux tr\u00e8s s\u00e8ches et sensibles. Id\u00e9al apr\u00e8s le lavage des mains ou la d\u00e9sinfection. Texture riche et apaisante.\",\"breadcrumb\":{\"@id\":\"https:\/\/www.kbmedshop.ch\/fr\/produit\/esemtan-dry-skin-balm\/#breadcrumb\"},\"inLanguage\":\"fr-FR\",\"potentialAction\":[{\"@type\":\"ReadAction\",\"target\":[\"https:\/\/www.kbmedshop.ch\/fr\/produit\/esemtan-dry-skin-balm\/\"]}]},{\"@type\":\"ImageObject\",\"inLanguage\":\"fr-FR\",\"@id\":\"https:\/\/www.kbmedshop.ch\/fr\/produit\/esemtan-dry-skin-balm\/#primaryimage\",\"url\":\"https:\/\/www.kbmedshop.ch\/wp-content\/uploads\/2026\/04\/esemtan_dry_skin_balm.png\",\"contentUrl\":\"https:\/\/www.kbmedshop.ch\/wp-content\/uploads\/2026\/04\/esemtan_dry_skin_balm.png\",\"width\":1070,\"height\":1772},{\"@type\":\"BreadcrumbList\",\"@id\":\"https:\/\/www.kbmedshop.ch\/fr\/produit\/esemtan-dry-skin-balm\/#breadcrumb\",\"itemListElement\":[{\"@type\":\"ListItem\",\"position\":1,\"name\":\"Accueil\",\"item\":\"https:\/\/www.kbmedshop.ch\/fr\/\"},{\"@type\":\"ListItem\",\"position\":2,\"name\":\"Boutique\",\"item\":\"https:\/\/www.kbmedshop.ch\/shop\/\"},{\"@type\":\"ListItem\",\"position\":3,\"name\":\"Esemtan Dry Skin Balm\"}]},{\"@type\":\"WebSite\",\"@id\":\"https:\/\/www.kbmedshop.ch\/fr\/#website\",\"url\":\"https:\/\/www.kbmedshop.ch\/fr\/\",\"name\":\"Kbmed\",\"description\":\"\",\"potentialAction\":[{\"@type\":\"SearchAction\",\"target\":{\"@type\":\"EntryPoint\",\"urlTemplate\":\"https:\/\/www.kbmedshop.ch\/fr\/?s={search_term_string}\"},\"query-input\":{\"@type\":\"PropertyValueSpecification\",\"valueRequired\":true,\"valueName\":\"search_term_string\"}}],\"inLanguage\":\"fr-FR\"}]}<\/script>\n<!-- \/ Yoast SEO plugin. -->","yoast_head_json":{"title":"Esemtan Dry Skin Balm - KB Med","description":"Baume protecteur pour peaux tr\u00e8s s\u00e8ches et sensibles. Id\u00e9al apr\u00e8s le lavage des mains ou la d\u00e9sinfection. Texture riche et apaisante.","robots":{"index":"index","follow":"follow","max-snippet":"max-snippet:-1","max-image-preview":"max-image-preview:large","max-video-preview":"max-video-preview:-1"},"canonical":"https:\/\/www.kbmedshop.ch\/fr\/produit\/esemtan-dry-skin-balm\/","og_locale":"fr_FR","og_type":"article","og_title":"Esemtan Dry Skin Balm - KB Med","og_description":"Baume protecteur pour peaux tr\u00e8s s\u00e8ches et sensibles. Id\u00e9al apr\u00e8s le lavage des mains ou la d\u00e9sinfection. Texture riche et apaisante.","og_url":"https:\/\/www.kbmedshop.ch\/fr\/produit\/esemtan-dry-skin-balm\/","og_site_name":"KB Med","article_modified_time":"2026-04-02T12:12:28+00:00","og_image":[{"width":618,"height":1024,"url":"https:\/\/www.kbmedshop.ch\/wp-content\/uploads\/2026\/04\/esemtan_dry_skin_balm-618x1024.png","type":"image\/png"}],"twitter_card":"summary_large_image","schema":{"@context":"https:\/\/schema.org","@graph":[{"@type":"WebPage","@id":"https:\/\/www.kbmedshop.ch\/fr\/produit\/esemtan-dry-skin-balm\/","url":"https:\/\/www.kbmedshop.ch\/fr\/produit\/esemtan-dry-skin-balm\/","name":"Esemtan Dry Skin Balm - KB Med","isPartOf":{"@id":"https:\/\/www.kbmedshop.ch\/fr\/#website"},"primaryImageOfPage":{"@id":"https:\/\/www.kbmedshop.ch\/fr\/produit\/esemtan-dry-skin-balm\/#primaryimage"},"image":{"@id":"https:\/\/www.kbmedshop.ch\/fr\/produit\/esemtan-dry-skin-balm\/#primaryimage"},"thumbnailUrl":"https:\/\/www.kbmedshop.ch\/wp-content\/uploads\/2026\/04\/esemtan_dry_skin_balm.png","datePublished":"2026-04-02T12:11:37+00:00","dateModified":"2026-04-02T12:12:28+00:00","description":"Baume protecteur pour peaux tr\u00e8s s\u00e8ches et sensibles. Id\u00e9al apr\u00e8s le lavage des mains ou la d\u00e9sinfection. Texture riche et apaisante.","breadcrumb":{"@id":"https:\/\/www.kbmedshop.ch\/fr\/produit\/esemtan-dry-skin-balm\/#breadcrumb"},"inLanguage":"fr-FR","potentialAction":[{"@type":"ReadAction","target":["https:\/\/www.kbmedshop.ch\/fr\/produit\/esemtan-dry-skin-balm\/"]}]},{"@type":"ImageObject","inLanguage":"fr-FR","@id":"https:\/\/www.kbmedshop.ch\/fr\/produit\/esemtan-dry-skin-balm\/#primaryimage","url":"https:\/\/www.kbmedshop.ch\/wp-content\/uploads\/2026\/04\/esemtan_dry_skin_balm.png","contentUrl":"https:\/\/www.kbmedshop.ch\/wp-content\/uploads\/2026\/04\/esemtan_dry_skin_balm.png","width":1070,"height":1772},{"@type":"BreadcrumbList","@id":"https:\/\/www.kbmedshop.ch\/fr\/produit\/esemtan-dry-skin-balm\/#breadcrumb","itemListElement":[{"@type":"ListItem","position":1,"name":"Accueil","item":"https:\/\/www.kbmedshop.ch\/fr\/"},{"@type":"ListItem","position":2,"name":"Boutique","item":"https:\/\/www.kbmedshop.ch\/shop\/"},{"@type":"ListItem","position":3,"name":"Esemtan Dry Skin Balm"}]},{"@type":"WebSite","@id":"https:\/\/www.kbmedshop.ch\/fr\/#website","url":"https:\/\/www.kbmedshop.ch\/fr\/","name":"Kbmed","description":"","potentialAction":[{"@type":"SearchAction","target":{"@type":"EntryPoint","urlTemplate":"https:\/\/www.kbmedshop.ch\/fr\/?s={search_term_string}"},"query-input":{"@type":"PropertyValueSpecification","valueRequired":true,"valueName":"search_term_string"}}],"inLanguage":"fr-FR"}]}},"_links":{"self":[{"href":"https:\/\/www.kbmedshop.ch\/fr\/wp-json\/wp\/v2\/product\/3734","targetHints":{"allow":["GET"]}}],"collection":[{"href":"https:\/\/www.kbmedshop.ch\/fr\/wp-json\/wp\/v2\/product"}],"about":[{"href":"https:\/\/www.kbmedshop.ch\/fr\/wp-json\/wp\/v2\/types\/product"}],"replies":[{"embeddable":true,"href":"https:\/\/www.kbmedshop.ch\/fr\/wp-json\/wp\/v2\/comments?post=3734"}],"wp:featuredmedia":[{"embeddable":true,"href":"https:\/\/www.kbmedshop.ch\/fr\/wp-json\/wp\/v2\/media\/3732"}],"wp:attachment":[{"href":"https:\/\/www.kbmedshop.ch\/fr\/wp-json\/wp\/v2\/media?parent=3734"}],"wp:term":[{"taxonomy":"product_brand","embeddable":true,"href":"https:\/\/www.kbmedshop.ch\/fr\/wp-json\/wp\/v2\/product_brand?post=3734"},{"taxonomy":"product_cat","embeddable":true,"href":"https:\/\/www.kbmedshop.ch\/fr\/wp-json\/wp\/v2\/product_cat?post=3734"},{"taxonomy":"product_tag","embeddable":true,"href":"https:\/\/www.kbmedshop.ch\/fr\/wp-json\/wp\/v2\/product_tag?post=3734"}],"curies":[{"name":"wp","href":"https:\/\/api.w.org\/{rel}","templated":true}]}}