{"id":3728,"date":"2026-04-02T13:25:22","date_gmt":"2026-04-02T11:25:22","guid":{"rendered":"https:\/\/www.kbmedshop.ch\/?post_type=product&#038;p=3728"},"modified":"2026-04-02T13:26:04","modified_gmt":"2026-04-02T11:26:04","slug":"desmanol-pure","status":"publish","type":"product","link":"https:\/\/www.kbmedshop.ch\/fr\/produit\/desmanol-pure\/","title":{"rendered":"Desmanol Pure"},"content":{"rendered":"<p>Le Desmanol Pure se distingue par son \u00e9quilibre parfait entre efficacit\u00e9 virucide et soin de la peau. Sa formule sans parfum ni colorant limite drastiquement les risques d&rsquo;allergies, m\u00eame lors d&rsquo;une utilisation intensive et r\u00e9p\u00e9t\u00e9e tout au long de la journ\u00e9e. Gr\u00e2ce \u00e0 son complexe de soin innovant (D-panth\u00e9nol et \u00e9thylhexylglyc\u00e9rine), il restaure la barri\u00e8re lipidique de la peau tout en \u00e9liminant les agents pathog\u00e8nes. C&rsquo;est le standard de s\u00e9curit\u00e9 chez KB Med pour les mains sollicit\u00e9es.<\/p>\n","protected":false},"excerpt":{"rendered":"<p>Solution hydro-alcoolique pr\u00eate \u00e0 l&#8217;emploi pour la d\u00e9sinfection chirurgicale et hygi\u00e9nique des mains. Enrichi en agents hydratants pour une tol\u00e9rance cutan\u00e9e exceptionnelle.<\/p>\n<p>Code produit : 125512<\/p>\n","protected":false},"featured_media":3713,"comment_status":"open","ping_status":"closed","template":"","meta":{"_acf_changed":false},"product_brand":[],"product_cat":[359,357],"product_tag":[],"class_list":{"0":"post-3728","1":"product","2":"type-product","3":"status-publish","4":"has-post-thumbnail","6":"product_cat-consommables-hygiene","7":"product_cat-sterilisation-hygiene-fr","9":"first","10":"instock","11":"taxable","12":"shipping-taxable","13":"purchasable","14":"product-type-simple"},"acf":[],"yoast_head":"<!-- This site is optimized with the Yoast SEO plugin v25.0 - https:\/\/yoast.com\/wordpress\/plugins\/seo\/ -->\n<title>Desmanol Pure - KB Med<\/title>\n<meta name=\"description\" content=\"D\u00e9sinfectant alcoolique pour les mains avec complexe protecteur. Sans colorant ni parfum. Id\u00e9al pour les peaux sensibles en milieu m\u00e9dical.\" \/>\n<meta name=\"robots\" content=\"index, follow, max-snippet:-1, max-image-preview:large, max-video-preview:-1\" \/>\n<link rel=\"canonical\" href=\"https:\/\/www.kbmedshop.ch\/fr\/produit\/desmanol-pure\/\" \/>\n<meta property=\"og:locale\" content=\"fr_FR\" \/>\n<meta property=\"og:type\" content=\"article\" \/>\n<meta property=\"og:title\" content=\"Desmanol Pure - KB Med\" \/>\n<meta property=\"og:description\" content=\"D\u00e9sinfectant alcoolique pour les mains avec complexe protecteur. Sans colorant ni parfum. Id\u00e9al pour les peaux sensibles en milieu m\u00e9dical.\" \/>\n<meta property=\"og:url\" content=\"https:\/\/www.kbmedshop.ch\/fr\/produit\/desmanol-pure\/\" \/>\n<meta property=\"og:site_name\" content=\"KB Med\" \/>\n<meta property=\"article:modified_time\" content=\"2026-04-02T11:26:04+00:00\" \/>\n<meta property=\"og:image\" content=\"https:\/\/www.kbmedshop.ch\/wp-content\/uploads\/2026\/04\/desmanol_pure-702x1024.png\" \/>\n\t<meta property=\"og:image:width\" content=\"702\" \/>\n\t<meta property=\"og:image:height\" content=\"1024\" \/>\n\t<meta property=\"og:image:type\" content=\"image\/png\" \/>\n<meta name=\"twitter:card\" content=\"summary_large_image\" \/>\n<script type=\"application\/ld+json\" class=\"yoast-schema-graph\">{\"@context\":\"https:\/\/schema.org\",\"@graph\":[{\"@type\":\"WebPage\",\"@id\":\"https:\/\/www.kbmedshop.ch\/fr\/produit\/desmanol-pure\/\",\"url\":\"https:\/\/www.kbmedshop.ch\/fr\/produit\/desmanol-pure\/\",\"name\":\"Desmanol Pure - KB Med\",\"isPartOf\":{\"@id\":\"https:\/\/www.kbmedshop.ch\/fr\/#website\"},\"primaryImageOfPage\":{\"@id\":\"https:\/\/www.kbmedshop.ch\/fr\/produit\/desmanol-pure\/#primaryimage\"},\"image\":{\"@id\":\"https:\/\/www.kbmedshop.ch\/fr\/produit\/desmanol-pure\/#primaryimage\"},\"thumbnailUrl\":\"https:\/\/www.kbmedshop.ch\/wp-content\/uploads\/2026\/04\/desmanol_pure-scaled.png\",\"datePublished\":\"2026-04-02T11:25:22+00:00\",\"dateModified\":\"2026-04-02T11:26:04+00:00\",\"description\":\"D\u00e9sinfectant alcoolique pour les mains avec complexe protecteur. Sans colorant ni parfum. Id\u00e9al pour les peaux sensibles en milieu m\u00e9dical.\",\"breadcrumb\":{\"@id\":\"https:\/\/www.kbmedshop.ch\/fr\/produit\/desmanol-pure\/#breadcrumb\"},\"inLanguage\":\"fr-FR\",\"potentialAction\":[{\"@type\":\"ReadAction\",\"target\":[\"https:\/\/www.kbmedshop.ch\/fr\/produit\/desmanol-pure\/\"]}]},{\"@type\":\"ImageObject\",\"inLanguage\":\"fr-FR\",\"@id\":\"https:\/\/www.kbmedshop.ch\/fr\/produit\/desmanol-pure\/#primaryimage\",\"url\":\"https:\/\/www.kbmedshop.ch\/wp-content\/uploads\/2026\/04\/desmanol_pure-scaled.png\",\"contentUrl\":\"https:\/\/www.kbmedshop.ch\/wp-content\/uploads\/2026\/04\/desmanol_pure-scaled.png\",\"width\":1756,\"height\":2560},{\"@type\":\"BreadcrumbList\",\"@id\":\"https:\/\/www.kbmedshop.ch\/fr\/produit\/desmanol-pure\/#breadcrumb\",\"itemListElement\":[{\"@type\":\"ListItem\",\"position\":1,\"name\":\"Accueil\",\"item\":\"https:\/\/www.kbmedshop.ch\/fr\/\"},{\"@type\":\"ListItem\",\"position\":2,\"name\":\"Boutique\",\"item\":\"https:\/\/www.kbmedshop.ch\/shop\/\"},{\"@type\":\"ListItem\",\"position\":3,\"name\":\"Desmanol Pure\"}]},{\"@type\":\"WebSite\",\"@id\":\"https:\/\/www.kbmedshop.ch\/fr\/#website\",\"url\":\"https:\/\/www.kbmedshop.ch\/fr\/\",\"name\":\"Kbmed\",\"description\":\"\",\"potentialAction\":[{\"@type\":\"SearchAction\",\"target\":{\"@type\":\"EntryPoint\",\"urlTemplate\":\"https:\/\/www.kbmedshop.ch\/fr\/?s={search_term_string}\"},\"query-input\":{\"@type\":\"PropertyValueSpecification\",\"valueRequired\":true,\"valueName\":\"search_term_string\"}}],\"inLanguage\":\"fr-FR\"}]}<\/script>\n<!-- \/ Yoast SEO plugin. -->","yoast_head_json":{"title":"Desmanol Pure - KB Med","description":"D\u00e9sinfectant alcoolique pour les mains avec complexe protecteur. Sans colorant ni parfum. Id\u00e9al pour les peaux sensibles en milieu m\u00e9dical.","robots":{"index":"index","follow":"follow","max-snippet":"max-snippet:-1","max-image-preview":"max-image-preview:large","max-video-preview":"max-video-preview:-1"},"canonical":"https:\/\/www.kbmedshop.ch\/fr\/produit\/desmanol-pure\/","og_locale":"fr_FR","og_type":"article","og_title":"Desmanol Pure - KB Med","og_description":"D\u00e9sinfectant alcoolique pour les mains avec complexe protecteur. Sans colorant ni parfum. Id\u00e9al pour les peaux sensibles en milieu m\u00e9dical.","og_url":"https:\/\/www.kbmedshop.ch\/fr\/produit\/desmanol-pure\/","og_site_name":"KB Med","article_modified_time":"2026-04-02T11:26:04+00:00","og_image":[{"width":702,"height":1024,"url":"https:\/\/www.kbmedshop.ch\/wp-content\/uploads\/2026\/04\/desmanol_pure-702x1024.png","type":"image\/png"}],"twitter_card":"summary_large_image","schema":{"@context":"https:\/\/schema.org","@graph":[{"@type":"WebPage","@id":"https:\/\/www.kbmedshop.ch\/fr\/produit\/desmanol-pure\/","url":"https:\/\/www.kbmedshop.ch\/fr\/produit\/desmanol-pure\/","name":"Desmanol Pure - KB Med","isPartOf":{"@id":"https:\/\/www.kbmedshop.ch\/fr\/#website"},"primaryImageOfPage":{"@id":"https:\/\/www.kbmedshop.ch\/fr\/produit\/desmanol-pure\/#primaryimage"},"image":{"@id":"https:\/\/www.kbmedshop.ch\/fr\/produit\/desmanol-pure\/#primaryimage"},"thumbnailUrl":"https:\/\/www.kbmedshop.ch\/wp-content\/uploads\/2026\/04\/desmanol_pure-scaled.png","datePublished":"2026-04-02T11:25:22+00:00","dateModified":"2026-04-02T11:26:04+00:00","description":"D\u00e9sinfectant alcoolique pour les mains avec complexe protecteur. Sans colorant ni parfum. Id\u00e9al pour les peaux sensibles en milieu m\u00e9dical.","breadcrumb":{"@id":"https:\/\/www.kbmedshop.ch\/fr\/produit\/desmanol-pure\/#breadcrumb"},"inLanguage":"fr-FR","potentialAction":[{"@type":"ReadAction","target":["https:\/\/www.kbmedshop.ch\/fr\/produit\/desmanol-pure\/"]}]},{"@type":"ImageObject","inLanguage":"fr-FR","@id":"https:\/\/www.kbmedshop.ch\/fr\/produit\/desmanol-pure\/#primaryimage","url":"https:\/\/www.kbmedshop.ch\/wp-content\/uploads\/2026\/04\/desmanol_pure-scaled.png","contentUrl":"https:\/\/www.kbmedshop.ch\/wp-content\/uploads\/2026\/04\/desmanol_pure-scaled.png","width":1756,"height":2560},{"@type":"BreadcrumbList","@id":"https:\/\/www.kbmedshop.ch\/fr\/produit\/desmanol-pure\/#breadcrumb","itemListElement":[{"@type":"ListItem","position":1,"name":"Accueil","item":"https:\/\/www.kbmedshop.ch\/fr\/"},{"@type":"ListItem","position":2,"name":"Boutique","item":"https:\/\/www.kbmedshop.ch\/shop\/"},{"@type":"ListItem","position":3,"name":"Desmanol Pure"}]},{"@type":"WebSite","@id":"https:\/\/www.kbmedshop.ch\/fr\/#website","url":"https:\/\/www.kbmedshop.ch\/fr\/","name":"Kbmed","description":"","potentialAction":[{"@type":"SearchAction","target":{"@type":"EntryPoint","urlTemplate":"https:\/\/www.kbmedshop.ch\/fr\/?s={search_term_string}"},"query-input":{"@type":"PropertyValueSpecification","valueRequired":true,"valueName":"search_term_string"}}],"inLanguage":"fr-FR"}]}},"_links":{"self":[{"href":"https:\/\/www.kbmedshop.ch\/fr\/wp-json\/wp\/v2\/product\/3728","targetHints":{"allow":["GET"]}}],"collection":[{"href":"https:\/\/www.kbmedshop.ch\/fr\/wp-json\/wp\/v2\/product"}],"about":[{"href":"https:\/\/www.kbmedshop.ch\/fr\/wp-json\/wp\/v2\/types\/product"}],"replies":[{"embeddable":true,"href":"https:\/\/www.kbmedshop.ch\/fr\/wp-json\/wp\/v2\/comments?post=3728"}],"wp:featuredmedia":[{"embeddable":true,"href":"https:\/\/www.kbmedshop.ch\/fr\/wp-json\/wp\/v2\/media\/3713"}],"wp:attachment":[{"href":"https:\/\/www.kbmedshop.ch\/fr\/wp-json\/wp\/v2\/media?parent=3728"}],"wp:term":[{"taxonomy":"product_brand","embeddable":true,"href":"https:\/\/www.kbmedshop.ch\/fr\/wp-json\/wp\/v2\/product_brand?post=3728"},{"taxonomy":"product_cat","embeddable":true,"href":"https:\/\/www.kbmedshop.ch\/fr\/wp-json\/wp\/v2\/product_cat?post=3728"},{"taxonomy":"product_tag","embeddable":true,"href":"https:\/\/www.kbmedshop.ch\/fr\/wp-json\/wp\/v2\/product_tag?post=3728"}],"curies":[{"name":"wp","href":"https:\/\/api.w.org\/{rel}","templated":true}]}}