{"id":3721,"date":"2026-04-02T11:02:12","date_gmt":"2026-04-02T09:02:12","guid":{"rendered":"https:\/\/www.kbmedshop.ch\/?post_type=product&#038;p=3721"},"modified":"2026-04-02T11:43:06","modified_gmt":"2026-04-02T09:43:06","slug":"aspirmatic","status":"publish","type":"product","link":"https:\/\/www.kbmedshop.ch\/fr\/produit\/aspirmatic\/","title":{"rendered":"Aspirmatic"},"content":{"rendered":"<p>L&rsquo;Aspirmatic est une solution indispensable pour maintenir la long\u00e9vit\u00e9 de vos installations dentaires. Ce concentr\u00e9 agit efficacement contre les bact\u00e9ries, les levures et les virus envelopp\u00e9s. Sa formulation sp\u00e9cifique \u00e9vite la formation de mousse, prot\u00e9geant ainsi la pompe \u00e0 vide et les canalisations. Une utilisation quotidienne garantit non seulement une hygi\u00e8ne optimale pour vos patients, mais pr\u00e9vient aussi les mauvaises odeurs et les d\u00e9p\u00f4ts organiques tenaces. Chez KB Med, nous recommandons ce produit pour sa haute compatibilit\u00e9 avec les mat\u00e9riaux.<\/p>\n","protected":false},"excerpt":{"rendered":"<p>Concentr\u00e9 liquide con\u00e7u pour la d\u00e9sinfection, le nettoyage et l&rsquo;entretien quotidien des syst\u00e8mes d&rsquo;aspiration et des crachoirs. Sans ald\u00e9hyde, il assure une hygi\u00e8ne irr\u00e9prochable sans mousser.<\/p>\n<p>Code produit : 70003399<\/p>\n","protected":false},"featured_media":3710,"comment_status":"open","ping_status":"closed","template":"","meta":{"_acf_changed":false},"product_brand":[],"product_cat":[359,357],"product_tag":[],"class_list":{"0":"post-3721","1":"product","2":"type-product","3":"status-publish","4":"has-post-thumbnail","6":"product_cat-consommables-hygiene","7":"product_cat-sterilisation-hygiene-fr","9":"first","10":"instock","11":"taxable","12":"shipping-taxable","13":"purchasable","14":"product-type-simple"},"acf":[],"yoast_head":"<!-- This site is optimized with the Yoast SEO plugin v25.0 - https:\/\/yoast.com\/wordpress\/plugins\/seo\/ -->\n<title>Aspirmatic - KB Med<\/title>\n<meta name=\"description\" content=\"Solution concentr\u00e9e pour la d\u00e9sinfection et le nettoyage quotidien des syst\u00e8mes d&#039;aspiration dentaire. Efficacit\u00e9 certifi\u00e9e et protection du mat\u00e9riel.\" \/>\n<meta name=\"robots\" content=\"index, follow, max-snippet:-1, max-image-preview:large, max-video-preview:-1\" \/>\n<link rel=\"canonical\" href=\"https:\/\/www.kbmedshop.ch\/fr\/produit\/aspirmatic\/\" \/>\n<meta property=\"og:locale\" content=\"fr_FR\" \/>\n<meta property=\"og:type\" content=\"article\" \/>\n<meta property=\"og:title\" content=\"Aspirmatic - KB Med\" \/>\n<meta property=\"og:description\" content=\"Solution concentr\u00e9e pour la d\u00e9sinfection et le nettoyage quotidien des syst\u00e8mes d&#039;aspiration dentaire. Efficacit\u00e9 certifi\u00e9e et protection du mat\u00e9riel.\" \/>\n<meta property=\"og:url\" content=\"https:\/\/www.kbmedshop.ch\/fr\/produit\/aspirmatic\/\" \/>\n<meta property=\"og:site_name\" content=\"KB Med\" \/>\n<meta property=\"article:modified_time\" content=\"2026-04-02T09:43:06+00:00\" \/>\n<meta property=\"og:image\" content=\"https:\/\/www.kbmedshop.ch\/wp-content\/uploads\/2026\/04\/aspirmatic-528x1024.png\" \/>\n\t<meta property=\"og:image:width\" content=\"528\" \/>\n\t<meta property=\"og:image:height\" content=\"1024\" \/>\n\t<meta property=\"og:image:type\" content=\"image\/png\" \/>\n<meta name=\"twitter:card\" content=\"summary_large_image\" \/>\n<script type=\"application\/ld+json\" class=\"yoast-schema-graph\">{\"@context\":\"https:\/\/schema.org\",\"@graph\":[{\"@type\":\"WebPage\",\"@id\":\"https:\/\/www.kbmedshop.ch\/fr\/produit\/aspirmatic\/\",\"url\":\"https:\/\/www.kbmedshop.ch\/fr\/produit\/aspirmatic\/\",\"name\":\"Aspirmatic - KB Med\",\"isPartOf\":{\"@id\":\"https:\/\/www.kbmedshop.ch\/fr\/#website\"},\"primaryImageOfPage\":{\"@id\":\"https:\/\/www.kbmedshop.ch\/fr\/produit\/aspirmatic\/#primaryimage\"},\"image\":{\"@id\":\"https:\/\/www.kbmedshop.ch\/fr\/produit\/aspirmatic\/#primaryimage\"},\"thumbnailUrl\":\"https:\/\/www.kbmedshop.ch\/wp-content\/uploads\/2026\/04\/aspirmatic-scaled.png\",\"datePublished\":\"2026-04-02T09:02:12+00:00\",\"dateModified\":\"2026-04-02T09:43:06+00:00\",\"description\":\"Solution concentr\u00e9e pour la d\u00e9sinfection et le nettoyage quotidien des syst\u00e8mes d'aspiration dentaire. Efficacit\u00e9 certifi\u00e9e et protection du mat\u00e9riel.\",\"breadcrumb\":{\"@id\":\"https:\/\/www.kbmedshop.ch\/fr\/produit\/aspirmatic\/#breadcrumb\"},\"inLanguage\":\"fr-FR\",\"potentialAction\":[{\"@type\":\"ReadAction\",\"target\":[\"https:\/\/www.kbmedshop.ch\/fr\/produit\/aspirmatic\/\"]}]},{\"@type\":\"ImageObject\",\"inLanguage\":\"fr-FR\",\"@id\":\"https:\/\/www.kbmedshop.ch\/fr\/produit\/aspirmatic\/#primaryimage\",\"url\":\"https:\/\/www.kbmedshop.ch\/wp-content\/uploads\/2026\/04\/aspirmatic-scaled.png\",\"contentUrl\":\"https:\/\/www.kbmedshop.ch\/wp-content\/uploads\/2026\/04\/aspirmatic-scaled.png\",\"width\":1320,\"height\":2560},{\"@type\":\"BreadcrumbList\",\"@id\":\"https:\/\/www.kbmedshop.ch\/fr\/produit\/aspirmatic\/#breadcrumb\",\"itemListElement\":[{\"@type\":\"ListItem\",\"position\":1,\"name\":\"Accueil\",\"item\":\"https:\/\/www.kbmedshop.ch\/fr\/\"},{\"@type\":\"ListItem\",\"position\":2,\"name\":\"Boutique\",\"item\":\"https:\/\/www.kbmedshop.ch\/shop\/\"},{\"@type\":\"ListItem\",\"position\":3,\"name\":\"Aspirmatic\"}]},{\"@type\":\"WebSite\",\"@id\":\"https:\/\/www.kbmedshop.ch\/fr\/#website\",\"url\":\"https:\/\/www.kbmedshop.ch\/fr\/\",\"name\":\"Kbmed\",\"description\":\"\",\"potentialAction\":[{\"@type\":\"SearchAction\",\"target\":{\"@type\":\"EntryPoint\",\"urlTemplate\":\"https:\/\/www.kbmedshop.ch\/fr\/?s={search_term_string}\"},\"query-input\":{\"@type\":\"PropertyValueSpecification\",\"valueRequired\":true,\"valueName\":\"search_term_string\"}}],\"inLanguage\":\"fr-FR\"}]}<\/script>\n<!-- \/ Yoast SEO plugin. -->","yoast_head_json":{"title":"Aspirmatic - KB Med","description":"Solution concentr\u00e9e pour la d\u00e9sinfection et le nettoyage quotidien des syst\u00e8mes d'aspiration dentaire. Efficacit\u00e9 certifi\u00e9e et protection du mat\u00e9riel.","robots":{"index":"index","follow":"follow","max-snippet":"max-snippet:-1","max-image-preview":"max-image-preview:large","max-video-preview":"max-video-preview:-1"},"canonical":"https:\/\/www.kbmedshop.ch\/fr\/produit\/aspirmatic\/","og_locale":"fr_FR","og_type":"article","og_title":"Aspirmatic - KB Med","og_description":"Solution concentr\u00e9e pour la d\u00e9sinfection et le nettoyage quotidien des syst\u00e8mes d'aspiration dentaire. Efficacit\u00e9 certifi\u00e9e et protection du mat\u00e9riel.","og_url":"https:\/\/www.kbmedshop.ch\/fr\/produit\/aspirmatic\/","og_site_name":"KB Med","article_modified_time":"2026-04-02T09:43:06+00:00","og_image":[{"width":528,"height":1024,"url":"https:\/\/www.kbmedshop.ch\/wp-content\/uploads\/2026\/04\/aspirmatic-528x1024.png","type":"image\/png"}],"twitter_card":"summary_large_image","schema":{"@context":"https:\/\/schema.org","@graph":[{"@type":"WebPage","@id":"https:\/\/www.kbmedshop.ch\/fr\/produit\/aspirmatic\/","url":"https:\/\/www.kbmedshop.ch\/fr\/produit\/aspirmatic\/","name":"Aspirmatic - KB Med","isPartOf":{"@id":"https:\/\/www.kbmedshop.ch\/fr\/#website"},"primaryImageOfPage":{"@id":"https:\/\/www.kbmedshop.ch\/fr\/produit\/aspirmatic\/#primaryimage"},"image":{"@id":"https:\/\/www.kbmedshop.ch\/fr\/produit\/aspirmatic\/#primaryimage"},"thumbnailUrl":"https:\/\/www.kbmedshop.ch\/wp-content\/uploads\/2026\/04\/aspirmatic-scaled.png","datePublished":"2026-04-02T09:02:12+00:00","dateModified":"2026-04-02T09:43:06+00:00","description":"Solution concentr\u00e9e pour la d\u00e9sinfection et le nettoyage quotidien des syst\u00e8mes d'aspiration dentaire. Efficacit\u00e9 certifi\u00e9e et protection du mat\u00e9riel.","breadcrumb":{"@id":"https:\/\/www.kbmedshop.ch\/fr\/produit\/aspirmatic\/#breadcrumb"},"inLanguage":"fr-FR","potentialAction":[{"@type":"ReadAction","target":["https:\/\/www.kbmedshop.ch\/fr\/produit\/aspirmatic\/"]}]},{"@type":"ImageObject","inLanguage":"fr-FR","@id":"https:\/\/www.kbmedshop.ch\/fr\/produit\/aspirmatic\/#primaryimage","url":"https:\/\/www.kbmedshop.ch\/wp-content\/uploads\/2026\/04\/aspirmatic-scaled.png","contentUrl":"https:\/\/www.kbmedshop.ch\/wp-content\/uploads\/2026\/04\/aspirmatic-scaled.png","width":1320,"height":2560},{"@type":"BreadcrumbList","@id":"https:\/\/www.kbmedshop.ch\/fr\/produit\/aspirmatic\/#breadcrumb","itemListElement":[{"@type":"ListItem","position":1,"name":"Accueil","item":"https:\/\/www.kbmedshop.ch\/fr\/"},{"@type":"ListItem","position":2,"name":"Boutique","item":"https:\/\/www.kbmedshop.ch\/shop\/"},{"@type":"ListItem","position":3,"name":"Aspirmatic"}]},{"@type":"WebSite","@id":"https:\/\/www.kbmedshop.ch\/fr\/#website","url":"https:\/\/www.kbmedshop.ch\/fr\/","name":"Kbmed","description":"","potentialAction":[{"@type":"SearchAction","target":{"@type":"EntryPoint","urlTemplate":"https:\/\/www.kbmedshop.ch\/fr\/?s={search_term_string}"},"query-input":{"@type":"PropertyValueSpecification","valueRequired":true,"valueName":"search_term_string"}}],"inLanguage":"fr-FR"}]}},"_links":{"self":[{"href":"https:\/\/www.kbmedshop.ch\/fr\/wp-json\/wp\/v2\/product\/3721","targetHints":{"allow":["GET"]}}],"collection":[{"href":"https:\/\/www.kbmedshop.ch\/fr\/wp-json\/wp\/v2\/product"}],"about":[{"href":"https:\/\/www.kbmedshop.ch\/fr\/wp-json\/wp\/v2\/types\/product"}],"replies":[{"embeddable":true,"href":"https:\/\/www.kbmedshop.ch\/fr\/wp-json\/wp\/v2\/comments?post=3721"}],"wp:featuredmedia":[{"embeddable":true,"href":"https:\/\/www.kbmedshop.ch\/fr\/wp-json\/wp\/v2\/media\/3710"}],"wp:attachment":[{"href":"https:\/\/www.kbmedshop.ch\/fr\/wp-json\/wp\/v2\/media?parent=3721"}],"wp:term":[{"taxonomy":"product_brand","embeddable":true,"href":"https:\/\/www.kbmedshop.ch\/fr\/wp-json\/wp\/v2\/product_brand?post=3721"},{"taxonomy":"product_cat","embeddable":true,"href":"https:\/\/www.kbmedshop.ch\/fr\/wp-json\/wp\/v2\/product_cat?post=3721"},{"taxonomy":"product_tag","embeddable":true,"href":"https:\/\/www.kbmedshop.ch\/fr\/wp-json\/wp\/v2\/product_tag?post=3721"}],"curies":[{"name":"wp","href":"https:\/\/api.w.org\/{rel}","templated":true}]}}