{"id":1843,"date":"2025-04-07T09:54:23","date_gmt":"2025-04-07T07:54:23","guid":{"rendered":"https:\/\/www.kbmedshop.ch\/?post_type=product&#038;p=1843"},"modified":"2025-04-30T15:16:37","modified_gmt":"2025-04-30T13:16:37","slug":"distillateur-de-4-litres","status":"publish","type":"product","link":"https:\/\/www.kbmedshop.ch\/fr\/produit\/distillateur-de-4-litres\/","title":{"rendered":"Distillateur de 4 litres"},"content":{"rendered":"<p>Fonctionnalit\u00e9s:<\/p>\n<ul>\n<li>Capacit\u00e9 totale : 4 litres d&rsquo;eau distill\u00e9e.<\/li>\n<li>Production\u00a0: 1 litre d&rsquo;eau distill\u00e9e par heure.<\/li>\n<li>Type\u00a0: Distillateur \u00e9lectrique.<\/li>\n<li>Utilise:\n<ul>\n<li>Production d&rsquo;eau distill\u00e9e pour autoclaves et autres dispositifs m\u00e9dicaux.<\/li>\n<li>Utilisation dans les cabinets m\u00e9dicaux, dentistes ou de laboratoire.<\/li>\n<\/ul>\n<\/li>\n<\/ul>\n<p>Applications:<\/p>\n<ul>\n<li>Id\u00e9al pour les environnements o\u00f9 de l&rsquo;eau pure est n\u00e9cessaire pour la st\u00e9rilisation.<\/li>\n<li>Parfait pour les professionnels \u00e0 la recherche d&rsquo;un appareil fiable et facile \u00e0 utiliser.<\/li>\n<\/ul>\n<p>Le distillateur \u00e9lectrique de 4 litres est un outil indispensable pour assurer une qualit\u00e9 d&rsquo;eau optimale et r\u00e9pondre aux exigences du milieu m\u00e9dical et professionnel.<\/p>\n","protected":false},"excerpt":{"rendered":"<p>Le distillateur \u00e9lectrique de 4 litres est un appareil compact et puissant con\u00e7u pour la production d&rsquo;eau distill\u00e9e pure, essentielle pour les processus de st\u00e9rilisation et d&rsquo;autres applications m\u00e9dicales. Avec une capacit\u00e9 de production de 1 litre d&rsquo;eau distill\u00e9e par heure, il peut r\u00e9pondre efficacement aux besoins des cabinets m\u00e9dicaux, dentistes ou de laboratoire.<\/p>\n<p>Simple d&rsquo;utilisation et d&rsquo;entretien, ce distillateur garantit une qualit\u00e9 d&rsquo;eau optimale, exempte d&rsquo;impuret\u00e9s, pour assurer une hygi\u00e8ne irr\u00e9prochable. Sa conception robuste et son format pratique en font un choix id\u00e9al pour les professionnels de la sant\u00e9.<\/p>\n","protected":false},"featured_media":498,"comment_status":"open","ping_status":"closed","template":"","meta":{"_acf_changed":false},"product_brand":[],"product_cat":[49],"product_tag":[],"class_list":{"0":"post-1843","1":"product","2":"type-product","3":"status-publish","4":"has-post-thumbnail","6":"product_cat-senza-categoria","8":"first","9":"instock","10":"taxable","11":"shipping-taxable","12":"purchasable","13":"product-type-simple"},"acf":[],"yoast_head":"<!-- This site is optimized with the Yoast SEO plugin v25.0 - https:\/\/yoast.com\/wordpress\/plugins\/seo\/ -->\n<title>Distillateur de 4 litres - KB Med<\/title>\n<meta name=\"description\" content=\"Le distillateur de 4 litres produit une eau pure et de qualit\u00e9, id\u00e9ale pour les applications m\u00e9dicales, laboratoires ou soins sp\u00e9cialis\u00e9s.\" \/>\n<meta name=\"robots\" content=\"index, follow, max-snippet:-1, max-image-preview:large, max-video-preview:-1\" \/>\n<link rel=\"canonical\" href=\"https:\/\/www.kbmedshop.ch\/fr\/produit\/distillateur-de-4-litres\/\" \/>\n<meta property=\"og:locale\" content=\"fr_FR\" \/>\n<meta property=\"og:type\" content=\"article\" \/>\n<meta property=\"og:title\" content=\"Distillateur de 4 litres - KB Med\" \/>\n<meta property=\"og:description\" content=\"Le distillateur de 4 litres produit une eau pure et de qualit\u00e9, id\u00e9ale pour les applications m\u00e9dicales, laboratoires ou soins sp\u00e9cialis\u00e9s.\" \/>\n<meta property=\"og:url\" content=\"https:\/\/www.kbmedshop.ch\/fr\/produit\/distillateur-de-4-litres\/\" \/>\n<meta property=\"og:site_name\" content=\"KB Med\" \/>\n<meta property=\"article:modified_time\" content=\"2025-04-30T13:16:37+00:00\" \/>\n<meta property=\"og:image\" content=\"https:\/\/www.kbmedshop.ch\/wp-content\/uploads\/2025\/04\/distillateur-4-liter.jpg\" \/>\n\t<meta property=\"og:image:width\" content=\"458\" \/>\n\t<meta property=\"og:image:height\" content=\"458\" \/>\n\t<meta property=\"og:image:type\" content=\"image\/jpeg\" \/>\n<meta name=\"twitter:card\" content=\"summary_large_image\" \/>\n<meta name=\"twitter:label1\" content=\"Dur\u00e9e de lecture estim\u00e9e\" \/>\n\t<meta name=\"twitter:data1\" content=\"1 minute\" \/>\n<script type=\"application\/ld+json\" class=\"yoast-schema-graph\">{\"@context\":\"https:\/\/schema.org\",\"@graph\":[{\"@type\":\"WebPage\",\"@id\":\"https:\/\/www.kbmedshop.ch\/fr\/produit\/distillateur-de-4-litres\/\",\"url\":\"https:\/\/www.kbmedshop.ch\/fr\/produit\/distillateur-de-4-litres\/\",\"name\":\"Distillateur de 4 litres - KB Med\",\"isPartOf\":{\"@id\":\"https:\/\/www.kbmedshop.ch\/fr\/#website\"},\"primaryImageOfPage\":{\"@id\":\"https:\/\/www.kbmedshop.ch\/fr\/produit\/distillateur-de-4-litres\/#primaryimage\"},\"image\":{\"@id\":\"https:\/\/www.kbmedshop.ch\/fr\/produit\/distillateur-de-4-litres\/#primaryimage\"},\"thumbnailUrl\":\"https:\/\/www.kbmedshop.ch\/wp-content\/uploads\/2025\/04\/distillateur-4-liter.jpg\",\"datePublished\":\"2025-04-07T07:54:23+00:00\",\"dateModified\":\"2025-04-30T13:16:37+00:00\",\"description\":\"Le distillateur de 4 litres produit une eau pure et de qualit\u00e9, id\u00e9ale pour les applications m\u00e9dicales, laboratoires ou soins sp\u00e9cialis\u00e9s.\",\"breadcrumb\":{\"@id\":\"https:\/\/www.kbmedshop.ch\/fr\/produit\/distillateur-de-4-litres\/#breadcrumb\"},\"inLanguage\":\"fr-FR\",\"potentialAction\":[{\"@type\":\"ReadAction\",\"target\":[\"https:\/\/www.kbmedshop.ch\/fr\/produit\/distillateur-de-4-litres\/\"]}]},{\"@type\":\"ImageObject\",\"inLanguage\":\"fr-FR\",\"@id\":\"https:\/\/www.kbmedshop.ch\/fr\/produit\/distillateur-de-4-litres\/#primaryimage\",\"url\":\"https:\/\/www.kbmedshop.ch\/wp-content\/uploads\/2025\/04\/distillateur-4-liter.jpg\",\"contentUrl\":\"https:\/\/www.kbmedshop.ch\/wp-content\/uploads\/2025\/04\/distillateur-4-liter.jpg\",\"width\":458,\"height\":458,\"caption\":\"Distillatore da 4 litri\"},{\"@type\":\"BreadcrumbList\",\"@id\":\"https:\/\/www.kbmedshop.ch\/fr\/produit\/distillateur-de-4-litres\/#breadcrumb\",\"itemListElement\":[{\"@type\":\"ListItem\",\"position\":1,\"name\":\"Accueil\",\"item\":\"https:\/\/www.kbmedshop.ch\/fr\/\"},{\"@type\":\"ListItem\",\"position\":2,\"name\":\"Boutique\",\"item\":\"https:\/\/www.kbmedshop.ch\/shop\/\"},{\"@type\":\"ListItem\",\"position\":3,\"name\":\"Distillateur de 4 litres\"}]},{\"@type\":\"WebSite\",\"@id\":\"https:\/\/www.kbmedshop.ch\/fr\/#website\",\"url\":\"https:\/\/www.kbmedshop.ch\/fr\/\",\"name\":\"Kbmed\",\"description\":\"\",\"potentialAction\":[{\"@type\":\"SearchAction\",\"target\":{\"@type\":\"EntryPoint\",\"urlTemplate\":\"https:\/\/www.kbmedshop.ch\/fr\/?s={search_term_string}\"},\"query-input\":{\"@type\":\"PropertyValueSpecification\",\"valueRequired\":true,\"valueName\":\"search_term_string\"}}],\"inLanguage\":\"fr-FR\"}]}<\/script>\n<!-- \/ Yoast SEO plugin. -->","yoast_head_json":{"title":"Distillateur de 4 litres - KB Med","description":"Le distillateur de 4 litres produit une eau pure et de qualit\u00e9, id\u00e9ale pour les applications m\u00e9dicales, laboratoires ou soins sp\u00e9cialis\u00e9s.","robots":{"index":"index","follow":"follow","max-snippet":"max-snippet:-1","max-image-preview":"max-image-preview:large","max-video-preview":"max-video-preview:-1"},"canonical":"https:\/\/www.kbmedshop.ch\/fr\/produit\/distillateur-de-4-litres\/","og_locale":"fr_FR","og_type":"article","og_title":"Distillateur de 4 litres - KB Med","og_description":"Le distillateur de 4 litres produit une eau pure et de qualit\u00e9, id\u00e9ale pour les applications m\u00e9dicales, laboratoires ou soins sp\u00e9cialis\u00e9s.","og_url":"https:\/\/www.kbmedshop.ch\/fr\/produit\/distillateur-de-4-litres\/","og_site_name":"KB Med","article_modified_time":"2025-04-30T13:16:37+00:00","og_image":[{"width":458,"height":458,"url":"https:\/\/www.kbmedshop.ch\/wp-content\/uploads\/2025\/04\/distillateur-4-liter.jpg","type":"image\/jpeg"}],"twitter_card":"summary_large_image","twitter_misc":{"Dur\u00e9e de lecture estim\u00e9e":"1 minute"},"schema":{"@context":"https:\/\/schema.org","@graph":[{"@type":"WebPage","@id":"https:\/\/www.kbmedshop.ch\/fr\/produit\/distillateur-de-4-litres\/","url":"https:\/\/www.kbmedshop.ch\/fr\/produit\/distillateur-de-4-litres\/","name":"Distillateur de 4 litres - KB Med","isPartOf":{"@id":"https:\/\/www.kbmedshop.ch\/fr\/#website"},"primaryImageOfPage":{"@id":"https:\/\/www.kbmedshop.ch\/fr\/produit\/distillateur-de-4-litres\/#primaryimage"},"image":{"@id":"https:\/\/www.kbmedshop.ch\/fr\/produit\/distillateur-de-4-litres\/#primaryimage"},"thumbnailUrl":"https:\/\/www.kbmedshop.ch\/wp-content\/uploads\/2025\/04\/distillateur-4-liter.jpg","datePublished":"2025-04-07T07:54:23+00:00","dateModified":"2025-04-30T13:16:37+00:00","description":"Le distillateur de 4 litres produit une eau pure et de qualit\u00e9, id\u00e9ale pour les applications m\u00e9dicales, laboratoires ou soins sp\u00e9cialis\u00e9s.","breadcrumb":{"@id":"https:\/\/www.kbmedshop.ch\/fr\/produit\/distillateur-de-4-litres\/#breadcrumb"},"inLanguage":"fr-FR","potentialAction":[{"@type":"ReadAction","target":["https:\/\/www.kbmedshop.ch\/fr\/produit\/distillateur-de-4-litres\/"]}]},{"@type":"ImageObject","inLanguage":"fr-FR","@id":"https:\/\/www.kbmedshop.ch\/fr\/produit\/distillateur-de-4-litres\/#primaryimage","url":"https:\/\/www.kbmedshop.ch\/wp-content\/uploads\/2025\/04\/distillateur-4-liter.jpg","contentUrl":"https:\/\/www.kbmedshop.ch\/wp-content\/uploads\/2025\/04\/distillateur-4-liter.jpg","width":458,"height":458,"caption":"Distillatore da 4 litri"},{"@type":"BreadcrumbList","@id":"https:\/\/www.kbmedshop.ch\/fr\/produit\/distillateur-de-4-litres\/#breadcrumb","itemListElement":[{"@type":"ListItem","position":1,"name":"Accueil","item":"https:\/\/www.kbmedshop.ch\/fr\/"},{"@type":"ListItem","position":2,"name":"Boutique","item":"https:\/\/www.kbmedshop.ch\/shop\/"},{"@type":"ListItem","position":3,"name":"Distillateur de 4 litres"}]},{"@type":"WebSite","@id":"https:\/\/www.kbmedshop.ch\/fr\/#website","url":"https:\/\/www.kbmedshop.ch\/fr\/","name":"Kbmed","description":"","potentialAction":[{"@type":"SearchAction","target":{"@type":"EntryPoint","urlTemplate":"https:\/\/www.kbmedshop.ch\/fr\/?s={search_term_string}"},"query-input":{"@type":"PropertyValueSpecification","valueRequired":true,"valueName":"search_term_string"}}],"inLanguage":"fr-FR"}]}},"_links":{"self":[{"href":"https:\/\/www.kbmedshop.ch\/fr\/wp-json\/wp\/v2\/product\/1843","targetHints":{"allow":["GET"]}}],"collection":[{"href":"https:\/\/www.kbmedshop.ch\/fr\/wp-json\/wp\/v2\/product"}],"about":[{"href":"https:\/\/www.kbmedshop.ch\/fr\/wp-json\/wp\/v2\/types\/product"}],"replies":[{"embeddable":true,"href":"https:\/\/www.kbmedshop.ch\/fr\/wp-json\/wp\/v2\/comments?post=1843"}],"wp:featuredmedia":[{"embeddable":true,"href":"https:\/\/www.kbmedshop.ch\/fr\/wp-json\/wp\/v2\/media\/498"}],"wp:attachment":[{"href":"https:\/\/www.kbmedshop.ch\/fr\/wp-json\/wp\/v2\/media?parent=1843"}],"wp:term":[{"taxonomy":"product_brand","embeddable":true,"href":"https:\/\/www.kbmedshop.ch\/fr\/wp-json\/wp\/v2\/product_brand?post=1843"},{"taxonomy":"product_cat","embeddable":true,"href":"https:\/\/www.kbmedshop.ch\/fr\/wp-json\/wp\/v2\/product_cat?post=1843"},{"taxonomy":"product_tag","embeddable":true,"href":"https:\/\/www.kbmedshop.ch\/fr\/wp-json\/wp\/v2\/product_tag?post=1843"}],"curies":[{"name":"wp","href":"https:\/\/api.w.org\/{rel}","templated":true}]}}