{"id":1833,"date":"2025-04-07T10:31:15","date_gmt":"2025-04-07T08:31:15","guid":{"rendered":"https:\/\/www.kbmedshop.ch\/?post_type=product&#038;p=1833"},"modified":"2025-05-22T15:01:33","modified_gmt":"2025-05-22T13:01:33","slug":"tige","status":"publish","type":"product","link":"https:\/\/www.kbmedshop.ch\/fr\/produit\/tige\/","title":{"rendered":"Tige"},"content":{"rendered":"<p>Description d\u00e9taill\u00e9e\u00a0:<\/p>\n<p>Cette barre en acier inoxydable est un accessoire indispensable pour les syst\u00e8mes de retenue \u00e0 boutons magn\u00e9tiques. D&rsquo;une longueur de 35 mm, il est parfaitement adapt\u00e9 aux besoins des professionnels de sant\u00e9 et offre une fixation robuste et s\u00fbre.<\/p>\n<p>Fabriqu\u00e9 en acier inoxydable, il est r\u00e9sistant \u00e0 la corrosion et con\u00e7u pour une utilisation intensive dans des environnements m\u00e9dicaux exigeants. Sa compatibilit\u00e9 avec les appareils Segufix en fait le choix id\u00e9al pour les \u00e9tablissements de sant\u00e9 qui souhaitent assurer la s\u00e9curit\u00e9 et le confort des patients tout en optimisant leurs pratiques.<\/p>\n<p>Fonctionnalit\u00e9s:<\/p>\n<ul>\n<li>Mat\u00e9riel\u00a0: Acier inoxydable, robuste et durable.<\/li>\n<li>Longueur : 35 mm.<\/li>\n<li>Compatibilit\u00e9\u00a0: Compatible avec le mat\u00e9riel Segufix.<\/li>\n<li>Utilisation : Associez-le au bouton magn\u00e9tique pour une fixation optimale.<\/li>\n<\/ul>\n<p>Cette tige est un accessoire fiable et indispensable pour les syst\u00e8mes de contention qui r\u00e9pond aux besoins des professionnels de la sant\u00e9<\/p>\n","protected":false},"excerpt":{"rendered":"<p>Tige en acier inoxydable de 35 mm con\u00e7ue pour \u00eatre utilis\u00e9e avec le bouton magn\u00e9tique. Compatible avec le mat\u00e9riel Segufix, il garantit une fixation fiable et durable.<\/p>\n<p>&nbsp;<\/p>\n<p>Code produit : PM6B<\/p>\n","protected":false},"featured_media":518,"comment_status":"open","ping_status":"closed","template":"","meta":{"_acf_changed":false},"product_brand":[],"product_cat":[351,350],"product_tag":[],"class_list":{"0":"post-1833","1":"product","2":"type-product","3":"status-publish","4":"has-post-thumbnail","6":"product_cat-contention-fr","7":"product_cat-hopital-ems-fr","9":"first","10":"instock","11":"taxable","12":"shipping-taxable","13":"product-type-simple"},"acf":[],"yoast_head":"<!-- This site is optimized with the Yoast SEO plugin v25.0 - https:\/\/yoast.com\/wordpress\/plugins\/seo\/ -->\n<title>Tige - KB Med<\/title>\n<meta name=\"description\" content=\"La tige est un accessoire robuste et polyvalent, con\u00e7u pour assurer une fixation ou un maintien s\u00e9curis\u00e9 en milieu m\u00e9dical.\" \/>\n<meta name=\"robots\" content=\"index, follow, max-snippet:-1, max-image-preview:large, max-video-preview:-1\" \/>\n<link rel=\"canonical\" href=\"https:\/\/www.kbmedshop.ch\/fr\/produit\/tige\/\" \/>\n<meta property=\"og:locale\" content=\"fr_FR\" \/>\n<meta property=\"og:type\" content=\"article\" \/>\n<meta property=\"og:title\" content=\"Tige - KB Med\" \/>\n<meta property=\"og:description\" content=\"La tige est un accessoire robuste et polyvalent, con\u00e7u pour assurer une fixation ou un maintien s\u00e9curis\u00e9 en milieu m\u00e9dical.\" \/>\n<meta property=\"og:url\" content=\"https:\/\/www.kbmedshop.ch\/fr\/produit\/tige\/\" \/>\n<meta property=\"og:site_name\" content=\"KB Med\" \/>\n<meta property=\"article:modified_time\" content=\"2025-05-22T13:01:33+00:00\" \/>\n<meta property=\"og:image\" content=\"https:\/\/www.kbmedshop.ch\/wp-content\/uploads\/2025\/04\/tige-pinel-medical-suisse-compatible-segufix.jpg\" \/>\n\t<meta property=\"og:image:width\" content=\"458\" \/>\n\t<meta property=\"og:image:height\" content=\"458\" \/>\n\t<meta property=\"og:image:type\" content=\"image\/jpeg\" \/>\n<meta name=\"twitter:card\" content=\"summary_large_image\" \/>\n<meta name=\"twitter:label1\" content=\"Dur\u00e9e de lecture estim\u00e9e\" \/>\n\t<meta name=\"twitter:data1\" content=\"1 minute\" \/>\n<script type=\"application\/ld+json\" class=\"yoast-schema-graph\">{\"@context\":\"https:\/\/schema.org\",\"@graph\":[{\"@type\":\"WebPage\",\"@id\":\"https:\/\/www.kbmedshop.ch\/fr\/produit\/tige\/\",\"url\":\"https:\/\/www.kbmedshop.ch\/fr\/produit\/tige\/\",\"name\":\"Tige - KB Med\",\"isPartOf\":{\"@id\":\"https:\/\/www.kbmedshop.ch\/fr\/#website\"},\"primaryImageOfPage\":{\"@id\":\"https:\/\/www.kbmedshop.ch\/fr\/produit\/tige\/#primaryimage\"},\"image\":{\"@id\":\"https:\/\/www.kbmedshop.ch\/fr\/produit\/tige\/#primaryimage\"},\"thumbnailUrl\":\"https:\/\/www.kbmedshop.ch\/wp-content\/uploads\/2025\/04\/tige-pinel-medical-suisse-compatible-segufix.jpg\",\"datePublished\":\"2025-04-07T08:31:15+00:00\",\"dateModified\":\"2025-05-22T13:01:33+00:00\",\"description\":\"La tige est un accessoire robuste et polyvalent, con\u00e7u pour assurer une fixation ou un maintien s\u00e9curis\u00e9 en milieu m\u00e9dical.\",\"breadcrumb\":{\"@id\":\"https:\/\/www.kbmedshop.ch\/fr\/produit\/tige\/#breadcrumb\"},\"inLanguage\":\"fr-FR\",\"potentialAction\":[{\"@type\":\"ReadAction\",\"target\":[\"https:\/\/www.kbmedshop.ch\/fr\/produit\/tige\/\"]}]},{\"@type\":\"ImageObject\",\"inLanguage\":\"fr-FR\",\"@id\":\"https:\/\/www.kbmedshop.ch\/fr\/produit\/tige\/#primaryimage\",\"url\":\"https:\/\/www.kbmedshop.ch\/wp-content\/uploads\/2025\/04\/tige-pinel-medical-suisse-compatible-segufix.jpg\",\"contentUrl\":\"https:\/\/www.kbmedshop.ch\/wp-content\/uploads\/2025\/04\/tige-pinel-medical-suisse-compatible-segufix.jpg\",\"width\":458,\"height\":458,\"caption\":\"Stelo\"},{\"@type\":\"BreadcrumbList\",\"@id\":\"https:\/\/www.kbmedshop.ch\/fr\/produit\/tige\/#breadcrumb\",\"itemListElement\":[{\"@type\":\"ListItem\",\"position\":1,\"name\":\"Accueil\",\"item\":\"https:\/\/www.kbmedshop.ch\/fr\/\"},{\"@type\":\"ListItem\",\"position\":2,\"name\":\"Boutique\",\"item\":\"https:\/\/www.kbmedshop.ch\/shop\/\"},{\"@type\":\"ListItem\",\"position\":3,\"name\":\"Tige\"}]},{\"@type\":\"WebSite\",\"@id\":\"https:\/\/www.kbmedshop.ch\/fr\/#website\",\"url\":\"https:\/\/www.kbmedshop.ch\/fr\/\",\"name\":\"Kbmed\",\"description\":\"\",\"potentialAction\":[{\"@type\":\"SearchAction\",\"target\":{\"@type\":\"EntryPoint\",\"urlTemplate\":\"https:\/\/www.kbmedshop.ch\/fr\/?s={search_term_string}\"},\"query-input\":{\"@type\":\"PropertyValueSpecification\",\"valueRequired\":true,\"valueName\":\"search_term_string\"}}],\"inLanguage\":\"fr-FR\"}]}<\/script>\n<!-- \/ Yoast SEO plugin. -->","yoast_head_json":{"title":"Tige - KB Med","description":"La tige est un accessoire robuste et polyvalent, con\u00e7u pour assurer une fixation ou un maintien s\u00e9curis\u00e9 en milieu m\u00e9dical.","robots":{"index":"index","follow":"follow","max-snippet":"max-snippet:-1","max-image-preview":"max-image-preview:large","max-video-preview":"max-video-preview:-1"},"canonical":"https:\/\/www.kbmedshop.ch\/fr\/produit\/tige\/","og_locale":"fr_FR","og_type":"article","og_title":"Tige - KB Med","og_description":"La tige est un accessoire robuste et polyvalent, con\u00e7u pour assurer une fixation ou un maintien s\u00e9curis\u00e9 en milieu m\u00e9dical.","og_url":"https:\/\/www.kbmedshop.ch\/fr\/produit\/tige\/","og_site_name":"KB Med","article_modified_time":"2025-05-22T13:01:33+00:00","og_image":[{"width":458,"height":458,"url":"https:\/\/www.kbmedshop.ch\/wp-content\/uploads\/2025\/04\/tige-pinel-medical-suisse-compatible-segufix.jpg","type":"image\/jpeg"}],"twitter_card":"summary_large_image","twitter_misc":{"Dur\u00e9e de lecture estim\u00e9e":"1 minute"},"schema":{"@context":"https:\/\/schema.org","@graph":[{"@type":"WebPage","@id":"https:\/\/www.kbmedshop.ch\/fr\/produit\/tige\/","url":"https:\/\/www.kbmedshop.ch\/fr\/produit\/tige\/","name":"Tige - KB Med","isPartOf":{"@id":"https:\/\/www.kbmedshop.ch\/fr\/#website"},"primaryImageOfPage":{"@id":"https:\/\/www.kbmedshop.ch\/fr\/produit\/tige\/#primaryimage"},"image":{"@id":"https:\/\/www.kbmedshop.ch\/fr\/produit\/tige\/#primaryimage"},"thumbnailUrl":"https:\/\/www.kbmedshop.ch\/wp-content\/uploads\/2025\/04\/tige-pinel-medical-suisse-compatible-segufix.jpg","datePublished":"2025-04-07T08:31:15+00:00","dateModified":"2025-05-22T13:01:33+00:00","description":"La tige est un accessoire robuste et polyvalent, con\u00e7u pour assurer une fixation ou un maintien s\u00e9curis\u00e9 en milieu m\u00e9dical.","breadcrumb":{"@id":"https:\/\/www.kbmedshop.ch\/fr\/produit\/tige\/#breadcrumb"},"inLanguage":"fr-FR","potentialAction":[{"@type":"ReadAction","target":["https:\/\/www.kbmedshop.ch\/fr\/produit\/tige\/"]}]},{"@type":"ImageObject","inLanguage":"fr-FR","@id":"https:\/\/www.kbmedshop.ch\/fr\/produit\/tige\/#primaryimage","url":"https:\/\/www.kbmedshop.ch\/wp-content\/uploads\/2025\/04\/tige-pinel-medical-suisse-compatible-segufix.jpg","contentUrl":"https:\/\/www.kbmedshop.ch\/wp-content\/uploads\/2025\/04\/tige-pinel-medical-suisse-compatible-segufix.jpg","width":458,"height":458,"caption":"Stelo"},{"@type":"BreadcrumbList","@id":"https:\/\/www.kbmedshop.ch\/fr\/produit\/tige\/#breadcrumb","itemListElement":[{"@type":"ListItem","position":1,"name":"Accueil","item":"https:\/\/www.kbmedshop.ch\/fr\/"},{"@type":"ListItem","position":2,"name":"Boutique","item":"https:\/\/www.kbmedshop.ch\/shop\/"},{"@type":"ListItem","position":3,"name":"Tige"}]},{"@type":"WebSite","@id":"https:\/\/www.kbmedshop.ch\/fr\/#website","url":"https:\/\/www.kbmedshop.ch\/fr\/","name":"Kbmed","description":"","potentialAction":[{"@type":"SearchAction","target":{"@type":"EntryPoint","urlTemplate":"https:\/\/www.kbmedshop.ch\/fr\/?s={search_term_string}"},"query-input":{"@type":"PropertyValueSpecification","valueRequired":true,"valueName":"search_term_string"}}],"inLanguage":"fr-FR"}]}},"_links":{"self":[{"href":"https:\/\/www.kbmedshop.ch\/fr\/wp-json\/wp\/v2\/product\/1833","targetHints":{"allow":["GET"]}}],"collection":[{"href":"https:\/\/www.kbmedshop.ch\/fr\/wp-json\/wp\/v2\/product"}],"about":[{"href":"https:\/\/www.kbmedshop.ch\/fr\/wp-json\/wp\/v2\/types\/product"}],"replies":[{"embeddable":true,"href":"https:\/\/www.kbmedshop.ch\/fr\/wp-json\/wp\/v2\/comments?post=1833"}],"wp:featuredmedia":[{"embeddable":true,"href":"https:\/\/www.kbmedshop.ch\/fr\/wp-json\/wp\/v2\/media\/518"}],"wp:attachment":[{"href":"https:\/\/www.kbmedshop.ch\/fr\/wp-json\/wp\/v2\/media?parent=1833"}],"wp:term":[{"taxonomy":"product_brand","embeddable":true,"href":"https:\/\/www.kbmedshop.ch\/fr\/wp-json\/wp\/v2\/product_brand?post=1833"},{"taxonomy":"product_cat","embeddable":true,"href":"https:\/\/www.kbmedshop.ch\/fr\/wp-json\/wp\/v2\/product_cat?post=1833"},{"taxonomy":"product_tag","embeddable":true,"href":"https:\/\/www.kbmedshop.ch\/fr\/wp-json\/wp\/v2\/product_tag?post=1833"}],"curies":[{"name":"wp","href":"https:\/\/api.w.org\/{rel}","templated":true}]}}