{"id":1817,"date":"2025-04-07T11:00:25","date_gmt":"2025-04-07T09:00:25","guid":{"rendered":"https:\/\/www.kbmedshop.ch\/?post_type=product&#038;p=1817"},"modified":"2025-05-22T13:56:36","modified_gmt":"2025-05-22T11:56:36","slug":"sangle-de-compression-sangle-de-poitrine","status":"publish","type":"product","link":"https:\/\/www.kbmedshop.ch\/fr\/produit\/sangle-de-compression-sangle-de-poitrine\/","title":{"rendered":"Sangle de compression \/ sangle de poitrine"},"content":{"rendered":"<p>Description d\u00e9taill\u00e9e\u00a0:<\/p>\n<p>La sangle de poitrine est un accessoire de contention indispensable pour les professionnels de sant\u00e9. Il est con\u00e7u pour compl\u00e9ter la ceinture abdominale et assure un maintien efficace du haut du corps tout en garantissant le confort du patient.<\/p>\n<p>Fabriqu\u00e9 dans des mat\u00e9riaux robustes et ergonomiques, ce harnais offre une fixation fiable et s\u00e9curis\u00e9e. Il est livr\u00e9 avec un bouton, une tige et des c\u00e2bles, est facile \u00e0 installer et parfaitement adapt\u00e9 aux besoins des \u00e9tablissements de sant\u00e9.<\/p>\n<p>Id\u00e9al pour les situations qui n\u00e9cessitent une meilleure immobilisation, ce harnais est une solution pratique et efficace pour assurer la s\u00e9curit\u00e9 du patient tout en pr\u00e9servant son bien-\u00eatre.<\/p>\n<p>Fonctionnalit\u00e9s:<\/p>\n<ul>\n<li>Application : Utiliser en compl\u00e9ment de la ceinture.<\/li>\n<li>Accessoires inclus\u00a0: Livr\u00e9 avec bouton, arbre et c\u00e2bles.<\/li>\n<li>Confort : Con\u00e7u pour maintenir le confort du patient.<\/li>\n<li>Praticit\u00e9 : Installation rapide et facile.<\/li>\n<li>Mat\u00e9riaux : Robuste et adapt\u00e9 aux environnements m\u00e9dicaux.<\/li>\n<\/ul>\n<p>Cette sangle de poitrine est une solution id\u00e9ale pour les professionnels de sant\u00e9 \u00e0 la recherche d&rsquo;un ajustement fiable et ergonomique.<\/p>\n","protected":false},"excerpt":{"rendered":"<p>Ceinture de compression \/ sangle de poitrine, con\u00e7ue pour un ajustement s\u00fbr et confortable. S&rsquo;utilise en compl\u00e9ment de la ceinture ventrale pour une immobilisation optimale. Livr\u00e9 avec bouton, tige et cordons.<\/p>\n<p>&nbsp;<\/p>\n<p>Code produit : PM3<\/p>\n","protected":false},"featured_media":542,"comment_status":"open","ping_status":"closed","template":"","meta":{"_acf_changed":false},"product_brand":[],"product_cat":[351,350],"product_tag":[],"class_list":{"0":"post-1817","1":"product","2":"type-product","3":"status-publish","4":"has-post-thumbnail","6":"product_cat-contention-fr","7":"product_cat-hopital-ems-fr","9":"first","10":"instock","11":"taxable","12":"shipping-taxable","13":"product-type-simple"},"acf":[],"yoast_head":"<!-- This site is optimized with the Yoast SEO plugin v25.0 - https:\/\/yoast.com\/wordpress\/plugins\/seo\/ -->\n<title>Sangle de compression \/ sangle de poitrine - KB Med<\/title>\n<meta name=\"description\" content=\"La sangle de compression, ou sangle de poitrine, assure un maintien ferme et s\u00e9curis\u00e9, id\u00e9ale pour les soins m\u00e9dicaux ou le transport des patients.\" \/>\n<meta name=\"robots\" content=\"index, follow, max-snippet:-1, max-image-preview:large, max-video-preview:-1\" \/>\n<link rel=\"canonical\" href=\"https:\/\/www.kbmedshop.ch\/fr\/produit\/sangle-de-compression-sangle-de-poitrine\/\" \/>\n<meta property=\"og:locale\" content=\"fr_FR\" \/>\n<meta property=\"og:type\" content=\"article\" \/>\n<meta property=\"og:title\" content=\"Sangle de compression \/ sangle de poitrine - KB Med\" \/>\n<meta property=\"og:description\" content=\"La sangle de compression, ou sangle de poitrine, assure un maintien ferme et s\u00e9curis\u00e9, id\u00e9ale pour les soins m\u00e9dicaux ou le transport des patients.\" \/>\n<meta property=\"og:url\" content=\"https:\/\/www.kbmedshop.ch\/fr\/produit\/sangle-de-compression-sangle-de-poitrine\/\" \/>\n<meta property=\"og:site_name\" content=\"KB Med\" \/>\n<meta property=\"article:modified_time\" content=\"2025-05-22T11:56:36+00:00\" \/>\n<meta property=\"og:image\" content=\"https:\/\/www.kbmedshop.ch\/wp-content\/uploads\/2025\/04\/sangle-de-contention-harnais-de-buste.jpg\" \/>\n\t<meta property=\"og:image:width\" content=\"458\" \/>\n\t<meta property=\"og:image:height\" content=\"458\" \/>\n\t<meta property=\"og:image:type\" content=\"image\/jpeg\" \/>\n<meta name=\"twitter:card\" content=\"summary_large_image\" \/>\n<meta name=\"twitter:label1\" content=\"Dur\u00e9e de lecture estim\u00e9e\" \/>\n\t<meta name=\"twitter:data1\" content=\"2 minutes\" \/>\n<script type=\"application\/ld+json\" class=\"yoast-schema-graph\">{\"@context\":\"https:\/\/schema.org\",\"@graph\":[{\"@type\":\"WebPage\",\"@id\":\"https:\/\/www.kbmedshop.ch\/fr\/produit\/sangle-de-compression-sangle-de-poitrine\/\",\"url\":\"https:\/\/www.kbmedshop.ch\/fr\/produit\/sangle-de-compression-sangle-de-poitrine\/\",\"name\":\"Sangle de compression \/ sangle de poitrine - KB Med\",\"isPartOf\":{\"@id\":\"https:\/\/www.kbmedshop.ch\/fr\/#website\"},\"primaryImageOfPage\":{\"@id\":\"https:\/\/www.kbmedshop.ch\/fr\/produit\/sangle-de-compression-sangle-de-poitrine\/#primaryimage\"},\"image\":{\"@id\":\"https:\/\/www.kbmedshop.ch\/fr\/produit\/sangle-de-compression-sangle-de-poitrine\/#primaryimage\"},\"thumbnailUrl\":\"https:\/\/www.kbmedshop.ch\/wp-content\/uploads\/2025\/04\/sangle-de-contention-harnais-de-buste.jpg\",\"datePublished\":\"2025-04-07T09:00:25+00:00\",\"dateModified\":\"2025-05-22T11:56:36+00:00\",\"description\":\"La sangle de compression, ou sangle de poitrine, assure un maintien ferme et s\u00e9curis\u00e9, id\u00e9ale pour les soins m\u00e9dicaux ou le transport des patients.\",\"breadcrumb\":{\"@id\":\"https:\/\/www.kbmedshop.ch\/fr\/produit\/sangle-de-compression-sangle-de-poitrine\/#breadcrumb\"},\"inLanguage\":\"fr-FR\",\"potentialAction\":[{\"@type\":\"ReadAction\",\"target\":[\"https:\/\/www.kbmedshop.ch\/fr\/produit\/sangle-de-compression-sangle-de-poitrine\/\"]}]},{\"@type\":\"ImageObject\",\"inLanguage\":\"fr-FR\",\"@id\":\"https:\/\/www.kbmedshop.ch\/fr\/produit\/sangle-de-compression-sangle-de-poitrine\/#primaryimage\",\"url\":\"https:\/\/www.kbmedshop.ch\/wp-content\/uploads\/2025\/04\/sangle-de-contention-harnais-de-buste.jpg\",\"contentUrl\":\"https:\/\/www.kbmedshop.ch\/wp-content\/uploads\/2025\/04\/sangle-de-contention-harnais-de-buste.jpg\",\"width\":458,\"height\":458,\"caption\":\"Cinghia di compressione \/ fascia toracica\"},{\"@type\":\"BreadcrumbList\",\"@id\":\"https:\/\/www.kbmedshop.ch\/fr\/produit\/sangle-de-compression-sangle-de-poitrine\/#breadcrumb\",\"itemListElement\":[{\"@type\":\"ListItem\",\"position\":1,\"name\":\"Accueil\",\"item\":\"https:\/\/www.kbmedshop.ch\/fr\/\"},{\"@type\":\"ListItem\",\"position\":2,\"name\":\"Boutique\",\"item\":\"https:\/\/www.kbmedshop.ch\/shop\/\"},{\"@type\":\"ListItem\",\"position\":3,\"name\":\"Sangle de compression \/ sangle de poitrine\"}]},{\"@type\":\"WebSite\",\"@id\":\"https:\/\/www.kbmedshop.ch\/fr\/#website\",\"url\":\"https:\/\/www.kbmedshop.ch\/fr\/\",\"name\":\"Kbmed\",\"description\":\"\",\"potentialAction\":[{\"@type\":\"SearchAction\",\"target\":{\"@type\":\"EntryPoint\",\"urlTemplate\":\"https:\/\/www.kbmedshop.ch\/fr\/?s={search_term_string}\"},\"query-input\":{\"@type\":\"PropertyValueSpecification\",\"valueRequired\":true,\"valueName\":\"search_term_string\"}}],\"inLanguage\":\"fr-FR\"}]}<\/script>\n<!-- \/ Yoast SEO plugin. -->","yoast_head_json":{"title":"Sangle de compression \/ sangle de poitrine - KB Med","description":"La sangle de compression, ou sangle de poitrine, assure un maintien ferme et s\u00e9curis\u00e9, id\u00e9ale pour les soins m\u00e9dicaux ou le transport des patients.","robots":{"index":"index","follow":"follow","max-snippet":"max-snippet:-1","max-image-preview":"max-image-preview:large","max-video-preview":"max-video-preview:-1"},"canonical":"https:\/\/www.kbmedshop.ch\/fr\/produit\/sangle-de-compression-sangle-de-poitrine\/","og_locale":"fr_FR","og_type":"article","og_title":"Sangle de compression \/ sangle de poitrine - KB Med","og_description":"La sangle de compression, ou sangle de poitrine, assure un maintien ferme et s\u00e9curis\u00e9, id\u00e9ale pour les soins m\u00e9dicaux ou le transport des patients.","og_url":"https:\/\/www.kbmedshop.ch\/fr\/produit\/sangle-de-compression-sangle-de-poitrine\/","og_site_name":"KB Med","article_modified_time":"2025-05-22T11:56:36+00:00","og_image":[{"width":458,"height":458,"url":"https:\/\/www.kbmedshop.ch\/wp-content\/uploads\/2025\/04\/sangle-de-contention-harnais-de-buste.jpg","type":"image\/jpeg"}],"twitter_card":"summary_large_image","twitter_misc":{"Dur\u00e9e de lecture estim\u00e9e":"2 minutes"},"schema":{"@context":"https:\/\/schema.org","@graph":[{"@type":"WebPage","@id":"https:\/\/www.kbmedshop.ch\/fr\/produit\/sangle-de-compression-sangle-de-poitrine\/","url":"https:\/\/www.kbmedshop.ch\/fr\/produit\/sangle-de-compression-sangle-de-poitrine\/","name":"Sangle de compression \/ sangle de poitrine - KB Med","isPartOf":{"@id":"https:\/\/www.kbmedshop.ch\/fr\/#website"},"primaryImageOfPage":{"@id":"https:\/\/www.kbmedshop.ch\/fr\/produit\/sangle-de-compression-sangle-de-poitrine\/#primaryimage"},"image":{"@id":"https:\/\/www.kbmedshop.ch\/fr\/produit\/sangle-de-compression-sangle-de-poitrine\/#primaryimage"},"thumbnailUrl":"https:\/\/www.kbmedshop.ch\/wp-content\/uploads\/2025\/04\/sangle-de-contention-harnais-de-buste.jpg","datePublished":"2025-04-07T09:00:25+00:00","dateModified":"2025-05-22T11:56:36+00:00","description":"La sangle de compression, ou sangle de poitrine, assure un maintien ferme et s\u00e9curis\u00e9, id\u00e9ale pour les soins m\u00e9dicaux ou le transport des patients.","breadcrumb":{"@id":"https:\/\/www.kbmedshop.ch\/fr\/produit\/sangle-de-compression-sangle-de-poitrine\/#breadcrumb"},"inLanguage":"fr-FR","potentialAction":[{"@type":"ReadAction","target":["https:\/\/www.kbmedshop.ch\/fr\/produit\/sangle-de-compression-sangle-de-poitrine\/"]}]},{"@type":"ImageObject","inLanguage":"fr-FR","@id":"https:\/\/www.kbmedshop.ch\/fr\/produit\/sangle-de-compression-sangle-de-poitrine\/#primaryimage","url":"https:\/\/www.kbmedshop.ch\/wp-content\/uploads\/2025\/04\/sangle-de-contention-harnais-de-buste.jpg","contentUrl":"https:\/\/www.kbmedshop.ch\/wp-content\/uploads\/2025\/04\/sangle-de-contention-harnais-de-buste.jpg","width":458,"height":458,"caption":"Cinghia di compressione \/ fascia toracica"},{"@type":"BreadcrumbList","@id":"https:\/\/www.kbmedshop.ch\/fr\/produit\/sangle-de-compression-sangle-de-poitrine\/#breadcrumb","itemListElement":[{"@type":"ListItem","position":1,"name":"Accueil","item":"https:\/\/www.kbmedshop.ch\/fr\/"},{"@type":"ListItem","position":2,"name":"Boutique","item":"https:\/\/www.kbmedshop.ch\/shop\/"},{"@type":"ListItem","position":3,"name":"Sangle de compression \/ sangle de poitrine"}]},{"@type":"WebSite","@id":"https:\/\/www.kbmedshop.ch\/fr\/#website","url":"https:\/\/www.kbmedshop.ch\/fr\/","name":"Kbmed","description":"","potentialAction":[{"@type":"SearchAction","target":{"@type":"EntryPoint","urlTemplate":"https:\/\/www.kbmedshop.ch\/fr\/?s={search_term_string}"},"query-input":{"@type":"PropertyValueSpecification","valueRequired":true,"valueName":"search_term_string"}}],"inLanguage":"fr-FR"}]}},"_links":{"self":[{"href":"https:\/\/www.kbmedshop.ch\/fr\/wp-json\/wp\/v2\/product\/1817","targetHints":{"allow":["GET"]}}],"collection":[{"href":"https:\/\/www.kbmedshop.ch\/fr\/wp-json\/wp\/v2\/product"}],"about":[{"href":"https:\/\/www.kbmedshop.ch\/fr\/wp-json\/wp\/v2\/types\/product"}],"replies":[{"embeddable":true,"href":"https:\/\/www.kbmedshop.ch\/fr\/wp-json\/wp\/v2\/comments?post=1817"}],"wp:featuredmedia":[{"embeddable":true,"href":"https:\/\/www.kbmedshop.ch\/fr\/wp-json\/wp\/v2\/media\/542"}],"wp:attachment":[{"href":"https:\/\/www.kbmedshop.ch\/fr\/wp-json\/wp\/v2\/media?parent=1817"}],"wp:term":[{"taxonomy":"product_brand","embeddable":true,"href":"https:\/\/www.kbmedshop.ch\/fr\/wp-json\/wp\/v2\/product_brand?post=1817"},{"taxonomy":"product_cat","embeddable":true,"href":"https:\/\/www.kbmedshop.ch\/fr\/wp-json\/wp\/v2\/product_cat?post=1817"},{"taxonomy":"product_tag","embeddable":true,"href":"https:\/\/www.kbmedshop.ch\/fr\/wp-json\/wp\/v2\/product_tag?post=1817"}],"curies":[{"name":"wp","href":"https:\/\/api.w.org\/{rel}","templated":true}]}}