{"id":1807,"date":"2025-04-07T11:49:12","date_gmt":"2025-04-07T09:49:12","guid":{"rendered":"https:\/\/www.kbmedshop.ch\/?post_type=product&#038;p=1807"},"modified":"2025-05-22T09:41:10","modified_gmt":"2025-05-22T07:41:10","slug":"kit-limiter-2-bracelets-1-sangle-3-clous-boutons-avec-sangles","status":"publish","type":"product","link":"https:\/\/www.kbmedshop.ch\/fr\/produit\/kit-limiter-2-bracelets-1-sangle-3-clous-boutons-avec-sangles\/","title":{"rendered":"Kit Limiter 2 bracelets, 1 sangle, 3 clous &#038; boutons avec sangles"},"content":{"rendered":"<p>Description d\u00e9taill\u00e9e\u00a0:<\/p>\n<p>Le kit de limitation m\u00e9dicale Pinel est une solution compl\u00e8te et polyvalente pour les syst\u00e8mes de retenue. Il se compose de 2 poignets, 1 sangle et 3 rivets et boutons avec des bretelles qui permettent une fixation fiable et personnalis\u00e9e selon les besoins du patient.<\/p>\n<p>Con\u00e7u pour assurer la s\u00e9curit\u00e9 tout en pr\u00e9servant le confort du patient, ce kit est id\u00e9al pour les \u00e9tablissements de sant\u00e9 qui n\u00e9cessitent des dispositifs de r\u00e9tention efficaces. Compatible avec le mat\u00e9riel Segufix, il s&rsquo;int\u00e8gre parfaitement aux syst\u00e8mes existants, offrant une solution pratique et ergonomique.<\/p>\n<p>Fonctionnalit\u00e9s:<\/p>\n<ul>\n<li>Contenu du kit :\n<ul>\n<li>2 bracelets.<\/li>\n<li>1 sangle.<\/li>\n<li>3 ongles et boutons avec bretelles.<\/li>\n<\/ul>\n<\/li>\n<li>Compatibilit\u00e9\u00a0: Compatible avec le mat\u00e9riel Segufix.<\/li>\n<li>Utilisation : Id\u00e9al pour les syst\u00e8mes de contention dans les environnements m\u00e9dicaux.<\/li>\n<li>Praticit\u00e9 : Installation rapide et facile.<\/li>\n<li>Confort : Con\u00e7u pour maintenir le bien-\u00eatre du patient.<\/li>\n<\/ul>\n<p>Ce kit de limitation est une solution fiable et compl\u00e8te pour les professionnels de sant\u00e9 qui souhaitent assurer la s\u00e9curit\u00e9 et le confort des patients.<\/p>\n<p>&nbsp;<\/p>\n<p>&nbsp;<\/p>\n<p>&nbsp;<\/p>\n","protected":false},"excerpt":{"rendered":"<p>Kit limiteur complet compos\u00e9 de 2 bracelets, 1 sangle, 3 clous et boutons avec bretelles. Il est compatible avec les appareils Segufix et est con\u00e7u pour une r\u00e9tention s\u00fbre et adaptable.<\/p>\n<p>&nbsp;<\/p>\n<p>Code produit : PM9<\/p>\n","protected":false},"featured_media":0,"comment_status":"open","ping_status":"closed","template":"","meta":{"_acf_changed":false},"product_brand":[],"product_cat":[351,350],"product_tag":[],"class_list":{"0":"post-1807","1":"product","2":"type-product","3":"status-publish","5":"product_cat-contention-fr","6":"product_cat-hopital-ems-fr","8":"first","9":"instock","10":"taxable","11":"shipping-taxable","12":"purchasable","13":"product-type-simple"},"acf":[],"yoast_head":"<!-- This site is optimized with the Yoast SEO plugin v25.0 - https:\/\/yoast.com\/wordpress\/plugins\/seo\/ -->\n<title>Kit Limiter 2 bracelets, 1 sangle, 3 clous &amp; boutons avec sangles - KB Med<\/title>\n<meta name=\"description\" content=\"Le kit Limiter est con\u00e7u pour une fixation s\u00e9curis\u00e9e et efficace. Il comprend 2 bracelets, 1 sangle, 3 clous, des boutons et des sangles robustes.\" \/>\n<meta name=\"robots\" content=\"index, follow, max-snippet:-1, max-image-preview:large, max-video-preview:-1\" \/>\n<link rel=\"canonical\" href=\"https:\/\/www.kbmedshop.ch\/fr\/produit\/kit-limiter-2-bracelets-1-sangle-3-clous-boutons-avec-sangles\/\" \/>\n<meta property=\"og:locale\" content=\"fr_FR\" \/>\n<meta property=\"og:type\" content=\"article\" \/>\n<meta property=\"og:title\" content=\"Kit Limiter 2 bracelets, 1 sangle, 3 clous &amp; boutons avec sangles - KB Med\" \/>\n<meta property=\"og:description\" content=\"Le kit Limiter est con\u00e7u pour une fixation s\u00e9curis\u00e9e et efficace. Il comprend 2 bracelets, 1 sangle, 3 clous, des boutons et des sangles robustes.\" \/>\n<meta property=\"og:url\" content=\"https:\/\/www.kbmedshop.ch\/fr\/produit\/kit-limiter-2-bracelets-1-sangle-3-clous-boutons-avec-sangles\/\" \/>\n<meta property=\"og:site_name\" content=\"KB Med\" \/>\n<meta property=\"article:modified_time\" content=\"2025-05-22T07:41:10+00:00\" \/>\n<meta name=\"twitter:card\" content=\"summary_large_image\" \/>\n<meta name=\"twitter:label1\" content=\"Dur\u00e9e de lecture estim\u00e9e\" \/>\n\t<meta name=\"twitter:data1\" content=\"1 minute\" \/>\n<script type=\"application\/ld+json\" class=\"yoast-schema-graph\">{\"@context\":\"https:\/\/schema.org\",\"@graph\":[{\"@type\":\"WebPage\",\"@id\":\"https:\/\/www.kbmedshop.ch\/fr\/produit\/kit-limiter-2-bracelets-1-sangle-3-clous-boutons-avec-sangles\/\",\"url\":\"https:\/\/www.kbmedshop.ch\/fr\/produit\/kit-limiter-2-bracelets-1-sangle-3-clous-boutons-avec-sangles\/\",\"name\":\"Kit Limiter 2 bracelets, 1 sangle, 3 clous & boutons avec sangles - KB Med\",\"isPartOf\":{\"@id\":\"https:\/\/www.kbmedshop.ch\/fr\/#website\"},\"datePublished\":\"2025-04-07T09:49:12+00:00\",\"dateModified\":\"2025-05-22T07:41:10+00:00\",\"description\":\"Le kit Limiter est con\u00e7u pour une fixation s\u00e9curis\u00e9e et efficace. Il comprend 2 bracelets, 1 sangle, 3 clous, des boutons et des sangles robustes.\",\"breadcrumb\":{\"@id\":\"https:\/\/www.kbmedshop.ch\/fr\/produit\/kit-limiter-2-bracelets-1-sangle-3-clous-boutons-avec-sangles\/#breadcrumb\"},\"inLanguage\":\"fr-FR\",\"potentialAction\":[{\"@type\":\"ReadAction\",\"target\":[\"https:\/\/www.kbmedshop.ch\/fr\/produit\/kit-limiter-2-bracelets-1-sangle-3-clous-boutons-avec-sangles\/\"]}]},{\"@type\":\"BreadcrumbList\",\"@id\":\"https:\/\/www.kbmedshop.ch\/fr\/produit\/kit-limiter-2-bracelets-1-sangle-3-clous-boutons-avec-sangles\/#breadcrumb\",\"itemListElement\":[{\"@type\":\"ListItem\",\"position\":1,\"name\":\"Accueil\",\"item\":\"https:\/\/www.kbmedshop.ch\/fr\/\"},{\"@type\":\"ListItem\",\"position\":2,\"name\":\"Boutique\",\"item\":\"https:\/\/www.kbmedshop.ch\/shop\/\"},{\"@type\":\"ListItem\",\"position\":3,\"name\":\"Kit Limiter 2 bracelets, 1 sangle, 3 clous &#038; boutons avec sangles\"}]},{\"@type\":\"WebSite\",\"@id\":\"https:\/\/www.kbmedshop.ch\/fr\/#website\",\"url\":\"https:\/\/www.kbmedshop.ch\/fr\/\",\"name\":\"Kbmed\",\"description\":\"\",\"potentialAction\":[{\"@type\":\"SearchAction\",\"target\":{\"@type\":\"EntryPoint\",\"urlTemplate\":\"https:\/\/www.kbmedshop.ch\/fr\/?s={search_term_string}\"},\"query-input\":{\"@type\":\"PropertyValueSpecification\",\"valueRequired\":true,\"valueName\":\"search_term_string\"}}],\"inLanguage\":\"fr-FR\"}]}<\/script>\n<!-- \/ Yoast SEO plugin. -->","yoast_head_json":{"title":"Kit Limiter 2 bracelets, 1 sangle, 3 clous & boutons avec sangles - KB Med","description":"Le kit Limiter est con\u00e7u pour une fixation s\u00e9curis\u00e9e et efficace. Il comprend 2 bracelets, 1 sangle, 3 clous, des boutons et des sangles robustes.","robots":{"index":"index","follow":"follow","max-snippet":"max-snippet:-1","max-image-preview":"max-image-preview:large","max-video-preview":"max-video-preview:-1"},"canonical":"https:\/\/www.kbmedshop.ch\/fr\/produit\/kit-limiter-2-bracelets-1-sangle-3-clous-boutons-avec-sangles\/","og_locale":"fr_FR","og_type":"article","og_title":"Kit Limiter 2 bracelets, 1 sangle, 3 clous & boutons avec sangles - KB Med","og_description":"Le kit Limiter est con\u00e7u pour une fixation s\u00e9curis\u00e9e et efficace. Il comprend 2 bracelets, 1 sangle, 3 clous, des boutons et des sangles robustes.","og_url":"https:\/\/www.kbmedshop.ch\/fr\/produit\/kit-limiter-2-bracelets-1-sangle-3-clous-boutons-avec-sangles\/","og_site_name":"KB Med","article_modified_time":"2025-05-22T07:41:10+00:00","twitter_card":"summary_large_image","twitter_misc":{"Dur\u00e9e de lecture estim\u00e9e":"1 minute"},"schema":{"@context":"https:\/\/schema.org","@graph":[{"@type":"WebPage","@id":"https:\/\/www.kbmedshop.ch\/fr\/produit\/kit-limiter-2-bracelets-1-sangle-3-clous-boutons-avec-sangles\/","url":"https:\/\/www.kbmedshop.ch\/fr\/produit\/kit-limiter-2-bracelets-1-sangle-3-clous-boutons-avec-sangles\/","name":"Kit Limiter 2 bracelets, 1 sangle, 3 clous & boutons avec sangles - KB Med","isPartOf":{"@id":"https:\/\/www.kbmedshop.ch\/fr\/#website"},"datePublished":"2025-04-07T09:49:12+00:00","dateModified":"2025-05-22T07:41:10+00:00","description":"Le kit Limiter est con\u00e7u pour une fixation s\u00e9curis\u00e9e et efficace. Il comprend 2 bracelets, 1 sangle, 3 clous, des boutons et des sangles robustes.","breadcrumb":{"@id":"https:\/\/www.kbmedshop.ch\/fr\/produit\/kit-limiter-2-bracelets-1-sangle-3-clous-boutons-avec-sangles\/#breadcrumb"},"inLanguage":"fr-FR","potentialAction":[{"@type":"ReadAction","target":["https:\/\/www.kbmedshop.ch\/fr\/produit\/kit-limiter-2-bracelets-1-sangle-3-clous-boutons-avec-sangles\/"]}]},{"@type":"BreadcrumbList","@id":"https:\/\/www.kbmedshop.ch\/fr\/produit\/kit-limiter-2-bracelets-1-sangle-3-clous-boutons-avec-sangles\/#breadcrumb","itemListElement":[{"@type":"ListItem","position":1,"name":"Accueil","item":"https:\/\/www.kbmedshop.ch\/fr\/"},{"@type":"ListItem","position":2,"name":"Boutique","item":"https:\/\/www.kbmedshop.ch\/shop\/"},{"@type":"ListItem","position":3,"name":"Kit Limiter 2 bracelets, 1 sangle, 3 clous &#038; boutons avec sangles"}]},{"@type":"WebSite","@id":"https:\/\/www.kbmedshop.ch\/fr\/#website","url":"https:\/\/www.kbmedshop.ch\/fr\/","name":"Kbmed","description":"","potentialAction":[{"@type":"SearchAction","target":{"@type":"EntryPoint","urlTemplate":"https:\/\/www.kbmedshop.ch\/fr\/?s={search_term_string}"},"query-input":{"@type":"PropertyValueSpecification","valueRequired":true,"valueName":"search_term_string"}}],"inLanguage":"fr-FR"}]}},"_links":{"self":[{"href":"https:\/\/www.kbmedshop.ch\/fr\/wp-json\/wp\/v2\/product\/1807","targetHints":{"allow":["GET"]}}],"collection":[{"href":"https:\/\/www.kbmedshop.ch\/fr\/wp-json\/wp\/v2\/product"}],"about":[{"href":"https:\/\/www.kbmedshop.ch\/fr\/wp-json\/wp\/v2\/types\/product"}],"replies":[{"embeddable":true,"href":"https:\/\/www.kbmedshop.ch\/fr\/wp-json\/wp\/v2\/comments?post=1807"}],"wp:attachment":[{"href":"https:\/\/www.kbmedshop.ch\/fr\/wp-json\/wp\/v2\/media?parent=1807"}],"wp:term":[{"taxonomy":"product_brand","embeddable":true,"href":"https:\/\/www.kbmedshop.ch\/fr\/wp-json\/wp\/v2\/product_brand?post=1807"},{"taxonomy":"product_cat","embeddable":true,"href":"https:\/\/www.kbmedshop.ch\/fr\/wp-json\/wp\/v2\/product_cat?post=1807"},{"taxonomy":"product_tag","embeddable":true,"href":"https:\/\/www.kbmedshop.ch\/fr\/wp-json\/wp\/v2\/product_tag?post=1807"}],"curies":[{"name":"wp","href":"https:\/\/api.w.org\/{rel}","templated":true}]}}