{"id":1738,"date":"2025-04-07T15:25:00","date_gmt":"2025-04-07T13:25:00","guid":{"rendered":"https:\/\/www.kbmedshop.ch\/?post_type=product&#038;p=1738"},"modified":"2025-06-27T11:01:08","modified_gmt":"2025-06-27T09:01:08","slug":"calibreur-a-air-homoth-pour-le-controle-des-calories","status":"publish","type":"product","link":"https:\/\/www.kbmedshop.ch\/fr\/produit\/calibreur-a-air-homoth-pour-le-controle-des-calories\/","title":{"rendered":"Calorisateur \u00e0 air HOMOTH pour le contr\u00f4le vestibulaire"},"content":{"rendered":"<p>En raison de sa facilit\u00e9 d&rsquo;ex\u00e9cution, la stimulation calorifique \u00e0 l&rsquo;air s&rsquo;est de plus en plus impos\u00e9e pour l&rsquo;\u00e9lectro-nystagmographie. L&rsquo;avantage de l&rsquo;air par rapport \u00e0 l&rsquo;eau est qu&rsquo;il n&rsquo;est pas n\u00e9cessaire de l&rsquo;aspirer ou de le recueillir apr\u00e8s l&rsquo;irrigation, un raccordement ou une \u00e9vacuation d&rsquo;eau n&rsquo;est pas n\u00e9cessaire.<br \/>\nUn autre avantage, tout \u00e0 fait d\u00e9cisif, r\u00e9side dans le fait que l&rsquo;air peut \u00eatre utilis\u00e9 pour la stimulation calorifique, m\u00eame si le tympan est perfor\u00e9, et que le rin\u00e7age peut \u00eatre effectu\u00e9 dans n&rsquo;importe quelle position du patient.<br \/>\nLes temp\u00e9ratures pour la stimulation \u00e0 froid et \u00e0 chaud peuvent \u00eatre pr\u00e9r\u00e9gl\u00e9es s\u00e9par\u00e9ment et m\u00e9moris\u00e9es \u00e9lectroniquement. Pour passer du \u00ab froid \u00bb au \u00ab chaud \u00bb, il suffit d&rsquo;appuyer sur un bouton. La dur\u00e9e de la stimulation peut \u00e9galement \u00eatre pr\u00e9r\u00e9gl\u00e9e et m\u00e9moris\u00e9e \u00e0 l&rsquo;aide d&rsquo;un bouton.<\/p>\n","protected":false},"excerpt":{"rendered":"<p>Le calorisateur d\u2019air HOMOTH est con\u00e7u pour effectuer des tests calorifiques auriculaires avec pr\u00e9cision et fiabilit\u00e9. Un outil indispensable pour les professionnels de sant\u00e9 sp\u00e9cialis\u00e9s en vestibulaire.<\/p>\n<p>&nbsp;<\/p>\n<p>Code produit : 80-1110<\/p>\n","protected":false},"featured_media":679,"comment_status":"open","ping_status":"closed","template":"","meta":{"_acf_changed":false},"product_brand":[],"product_cat":[96,336],"product_tag":[],"class_list":{"0":"post-1738","1":"product","2":"type-product","3":"status-publish","4":"has-post-thumbnail","6":"product_cat-diagnostiques","7":"product_cat-orl-fr","9":"first","10":"instock","11":"taxable","12":"shipping-taxable","13":"product-type-simple"},"acf":[],"yoast_head":"<!-- This site is optimized with the Yoast SEO plugin v25.0 - https:\/\/yoast.com\/wordpress\/plugins\/seo\/ -->\n<title>Calorisateur \u00e0 air HOMOTH pour le contr\u00f4le vestibulaire - KB Med<\/title>\n<meta name=\"description\" content=\"Le calibreur \u00e0 air HOMOTH est un dispositif pr\u00e9cis et fiable, con\u00e7u pour le contr\u00f4le et l&#039;\u00e9talonnage des calories dans les diagnostics m\u00e9dicaux.\" \/>\n<meta name=\"robots\" content=\"index, follow, max-snippet:-1, max-image-preview:large, max-video-preview:-1\" \/>\n<link rel=\"canonical\" href=\"https:\/\/www.kbmedshop.ch\/fr\/produit\/calibreur-a-air-homoth-pour-le-controle-des-calories\/\" \/>\n<meta property=\"og:locale\" content=\"fr_FR\" \/>\n<meta property=\"og:type\" content=\"article\" \/>\n<meta property=\"og:title\" content=\"Calorisateur \u00e0 air HOMOTH pour le contr\u00f4le vestibulaire - KB Med\" \/>\n<meta property=\"og:description\" content=\"Le calibreur \u00e0 air HOMOTH est un dispositif pr\u00e9cis et fiable, con\u00e7u pour le contr\u00f4le et l&#039;\u00e9talonnage des calories dans les diagnostics m\u00e9dicaux.\" \/>\n<meta property=\"og:url\" content=\"https:\/\/www.kbmedshop.ch\/fr\/produit\/calibreur-a-air-homoth-pour-le-controle-des-calories\/\" \/>\n<meta property=\"og:site_name\" content=\"KB Med\" \/>\n<meta property=\"article:modified_time\" content=\"2025-06-27T09:01:08+00:00\" \/>\n<meta property=\"og:image\" content=\"https:\/\/www.kbmedshop.ch\/wp-content\/uploads\/2025\/04\/calorisateur-air-homoth-nystagmus-diagnostique-orl-suisse.jpg\" \/>\n\t<meta property=\"og:image:width\" content=\"458\" \/>\n\t<meta property=\"og:image:height\" content=\"458\" \/>\n\t<meta property=\"og:image:type\" content=\"image\/jpeg\" \/>\n<meta name=\"twitter:card\" content=\"summary_large_image\" \/>\n<meta name=\"twitter:label1\" content=\"Dur\u00e9e de lecture estim\u00e9e\" \/>\n\t<meta name=\"twitter:data1\" content=\"1 minute\" \/>\n<script type=\"application\/ld+json\" class=\"yoast-schema-graph\">{\"@context\":\"https:\/\/schema.org\",\"@graph\":[{\"@type\":\"WebPage\",\"@id\":\"https:\/\/www.kbmedshop.ch\/fr\/produit\/calibreur-a-air-homoth-pour-le-controle-des-calories\/\",\"url\":\"https:\/\/www.kbmedshop.ch\/fr\/produit\/calibreur-a-air-homoth-pour-le-controle-des-calories\/\",\"name\":\"Calorisateur \u00e0 air HOMOTH pour le contr\u00f4le vestibulaire - KB Med\",\"isPartOf\":{\"@id\":\"https:\/\/www.kbmedshop.ch\/fr\/#website\"},\"primaryImageOfPage\":{\"@id\":\"https:\/\/www.kbmedshop.ch\/fr\/produit\/calibreur-a-air-homoth-pour-le-controle-des-calories\/#primaryimage\"},\"image\":{\"@id\":\"https:\/\/www.kbmedshop.ch\/fr\/produit\/calibreur-a-air-homoth-pour-le-controle-des-calories\/#primaryimage\"},\"thumbnailUrl\":\"https:\/\/www.kbmedshop.ch\/wp-content\/uploads\/2025\/04\/calorisateur-air-homoth-nystagmus-diagnostique-orl-suisse.jpg\",\"datePublished\":\"2025-04-07T13:25:00+00:00\",\"dateModified\":\"2025-06-27T09:01:08+00:00\",\"description\":\"Le calibreur \u00e0 air HOMOTH est un dispositif pr\u00e9cis et fiable, con\u00e7u pour le contr\u00f4le et l'\u00e9talonnage des calories dans les diagnostics m\u00e9dicaux.\",\"breadcrumb\":{\"@id\":\"https:\/\/www.kbmedshop.ch\/fr\/produit\/calibreur-a-air-homoth-pour-le-controle-des-calories\/#breadcrumb\"},\"inLanguage\":\"fr-FR\",\"potentialAction\":[{\"@type\":\"ReadAction\",\"target\":[\"https:\/\/www.kbmedshop.ch\/fr\/produit\/calibreur-a-air-homoth-pour-le-controle-des-calories\/\"]}]},{\"@type\":\"ImageObject\",\"inLanguage\":\"fr-FR\",\"@id\":\"https:\/\/www.kbmedshop.ch\/fr\/produit\/calibreur-a-air-homoth-pour-le-controle-des-calories\/#primaryimage\",\"url\":\"https:\/\/www.kbmedshop.ch\/wp-content\/uploads\/2025\/04\/calorisateur-air-homoth-nystagmus-diagnostique-orl-suisse.jpg\",\"contentUrl\":\"https:\/\/www.kbmedshop.ch\/wp-content\/uploads\/2025\/04\/calorisateur-air-homoth-nystagmus-diagnostique-orl-suisse.jpg\",\"width\":458,\"height\":458,\"caption\":\"Calibreur \u00e0 air HOMOTH pour le contr\u00f4le des calories\"},{\"@type\":\"BreadcrumbList\",\"@id\":\"https:\/\/www.kbmedshop.ch\/fr\/produit\/calibreur-a-air-homoth-pour-le-controle-des-calories\/#breadcrumb\",\"itemListElement\":[{\"@type\":\"ListItem\",\"position\":1,\"name\":\"Accueil\",\"item\":\"https:\/\/www.kbmedshop.ch\/fr\/\"},{\"@type\":\"ListItem\",\"position\":2,\"name\":\"Boutique\",\"item\":\"https:\/\/www.kbmedshop.ch\/shop\/\"},{\"@type\":\"ListItem\",\"position\":3,\"name\":\"Calorisateur \u00e0 air HOMOTH pour le contr\u00f4le vestibulaire\"}]},{\"@type\":\"WebSite\",\"@id\":\"https:\/\/www.kbmedshop.ch\/fr\/#website\",\"url\":\"https:\/\/www.kbmedshop.ch\/fr\/\",\"name\":\"Kbmed\",\"description\":\"\",\"potentialAction\":[{\"@type\":\"SearchAction\",\"target\":{\"@type\":\"EntryPoint\",\"urlTemplate\":\"https:\/\/www.kbmedshop.ch\/fr\/?s={search_term_string}\"},\"query-input\":{\"@type\":\"PropertyValueSpecification\",\"valueRequired\":true,\"valueName\":\"search_term_string\"}}],\"inLanguage\":\"fr-FR\"}]}<\/script>\n<!-- \/ Yoast SEO plugin. -->","yoast_head_json":{"title":"Calorisateur \u00e0 air HOMOTH pour le contr\u00f4le vestibulaire - KB Med","description":"Le calibreur \u00e0 air HOMOTH est un dispositif pr\u00e9cis et fiable, con\u00e7u pour le contr\u00f4le et l'\u00e9talonnage des calories dans les diagnostics m\u00e9dicaux.","robots":{"index":"index","follow":"follow","max-snippet":"max-snippet:-1","max-image-preview":"max-image-preview:large","max-video-preview":"max-video-preview:-1"},"canonical":"https:\/\/www.kbmedshop.ch\/fr\/produit\/calibreur-a-air-homoth-pour-le-controle-des-calories\/","og_locale":"fr_FR","og_type":"article","og_title":"Calorisateur \u00e0 air HOMOTH pour le contr\u00f4le vestibulaire - KB Med","og_description":"Le calibreur \u00e0 air HOMOTH est un dispositif pr\u00e9cis et fiable, con\u00e7u pour le contr\u00f4le et l'\u00e9talonnage des calories dans les diagnostics m\u00e9dicaux.","og_url":"https:\/\/www.kbmedshop.ch\/fr\/produit\/calibreur-a-air-homoth-pour-le-controle-des-calories\/","og_site_name":"KB Med","article_modified_time":"2025-06-27T09:01:08+00:00","og_image":[{"width":458,"height":458,"url":"https:\/\/www.kbmedshop.ch\/wp-content\/uploads\/2025\/04\/calorisateur-air-homoth-nystagmus-diagnostique-orl-suisse.jpg","type":"image\/jpeg"}],"twitter_card":"summary_large_image","twitter_misc":{"Dur\u00e9e de lecture estim\u00e9e":"1 minute"},"schema":{"@context":"https:\/\/schema.org","@graph":[{"@type":"WebPage","@id":"https:\/\/www.kbmedshop.ch\/fr\/produit\/calibreur-a-air-homoth-pour-le-controle-des-calories\/","url":"https:\/\/www.kbmedshop.ch\/fr\/produit\/calibreur-a-air-homoth-pour-le-controle-des-calories\/","name":"Calorisateur \u00e0 air HOMOTH pour le contr\u00f4le vestibulaire - KB Med","isPartOf":{"@id":"https:\/\/www.kbmedshop.ch\/fr\/#website"},"primaryImageOfPage":{"@id":"https:\/\/www.kbmedshop.ch\/fr\/produit\/calibreur-a-air-homoth-pour-le-controle-des-calories\/#primaryimage"},"image":{"@id":"https:\/\/www.kbmedshop.ch\/fr\/produit\/calibreur-a-air-homoth-pour-le-controle-des-calories\/#primaryimage"},"thumbnailUrl":"https:\/\/www.kbmedshop.ch\/wp-content\/uploads\/2025\/04\/calorisateur-air-homoth-nystagmus-diagnostique-orl-suisse.jpg","datePublished":"2025-04-07T13:25:00+00:00","dateModified":"2025-06-27T09:01:08+00:00","description":"Le calibreur \u00e0 air HOMOTH est un dispositif pr\u00e9cis et fiable, con\u00e7u pour le contr\u00f4le et l'\u00e9talonnage des calories dans les diagnostics m\u00e9dicaux.","breadcrumb":{"@id":"https:\/\/www.kbmedshop.ch\/fr\/produit\/calibreur-a-air-homoth-pour-le-controle-des-calories\/#breadcrumb"},"inLanguage":"fr-FR","potentialAction":[{"@type":"ReadAction","target":["https:\/\/www.kbmedshop.ch\/fr\/produit\/calibreur-a-air-homoth-pour-le-controle-des-calories\/"]}]},{"@type":"ImageObject","inLanguage":"fr-FR","@id":"https:\/\/www.kbmedshop.ch\/fr\/produit\/calibreur-a-air-homoth-pour-le-controle-des-calories\/#primaryimage","url":"https:\/\/www.kbmedshop.ch\/wp-content\/uploads\/2025\/04\/calorisateur-air-homoth-nystagmus-diagnostique-orl-suisse.jpg","contentUrl":"https:\/\/www.kbmedshop.ch\/wp-content\/uploads\/2025\/04\/calorisateur-air-homoth-nystagmus-diagnostique-orl-suisse.jpg","width":458,"height":458,"caption":"Calibreur \u00e0 air HOMOTH pour le contr\u00f4le des calories"},{"@type":"BreadcrumbList","@id":"https:\/\/www.kbmedshop.ch\/fr\/produit\/calibreur-a-air-homoth-pour-le-controle-des-calories\/#breadcrumb","itemListElement":[{"@type":"ListItem","position":1,"name":"Accueil","item":"https:\/\/www.kbmedshop.ch\/fr\/"},{"@type":"ListItem","position":2,"name":"Boutique","item":"https:\/\/www.kbmedshop.ch\/shop\/"},{"@type":"ListItem","position":3,"name":"Calorisateur \u00e0 air HOMOTH pour le contr\u00f4le vestibulaire"}]},{"@type":"WebSite","@id":"https:\/\/www.kbmedshop.ch\/fr\/#website","url":"https:\/\/www.kbmedshop.ch\/fr\/","name":"Kbmed","description":"","potentialAction":[{"@type":"SearchAction","target":{"@type":"EntryPoint","urlTemplate":"https:\/\/www.kbmedshop.ch\/fr\/?s={search_term_string}"},"query-input":{"@type":"PropertyValueSpecification","valueRequired":true,"valueName":"search_term_string"}}],"inLanguage":"fr-FR"}]}},"_links":{"self":[{"href":"https:\/\/www.kbmedshop.ch\/fr\/wp-json\/wp\/v2\/product\/1738","targetHints":{"allow":["GET"]}}],"collection":[{"href":"https:\/\/www.kbmedshop.ch\/fr\/wp-json\/wp\/v2\/product"}],"about":[{"href":"https:\/\/www.kbmedshop.ch\/fr\/wp-json\/wp\/v2\/types\/product"}],"replies":[{"embeddable":true,"href":"https:\/\/www.kbmedshop.ch\/fr\/wp-json\/wp\/v2\/comments?post=1738"}],"wp:featuredmedia":[{"embeddable":true,"href":"https:\/\/www.kbmedshop.ch\/fr\/wp-json\/wp\/v2\/media\/679"}],"wp:attachment":[{"href":"https:\/\/www.kbmedshop.ch\/fr\/wp-json\/wp\/v2\/media?parent=1738"}],"wp:term":[{"taxonomy":"product_brand","embeddable":true,"href":"https:\/\/www.kbmedshop.ch\/fr\/wp-json\/wp\/v2\/product_brand?post=1738"},{"taxonomy":"product_cat","embeddable":true,"href":"https:\/\/www.kbmedshop.ch\/fr\/wp-json\/wp\/v2\/product_cat?post=1738"},{"taxonomy":"product_tag","embeddable":true,"href":"https:\/\/www.kbmedshop.ch\/fr\/wp-json\/wp\/v2\/product_tag?post=1738"}],"curies":[{"name":"wp","href":"https:\/\/api.w.org\/{rel}","templated":true}]}}