{"id":1721,"date":"2025-04-07T15:45:32","date_gmt":"2025-04-07T13:45:32","guid":{"rendered":"https:\/\/www.kbmedshop.ch\/?post_type=product&#038;p=1721"},"modified":"2025-06-27T10:47:57","modified_gmt":"2025-06-27T08:47:57","slug":"homoth-rhino-4000m-rhinomanometre","status":"publish","type":"product","link":"https:\/\/www.kbmedshop.ch\/fr\/produit\/homoth-rhino-4000m-rhinomanometre\/","title":{"rendered":"HOMOTH Rhino 4000M Rhinomanom\u00e8tre"},"content":{"rendered":"<p>Description d\u00e9taill\u00e9e\u00a0:<\/p>\n<p>Le rhinomanom\u00e8tre HOMOTH Rhino 4000M est un appareil de diagnostic ORL sophistiqu\u00e9 con\u00e7u pour s\u2019adapter aux segments nasaux et utiliser un masque facial si n\u00e9cessaire ou des olives nasales. Gr\u00e2ce \u00e0 sa m\u00e9thode de mesure avanc\u00e9e, il permet une analyse pr\u00e9cise de la r\u00e9sistance nasale et du d\u00e9bit d&rsquo;air, r\u00e9pondant ainsi aux besoins des m\u00e9decins et des cliniques.<\/p>\n<p>Toutes les donn\u00e9es et courbes de mesure en couleur sont visible sur l\u2019\u00e9cran d\u2019un PC et sont stock\u00e9es \u00e9lectroniquement de sorte que les r\u00e9sultats peuvent \u00eatre g\u00e9r\u00e9s de mani\u00e8re optimale. Ces donn\u00e9es peuvent \u00eatre facilement transf\u00e9r\u00e9es vers un logiciel pour une analyse ou un archivage plus approfondi. Compact et polyvalent, le Rhino 4000M est un outil indispensable pour le diagnostic ORL moderne.<\/p>\n<p>Fonctionnalit\u00e9s:<\/p>\n<ul>\n<li>M\u00e9thode : Convient aux segments nasaux et \u00e0 l\u2019utilisation d\u2019un masque facial ou des olives de 3 tailles diff\u00e9rentes<\/li>\n<li>Mensurations:\n<ul>\n<li>Analyse du flux nasal et de la r\u00e9sistance.<\/li>\n<li>Des r\u00e9sultats pr\u00e9cis et reproductibles.<\/li>\n<\/ul>\n<\/li>\n<li>Stockage : donn\u00e9es et courbes de mesure (2 couleurs) stock\u00e9es<\/li>\n<li>Compatibilit\u00e9 : Transf\u00e9rez les donn\u00e9es vers le logiciel pour une analyse plus approfondie.<\/li>\n<li>Utilisation\u00a0: Polyvalent, adapt\u00e9 aux cabinets m\u00e9dicaux et aux cliniques.<\/li>\n<\/ul>\n<p>Applications:<\/p>\n<ul>\n<li>Diagnostic des allergies et des maladies de la respiration nasale.<\/li>\n<li>Analyse de la r\u00e9sistance nasale.<\/li>\n<li>Suivi postop\u00e9ratoire et contr\u00f4le des traitements ORL.<\/li>\n<\/ul>\n<p>&nbsp;<\/p>\n<p>&nbsp;<\/p>\n<p>&nbsp;<\/p>\n<p>&nbsp;<\/p>\n<p>&nbsp;<\/p>\n","protected":false},"excerpt":{"rendered":"<p>Le rhinomanom\u00e8tre HOMOTH Rhino 4000M est un module de diagnostic avanc\u00e9 con\u00e7u pour mesurer avec pr\u00e9cision la r\u00e9sistance nasale. Il peut \u00eatre utilis\u00e9 de diff\u00e9rentes mani\u00e8res dans le cabinet ou la clinique par olives ou masque nasale, avec stockage \u00e9lectronique des donn\u00e9es et compatibilit\u00e9 avec les logiciels PC, pr\u00e9sentation des courbes gauches et droites en couleurs diff\u00e9rentes.<\/p>\n<p>&nbsp;<\/p>\n<p>Code produit : 80-1011<\/p>\n","protected":false},"featured_media":705,"comment_status":"open","ping_status":"closed","template":"","meta":{"_acf_changed":false},"product_brand":[],"product_cat":[96,336],"product_tag":[],"class_list":{"0":"post-1721","1":"product","2":"type-product","3":"status-publish","4":"has-post-thumbnail","6":"product_cat-diagnostiques","7":"product_cat-orl-fr","9":"first","10":"instock","11":"taxable","12":"shipping-taxable","13":"purchasable","14":"product-type-simple"},"acf":[],"yoast_head":"<!-- This site is optimized with the Yoast SEO plugin v25.0 - https:\/\/yoast.com\/wordpress\/plugins\/seo\/ -->\n<title>HOMOTH Rhino 4000M Rhinomanom\u00e8tre - KB Med<\/title>\n<meta name=\"description\" content=\"Le HOMOTH Rhino 4000M est un rhinomanom\u00e8tre de haute pr\u00e9cision, con\u00e7u pour mesurer le flux nasal et diagnostiquer les troubles respiratoires.\" \/>\n<meta name=\"robots\" content=\"index, follow, max-snippet:-1, max-image-preview:large, max-video-preview:-1\" \/>\n<link rel=\"canonical\" href=\"https:\/\/www.kbmedshop.ch\/fr\/produit\/homoth-rhino-4000m-rhinomanometre\/\" \/>\n<meta property=\"og:locale\" content=\"fr_FR\" \/>\n<meta property=\"og:type\" content=\"article\" \/>\n<meta property=\"og:title\" content=\"HOMOTH Rhino 4000M Rhinomanom\u00e8tre - KB Med\" \/>\n<meta property=\"og:description\" content=\"Le HOMOTH Rhino 4000M est un rhinomanom\u00e8tre de haute pr\u00e9cision, con\u00e7u pour mesurer le flux nasal et diagnostiquer les troubles respiratoires.\" \/>\n<meta property=\"og:url\" content=\"https:\/\/www.kbmedshop.ch\/fr\/produit\/homoth-rhino-4000m-rhinomanometre\/\" \/>\n<meta property=\"og:site_name\" content=\"KB Med\" \/>\n<meta property=\"article:modified_time\" content=\"2025-06-27T08:47:57+00:00\" \/>\n<meta property=\"og:image\" content=\"https:\/\/www.kbmedshop.ch\/wp-content\/uploads\/2025\/04\/rhinomanometre-homoth-rhino-4000m-orl-suisse.jpg\" \/>\n\t<meta property=\"og:image:width\" content=\"458\" \/>\n\t<meta property=\"og:image:height\" content=\"458\" \/>\n\t<meta property=\"og:image:type\" content=\"image\/jpeg\" \/>\n<meta name=\"twitter:card\" content=\"summary_large_image\" \/>\n<meta name=\"twitter:label1\" content=\"Dur\u00e9e de lecture estim\u00e9e\" \/>\n\t<meta name=\"twitter:data1\" content=\"2 minutes\" \/>\n<script type=\"application\/ld+json\" class=\"yoast-schema-graph\">{\"@context\":\"https:\/\/schema.org\",\"@graph\":[{\"@type\":\"WebPage\",\"@id\":\"https:\/\/www.kbmedshop.ch\/fr\/produit\/homoth-rhino-4000m-rhinomanometre\/\",\"url\":\"https:\/\/www.kbmedshop.ch\/fr\/produit\/homoth-rhino-4000m-rhinomanometre\/\",\"name\":\"HOMOTH Rhino 4000M Rhinomanom\u00e8tre - KB Med\",\"isPartOf\":{\"@id\":\"https:\/\/www.kbmedshop.ch\/fr\/#website\"},\"primaryImageOfPage\":{\"@id\":\"https:\/\/www.kbmedshop.ch\/fr\/produit\/homoth-rhino-4000m-rhinomanometre\/#primaryimage\"},\"image\":{\"@id\":\"https:\/\/www.kbmedshop.ch\/fr\/produit\/homoth-rhino-4000m-rhinomanometre\/#primaryimage\"},\"thumbnailUrl\":\"https:\/\/www.kbmedshop.ch\/wp-content\/uploads\/2025\/04\/rhinomanometre-homoth-rhino-4000m-orl-suisse.jpg\",\"datePublished\":\"2025-04-07T13:45:32+00:00\",\"dateModified\":\"2025-06-27T08:47:57+00:00\",\"description\":\"Le HOMOTH Rhino 4000M est un rhinomanom\u00e8tre de haute pr\u00e9cision, con\u00e7u pour mesurer le flux nasal et diagnostiquer les troubles respiratoires.\",\"breadcrumb\":{\"@id\":\"https:\/\/www.kbmedshop.ch\/fr\/produit\/homoth-rhino-4000m-rhinomanometre\/#breadcrumb\"},\"inLanguage\":\"fr-FR\",\"potentialAction\":[{\"@type\":\"ReadAction\",\"target\":[\"https:\/\/www.kbmedshop.ch\/fr\/produit\/homoth-rhino-4000m-rhinomanometre\/\"]}]},{\"@type\":\"ImageObject\",\"inLanguage\":\"fr-FR\",\"@id\":\"https:\/\/www.kbmedshop.ch\/fr\/produit\/homoth-rhino-4000m-rhinomanometre\/#primaryimage\",\"url\":\"https:\/\/www.kbmedshop.ch\/wp-content\/uploads\/2025\/04\/rhinomanometre-homoth-rhino-4000m-orl-suisse.jpg\",\"contentUrl\":\"https:\/\/www.kbmedshop.ch\/wp-content\/uploads\/2025\/04\/rhinomanometre-homoth-rhino-4000m-orl-suisse.jpg\",\"width\":458,\"height\":458,\"caption\":\"HOMOTH Rhino 4000M Rhinomanom\u00e8tre\"},{\"@type\":\"BreadcrumbList\",\"@id\":\"https:\/\/www.kbmedshop.ch\/fr\/produit\/homoth-rhino-4000m-rhinomanometre\/#breadcrumb\",\"itemListElement\":[{\"@type\":\"ListItem\",\"position\":1,\"name\":\"Accueil\",\"item\":\"https:\/\/www.kbmedshop.ch\/fr\/\"},{\"@type\":\"ListItem\",\"position\":2,\"name\":\"Boutique\",\"item\":\"https:\/\/www.kbmedshop.ch\/shop\/\"},{\"@type\":\"ListItem\",\"position\":3,\"name\":\"HOMOTH Rhino 4000M Rhinomanom\u00e8tre\"}]},{\"@type\":\"WebSite\",\"@id\":\"https:\/\/www.kbmedshop.ch\/fr\/#website\",\"url\":\"https:\/\/www.kbmedshop.ch\/fr\/\",\"name\":\"Kbmed\",\"description\":\"\",\"potentialAction\":[{\"@type\":\"SearchAction\",\"target\":{\"@type\":\"EntryPoint\",\"urlTemplate\":\"https:\/\/www.kbmedshop.ch\/fr\/?s={search_term_string}\"},\"query-input\":{\"@type\":\"PropertyValueSpecification\",\"valueRequired\":true,\"valueName\":\"search_term_string\"}}],\"inLanguage\":\"fr-FR\"}]}<\/script>\n<!-- \/ Yoast SEO plugin. -->","yoast_head_json":{"title":"HOMOTH Rhino 4000M Rhinomanom\u00e8tre - KB Med","description":"Le HOMOTH Rhino 4000M est un rhinomanom\u00e8tre de haute pr\u00e9cision, con\u00e7u pour mesurer le flux nasal et diagnostiquer les troubles respiratoires.","robots":{"index":"index","follow":"follow","max-snippet":"max-snippet:-1","max-image-preview":"max-image-preview:large","max-video-preview":"max-video-preview:-1"},"canonical":"https:\/\/www.kbmedshop.ch\/fr\/produit\/homoth-rhino-4000m-rhinomanometre\/","og_locale":"fr_FR","og_type":"article","og_title":"HOMOTH Rhino 4000M Rhinomanom\u00e8tre - KB Med","og_description":"Le HOMOTH Rhino 4000M est un rhinomanom\u00e8tre de haute pr\u00e9cision, con\u00e7u pour mesurer le flux nasal et diagnostiquer les troubles respiratoires.","og_url":"https:\/\/www.kbmedshop.ch\/fr\/produit\/homoth-rhino-4000m-rhinomanometre\/","og_site_name":"KB Med","article_modified_time":"2025-06-27T08:47:57+00:00","og_image":[{"width":458,"height":458,"url":"https:\/\/www.kbmedshop.ch\/wp-content\/uploads\/2025\/04\/rhinomanometre-homoth-rhino-4000m-orl-suisse.jpg","type":"image\/jpeg"}],"twitter_card":"summary_large_image","twitter_misc":{"Dur\u00e9e de lecture estim\u00e9e":"2 minutes"},"schema":{"@context":"https:\/\/schema.org","@graph":[{"@type":"WebPage","@id":"https:\/\/www.kbmedshop.ch\/fr\/produit\/homoth-rhino-4000m-rhinomanometre\/","url":"https:\/\/www.kbmedshop.ch\/fr\/produit\/homoth-rhino-4000m-rhinomanometre\/","name":"HOMOTH Rhino 4000M Rhinomanom\u00e8tre - KB Med","isPartOf":{"@id":"https:\/\/www.kbmedshop.ch\/fr\/#website"},"primaryImageOfPage":{"@id":"https:\/\/www.kbmedshop.ch\/fr\/produit\/homoth-rhino-4000m-rhinomanometre\/#primaryimage"},"image":{"@id":"https:\/\/www.kbmedshop.ch\/fr\/produit\/homoth-rhino-4000m-rhinomanometre\/#primaryimage"},"thumbnailUrl":"https:\/\/www.kbmedshop.ch\/wp-content\/uploads\/2025\/04\/rhinomanometre-homoth-rhino-4000m-orl-suisse.jpg","datePublished":"2025-04-07T13:45:32+00:00","dateModified":"2025-06-27T08:47:57+00:00","description":"Le HOMOTH Rhino 4000M est un rhinomanom\u00e8tre de haute pr\u00e9cision, con\u00e7u pour mesurer le flux nasal et diagnostiquer les troubles respiratoires.","breadcrumb":{"@id":"https:\/\/www.kbmedshop.ch\/fr\/produit\/homoth-rhino-4000m-rhinomanometre\/#breadcrumb"},"inLanguage":"fr-FR","potentialAction":[{"@type":"ReadAction","target":["https:\/\/www.kbmedshop.ch\/fr\/produit\/homoth-rhino-4000m-rhinomanometre\/"]}]},{"@type":"ImageObject","inLanguage":"fr-FR","@id":"https:\/\/www.kbmedshop.ch\/fr\/produit\/homoth-rhino-4000m-rhinomanometre\/#primaryimage","url":"https:\/\/www.kbmedshop.ch\/wp-content\/uploads\/2025\/04\/rhinomanometre-homoth-rhino-4000m-orl-suisse.jpg","contentUrl":"https:\/\/www.kbmedshop.ch\/wp-content\/uploads\/2025\/04\/rhinomanometre-homoth-rhino-4000m-orl-suisse.jpg","width":458,"height":458,"caption":"HOMOTH Rhino 4000M Rhinomanom\u00e8tre"},{"@type":"BreadcrumbList","@id":"https:\/\/www.kbmedshop.ch\/fr\/produit\/homoth-rhino-4000m-rhinomanometre\/#breadcrumb","itemListElement":[{"@type":"ListItem","position":1,"name":"Accueil","item":"https:\/\/www.kbmedshop.ch\/fr\/"},{"@type":"ListItem","position":2,"name":"Boutique","item":"https:\/\/www.kbmedshop.ch\/shop\/"},{"@type":"ListItem","position":3,"name":"HOMOTH Rhino 4000M Rhinomanom\u00e8tre"}]},{"@type":"WebSite","@id":"https:\/\/www.kbmedshop.ch\/fr\/#website","url":"https:\/\/www.kbmedshop.ch\/fr\/","name":"Kbmed","description":"","potentialAction":[{"@type":"SearchAction","target":{"@type":"EntryPoint","urlTemplate":"https:\/\/www.kbmedshop.ch\/fr\/?s={search_term_string}"},"query-input":{"@type":"PropertyValueSpecification","valueRequired":true,"valueName":"search_term_string"}}],"inLanguage":"fr-FR"}]}},"_links":{"self":[{"href":"https:\/\/www.kbmedshop.ch\/fr\/wp-json\/wp\/v2\/product\/1721","targetHints":{"allow":["GET"]}}],"collection":[{"href":"https:\/\/www.kbmedshop.ch\/fr\/wp-json\/wp\/v2\/product"}],"about":[{"href":"https:\/\/www.kbmedshop.ch\/fr\/wp-json\/wp\/v2\/types\/product"}],"replies":[{"embeddable":true,"href":"https:\/\/www.kbmedshop.ch\/fr\/wp-json\/wp\/v2\/comments?post=1721"}],"wp:featuredmedia":[{"embeddable":true,"href":"https:\/\/www.kbmedshop.ch\/fr\/wp-json\/wp\/v2\/media\/705"}],"wp:attachment":[{"href":"https:\/\/www.kbmedshop.ch\/fr\/wp-json\/wp\/v2\/media?parent=1721"}],"wp:term":[{"taxonomy":"product_brand","embeddable":true,"href":"https:\/\/www.kbmedshop.ch\/fr\/wp-json\/wp\/v2\/product_brand?post=1721"},{"taxonomy":"product_cat","embeddable":true,"href":"https:\/\/www.kbmedshop.ch\/fr\/wp-json\/wp\/v2\/product_cat?post=1721"},{"taxonomy":"product_tag","embeddable":true,"href":"https:\/\/www.kbmedshop.ch\/fr\/wp-json\/wp\/v2\/product_tag?post=1721"}],"curies":[{"name":"wp","href":"https:\/\/api.w.org\/{rel}","templated":true}]}}