{"id":1716,"date":"2025-04-07T15:49:18","date_gmt":"2025-04-07T13:49:18","guid":{"rendered":"https:\/\/www.kbmedshop.ch\/?post_type=product&#038;p=1716"},"modified":"2025-05-19T10:01:38","modified_gmt":"2025-05-19T08:01:38","slug":"tympanometre-homoth-tymp-4000","status":"publish","type":"product","link":"https:\/\/www.kbmedshop.ch\/fr\/produit\/tympanometre-homoth-tymp-4000\/","title":{"rendered":"Tympanom\u00e8tre Homoth Tymp 4000"},"content":{"rendered":"<p>Description d\u00e9taill\u00e9e\u00a0:<\/p>\n<p>Le tympanom\u00e8tre Homoth Tymp 4000 est con\u00e7u pour diagnostiquer avec pr\u00e9cision la fonction de l&rsquo;oreille moyenne. Cet appareil peut mesurer l&rsquo;imp\u00e9dance et les r\u00e9flexions avec une grande pr\u00e9cision, gr\u00e2ce \u00e0 une plage de pression de +200 \u00e0 -400 daPa et des tonalit\u00e9s reflex de conformit\u00e9 \u00e0 500, 1000, 2000 et 4000 Hz. La d\u00e9tection des r\u00e9flexes est enti\u00e8rement automatique et prend en charge les r\u00e9flexes ipsilat\u00e9raux et controlat\u00e9raux.<\/p>\n<p>\u00c9quip\u00e9e d&rsquo;un \u00e9cran LCD et d&rsquo;une imprimante thermique int\u00e9gr\u00e9e, la Tymp 4000 offre une solution autonome pour l&rsquo;impression des r\u00e9sultats sur papier thermique. Il peut \u00e9galement \u00eatre connect\u00e9 \u00e0 un PC via USB pour la gestion des donn\u00e9es num\u00e9riques et l&rsquo;analyse d\u00e9taill\u00e9e gr\u00e2ce \u00e0 un logiciel d\u00e9di\u00e9. Compact et puissant, il s&rsquo;int\u00e8gre parfaitement dans les environnements m\u00e9dicaux modernes.<\/p>\n<p>Fonctionnalit\u00e9s:<\/p>\n<ul>\n<li>Mensurations:\n<ul>\n<li>Imp\u00e9dance et r\u00e9flexes.<\/li>\n<li>Plage de pression : +200 \u00e0 -400 daPa.<\/li>\n<li>Pression delta : 300 daPa\/sec.<\/li>\n<li>Tonalit\u00e9s reflex : 500, 1000, 2000 et 4000 Hz \u00e0 85, 95 et 105 dB SPL.<\/li>\n<\/ul>\n<\/li>\n<li>Reconnaissance r\u00e9flexe : Automatique (ipsilat\u00e9rale et controlat\u00e9rale).<\/li>\n<li>Affichage\u00a0: \u00c9cran LCD avec ic\u00f4nes d\u00e9taill\u00e9es.<\/li>\n<li>Impression\u00a0: Imprimante thermique int\u00e9gr\u00e9e.<\/li>\n<li>Compatibilit\u00e9 : Port USB 2.0 pour une utilisation avec un PC et un logiciel d\u00e9di\u00e9.<\/li>\n<li>Dimensions : 330 x 80 x 265 mm (LxHxP).<\/li>\n<li>Alimentation : 13,2 V, alimentation externe 100-240 V, 50\/60 Hz, 30 W.<\/li>\n<\/ul>\n<p>Accessoire standard :<\/p>\n<ul>\n<li>Sonde avec c\u00e2ble.<\/li>\n<li>1 jeu de bouchons d&rsquo;oreille.<\/li>\n<li>C\u00e2ble USB, adaptateur secteur et CD d&rsquo;installation.<\/li>\n<\/ul>\n<p>Applications:<\/p>\n<ul>\n<li>Diagnostic des maladies de l&rsquo;oreille moyenne.<\/li>\n<li>Analyse rapide et pr\u00e9cise de l&rsquo;imp\u00e9dance et du r\u00e9flexe.<\/li>\n<li>Impression ind\u00e9pendante des r\u00e9sultats ou gestion num\u00e9rique via PC.<\/li>\n<\/ul>\n","protected":false},"excerpt":{"rendered":"<p>Le tympanom\u00e8tre Homoth Tymp 4000 est un appareil de diagnostic ORL autonome \u00e9quip\u00e9 d&rsquo;une imprimante thermique int\u00e9gr\u00e9e pour une impression rapide des r\u00e9sultats. Il peut \u00e9galement \u00eatre connect\u00e9 \u00e0 un PC via USB pour une utilisation avec un logiciel d\u00e9di\u00e9.<\/p>\n<p>&nbsp;<\/p>\n<p>Code produit : 80-1042<\/p>\n","protected":false},"featured_media":713,"comment_status":"open","ping_status":"closed","template":"","meta":{"_acf_changed":false},"product_brand":[],"product_cat":[96,336],"product_tag":[],"class_list":{"0":"post-1716","1":"product","2":"type-product","3":"status-publish","4":"has-post-thumbnail","6":"product_cat-diagnostiques","7":"product_cat-orl-fr","9":"first","10":"instock","11":"taxable","12":"shipping-taxable","13":"purchasable","14":"product-type-simple"},"acf":[],"yoast_head":"<!-- This site is optimized with the Yoast SEO plugin v25.0 - https:\/\/yoast.com\/wordpress\/plugins\/seo\/ -->\n<title>Tympanom\u00e8tre Homoth Tymp 4000 - KB Med<\/title>\n<meta name=\"description\" content=\"Le Homoth Tymp 4000 est un tympanom\u00e8tre de haute pr\u00e9cision, con\u00e7u pour des diagnostics auditifs fiables et rapides en milieu m\u00e9dical.\" \/>\n<meta name=\"robots\" content=\"index, follow, max-snippet:-1, max-image-preview:large, max-video-preview:-1\" \/>\n<link rel=\"canonical\" href=\"https:\/\/www.kbmedshop.ch\/fr\/produit\/tympanometre-homoth-tymp-4000\/\" \/>\n<meta property=\"og:locale\" content=\"fr_FR\" \/>\n<meta property=\"og:type\" content=\"article\" \/>\n<meta property=\"og:title\" content=\"Tympanom\u00e8tre Homoth Tymp 4000 - KB Med\" \/>\n<meta property=\"og:description\" content=\"Le Homoth Tymp 4000 est un tympanom\u00e8tre de haute pr\u00e9cision, con\u00e7u pour des diagnostics auditifs fiables et rapides en milieu m\u00e9dical.\" \/>\n<meta property=\"og:url\" content=\"https:\/\/www.kbmedshop.ch\/fr\/produit\/tympanometre-homoth-tymp-4000\/\" \/>\n<meta property=\"og:site_name\" content=\"KB Med\" \/>\n<meta property=\"article:modified_time\" content=\"2025-05-19T08:01:38+00:00\" \/>\n<meta property=\"og:image\" content=\"https:\/\/www.kbmedshop.ch\/wp-content\/uploads\/2025\/04\/tympanometre-homoth-tymp-4000-orl-suisse.jpg\" \/>\n\t<meta property=\"og:image:width\" content=\"458\" \/>\n\t<meta property=\"og:image:height\" content=\"458\" \/>\n\t<meta property=\"og:image:type\" content=\"image\/jpeg\" \/>\n<meta name=\"twitter:card\" content=\"summary_large_image\" \/>\n<meta name=\"twitter:label1\" content=\"Dur\u00e9e de lecture estim\u00e9e\" \/>\n\t<meta name=\"twitter:data1\" content=\"2 minutes\" \/>\n<script type=\"application\/ld+json\" class=\"yoast-schema-graph\">{\"@context\":\"https:\/\/schema.org\",\"@graph\":[{\"@type\":\"WebPage\",\"@id\":\"https:\/\/www.kbmedshop.ch\/fr\/produit\/tympanometre-homoth-tymp-4000\/\",\"url\":\"https:\/\/www.kbmedshop.ch\/fr\/produit\/tympanometre-homoth-tymp-4000\/\",\"name\":\"Tympanom\u00e8tre Homoth Tymp 4000 - KB Med\",\"isPartOf\":{\"@id\":\"https:\/\/www.kbmedshop.ch\/fr\/#website\"},\"primaryImageOfPage\":{\"@id\":\"https:\/\/www.kbmedshop.ch\/fr\/produit\/tympanometre-homoth-tymp-4000\/#primaryimage\"},\"image\":{\"@id\":\"https:\/\/www.kbmedshop.ch\/fr\/produit\/tympanometre-homoth-tymp-4000\/#primaryimage\"},\"thumbnailUrl\":\"https:\/\/www.kbmedshop.ch\/wp-content\/uploads\/2025\/04\/tympanometre-homoth-tymp-4000-orl-suisse.jpg\",\"datePublished\":\"2025-04-07T13:49:18+00:00\",\"dateModified\":\"2025-05-19T08:01:38+00:00\",\"description\":\"Le Homoth Tymp 4000 est un tympanom\u00e8tre de haute pr\u00e9cision, con\u00e7u pour des diagnostics auditifs fiables et rapides en milieu m\u00e9dical.\",\"breadcrumb\":{\"@id\":\"https:\/\/www.kbmedshop.ch\/fr\/produit\/tympanometre-homoth-tymp-4000\/#breadcrumb\"},\"inLanguage\":\"fr-FR\",\"potentialAction\":[{\"@type\":\"ReadAction\",\"target\":[\"https:\/\/www.kbmedshop.ch\/fr\/produit\/tympanometre-homoth-tymp-4000\/\"]}]},{\"@type\":\"ImageObject\",\"inLanguage\":\"fr-FR\",\"@id\":\"https:\/\/www.kbmedshop.ch\/fr\/produit\/tympanometre-homoth-tymp-4000\/#primaryimage\",\"url\":\"https:\/\/www.kbmedshop.ch\/wp-content\/uploads\/2025\/04\/tympanometre-homoth-tymp-4000-orl-suisse.jpg\",\"contentUrl\":\"https:\/\/www.kbmedshop.ch\/wp-content\/uploads\/2025\/04\/tympanometre-homoth-tymp-4000-orl-suisse.jpg\",\"width\":458,\"height\":458,\"caption\":\"Tympanom\u00e8tre Homoth Tymp 4000\"},{\"@type\":\"BreadcrumbList\",\"@id\":\"https:\/\/www.kbmedshop.ch\/fr\/produit\/tympanometre-homoth-tymp-4000\/#breadcrumb\",\"itemListElement\":[{\"@type\":\"ListItem\",\"position\":1,\"name\":\"Accueil\",\"item\":\"https:\/\/www.kbmedshop.ch\/fr\/\"},{\"@type\":\"ListItem\",\"position\":2,\"name\":\"Boutique\",\"item\":\"https:\/\/www.kbmedshop.ch\/shop\/\"},{\"@type\":\"ListItem\",\"position\":3,\"name\":\"Tympanom\u00e8tre Homoth Tymp 4000\"}]},{\"@type\":\"WebSite\",\"@id\":\"https:\/\/www.kbmedshop.ch\/fr\/#website\",\"url\":\"https:\/\/www.kbmedshop.ch\/fr\/\",\"name\":\"Kbmed\",\"description\":\"\",\"potentialAction\":[{\"@type\":\"SearchAction\",\"target\":{\"@type\":\"EntryPoint\",\"urlTemplate\":\"https:\/\/www.kbmedshop.ch\/fr\/?s={search_term_string}\"},\"query-input\":{\"@type\":\"PropertyValueSpecification\",\"valueRequired\":true,\"valueName\":\"search_term_string\"}}],\"inLanguage\":\"fr-FR\"}]}<\/script>\n<!-- \/ Yoast SEO plugin. -->","yoast_head_json":{"title":"Tympanom\u00e8tre Homoth Tymp 4000 - KB Med","description":"Le Homoth Tymp 4000 est un tympanom\u00e8tre de haute pr\u00e9cision, con\u00e7u pour des diagnostics auditifs fiables et rapides en milieu m\u00e9dical.","robots":{"index":"index","follow":"follow","max-snippet":"max-snippet:-1","max-image-preview":"max-image-preview:large","max-video-preview":"max-video-preview:-1"},"canonical":"https:\/\/www.kbmedshop.ch\/fr\/produit\/tympanometre-homoth-tymp-4000\/","og_locale":"fr_FR","og_type":"article","og_title":"Tympanom\u00e8tre Homoth Tymp 4000 - KB Med","og_description":"Le Homoth Tymp 4000 est un tympanom\u00e8tre de haute pr\u00e9cision, con\u00e7u pour des diagnostics auditifs fiables et rapides en milieu m\u00e9dical.","og_url":"https:\/\/www.kbmedshop.ch\/fr\/produit\/tympanometre-homoth-tymp-4000\/","og_site_name":"KB Med","article_modified_time":"2025-05-19T08:01:38+00:00","og_image":[{"width":458,"height":458,"url":"https:\/\/www.kbmedshop.ch\/wp-content\/uploads\/2025\/04\/tympanometre-homoth-tymp-4000-orl-suisse.jpg","type":"image\/jpeg"}],"twitter_card":"summary_large_image","twitter_misc":{"Dur\u00e9e de lecture estim\u00e9e":"2 minutes"},"schema":{"@context":"https:\/\/schema.org","@graph":[{"@type":"WebPage","@id":"https:\/\/www.kbmedshop.ch\/fr\/produit\/tympanometre-homoth-tymp-4000\/","url":"https:\/\/www.kbmedshop.ch\/fr\/produit\/tympanometre-homoth-tymp-4000\/","name":"Tympanom\u00e8tre Homoth Tymp 4000 - KB Med","isPartOf":{"@id":"https:\/\/www.kbmedshop.ch\/fr\/#website"},"primaryImageOfPage":{"@id":"https:\/\/www.kbmedshop.ch\/fr\/produit\/tympanometre-homoth-tymp-4000\/#primaryimage"},"image":{"@id":"https:\/\/www.kbmedshop.ch\/fr\/produit\/tympanometre-homoth-tymp-4000\/#primaryimage"},"thumbnailUrl":"https:\/\/www.kbmedshop.ch\/wp-content\/uploads\/2025\/04\/tympanometre-homoth-tymp-4000-orl-suisse.jpg","datePublished":"2025-04-07T13:49:18+00:00","dateModified":"2025-05-19T08:01:38+00:00","description":"Le Homoth Tymp 4000 est un tympanom\u00e8tre de haute pr\u00e9cision, con\u00e7u pour des diagnostics auditifs fiables et rapides en milieu m\u00e9dical.","breadcrumb":{"@id":"https:\/\/www.kbmedshop.ch\/fr\/produit\/tympanometre-homoth-tymp-4000\/#breadcrumb"},"inLanguage":"fr-FR","potentialAction":[{"@type":"ReadAction","target":["https:\/\/www.kbmedshop.ch\/fr\/produit\/tympanometre-homoth-tymp-4000\/"]}]},{"@type":"ImageObject","inLanguage":"fr-FR","@id":"https:\/\/www.kbmedshop.ch\/fr\/produit\/tympanometre-homoth-tymp-4000\/#primaryimage","url":"https:\/\/www.kbmedshop.ch\/wp-content\/uploads\/2025\/04\/tympanometre-homoth-tymp-4000-orl-suisse.jpg","contentUrl":"https:\/\/www.kbmedshop.ch\/wp-content\/uploads\/2025\/04\/tympanometre-homoth-tymp-4000-orl-suisse.jpg","width":458,"height":458,"caption":"Tympanom\u00e8tre Homoth Tymp 4000"},{"@type":"BreadcrumbList","@id":"https:\/\/www.kbmedshop.ch\/fr\/produit\/tympanometre-homoth-tymp-4000\/#breadcrumb","itemListElement":[{"@type":"ListItem","position":1,"name":"Accueil","item":"https:\/\/www.kbmedshop.ch\/fr\/"},{"@type":"ListItem","position":2,"name":"Boutique","item":"https:\/\/www.kbmedshop.ch\/shop\/"},{"@type":"ListItem","position":3,"name":"Tympanom\u00e8tre Homoth Tymp 4000"}]},{"@type":"WebSite","@id":"https:\/\/www.kbmedshop.ch\/fr\/#website","url":"https:\/\/www.kbmedshop.ch\/fr\/","name":"Kbmed","description":"","potentialAction":[{"@type":"SearchAction","target":{"@type":"EntryPoint","urlTemplate":"https:\/\/www.kbmedshop.ch\/fr\/?s={search_term_string}"},"query-input":{"@type":"PropertyValueSpecification","valueRequired":true,"valueName":"search_term_string"}}],"inLanguage":"fr-FR"}]}},"_links":{"self":[{"href":"https:\/\/www.kbmedshop.ch\/fr\/wp-json\/wp\/v2\/product\/1716","targetHints":{"allow":["GET"]}}],"collection":[{"href":"https:\/\/www.kbmedshop.ch\/fr\/wp-json\/wp\/v2\/product"}],"about":[{"href":"https:\/\/www.kbmedshop.ch\/fr\/wp-json\/wp\/v2\/types\/product"}],"replies":[{"embeddable":true,"href":"https:\/\/www.kbmedshop.ch\/fr\/wp-json\/wp\/v2\/comments?post=1716"}],"wp:featuredmedia":[{"embeddable":true,"href":"https:\/\/www.kbmedshop.ch\/fr\/wp-json\/wp\/v2\/media\/713"}],"wp:attachment":[{"href":"https:\/\/www.kbmedshop.ch\/fr\/wp-json\/wp\/v2\/media?parent=1716"}],"wp:term":[{"taxonomy":"product_brand","embeddable":true,"href":"https:\/\/www.kbmedshop.ch\/fr\/wp-json\/wp\/v2\/product_brand?post=1716"},{"taxonomy":"product_cat","embeddable":true,"href":"https:\/\/www.kbmedshop.ch\/fr\/wp-json\/wp\/v2\/product_cat?post=1716"},{"taxonomy":"product_tag","embeddable":true,"href":"https:\/\/www.kbmedshop.ch\/fr\/wp-json\/wp\/v2\/product_tag?post=1716"}],"curies":[{"name":"wp","href":"https:\/\/api.w.org\/{rel}","templated":true}]}}