{"id":1713,"date":"2025-04-08T08:10:58","date_gmt":"2025-04-08T06:10:58","guid":{"rendered":"https:\/\/www.kbmedshop.ch\/?post_type=product&#038;p=1713"},"modified":"2025-05-26T09:08:23","modified_gmt":"2025-05-26T07:08:23","slug":"crayon-caustique-au-nitrate-dargent","status":"publish","type":"product","link":"https:\/\/www.kbmedshop.ch\/fr\/produit\/crayon-caustique-au-nitrate-dargent\/","title":{"rendered":"Crayon caustique au nitrate d&rsquo;argent"},"content":{"rendered":"<p>Fonctionnalit\u00e9s:<\/p>\n<ul>\n<li>Composition : 75\u00a0% nitrate d&rsquo;argent.<\/li>\n<li>Dimensions : 11,5 cm de longueur, souple.<\/li>\n<li>Conditionnement : Bo\u00eete de 100 pi\u00e8ces.<\/li>\n<li>Applications\u00a0: traitement des verrues, soins des plaies, h\u00e9mostase, stomatite aphteuse, etc.<\/li>\n<\/ul>\n<p>Applications:<\/p>\n<ul>\n<li>Traitement m\u00e9dical : verrues, cordon ombilical, tissu de granulation.<\/li>\n<li>Soin des plaies : Favorise la cicatrisation et r\u00e9duit les saignements.<\/li>\n<li>H\u00e9mostase : Efficace pour les saignements superficiels et les saignements de nez.<\/li>\n<li>Stomatite aphteuse : Soulage les sympt\u00f4mes.<\/li>\n<\/ul>\n<p>Mode d&#8217;emploi :<\/p>\n<p>Humidifiez la pointe du stylo et tamponnez doucement la zone \u00e0 traiter. Lisez attentivement la notice avant utilisation.<\/p>\n<p>Le stylo caustique au nitrate d&rsquo;argent est un outil indispensable pour les professionnels de la sant\u00e9 et constitue une solution efficace et pratique pour divers traitements m\u00e9dicaux.<\/p>\n","protected":false},"excerpt":{"rendered":"<p>Le crayon caustique au nitrate d&rsquo;argent \u00e0 75 % est un dispositif m\u00e9dical polyvalent con\u00e7u pour le traitement des verrues, des restes de cordon ombilical, du tissu de granulation, ainsi que pour le soin des plaies. Il est \u00e9galement efficace pour la stomatite aphteuse et peut \u00eatre utilis\u00e9 \u00e0 des fins h\u00e9mostatiques pour traiter les saignements superficiels ou les saignements de nez. Souple et pratique, chaque crayon mesure 11,5 cm et est emball\u00e9 dans une bo\u00eete de 100 pi\u00e8ces, offrant ainsi une solution durable pour les professionnels de sant\u00e9.<\/p>\n<p>&nbsp;<\/p>\n<p>Code produit : 16202711-A<\/p>\n","protected":false},"featured_media":718,"comment_status":"open","ping_status":"closed","template":"","meta":{"_acf_changed":false},"product_brand":[],"product_cat":[347,336],"product_tag":[],"class_list":{"0":"post-1713","1":"product","2":"type-product","3":"status-publish","4":"has-post-thumbnail","6":"product_cat-consommables-orl","7":"product_cat-orl-fr","9":"first","10":"instock","11":"taxable","12":"shipping-taxable","13":"purchasable","14":"product-type-simple"},"acf":[],"yoast_head":"<!-- This site is optimized with the Yoast SEO plugin v25.0 - https:\/\/yoast.com\/wordpress\/plugins\/seo\/ -->\n<title>Crayon caustique au nitrate d&#039;argent - KB Med<\/title>\n<meta name=\"description\" content=\"Le crayon caustique au nitrate d&#039;argent est un dispositif m\u00e9dical efficace pour caut\u00e9riser les petites plaies et traiter les excroissances cutan\u00e9es.\" \/>\n<meta name=\"robots\" content=\"index, follow, max-snippet:-1, max-image-preview:large, max-video-preview:-1\" \/>\n<link rel=\"canonical\" href=\"https:\/\/www.kbmedshop.ch\/fr\/produit\/crayon-caustique-au-nitrate-dargent\/\" \/>\n<meta property=\"og:locale\" content=\"fr_FR\" \/>\n<meta property=\"og:type\" content=\"article\" \/>\n<meta property=\"og:title\" content=\"Crayon caustique au nitrate d&#039;argent - KB Med\" \/>\n<meta property=\"og:description\" content=\"Le crayon caustique au nitrate d&#039;argent est un dispositif m\u00e9dical efficace pour caut\u00e9riser les petites plaies et traiter les excroissances cutan\u00e9es.\" \/>\n<meta property=\"og:url\" content=\"https:\/\/www.kbmedshop.ch\/fr\/produit\/crayon-caustique-au-nitrate-dargent\/\" \/>\n<meta property=\"og:site_name\" content=\"KB Med\" \/>\n<meta property=\"article:modified_time\" content=\"2025-05-26T07:08:23+00:00\" \/>\n<meta property=\"og:image\" content=\"https:\/\/www.kbmedshop.ch\/wp-content\/uploads\/2025\/04\/crayon-caustique-au-nitrate-d-argent.jpg\" \/>\n\t<meta property=\"og:image:width\" content=\"458\" \/>\n\t<meta property=\"og:image:height\" content=\"458\" \/>\n\t<meta property=\"og:image:type\" content=\"image\/jpeg\" \/>\n<meta name=\"twitter:card\" content=\"summary_large_image\" \/>\n<meta name=\"twitter:label1\" content=\"Dur\u00e9e de lecture estim\u00e9e\" \/>\n\t<meta name=\"twitter:data1\" content=\"1 minute\" \/>\n<script type=\"application\/ld+json\" class=\"yoast-schema-graph\">{\"@context\":\"https:\/\/schema.org\",\"@graph\":[{\"@type\":\"WebPage\",\"@id\":\"https:\/\/www.kbmedshop.ch\/fr\/produit\/crayon-caustique-au-nitrate-dargent\/\",\"url\":\"https:\/\/www.kbmedshop.ch\/fr\/produit\/crayon-caustique-au-nitrate-dargent\/\",\"name\":\"Crayon caustique au nitrate d'argent - KB Med\",\"isPartOf\":{\"@id\":\"https:\/\/www.kbmedshop.ch\/fr\/#website\"},\"primaryImageOfPage\":{\"@id\":\"https:\/\/www.kbmedshop.ch\/fr\/produit\/crayon-caustique-au-nitrate-dargent\/#primaryimage\"},\"image\":{\"@id\":\"https:\/\/www.kbmedshop.ch\/fr\/produit\/crayon-caustique-au-nitrate-dargent\/#primaryimage\"},\"thumbnailUrl\":\"https:\/\/www.kbmedshop.ch\/wp-content\/uploads\/2025\/04\/crayon-caustique-au-nitrate-d-argent.jpg\",\"datePublished\":\"2025-04-08T06:10:58+00:00\",\"dateModified\":\"2025-05-26T07:08:23+00:00\",\"description\":\"Le crayon caustique au nitrate d'argent est un dispositif m\u00e9dical efficace pour caut\u00e9riser les petites plaies et traiter les excroissances cutan\u00e9es.\",\"breadcrumb\":{\"@id\":\"https:\/\/www.kbmedshop.ch\/fr\/produit\/crayon-caustique-au-nitrate-dargent\/#breadcrumb\"},\"inLanguage\":\"fr-FR\",\"potentialAction\":[{\"@type\":\"ReadAction\",\"target\":[\"https:\/\/www.kbmedshop.ch\/fr\/produit\/crayon-caustique-au-nitrate-dargent\/\"]}]},{\"@type\":\"ImageObject\",\"inLanguage\":\"fr-FR\",\"@id\":\"https:\/\/www.kbmedshop.ch\/fr\/produit\/crayon-caustique-au-nitrate-dargent\/#primaryimage\",\"url\":\"https:\/\/www.kbmedshop.ch\/wp-content\/uploads\/2025\/04\/crayon-caustique-au-nitrate-d-argent.jpg\",\"contentUrl\":\"https:\/\/www.kbmedshop.ch\/wp-content\/uploads\/2025\/04\/crayon-caustique-au-nitrate-d-argent.jpg\",\"width\":458,\"height\":458,\"caption\":\"Crayon caustique au nitrate d'argent\"},{\"@type\":\"BreadcrumbList\",\"@id\":\"https:\/\/www.kbmedshop.ch\/fr\/produit\/crayon-caustique-au-nitrate-dargent\/#breadcrumb\",\"itemListElement\":[{\"@type\":\"ListItem\",\"position\":1,\"name\":\"Accueil\",\"item\":\"https:\/\/www.kbmedshop.ch\/fr\/\"},{\"@type\":\"ListItem\",\"position\":2,\"name\":\"Boutique\",\"item\":\"https:\/\/www.kbmedshop.ch\/shop\/\"},{\"@type\":\"ListItem\",\"position\":3,\"name\":\"Crayon caustique au nitrate d&#8217;argent\"}]},{\"@type\":\"WebSite\",\"@id\":\"https:\/\/www.kbmedshop.ch\/fr\/#website\",\"url\":\"https:\/\/www.kbmedshop.ch\/fr\/\",\"name\":\"Kbmed\",\"description\":\"\",\"potentialAction\":[{\"@type\":\"SearchAction\",\"target\":{\"@type\":\"EntryPoint\",\"urlTemplate\":\"https:\/\/www.kbmedshop.ch\/fr\/?s={search_term_string}\"},\"query-input\":{\"@type\":\"PropertyValueSpecification\",\"valueRequired\":true,\"valueName\":\"search_term_string\"}}],\"inLanguage\":\"fr-FR\"}]}<\/script>\n<!-- \/ Yoast SEO plugin. -->","yoast_head_json":{"title":"Crayon caustique au nitrate d'argent - KB Med","description":"Le crayon caustique au nitrate d'argent est un dispositif m\u00e9dical efficace pour caut\u00e9riser les petites plaies et traiter les excroissances cutan\u00e9es.","robots":{"index":"index","follow":"follow","max-snippet":"max-snippet:-1","max-image-preview":"max-image-preview:large","max-video-preview":"max-video-preview:-1"},"canonical":"https:\/\/www.kbmedshop.ch\/fr\/produit\/crayon-caustique-au-nitrate-dargent\/","og_locale":"fr_FR","og_type":"article","og_title":"Crayon caustique au nitrate d'argent - KB Med","og_description":"Le crayon caustique au nitrate d'argent est un dispositif m\u00e9dical efficace pour caut\u00e9riser les petites plaies et traiter les excroissances cutan\u00e9es.","og_url":"https:\/\/www.kbmedshop.ch\/fr\/produit\/crayon-caustique-au-nitrate-dargent\/","og_site_name":"KB Med","article_modified_time":"2025-05-26T07:08:23+00:00","og_image":[{"width":458,"height":458,"url":"https:\/\/www.kbmedshop.ch\/wp-content\/uploads\/2025\/04\/crayon-caustique-au-nitrate-d-argent.jpg","type":"image\/jpeg"}],"twitter_card":"summary_large_image","twitter_misc":{"Dur\u00e9e de lecture estim\u00e9e":"1 minute"},"schema":{"@context":"https:\/\/schema.org","@graph":[{"@type":"WebPage","@id":"https:\/\/www.kbmedshop.ch\/fr\/produit\/crayon-caustique-au-nitrate-dargent\/","url":"https:\/\/www.kbmedshop.ch\/fr\/produit\/crayon-caustique-au-nitrate-dargent\/","name":"Crayon caustique au nitrate d'argent - KB Med","isPartOf":{"@id":"https:\/\/www.kbmedshop.ch\/fr\/#website"},"primaryImageOfPage":{"@id":"https:\/\/www.kbmedshop.ch\/fr\/produit\/crayon-caustique-au-nitrate-dargent\/#primaryimage"},"image":{"@id":"https:\/\/www.kbmedshop.ch\/fr\/produit\/crayon-caustique-au-nitrate-dargent\/#primaryimage"},"thumbnailUrl":"https:\/\/www.kbmedshop.ch\/wp-content\/uploads\/2025\/04\/crayon-caustique-au-nitrate-d-argent.jpg","datePublished":"2025-04-08T06:10:58+00:00","dateModified":"2025-05-26T07:08:23+00:00","description":"Le crayon caustique au nitrate d'argent est un dispositif m\u00e9dical efficace pour caut\u00e9riser les petites plaies et traiter les excroissances cutan\u00e9es.","breadcrumb":{"@id":"https:\/\/www.kbmedshop.ch\/fr\/produit\/crayon-caustique-au-nitrate-dargent\/#breadcrumb"},"inLanguage":"fr-FR","potentialAction":[{"@type":"ReadAction","target":["https:\/\/www.kbmedshop.ch\/fr\/produit\/crayon-caustique-au-nitrate-dargent\/"]}]},{"@type":"ImageObject","inLanguage":"fr-FR","@id":"https:\/\/www.kbmedshop.ch\/fr\/produit\/crayon-caustique-au-nitrate-dargent\/#primaryimage","url":"https:\/\/www.kbmedshop.ch\/wp-content\/uploads\/2025\/04\/crayon-caustique-au-nitrate-d-argent.jpg","contentUrl":"https:\/\/www.kbmedshop.ch\/wp-content\/uploads\/2025\/04\/crayon-caustique-au-nitrate-d-argent.jpg","width":458,"height":458,"caption":"Crayon caustique au nitrate d'argent"},{"@type":"BreadcrumbList","@id":"https:\/\/www.kbmedshop.ch\/fr\/produit\/crayon-caustique-au-nitrate-dargent\/#breadcrumb","itemListElement":[{"@type":"ListItem","position":1,"name":"Accueil","item":"https:\/\/www.kbmedshop.ch\/fr\/"},{"@type":"ListItem","position":2,"name":"Boutique","item":"https:\/\/www.kbmedshop.ch\/shop\/"},{"@type":"ListItem","position":3,"name":"Crayon caustique au nitrate d&#8217;argent"}]},{"@type":"WebSite","@id":"https:\/\/www.kbmedshop.ch\/fr\/#website","url":"https:\/\/www.kbmedshop.ch\/fr\/","name":"Kbmed","description":"","potentialAction":[{"@type":"SearchAction","target":{"@type":"EntryPoint","urlTemplate":"https:\/\/www.kbmedshop.ch\/fr\/?s={search_term_string}"},"query-input":{"@type":"PropertyValueSpecification","valueRequired":true,"valueName":"search_term_string"}}],"inLanguage":"fr-FR"}]}},"_links":{"self":[{"href":"https:\/\/www.kbmedshop.ch\/fr\/wp-json\/wp\/v2\/product\/1713","targetHints":{"allow":["GET"]}}],"collection":[{"href":"https:\/\/www.kbmedshop.ch\/fr\/wp-json\/wp\/v2\/product"}],"about":[{"href":"https:\/\/www.kbmedshop.ch\/fr\/wp-json\/wp\/v2\/types\/product"}],"replies":[{"embeddable":true,"href":"https:\/\/www.kbmedshop.ch\/fr\/wp-json\/wp\/v2\/comments?post=1713"}],"wp:featuredmedia":[{"embeddable":true,"href":"https:\/\/www.kbmedshop.ch\/fr\/wp-json\/wp\/v2\/media\/718"}],"wp:attachment":[{"href":"https:\/\/www.kbmedshop.ch\/fr\/wp-json\/wp\/v2\/media?parent=1713"}],"wp:term":[{"taxonomy":"product_brand","embeddable":true,"href":"https:\/\/www.kbmedshop.ch\/fr\/wp-json\/wp\/v2\/product_brand?post=1713"},{"taxonomy":"product_cat","embeddable":true,"href":"https:\/\/www.kbmedshop.ch\/fr\/wp-json\/wp\/v2\/product_cat?post=1713"},{"taxonomy":"product_tag","embeddable":true,"href":"https:\/\/www.kbmedshop.ch\/fr\/wp-json\/wp\/v2\/product_tag?post=1713"}],"curies":[{"name":"wp","href":"https:\/\/api.w.org\/{rel}","templated":true}]}}