{"id":1701,"date":"2025-04-08T08:26:17","date_gmt":"2025-04-08T06:26:17","guid":{"rendered":"https:\/\/www.kbmedshop.ch\/?post_type=product&#038;p=1701"},"modified":"2025-05-19T09:52:37","modified_gmt":"2025-05-19T07:52:37","slug":"adaptateur-nasal-t3","status":"publish","type":"product","link":"https:\/\/www.kbmedshop.ch\/fr\/produit\/adaptateur-nasal-t3\/","title":{"rendered":"Adaptateur nasal Taille 3"},"content":{"rendered":"<p>Ces adaptateurs de nez de taille 3 sont sp\u00e9cialement con\u00e7us pour les rhinomanom\u00e8tres Atmos et Homoth. Fabriqu\u00e9s \u00e0 partir de mat\u00e9riaux de haute qualit\u00e9, ils garantissent une connexion fiable et une mesure pr\u00e9cise des courants respiratoires nasaux. Leur conception assure une parfaite compatibilit\u00e9 avec les appareils tout en apportant un confort optimal au patient.<\/p>\n","protected":false},"excerpt":{"rendered":"<p>Adaptateur de nez taille 3, compatible avec les rhinomanom\u00e8tres Atmos et Homoth. Emball\u00e9 dans des sacs de 50 pi\u00e8ces pour une utilisation pratique et \u00e9conomique.<\/p>\n<p>&nbsp;<\/p>\n<p>Code produit : 82-1112<\/p>\n","protected":false},"featured_media":737,"comment_status":"open","ping_status":"closed","template":"","meta":{"_acf_changed":false},"product_brand":[],"product_cat":[96,336],"product_tag":[],"class_list":{"0":"post-1701","1":"product","2":"type-product","3":"status-publish","4":"has-post-thumbnail","6":"product_cat-diagnostiques","7":"product_cat-orl-fr","9":"first","10":"instock","11":"taxable","12":"shipping-taxable","13":"purchasable","14":"product-type-simple"},"acf":[],"yoast_head":"<!-- This site is optimized with the Yoast SEO plugin v25.0 - https:\/\/yoast.com\/wordpress\/plugins\/seo\/ -->\n<title>Adaptateur nasal Taille 3 - KB Med<\/title>\n<meta name=\"description\" content=\"L&#039;adaptateur nasal est un accessoire m\u00e9dical con\u00e7u pour garantir un ajustement pr\u00e9cis et une utilisation optimale lors des interventions ORL.\" \/>\n<meta name=\"robots\" content=\"index, follow, max-snippet:-1, max-image-preview:large, max-video-preview:-1\" \/>\n<link rel=\"canonical\" href=\"https:\/\/www.kbmedshop.ch\/fr\/produit\/adaptateur-nasal-t3\/\" \/>\n<meta property=\"og:locale\" content=\"fr_FR\" \/>\n<meta property=\"og:type\" content=\"article\" \/>\n<meta property=\"og:title\" content=\"Adaptateur nasal Taille 3 - KB Med\" \/>\n<meta property=\"og:description\" content=\"L&#039;adaptateur nasal est un accessoire m\u00e9dical con\u00e7u pour garantir un ajustement pr\u00e9cis et une utilisation optimale lors des interventions ORL.\" \/>\n<meta property=\"og:url\" content=\"https:\/\/www.kbmedshop.ch\/fr\/produit\/adaptateur-nasal-t3\/\" \/>\n<meta property=\"og:site_name\" content=\"KB Med\" \/>\n<meta property=\"article:modified_time\" content=\"2025-05-19T07:52:37+00:00\" \/>\n<meta property=\"og:image\" content=\"https:\/\/www.kbmedshop.ch\/wp-content\/uploads\/2025\/04\/adaptateur-nasal-rhinomanometre-taille-2.jpg\" \/>\n\t<meta property=\"og:image:width\" content=\"458\" \/>\n\t<meta property=\"og:image:height\" content=\"458\" \/>\n\t<meta property=\"og:image:type\" content=\"image\/jpeg\" \/>\n<meta name=\"twitter:card\" content=\"summary_large_image\" \/>\n<meta name=\"twitter:label1\" content=\"Dur\u00e9e de lecture estim\u00e9e\" \/>\n\t<meta name=\"twitter:data1\" content=\"1 minute\" \/>\n<script type=\"application\/ld+json\" class=\"yoast-schema-graph\">{\"@context\":\"https:\/\/schema.org\",\"@graph\":[{\"@type\":\"WebPage\",\"@id\":\"https:\/\/www.kbmedshop.ch\/fr\/produit\/adaptateur-nasal-t3\/\",\"url\":\"https:\/\/www.kbmedshop.ch\/fr\/produit\/adaptateur-nasal-t3\/\",\"name\":\"Adaptateur nasal Taille 3 - KB Med\",\"isPartOf\":{\"@id\":\"https:\/\/www.kbmedshop.ch\/fr\/#website\"},\"primaryImageOfPage\":{\"@id\":\"https:\/\/www.kbmedshop.ch\/fr\/produit\/adaptateur-nasal-t3\/#primaryimage\"},\"image\":{\"@id\":\"https:\/\/www.kbmedshop.ch\/fr\/produit\/adaptateur-nasal-t3\/#primaryimage\"},\"thumbnailUrl\":\"https:\/\/www.kbmedshop.ch\/wp-content\/uploads\/2025\/04\/adaptateur-nasal-rhinomanometre-taille-2.jpg\",\"datePublished\":\"2025-04-08T06:26:17+00:00\",\"dateModified\":\"2025-05-19T07:52:37+00:00\",\"description\":\"L'adaptateur nasal est un accessoire m\u00e9dical con\u00e7u pour garantir un ajustement pr\u00e9cis et une utilisation optimale lors des interventions ORL.\",\"breadcrumb\":{\"@id\":\"https:\/\/www.kbmedshop.ch\/fr\/produit\/adaptateur-nasal-t3\/#breadcrumb\"},\"inLanguage\":\"fr-FR\",\"potentialAction\":[{\"@type\":\"ReadAction\",\"target\":[\"https:\/\/www.kbmedshop.ch\/fr\/produit\/adaptateur-nasal-t3\/\"]}]},{\"@type\":\"ImageObject\",\"inLanguage\":\"fr-FR\",\"@id\":\"https:\/\/www.kbmedshop.ch\/fr\/produit\/adaptateur-nasal-t3\/#primaryimage\",\"url\":\"https:\/\/www.kbmedshop.ch\/wp-content\/uploads\/2025\/04\/adaptateur-nasal-rhinomanometre-taille-2.jpg\",\"contentUrl\":\"https:\/\/www.kbmedshop.ch\/wp-content\/uploads\/2025\/04\/adaptateur-nasal-rhinomanometre-taille-2.jpg\",\"width\":458,\"height\":458,\"caption\":\"Adaptateur nasal T1\"},{\"@type\":\"BreadcrumbList\",\"@id\":\"https:\/\/www.kbmedshop.ch\/fr\/produit\/adaptateur-nasal-t3\/#breadcrumb\",\"itemListElement\":[{\"@type\":\"ListItem\",\"position\":1,\"name\":\"Accueil\",\"item\":\"https:\/\/www.kbmedshop.ch\/fr\/\"},{\"@type\":\"ListItem\",\"position\":2,\"name\":\"Boutique\",\"item\":\"https:\/\/www.kbmedshop.ch\/shop\/\"},{\"@type\":\"ListItem\",\"position\":3,\"name\":\"Adaptateur nasal Taille 3\"}]},{\"@type\":\"WebSite\",\"@id\":\"https:\/\/www.kbmedshop.ch\/fr\/#website\",\"url\":\"https:\/\/www.kbmedshop.ch\/fr\/\",\"name\":\"Kbmed\",\"description\":\"\",\"potentialAction\":[{\"@type\":\"SearchAction\",\"target\":{\"@type\":\"EntryPoint\",\"urlTemplate\":\"https:\/\/www.kbmedshop.ch\/fr\/?s={search_term_string}\"},\"query-input\":{\"@type\":\"PropertyValueSpecification\",\"valueRequired\":true,\"valueName\":\"search_term_string\"}}],\"inLanguage\":\"fr-FR\"}]}<\/script>\n<!-- \/ Yoast SEO plugin. -->","yoast_head_json":{"title":"Adaptateur nasal Taille 3 - KB Med","description":"L'adaptateur nasal est un accessoire m\u00e9dical con\u00e7u pour garantir un ajustement pr\u00e9cis et une utilisation optimale lors des interventions ORL.","robots":{"index":"index","follow":"follow","max-snippet":"max-snippet:-1","max-image-preview":"max-image-preview:large","max-video-preview":"max-video-preview:-1"},"canonical":"https:\/\/www.kbmedshop.ch\/fr\/produit\/adaptateur-nasal-t3\/","og_locale":"fr_FR","og_type":"article","og_title":"Adaptateur nasal Taille 3 - KB Med","og_description":"L'adaptateur nasal est un accessoire m\u00e9dical con\u00e7u pour garantir un ajustement pr\u00e9cis et une utilisation optimale lors des interventions ORL.","og_url":"https:\/\/www.kbmedshop.ch\/fr\/produit\/adaptateur-nasal-t3\/","og_site_name":"KB Med","article_modified_time":"2025-05-19T07:52:37+00:00","og_image":[{"width":458,"height":458,"url":"https:\/\/www.kbmedshop.ch\/wp-content\/uploads\/2025\/04\/adaptateur-nasal-rhinomanometre-taille-2.jpg","type":"image\/jpeg"}],"twitter_card":"summary_large_image","twitter_misc":{"Dur\u00e9e de lecture estim\u00e9e":"1 minute"},"schema":{"@context":"https:\/\/schema.org","@graph":[{"@type":"WebPage","@id":"https:\/\/www.kbmedshop.ch\/fr\/produit\/adaptateur-nasal-t3\/","url":"https:\/\/www.kbmedshop.ch\/fr\/produit\/adaptateur-nasal-t3\/","name":"Adaptateur nasal Taille 3 - KB Med","isPartOf":{"@id":"https:\/\/www.kbmedshop.ch\/fr\/#website"},"primaryImageOfPage":{"@id":"https:\/\/www.kbmedshop.ch\/fr\/produit\/adaptateur-nasal-t3\/#primaryimage"},"image":{"@id":"https:\/\/www.kbmedshop.ch\/fr\/produit\/adaptateur-nasal-t3\/#primaryimage"},"thumbnailUrl":"https:\/\/www.kbmedshop.ch\/wp-content\/uploads\/2025\/04\/adaptateur-nasal-rhinomanometre-taille-2.jpg","datePublished":"2025-04-08T06:26:17+00:00","dateModified":"2025-05-19T07:52:37+00:00","description":"L'adaptateur nasal est un accessoire m\u00e9dical con\u00e7u pour garantir un ajustement pr\u00e9cis et une utilisation optimale lors des interventions ORL.","breadcrumb":{"@id":"https:\/\/www.kbmedshop.ch\/fr\/produit\/adaptateur-nasal-t3\/#breadcrumb"},"inLanguage":"fr-FR","potentialAction":[{"@type":"ReadAction","target":["https:\/\/www.kbmedshop.ch\/fr\/produit\/adaptateur-nasal-t3\/"]}]},{"@type":"ImageObject","inLanguage":"fr-FR","@id":"https:\/\/www.kbmedshop.ch\/fr\/produit\/adaptateur-nasal-t3\/#primaryimage","url":"https:\/\/www.kbmedshop.ch\/wp-content\/uploads\/2025\/04\/adaptateur-nasal-rhinomanometre-taille-2.jpg","contentUrl":"https:\/\/www.kbmedshop.ch\/wp-content\/uploads\/2025\/04\/adaptateur-nasal-rhinomanometre-taille-2.jpg","width":458,"height":458,"caption":"Adaptateur nasal T1"},{"@type":"BreadcrumbList","@id":"https:\/\/www.kbmedshop.ch\/fr\/produit\/adaptateur-nasal-t3\/#breadcrumb","itemListElement":[{"@type":"ListItem","position":1,"name":"Accueil","item":"https:\/\/www.kbmedshop.ch\/fr\/"},{"@type":"ListItem","position":2,"name":"Boutique","item":"https:\/\/www.kbmedshop.ch\/shop\/"},{"@type":"ListItem","position":3,"name":"Adaptateur nasal Taille 3"}]},{"@type":"WebSite","@id":"https:\/\/www.kbmedshop.ch\/fr\/#website","url":"https:\/\/www.kbmedshop.ch\/fr\/","name":"Kbmed","description":"","potentialAction":[{"@type":"SearchAction","target":{"@type":"EntryPoint","urlTemplate":"https:\/\/www.kbmedshop.ch\/fr\/?s={search_term_string}"},"query-input":{"@type":"PropertyValueSpecification","valueRequired":true,"valueName":"search_term_string"}}],"inLanguage":"fr-FR"}]}},"_links":{"self":[{"href":"https:\/\/www.kbmedshop.ch\/fr\/wp-json\/wp\/v2\/product\/1701","targetHints":{"allow":["GET"]}}],"collection":[{"href":"https:\/\/www.kbmedshop.ch\/fr\/wp-json\/wp\/v2\/product"}],"about":[{"href":"https:\/\/www.kbmedshop.ch\/fr\/wp-json\/wp\/v2\/types\/product"}],"replies":[{"embeddable":true,"href":"https:\/\/www.kbmedshop.ch\/fr\/wp-json\/wp\/v2\/comments?post=1701"}],"wp:featuredmedia":[{"embeddable":true,"href":"https:\/\/www.kbmedshop.ch\/fr\/wp-json\/wp\/v2\/media\/737"}],"wp:attachment":[{"href":"https:\/\/www.kbmedshop.ch\/fr\/wp-json\/wp\/v2\/media?parent=1701"}],"wp:term":[{"taxonomy":"product_brand","embeddable":true,"href":"https:\/\/www.kbmedshop.ch\/fr\/wp-json\/wp\/v2\/product_brand?post=1701"},{"taxonomy":"product_cat","embeddable":true,"href":"https:\/\/www.kbmedshop.ch\/fr\/wp-json\/wp\/v2\/product_cat?post=1701"},{"taxonomy":"product_tag","embeddable":true,"href":"https:\/\/www.kbmedshop.ch\/fr\/wp-json\/wp\/v2\/product_tag?post=1701"}],"curies":[{"name":"wp","href":"https:\/\/api.w.org\/{rel}","templated":true}]}}