{"id":1698,"date":"2025-04-08T08:28:38","date_gmt":"2025-04-08T06:28:38","guid":{"rendered":"https:\/\/www.kbmedshop.ch\/?post_type=product&#038;p=1698"},"modified":"2025-05-19T09:49:38","modified_gmt":"2025-05-19T07:49:38","slug":"t1-olive-nasale","status":"publish","type":"product","link":"https:\/\/www.kbmedshop.ch\/fr\/produit\/t1-olive-nasale\/","title":{"rendered":"Olive nasale Taille 1"},"content":{"rendered":"<p>Ces embouts nasaux de taille 1 (lot de 4 pi\u00e8ces) ont \u00e9t\u00e9 sp\u00e9cialement d\u00e9velopp\u00e9s pour les rhinomanom\u00e8tres Homoth et Atmos. Ils sont fabriqu\u00e9s \u00e0 partir de mat\u00e9riaux de haute qualit\u00e9 et sont enti\u00e8rement autoclavables, ce qui garantit une hygi\u00e8ne optimale et une r\u00e9utilisation en toute s\u00e9curit\u00e9. Leur conception ergonomique permet un ajustement parfait aux cavit\u00e9s nasales, offrant un maximum de confort au patient tout en garantissant des mesures fiables et pr\u00e9cises.<\/p>\n","protected":false},"excerpt":{"rendered":"<p>Olives nasales autoclavables pour le rhinomanom\u00e8tre, con\u00e7ues pour assurer une mesure pr\u00e9cise et confortable des voies respiratoires nasales. Compatible avec les appareils Homoth et Atmos.<\/p>\n<p>&nbsp;<\/p>\n<p>Code produit : 82-1100<\/p>\n","protected":false},"featured_media":743,"comment_status":"open","ping_status":"closed","template":"","meta":{"_acf_changed":false},"product_brand":[],"product_cat":[96,336],"product_tag":[],"class_list":{"0":"post-1698","1":"product","2":"type-product","3":"status-publish","4":"has-post-thumbnail","6":"product_cat-diagnostiques","7":"product_cat-orl-fr","9":"first","10":"instock","11":"taxable","12":"shipping-taxable","13":"purchasable","14":"product-type-simple"},"acf":[],"yoast_head":"<!-- This site is optimized with the Yoast SEO plugin v25.0 - https:\/\/yoast.com\/wordpress\/plugins\/seo\/ -->\n<title>Olive nasale Taille 1 - KB Med<\/title>\n<meta name=\"description\" content=\"L&#039;olive nasale est un accessoire m\u00e9dical con\u00e7u pour les interventions ORL, offrant un ajustement pr\u00e9cis et un confort optimal pour les patients.\" \/>\n<meta name=\"robots\" content=\"index, follow, max-snippet:-1, max-image-preview:large, max-video-preview:-1\" \/>\n<link rel=\"canonical\" href=\"https:\/\/www.kbmedshop.ch\/fr\/produit\/t1-olive-nasale\/\" \/>\n<meta property=\"og:locale\" content=\"fr_FR\" \/>\n<meta property=\"og:type\" content=\"article\" \/>\n<meta property=\"og:title\" content=\"Olive nasale Taille 1 - KB Med\" \/>\n<meta property=\"og:description\" content=\"L&#039;olive nasale est un accessoire m\u00e9dical con\u00e7u pour les interventions ORL, offrant un ajustement pr\u00e9cis et un confort optimal pour les patients.\" \/>\n<meta property=\"og:url\" content=\"https:\/\/www.kbmedshop.ch\/fr\/produit\/t1-olive-nasale\/\" \/>\n<meta property=\"og:site_name\" content=\"KB Med\" \/>\n<meta property=\"article:modified_time\" content=\"2025-05-19T07:49:38+00:00\" \/>\n<meta property=\"og:image\" content=\"https:\/\/www.kbmedshop.ch\/wp-content\/uploads\/2025\/04\/olive-nasale-pour-rhinomanometre-t1-homoth-atmos-suisse-orl.jpg\" \/>\n\t<meta property=\"og:image:width\" content=\"458\" \/>\n\t<meta property=\"og:image:height\" content=\"458\" \/>\n\t<meta property=\"og:image:type\" content=\"image\/jpeg\" \/>\n<meta name=\"twitter:card\" content=\"summary_large_image\" \/>\n<meta name=\"twitter:label1\" content=\"Dur\u00e9e de lecture estim\u00e9e\" \/>\n\t<meta name=\"twitter:data1\" content=\"1 minute\" \/>\n<script type=\"application\/ld+json\" class=\"yoast-schema-graph\">{\"@context\":\"https:\/\/schema.org\",\"@graph\":[{\"@type\":\"WebPage\",\"@id\":\"https:\/\/www.kbmedshop.ch\/fr\/produit\/t1-olive-nasale\/\",\"url\":\"https:\/\/www.kbmedshop.ch\/fr\/produit\/t1-olive-nasale\/\",\"name\":\"Olive nasale Taille 1 - KB Med\",\"isPartOf\":{\"@id\":\"https:\/\/www.kbmedshop.ch\/fr\/#website\"},\"primaryImageOfPage\":{\"@id\":\"https:\/\/www.kbmedshop.ch\/fr\/produit\/t1-olive-nasale\/#primaryimage\"},\"image\":{\"@id\":\"https:\/\/www.kbmedshop.ch\/fr\/produit\/t1-olive-nasale\/#primaryimage\"},\"thumbnailUrl\":\"https:\/\/www.kbmedshop.ch\/wp-content\/uploads\/2025\/04\/olive-nasale-pour-rhinomanometre-t1-homoth-atmos-suisse-orl.jpg\",\"datePublished\":\"2025-04-08T06:28:38+00:00\",\"dateModified\":\"2025-05-19T07:49:38+00:00\",\"description\":\"L'olive nasale est un accessoire m\u00e9dical con\u00e7u pour les interventions ORL, offrant un ajustement pr\u00e9cis et un confort optimal pour les patients.\",\"breadcrumb\":{\"@id\":\"https:\/\/www.kbmedshop.ch\/fr\/produit\/t1-olive-nasale\/#breadcrumb\"},\"inLanguage\":\"fr-FR\",\"potentialAction\":[{\"@type\":\"ReadAction\",\"target\":[\"https:\/\/www.kbmedshop.ch\/fr\/produit\/t1-olive-nasale\/\"]}]},{\"@type\":\"ImageObject\",\"inLanguage\":\"fr-FR\",\"@id\":\"https:\/\/www.kbmedshop.ch\/fr\/produit\/t1-olive-nasale\/#primaryimage\",\"url\":\"https:\/\/www.kbmedshop.ch\/wp-content\/uploads\/2025\/04\/olive-nasale-pour-rhinomanometre-t1-homoth-atmos-suisse-orl.jpg\",\"contentUrl\":\"https:\/\/www.kbmedshop.ch\/wp-content\/uploads\/2025\/04\/olive-nasale-pour-rhinomanometre-t1-homoth-atmos-suisse-orl.jpg\",\"width\":458,\"height\":458,\"caption\":\"T1 olive nasale\"},{\"@type\":\"BreadcrumbList\",\"@id\":\"https:\/\/www.kbmedshop.ch\/fr\/produit\/t1-olive-nasale\/#breadcrumb\",\"itemListElement\":[{\"@type\":\"ListItem\",\"position\":1,\"name\":\"Accueil\",\"item\":\"https:\/\/www.kbmedshop.ch\/fr\/\"},{\"@type\":\"ListItem\",\"position\":2,\"name\":\"Boutique\",\"item\":\"https:\/\/www.kbmedshop.ch\/shop\/\"},{\"@type\":\"ListItem\",\"position\":3,\"name\":\"Olive nasale Taille 1\"}]},{\"@type\":\"WebSite\",\"@id\":\"https:\/\/www.kbmedshop.ch\/fr\/#website\",\"url\":\"https:\/\/www.kbmedshop.ch\/fr\/\",\"name\":\"Kbmed\",\"description\":\"\",\"potentialAction\":[{\"@type\":\"SearchAction\",\"target\":{\"@type\":\"EntryPoint\",\"urlTemplate\":\"https:\/\/www.kbmedshop.ch\/fr\/?s={search_term_string}\"},\"query-input\":{\"@type\":\"PropertyValueSpecification\",\"valueRequired\":true,\"valueName\":\"search_term_string\"}}],\"inLanguage\":\"fr-FR\"}]}<\/script>\n<!-- \/ Yoast SEO plugin. -->","yoast_head_json":{"title":"Olive nasale Taille 1 - KB Med","description":"L'olive nasale est un accessoire m\u00e9dical con\u00e7u pour les interventions ORL, offrant un ajustement pr\u00e9cis et un confort optimal pour les patients.","robots":{"index":"index","follow":"follow","max-snippet":"max-snippet:-1","max-image-preview":"max-image-preview:large","max-video-preview":"max-video-preview:-1"},"canonical":"https:\/\/www.kbmedshop.ch\/fr\/produit\/t1-olive-nasale\/","og_locale":"fr_FR","og_type":"article","og_title":"Olive nasale Taille 1 - KB Med","og_description":"L'olive nasale est un accessoire m\u00e9dical con\u00e7u pour les interventions ORL, offrant un ajustement pr\u00e9cis et un confort optimal pour les patients.","og_url":"https:\/\/www.kbmedshop.ch\/fr\/produit\/t1-olive-nasale\/","og_site_name":"KB Med","article_modified_time":"2025-05-19T07:49:38+00:00","og_image":[{"width":458,"height":458,"url":"https:\/\/www.kbmedshop.ch\/wp-content\/uploads\/2025\/04\/olive-nasale-pour-rhinomanometre-t1-homoth-atmos-suisse-orl.jpg","type":"image\/jpeg"}],"twitter_card":"summary_large_image","twitter_misc":{"Dur\u00e9e de lecture estim\u00e9e":"1 minute"},"schema":{"@context":"https:\/\/schema.org","@graph":[{"@type":"WebPage","@id":"https:\/\/www.kbmedshop.ch\/fr\/produit\/t1-olive-nasale\/","url":"https:\/\/www.kbmedshop.ch\/fr\/produit\/t1-olive-nasale\/","name":"Olive nasale Taille 1 - KB Med","isPartOf":{"@id":"https:\/\/www.kbmedshop.ch\/fr\/#website"},"primaryImageOfPage":{"@id":"https:\/\/www.kbmedshop.ch\/fr\/produit\/t1-olive-nasale\/#primaryimage"},"image":{"@id":"https:\/\/www.kbmedshop.ch\/fr\/produit\/t1-olive-nasale\/#primaryimage"},"thumbnailUrl":"https:\/\/www.kbmedshop.ch\/wp-content\/uploads\/2025\/04\/olive-nasale-pour-rhinomanometre-t1-homoth-atmos-suisse-orl.jpg","datePublished":"2025-04-08T06:28:38+00:00","dateModified":"2025-05-19T07:49:38+00:00","description":"L'olive nasale est un accessoire m\u00e9dical con\u00e7u pour les interventions ORL, offrant un ajustement pr\u00e9cis et un confort optimal pour les patients.","breadcrumb":{"@id":"https:\/\/www.kbmedshop.ch\/fr\/produit\/t1-olive-nasale\/#breadcrumb"},"inLanguage":"fr-FR","potentialAction":[{"@type":"ReadAction","target":["https:\/\/www.kbmedshop.ch\/fr\/produit\/t1-olive-nasale\/"]}]},{"@type":"ImageObject","inLanguage":"fr-FR","@id":"https:\/\/www.kbmedshop.ch\/fr\/produit\/t1-olive-nasale\/#primaryimage","url":"https:\/\/www.kbmedshop.ch\/wp-content\/uploads\/2025\/04\/olive-nasale-pour-rhinomanometre-t1-homoth-atmos-suisse-orl.jpg","contentUrl":"https:\/\/www.kbmedshop.ch\/wp-content\/uploads\/2025\/04\/olive-nasale-pour-rhinomanometre-t1-homoth-atmos-suisse-orl.jpg","width":458,"height":458,"caption":"T1 olive nasale"},{"@type":"BreadcrumbList","@id":"https:\/\/www.kbmedshop.ch\/fr\/produit\/t1-olive-nasale\/#breadcrumb","itemListElement":[{"@type":"ListItem","position":1,"name":"Accueil","item":"https:\/\/www.kbmedshop.ch\/fr\/"},{"@type":"ListItem","position":2,"name":"Boutique","item":"https:\/\/www.kbmedshop.ch\/shop\/"},{"@type":"ListItem","position":3,"name":"Olive nasale Taille 1"}]},{"@type":"WebSite","@id":"https:\/\/www.kbmedshop.ch\/fr\/#website","url":"https:\/\/www.kbmedshop.ch\/fr\/","name":"Kbmed","description":"","potentialAction":[{"@type":"SearchAction","target":{"@type":"EntryPoint","urlTemplate":"https:\/\/www.kbmedshop.ch\/fr\/?s={search_term_string}"},"query-input":{"@type":"PropertyValueSpecification","valueRequired":true,"valueName":"search_term_string"}}],"inLanguage":"fr-FR"}]}},"_links":{"self":[{"href":"https:\/\/www.kbmedshop.ch\/fr\/wp-json\/wp\/v2\/product\/1698","targetHints":{"allow":["GET"]}}],"collection":[{"href":"https:\/\/www.kbmedshop.ch\/fr\/wp-json\/wp\/v2\/product"}],"about":[{"href":"https:\/\/www.kbmedshop.ch\/fr\/wp-json\/wp\/v2\/types\/product"}],"replies":[{"embeddable":true,"href":"https:\/\/www.kbmedshop.ch\/fr\/wp-json\/wp\/v2\/comments?post=1698"}],"wp:featuredmedia":[{"embeddable":true,"href":"https:\/\/www.kbmedshop.ch\/fr\/wp-json\/wp\/v2\/media\/743"}],"wp:attachment":[{"href":"https:\/\/www.kbmedshop.ch\/fr\/wp-json\/wp\/v2\/media?parent=1698"}],"wp:term":[{"taxonomy":"product_brand","embeddable":true,"href":"https:\/\/www.kbmedshop.ch\/fr\/wp-json\/wp\/v2\/product_brand?post=1698"},{"taxonomy":"product_cat","embeddable":true,"href":"https:\/\/www.kbmedshop.ch\/fr\/wp-json\/wp\/v2\/product_cat?post=1698"},{"taxonomy":"product_tag","embeddable":true,"href":"https:\/\/www.kbmedshop.ch\/fr\/wp-json\/wp\/v2\/product_tag?post=1698"}],"curies":[{"name":"wp","href":"https:\/\/api.w.org\/{rel}","templated":true}]}}