{"id":1683,"date":"2025-04-08T08:38:41","date_gmt":"2025-04-08T06:38:41","guid":{"rendered":"https:\/\/www.kbmedshop.ch\/?post_type=product&#038;p=1683"},"modified":"2025-05-26T08:49:11","modified_gmt":"2025-05-26T06:49:11","slug":"protection-du-pistolet-darrosage","status":"publish","type":"product","link":"https:\/\/www.kbmedshop.ch\/fr\/produit\/protection-du-pistolet-darrosage\/","title":{"rendered":"Protection du pistolet d&rsquo;arrosage"},"content":{"rendered":"<p>Fonctionnalit\u00e9s:<\/p>\n<ul>\n<li>Mat\u00e9riau : Plexiglas transparent pour une visibilit\u00e9 optimale.<\/li>\n<li>Fonction\u00a0: Protection contre les \u00e9claboussures pour pistolet d&rsquo;irrigation.<\/li>\n<li>Application : R\u00e9duit les \u00e9claboussures de liquide pour une utilisation propre et s\u00fbre.<\/li>\n<li>Compatibilit\u00e9\u00a0: Convient aux pistolets d&rsquo;arrosage standard.<\/li>\n<\/ul>\n<p>Applications:<\/p>\n<ul>\n<li>Utilisation dans les cabinets m\u00e9dicaux et les h\u00f4pitaux.<\/li>\n<li>Protection pendant l&rsquo;arrosage.<\/li>\n<li>Maintenir un environnement propre et s\u00fbr.<\/li>\n<\/ul>\n<p>Le pare-\u00e9claboussures en plexiglas est un outil pratique et fiable pour les professionnels de sant\u00e9 qui souhaitent allier s\u00e9curit\u00e9, hygi\u00e8ne et confort dans leur pratique quotidienne.<\/p>\n","protected":false},"excerpt":{"rendered":"<p>Le pare-pulv\u00e9risation en plexiglas pour pistolets d&rsquo;irrigation est un accessoire essentiel pour assurer une utilisation propre et s\u00fbre. Con\u00e7ue pour \u00e9viter les \u00e9claboussures de liquide lors de l&rsquo;arrosage, cette protection offre une barri\u00e8re efficace et permet une visibilit\u00e9 optimale gr\u00e2ce \u00e0 sa mati\u00e8re transparente. Il est robuste et facile \u00e0 installer et est id\u00e9al pour les environnements m\u00e9dicaux tels que les cabinets, les h\u00f4pitaux et les laboratoires.<\/p>\n<p>&nbsp;<\/p>\n<p>Code produit : 501.0331.0<\/p>\n","protected":false},"featured_media":761,"comment_status":"open","ping_status":"closed","template":"","meta":{"_acf_changed":false},"product_brand":[],"product_cat":[347,336],"product_tag":[],"class_list":{"0":"post-1683","1":"product","2":"type-product","3":"status-publish","4":"has-post-thumbnail","6":"product_cat-consommables-orl","7":"product_cat-orl-fr","9":"first","10":"instock","11":"taxable","12":"shipping-taxable","13":"purchasable","14":"product-type-simple"},"acf":[],"yoast_head":"<!-- This site is optimized with the Yoast SEO plugin v25.0 - https:\/\/yoast.com\/wordpress\/plugins\/seo\/ -->\n<title>Protection du pistolet d&#039;arrosage - KB Med<\/title>\n<meta name=\"description\" content=\"La protection pour pistolet d&#039;arrosage est con\u00e7ue pour garantir une utilisation s\u00e9curis\u00e9e et prolonger la dur\u00e9e de vie des \u00e9quipements m\u00e9dicaux.\" \/>\n<meta name=\"robots\" content=\"index, follow, max-snippet:-1, max-image-preview:large, max-video-preview:-1\" \/>\n<link rel=\"canonical\" href=\"https:\/\/www.kbmedshop.ch\/fr\/produit\/protection-du-pistolet-darrosage\/\" \/>\n<meta property=\"og:locale\" content=\"fr_FR\" \/>\n<meta property=\"og:type\" content=\"article\" \/>\n<meta property=\"og:title\" content=\"Protection du pistolet d&#039;arrosage - KB Med\" \/>\n<meta property=\"og:description\" content=\"La protection pour pistolet d&#039;arrosage est con\u00e7ue pour garantir une utilisation s\u00e9curis\u00e9e et prolonger la dur\u00e9e de vie des \u00e9quipements m\u00e9dicaux.\" \/>\n<meta property=\"og:url\" content=\"https:\/\/www.kbmedshop.ch\/fr\/produit\/protection-du-pistolet-darrosage\/\" \/>\n<meta property=\"og:site_name\" content=\"KB Med\" \/>\n<meta property=\"article:modified_time\" content=\"2025-05-26T06:49:11+00:00\" \/>\n<meta property=\"og:image\" content=\"https:\/\/www.kbmedshop.ch\/wp-content\/uploads\/2025\/04\/protection-pour-pistolet-d-irrigation-.jpg\" \/>\n\t<meta property=\"og:image:width\" content=\"458\" \/>\n\t<meta property=\"og:image:height\" content=\"458\" \/>\n\t<meta property=\"og:image:type\" content=\"image\/jpeg\" \/>\n<meta name=\"twitter:card\" content=\"summary_large_image\" \/>\n<meta name=\"twitter:label1\" content=\"Dur\u00e9e de lecture estim\u00e9e\" \/>\n\t<meta name=\"twitter:data1\" content=\"1 minute\" \/>\n<script type=\"application\/ld+json\" class=\"yoast-schema-graph\">{\"@context\":\"https:\/\/schema.org\",\"@graph\":[{\"@type\":\"WebPage\",\"@id\":\"https:\/\/www.kbmedshop.ch\/fr\/produit\/protection-du-pistolet-darrosage\/\",\"url\":\"https:\/\/www.kbmedshop.ch\/fr\/produit\/protection-du-pistolet-darrosage\/\",\"name\":\"Protection du pistolet d'arrosage - KB Med\",\"isPartOf\":{\"@id\":\"https:\/\/www.kbmedshop.ch\/fr\/#website\"},\"primaryImageOfPage\":{\"@id\":\"https:\/\/www.kbmedshop.ch\/fr\/produit\/protection-du-pistolet-darrosage\/#primaryimage\"},\"image\":{\"@id\":\"https:\/\/www.kbmedshop.ch\/fr\/produit\/protection-du-pistolet-darrosage\/#primaryimage\"},\"thumbnailUrl\":\"https:\/\/www.kbmedshop.ch\/wp-content\/uploads\/2025\/04\/protection-pour-pistolet-d-irrigation-.jpg\",\"datePublished\":\"2025-04-08T06:38:41+00:00\",\"dateModified\":\"2025-05-26T06:49:11+00:00\",\"description\":\"La protection pour pistolet d'arrosage est con\u00e7ue pour garantir une utilisation s\u00e9curis\u00e9e et prolonger la dur\u00e9e de vie des \u00e9quipements m\u00e9dicaux.\",\"breadcrumb\":{\"@id\":\"https:\/\/www.kbmedshop.ch\/fr\/produit\/protection-du-pistolet-darrosage\/#breadcrumb\"},\"inLanguage\":\"fr-FR\",\"potentialAction\":[{\"@type\":\"ReadAction\",\"target\":[\"https:\/\/www.kbmedshop.ch\/fr\/produit\/protection-du-pistolet-darrosage\/\"]}]},{\"@type\":\"ImageObject\",\"inLanguage\":\"fr-FR\",\"@id\":\"https:\/\/www.kbmedshop.ch\/fr\/produit\/protection-du-pistolet-darrosage\/#primaryimage\",\"url\":\"https:\/\/www.kbmedshop.ch\/wp-content\/uploads\/2025\/04\/protection-pour-pistolet-d-irrigation-.jpg\",\"contentUrl\":\"https:\/\/www.kbmedshop.ch\/wp-content\/uploads\/2025\/04\/protection-pour-pistolet-d-irrigation-.jpg\",\"width\":458,\"height\":458,\"caption\":\"Protection du pistolet d'arrosage\"},{\"@type\":\"BreadcrumbList\",\"@id\":\"https:\/\/www.kbmedshop.ch\/fr\/produit\/protection-du-pistolet-darrosage\/#breadcrumb\",\"itemListElement\":[{\"@type\":\"ListItem\",\"position\":1,\"name\":\"Accueil\",\"item\":\"https:\/\/www.kbmedshop.ch\/fr\/\"},{\"@type\":\"ListItem\",\"position\":2,\"name\":\"Boutique\",\"item\":\"https:\/\/www.kbmedshop.ch\/shop\/\"},{\"@type\":\"ListItem\",\"position\":3,\"name\":\"Protection du pistolet d&#8217;arrosage\"}]},{\"@type\":\"WebSite\",\"@id\":\"https:\/\/www.kbmedshop.ch\/fr\/#website\",\"url\":\"https:\/\/www.kbmedshop.ch\/fr\/\",\"name\":\"Kbmed\",\"description\":\"\",\"potentialAction\":[{\"@type\":\"SearchAction\",\"target\":{\"@type\":\"EntryPoint\",\"urlTemplate\":\"https:\/\/www.kbmedshop.ch\/fr\/?s={search_term_string}\"},\"query-input\":{\"@type\":\"PropertyValueSpecification\",\"valueRequired\":true,\"valueName\":\"search_term_string\"}}],\"inLanguage\":\"fr-FR\"}]}<\/script>\n<!-- \/ Yoast SEO plugin. -->","yoast_head_json":{"title":"Protection du pistolet d'arrosage - KB Med","description":"La protection pour pistolet d'arrosage est con\u00e7ue pour garantir une utilisation s\u00e9curis\u00e9e et prolonger la dur\u00e9e de vie des \u00e9quipements m\u00e9dicaux.","robots":{"index":"index","follow":"follow","max-snippet":"max-snippet:-1","max-image-preview":"max-image-preview:large","max-video-preview":"max-video-preview:-1"},"canonical":"https:\/\/www.kbmedshop.ch\/fr\/produit\/protection-du-pistolet-darrosage\/","og_locale":"fr_FR","og_type":"article","og_title":"Protection du pistolet d'arrosage - KB Med","og_description":"La protection pour pistolet d'arrosage est con\u00e7ue pour garantir une utilisation s\u00e9curis\u00e9e et prolonger la dur\u00e9e de vie des \u00e9quipements m\u00e9dicaux.","og_url":"https:\/\/www.kbmedshop.ch\/fr\/produit\/protection-du-pistolet-darrosage\/","og_site_name":"KB Med","article_modified_time":"2025-05-26T06:49:11+00:00","og_image":[{"width":458,"height":458,"url":"https:\/\/www.kbmedshop.ch\/wp-content\/uploads\/2025\/04\/protection-pour-pistolet-d-irrigation-.jpg","type":"image\/jpeg"}],"twitter_card":"summary_large_image","twitter_misc":{"Dur\u00e9e de lecture estim\u00e9e":"1 minute"},"schema":{"@context":"https:\/\/schema.org","@graph":[{"@type":"WebPage","@id":"https:\/\/www.kbmedshop.ch\/fr\/produit\/protection-du-pistolet-darrosage\/","url":"https:\/\/www.kbmedshop.ch\/fr\/produit\/protection-du-pistolet-darrosage\/","name":"Protection du pistolet d'arrosage - KB Med","isPartOf":{"@id":"https:\/\/www.kbmedshop.ch\/fr\/#website"},"primaryImageOfPage":{"@id":"https:\/\/www.kbmedshop.ch\/fr\/produit\/protection-du-pistolet-darrosage\/#primaryimage"},"image":{"@id":"https:\/\/www.kbmedshop.ch\/fr\/produit\/protection-du-pistolet-darrosage\/#primaryimage"},"thumbnailUrl":"https:\/\/www.kbmedshop.ch\/wp-content\/uploads\/2025\/04\/protection-pour-pistolet-d-irrigation-.jpg","datePublished":"2025-04-08T06:38:41+00:00","dateModified":"2025-05-26T06:49:11+00:00","description":"La protection pour pistolet d'arrosage est con\u00e7ue pour garantir une utilisation s\u00e9curis\u00e9e et prolonger la dur\u00e9e de vie des \u00e9quipements m\u00e9dicaux.","breadcrumb":{"@id":"https:\/\/www.kbmedshop.ch\/fr\/produit\/protection-du-pistolet-darrosage\/#breadcrumb"},"inLanguage":"fr-FR","potentialAction":[{"@type":"ReadAction","target":["https:\/\/www.kbmedshop.ch\/fr\/produit\/protection-du-pistolet-darrosage\/"]}]},{"@type":"ImageObject","inLanguage":"fr-FR","@id":"https:\/\/www.kbmedshop.ch\/fr\/produit\/protection-du-pistolet-darrosage\/#primaryimage","url":"https:\/\/www.kbmedshop.ch\/wp-content\/uploads\/2025\/04\/protection-pour-pistolet-d-irrigation-.jpg","contentUrl":"https:\/\/www.kbmedshop.ch\/wp-content\/uploads\/2025\/04\/protection-pour-pistolet-d-irrigation-.jpg","width":458,"height":458,"caption":"Protection du pistolet d'arrosage"},{"@type":"BreadcrumbList","@id":"https:\/\/www.kbmedshop.ch\/fr\/produit\/protection-du-pistolet-darrosage\/#breadcrumb","itemListElement":[{"@type":"ListItem","position":1,"name":"Accueil","item":"https:\/\/www.kbmedshop.ch\/fr\/"},{"@type":"ListItem","position":2,"name":"Boutique","item":"https:\/\/www.kbmedshop.ch\/shop\/"},{"@type":"ListItem","position":3,"name":"Protection du pistolet d&#8217;arrosage"}]},{"@type":"WebSite","@id":"https:\/\/www.kbmedshop.ch\/fr\/#website","url":"https:\/\/www.kbmedshop.ch\/fr\/","name":"Kbmed","description":"","potentialAction":[{"@type":"SearchAction","target":{"@type":"EntryPoint","urlTemplate":"https:\/\/www.kbmedshop.ch\/fr\/?s={search_term_string}"},"query-input":{"@type":"PropertyValueSpecification","valueRequired":true,"valueName":"search_term_string"}}],"inLanguage":"fr-FR"}]}},"_links":{"self":[{"href":"https:\/\/www.kbmedshop.ch\/fr\/wp-json\/wp\/v2\/product\/1683","targetHints":{"allow":["GET"]}}],"collection":[{"href":"https:\/\/www.kbmedshop.ch\/fr\/wp-json\/wp\/v2\/product"}],"about":[{"href":"https:\/\/www.kbmedshop.ch\/fr\/wp-json\/wp\/v2\/types\/product"}],"replies":[{"embeddable":true,"href":"https:\/\/www.kbmedshop.ch\/fr\/wp-json\/wp\/v2\/comments?post=1683"}],"wp:featuredmedia":[{"embeddable":true,"href":"https:\/\/www.kbmedshop.ch\/fr\/wp-json\/wp\/v2\/media\/761"}],"wp:attachment":[{"href":"https:\/\/www.kbmedshop.ch\/fr\/wp-json\/wp\/v2\/media?parent=1683"}],"wp:term":[{"taxonomy":"product_brand","embeddable":true,"href":"https:\/\/www.kbmedshop.ch\/fr\/wp-json\/wp\/v2\/product_brand?post=1683"},{"taxonomy":"product_cat","embeddable":true,"href":"https:\/\/www.kbmedshop.ch\/fr\/wp-json\/wp\/v2\/product_cat?post=1683"},{"taxonomy":"product_tag","embeddable":true,"href":"https:\/\/www.kbmedshop.ch\/fr\/wp-json\/wp\/v2\/product_tag?post=1683"}],"curies":[{"name":"wp","href":"https:\/\/api.w.org\/{rel}","templated":true}]}}