{"id":1679,"date":"2025-04-08T08:42:33","date_gmt":"2025-04-08T06:42:33","guid":{"rendered":"https:\/\/www.kbmedshop.ch\/?post_type=product&#038;p=1679"},"modified":"2025-05-20T15:19:32","modified_gmt":"2025-05-20T13:19:32","slug":"mikrozid-af-lingettes","status":"publish","type":"product","link":"https:\/\/www.kbmedshop.ch\/fr\/produit\/mikrozid-af-lingettes\/","title":{"rendered":"Mikrozid\u00ae AF lingettes"},"content":{"rendered":"<p>Fonctionnalit\u00e9s:<\/p>\n<ul>\n<li>Formule : \u00c0 base d&rsquo;alcool (25g d&rsquo;\u00e9thanol \u00e0 94\u00a0%, 35g de 1-propanol pour 100g).<\/li>\n<li>Sans ald\u00e9hyde : Respect des mat\u00e9riaux sensibles.<\/li>\n<li>S\u00e9chage rapide : Ne laisse pas de traces.<\/li>\n<li>Conditionnement : Bo\u00eete JUMBO avec 200 lingettes.<\/li>\n<li>Application : Pr\u00eat \u00e0 l&#8217;emploi pour une d\u00e9sinfection rapide.<\/li>\n<\/ul>\n<p>Applications:<\/p>\n<ul>\n<li>D\u00e9sinfection des surfaces dans les cabinets m\u00e9dicaux, les h\u00f4pitaux et les laboratoires.<\/li>\n<li>Utilisation dans les environnements dentaires et professionnels.<\/li>\n<li>Maintenir une hygi\u00e8ne optimale dans les zones sensibles.<\/li>\n<\/ul>\n<p>Les lingettes Mikrozid AF sont la solution id\u00e9ale pour les professionnels de\u00ae sant\u00e9 qui souhaitent allier efficacit\u00e9, rapidit\u00e9 et praticit\u00e9 dans leurs processus de d\u00e9sinfection.<\/p>\n","protected":false},"excerpt":{"rendered":"<p>Les lingettes Mikrozid\u00ae AF sont pr\u00eates \u00e0 l&#8217;emploi et offrent une solution rapide et efficace pour d\u00e9sinfecter les surfaces. Formul\u00e9s sans alcool ni ald\u00e9hyde, ils garantissent un s\u00e9chage rapide sans laisser de traces, tout en r\u00e9pondant aux normes d&rsquo;hygi\u00e8ne les plus strictes. Emball\u00e9es dans une bo\u00eete JUMBO de 200 lingettes, elles sont id\u00e9ales pour une utilisation dans les milieux m\u00e9dicaux, dentaires et professionnels.<\/p>\n<p>&nbsp;<\/p>\n<p>Code produit : 70003094<\/p>\n","protected":false},"featured_media":769,"comment_status":"open","ping_status":"closed","template":"","meta":{"_acf_changed":false},"product_brand":[],"product_cat":[347,336],"product_tag":[],"class_list":{"0":"post-1679","1":"product","2":"type-product","3":"status-publish","4":"has-post-thumbnail","6":"product_cat-consommables-orl","7":"product_cat-orl-fr","9":"first","10":"instock","11":"taxable","12":"shipping-taxable","13":"purchasable","14":"product-type-simple"},"acf":[],"yoast_head":"<!-- This site is optimized with the Yoast SEO plugin v25.0 - https:\/\/yoast.com\/wordpress\/plugins\/seo\/ -->\n<title>Mikrozid\u00ae AF lingettes - KB Med<\/title>\n<meta name=\"description\" content=\"Les lingettes Mikrozid\u00ae AF sont des d\u00e9sinfectants pr\u00eats \u00e0 l&#039;emploi, con\u00e7us pour un nettoyage rapide et efficace des surfaces m\u00e9dicales.\" \/>\n<meta name=\"robots\" content=\"index, follow, max-snippet:-1, max-image-preview:large, max-video-preview:-1\" \/>\n<link rel=\"canonical\" href=\"https:\/\/www.kbmedshop.ch\/fr\/produit\/mikrozid-af-lingettes\/\" \/>\n<meta property=\"og:locale\" content=\"fr_FR\" \/>\n<meta property=\"og:type\" content=\"article\" \/>\n<meta property=\"og:title\" content=\"Mikrozid\u00ae AF lingettes - KB Med\" \/>\n<meta property=\"og:description\" content=\"Les lingettes Mikrozid\u00ae AF sont des d\u00e9sinfectants pr\u00eats \u00e0 l&#039;emploi, con\u00e7us pour un nettoyage rapide et efficace des surfaces m\u00e9dicales.\" \/>\n<meta property=\"og:url\" content=\"https:\/\/www.kbmedshop.ch\/fr\/produit\/mikrozid-af-lingettes\/\" \/>\n<meta property=\"og:site_name\" content=\"KB Med\" \/>\n<meta property=\"article:modified_time\" content=\"2025-05-20T13:19:32+00:00\" \/>\n<meta property=\"og:image\" content=\"https:\/\/www.kbmedshop.ch\/wp-content\/uploads\/2025\/04\/mikrozid-af-wipes.jpg\" \/>\n\t<meta property=\"og:image:width\" content=\"458\" \/>\n\t<meta property=\"og:image:height\" content=\"458\" \/>\n\t<meta property=\"og:image:type\" content=\"image\/jpeg\" \/>\n<meta name=\"twitter:card\" content=\"summary_large_image\" \/>\n<meta name=\"twitter:label1\" content=\"Dur\u00e9e de lecture estim\u00e9e\" \/>\n\t<meta name=\"twitter:data1\" content=\"1 minute\" \/>\n<script type=\"application\/ld+json\" class=\"yoast-schema-graph\">{\"@context\":\"https:\/\/schema.org\",\"@graph\":[{\"@type\":\"WebPage\",\"@id\":\"https:\/\/www.kbmedshop.ch\/fr\/produit\/mikrozid-af-lingettes\/\",\"url\":\"https:\/\/www.kbmedshop.ch\/fr\/produit\/mikrozid-af-lingettes\/\",\"name\":\"Mikrozid\u00ae AF lingettes - KB Med\",\"isPartOf\":{\"@id\":\"https:\/\/www.kbmedshop.ch\/fr\/#website\"},\"primaryImageOfPage\":{\"@id\":\"https:\/\/www.kbmedshop.ch\/fr\/produit\/mikrozid-af-lingettes\/#primaryimage\"},\"image\":{\"@id\":\"https:\/\/www.kbmedshop.ch\/fr\/produit\/mikrozid-af-lingettes\/#primaryimage\"},\"thumbnailUrl\":\"https:\/\/www.kbmedshop.ch\/wp-content\/uploads\/2025\/04\/mikrozid-af-wipes.jpg\",\"datePublished\":\"2025-04-08T06:42:33+00:00\",\"dateModified\":\"2025-05-20T13:19:32+00:00\",\"description\":\"Les lingettes Mikrozid\u00ae AF sont des d\u00e9sinfectants pr\u00eats \u00e0 l'emploi, con\u00e7us pour un nettoyage rapide et efficace des surfaces m\u00e9dicales.\",\"breadcrumb\":{\"@id\":\"https:\/\/www.kbmedshop.ch\/fr\/produit\/mikrozid-af-lingettes\/#breadcrumb\"},\"inLanguage\":\"fr-FR\",\"potentialAction\":[{\"@type\":\"ReadAction\",\"target\":[\"https:\/\/www.kbmedshop.ch\/fr\/produit\/mikrozid-af-lingettes\/\"]}]},{\"@type\":\"ImageObject\",\"inLanguage\":\"fr-FR\",\"@id\":\"https:\/\/www.kbmedshop.ch\/fr\/produit\/mikrozid-af-lingettes\/#primaryimage\",\"url\":\"https:\/\/www.kbmedshop.ch\/wp-content\/uploads\/2025\/04\/mikrozid-af-wipes.jpg\",\"contentUrl\":\"https:\/\/www.kbmedshop.ch\/wp-content\/uploads\/2025\/04\/mikrozid-af-wipes.jpg\",\"width\":458,\"height\":458,\"caption\":\"Mikrozid\u00ae AF lingettes\"},{\"@type\":\"BreadcrumbList\",\"@id\":\"https:\/\/www.kbmedshop.ch\/fr\/produit\/mikrozid-af-lingettes\/#breadcrumb\",\"itemListElement\":[{\"@type\":\"ListItem\",\"position\":1,\"name\":\"Accueil\",\"item\":\"https:\/\/www.kbmedshop.ch\/fr\/\"},{\"@type\":\"ListItem\",\"position\":2,\"name\":\"Boutique\",\"item\":\"https:\/\/www.kbmedshop.ch\/shop\/\"},{\"@type\":\"ListItem\",\"position\":3,\"name\":\"Mikrozid\u00ae AF lingettes\"}]},{\"@type\":\"WebSite\",\"@id\":\"https:\/\/www.kbmedshop.ch\/fr\/#website\",\"url\":\"https:\/\/www.kbmedshop.ch\/fr\/\",\"name\":\"Kbmed\",\"description\":\"\",\"potentialAction\":[{\"@type\":\"SearchAction\",\"target\":{\"@type\":\"EntryPoint\",\"urlTemplate\":\"https:\/\/www.kbmedshop.ch\/fr\/?s={search_term_string}\"},\"query-input\":{\"@type\":\"PropertyValueSpecification\",\"valueRequired\":true,\"valueName\":\"search_term_string\"}}],\"inLanguage\":\"fr-FR\"}]}<\/script>\n<!-- \/ Yoast SEO plugin. -->","yoast_head_json":{"title":"Mikrozid\u00ae AF lingettes - KB Med","description":"Les lingettes Mikrozid\u00ae AF sont des d\u00e9sinfectants pr\u00eats \u00e0 l'emploi, con\u00e7us pour un nettoyage rapide et efficace des surfaces m\u00e9dicales.","robots":{"index":"index","follow":"follow","max-snippet":"max-snippet:-1","max-image-preview":"max-image-preview:large","max-video-preview":"max-video-preview:-1"},"canonical":"https:\/\/www.kbmedshop.ch\/fr\/produit\/mikrozid-af-lingettes\/","og_locale":"fr_FR","og_type":"article","og_title":"Mikrozid\u00ae AF lingettes - KB Med","og_description":"Les lingettes Mikrozid\u00ae AF sont des d\u00e9sinfectants pr\u00eats \u00e0 l'emploi, con\u00e7us pour un nettoyage rapide et efficace des surfaces m\u00e9dicales.","og_url":"https:\/\/www.kbmedshop.ch\/fr\/produit\/mikrozid-af-lingettes\/","og_site_name":"KB Med","article_modified_time":"2025-05-20T13:19:32+00:00","og_image":[{"width":458,"height":458,"url":"https:\/\/www.kbmedshop.ch\/wp-content\/uploads\/2025\/04\/mikrozid-af-wipes.jpg","type":"image\/jpeg"}],"twitter_card":"summary_large_image","twitter_misc":{"Dur\u00e9e de lecture estim\u00e9e":"1 minute"},"schema":{"@context":"https:\/\/schema.org","@graph":[{"@type":"WebPage","@id":"https:\/\/www.kbmedshop.ch\/fr\/produit\/mikrozid-af-lingettes\/","url":"https:\/\/www.kbmedshop.ch\/fr\/produit\/mikrozid-af-lingettes\/","name":"Mikrozid\u00ae AF lingettes - KB Med","isPartOf":{"@id":"https:\/\/www.kbmedshop.ch\/fr\/#website"},"primaryImageOfPage":{"@id":"https:\/\/www.kbmedshop.ch\/fr\/produit\/mikrozid-af-lingettes\/#primaryimage"},"image":{"@id":"https:\/\/www.kbmedshop.ch\/fr\/produit\/mikrozid-af-lingettes\/#primaryimage"},"thumbnailUrl":"https:\/\/www.kbmedshop.ch\/wp-content\/uploads\/2025\/04\/mikrozid-af-wipes.jpg","datePublished":"2025-04-08T06:42:33+00:00","dateModified":"2025-05-20T13:19:32+00:00","description":"Les lingettes Mikrozid\u00ae AF sont des d\u00e9sinfectants pr\u00eats \u00e0 l'emploi, con\u00e7us pour un nettoyage rapide et efficace des surfaces m\u00e9dicales.","breadcrumb":{"@id":"https:\/\/www.kbmedshop.ch\/fr\/produit\/mikrozid-af-lingettes\/#breadcrumb"},"inLanguage":"fr-FR","potentialAction":[{"@type":"ReadAction","target":["https:\/\/www.kbmedshop.ch\/fr\/produit\/mikrozid-af-lingettes\/"]}]},{"@type":"ImageObject","inLanguage":"fr-FR","@id":"https:\/\/www.kbmedshop.ch\/fr\/produit\/mikrozid-af-lingettes\/#primaryimage","url":"https:\/\/www.kbmedshop.ch\/wp-content\/uploads\/2025\/04\/mikrozid-af-wipes.jpg","contentUrl":"https:\/\/www.kbmedshop.ch\/wp-content\/uploads\/2025\/04\/mikrozid-af-wipes.jpg","width":458,"height":458,"caption":"Mikrozid\u00ae AF lingettes"},{"@type":"BreadcrumbList","@id":"https:\/\/www.kbmedshop.ch\/fr\/produit\/mikrozid-af-lingettes\/#breadcrumb","itemListElement":[{"@type":"ListItem","position":1,"name":"Accueil","item":"https:\/\/www.kbmedshop.ch\/fr\/"},{"@type":"ListItem","position":2,"name":"Boutique","item":"https:\/\/www.kbmedshop.ch\/shop\/"},{"@type":"ListItem","position":3,"name":"Mikrozid\u00ae AF lingettes"}]},{"@type":"WebSite","@id":"https:\/\/www.kbmedshop.ch\/fr\/#website","url":"https:\/\/www.kbmedshop.ch\/fr\/","name":"Kbmed","description":"","potentialAction":[{"@type":"SearchAction","target":{"@type":"EntryPoint","urlTemplate":"https:\/\/www.kbmedshop.ch\/fr\/?s={search_term_string}"},"query-input":{"@type":"PropertyValueSpecification","valueRequired":true,"valueName":"search_term_string"}}],"inLanguage":"fr-FR"}]}},"_links":{"self":[{"href":"https:\/\/www.kbmedshop.ch\/fr\/wp-json\/wp\/v2\/product\/1679","targetHints":{"allow":["GET"]}}],"collection":[{"href":"https:\/\/www.kbmedshop.ch\/fr\/wp-json\/wp\/v2\/product"}],"about":[{"href":"https:\/\/www.kbmedshop.ch\/fr\/wp-json\/wp\/v2\/types\/product"}],"replies":[{"embeddable":true,"href":"https:\/\/www.kbmedshop.ch\/fr\/wp-json\/wp\/v2\/comments?post=1679"}],"wp:featuredmedia":[{"embeddable":true,"href":"https:\/\/www.kbmedshop.ch\/fr\/wp-json\/wp\/v2\/media\/769"}],"wp:attachment":[{"href":"https:\/\/www.kbmedshop.ch\/fr\/wp-json\/wp\/v2\/media?parent=1679"}],"wp:term":[{"taxonomy":"product_brand","embeddable":true,"href":"https:\/\/www.kbmedshop.ch\/fr\/wp-json\/wp\/v2\/product_brand?post=1679"},{"taxonomy":"product_cat","embeddable":true,"href":"https:\/\/www.kbmedshop.ch\/fr\/wp-json\/wp\/v2\/product_cat?post=1679"},{"taxonomy":"product_tag","embeddable":true,"href":"https:\/\/www.kbmedshop.ch\/fr\/wp-json\/wp\/v2\/product_tag?post=1679"}],"curies":[{"name":"wp","href":"https:\/\/api.w.org\/{rel}","templated":true}]}}