{"id":1677,"date":"2025-04-08T08:50:09","date_gmt":"2025-04-08T06:50:09","guid":{"rendered":"https:\/\/www.kbmedshop.ch\/?post_type=product&#038;p=1677"},"modified":"2025-04-30T08:39:28","modified_gmt":"2025-04-30T06:39:28","slug":"ecg-spray-gel","status":"publish","type":"product","link":"https:\/\/www.kbmedshop.ch\/fr\/produit\/ecg-spray-gel\/","title":{"rendered":"ECG SPRAY GEL"},"content":{"rendered":"<p>Fonctionnalit\u00e9s:<\/p>\n<ul>\n<li>Utilisation\u00a0: Convient aux \u00e9lectrodes sans gel, aux barres ECG et aux interrupteurs.<\/li>\n<li>Qualit\u00e9 : Assure une transmission claire des ondes ECG.<\/li>\n<li>Hypoallerg\u00e9nique : N&rsquo;irrite pas la peau.<\/li>\n<li>Composition\u00a0: Sans substances huileuses, formald\u00e9hyde, sel ou toxines.<\/li>\n<li>Praticit\u00e9 : Inodore pour un confort optimal.<\/li>\n<li>Conditionnement : Vendu \u00e0 l&rsquo;unit\u00e9.<\/li>\n<\/ul>\n<p>Applications:<\/p>\n<ul>\n<li>Utilisation dans les cabinets m\u00e9dicaux, les h\u00f4pitaux et les laboratoires.<\/li>\n<li>Optimisation des r\u00e9sultats ECG et des applications externes.<\/li>\n<li>Solution id\u00e9ale pour les environnements o\u00f9 des produits hypoallerg\u00e9niques sont n\u00e9cessaires.<\/li>\n<\/ul>\n<p>Le gel spray ECG est le premier choix des professionnels de sant\u00e9 qui souhaitent assurer des performances optimales tout en assurant le confort et la s\u00e9curit\u00e9 du patient.<\/p>\n","protected":false},"excerpt":{"rendered":"<p>Le gel de pulv\u00e9risation ECG est sp\u00e9cialement con\u00e7u pour les \u00e9lectrodes sans gel, les barres ECG et les commutateurs utilis\u00e9s dans les ECG et autres applications externes. Ce produit assure une transmission claire et pr\u00e9cise des ondes ECG dans l&rsquo;appareil, optimisant ainsi la qualit\u00e9 des r\u00e9sultats. Il est hypoallerg\u00e9nique, n&rsquo;irrite pas la peau et ne contient pas de substances grasses, de formald\u00e9hyde ou de sel. Il est inodore et exempt de toxines et est id\u00e9al pour un usage professionnel dans le milieu m\u00e9dical.<\/p>\n","protected":false},"featured_media":773,"comment_status":"open","ping_status":"closed","template":"","meta":{"_acf_changed":false},"product_brand":[],"product_cat":[15],"product_tag":[],"class_list":{"0":"post-1677","1":"product","2":"type-product","3":"status-publish","4":"has-post-thumbnail","6":"product_cat-nicht-kategorisiert","8":"first","9":"instock","10":"taxable","11":"shipping-taxable","12":"purchasable","13":"product-type-simple"},"acf":[],"yoast_head":"<!-- This site is optimized with the Yoast SEO plugin v25.0 - https:\/\/yoast.com\/wordpress\/plugins\/seo\/ -->\n<title>ECG SPRAY GEL - KB Med<\/title>\n<meta name=\"description\" content=\"Le ECG Spray Gel est con\u00e7u pour am\u00e9liorer la conductivit\u00e9 lors des examens ECG, garantissant des r\u00e9sultats pr\u00e9cis et fiables en milieu m\u00e9dical.\" \/>\n<meta name=\"robots\" content=\"index, follow, max-snippet:-1, max-image-preview:large, max-video-preview:-1\" \/>\n<link rel=\"canonical\" href=\"https:\/\/www.kbmedshop.ch\/fr\/produit\/ecg-spray-gel\/\" \/>\n<meta property=\"og:locale\" content=\"fr_FR\" \/>\n<meta property=\"og:type\" content=\"article\" \/>\n<meta property=\"og:title\" content=\"ECG SPRAY GEL - KB Med\" \/>\n<meta property=\"og:description\" content=\"Le ECG Spray Gel est con\u00e7u pour am\u00e9liorer la conductivit\u00e9 lors des examens ECG, garantissant des r\u00e9sultats pr\u00e9cis et fiables en milieu m\u00e9dical.\" \/>\n<meta property=\"og:url\" content=\"https:\/\/www.kbmedshop.ch\/fr\/produit\/ecg-spray-gel\/\" \/>\n<meta property=\"og:site_name\" content=\"KB Med\" \/>\n<meta property=\"article:modified_time\" content=\"2025-04-30T06:39:28+00:00\" \/>\n<meta property=\"og:image\" content=\"https:\/\/www.kbmedshop.ch\/wp-content\/uploads\/2025\/04\/ecg-spray-gel-.jpg\" \/>\n\t<meta property=\"og:image:width\" content=\"458\" \/>\n\t<meta property=\"og:image:height\" content=\"458\" \/>\n\t<meta property=\"og:image:type\" content=\"image\/jpeg\" \/>\n<meta name=\"twitter:card\" content=\"summary_large_image\" \/>\n<meta name=\"twitter:label1\" content=\"Dur\u00e9e de lecture estim\u00e9e\" \/>\n\t<meta name=\"twitter:data1\" content=\"1 minute\" \/>\n<script type=\"application\/ld+json\" class=\"yoast-schema-graph\">{\"@context\":\"https:\/\/schema.org\",\"@graph\":[{\"@type\":\"WebPage\",\"@id\":\"https:\/\/www.kbmedshop.ch\/fr\/produit\/ecg-spray-gel\/\",\"url\":\"https:\/\/www.kbmedshop.ch\/fr\/produit\/ecg-spray-gel\/\",\"name\":\"ECG SPRAY GEL - KB Med\",\"isPartOf\":{\"@id\":\"https:\/\/www.kbmedshop.ch\/fr\/#website\"},\"primaryImageOfPage\":{\"@id\":\"https:\/\/www.kbmedshop.ch\/fr\/produit\/ecg-spray-gel\/#primaryimage\"},\"image\":{\"@id\":\"https:\/\/www.kbmedshop.ch\/fr\/produit\/ecg-spray-gel\/#primaryimage\"},\"thumbnailUrl\":\"https:\/\/www.kbmedshop.ch\/wp-content\/uploads\/2025\/04\/ecg-spray-gel-.jpg\",\"datePublished\":\"2025-04-08T06:50:09+00:00\",\"dateModified\":\"2025-04-30T06:39:28+00:00\",\"description\":\"Le ECG Spray Gel est con\u00e7u pour am\u00e9liorer la conductivit\u00e9 lors des examens ECG, garantissant des r\u00e9sultats pr\u00e9cis et fiables en milieu m\u00e9dical.\",\"breadcrumb\":{\"@id\":\"https:\/\/www.kbmedshop.ch\/fr\/produit\/ecg-spray-gel\/#breadcrumb\"},\"inLanguage\":\"fr-FR\",\"potentialAction\":[{\"@type\":\"ReadAction\",\"target\":[\"https:\/\/www.kbmedshop.ch\/fr\/produit\/ecg-spray-gel\/\"]}]},{\"@type\":\"ImageObject\",\"inLanguage\":\"fr-FR\",\"@id\":\"https:\/\/www.kbmedshop.ch\/fr\/produit\/ecg-spray-gel\/#primaryimage\",\"url\":\"https:\/\/www.kbmedshop.ch\/wp-content\/uploads\/2025\/04\/ecg-spray-gel-.jpg\",\"contentUrl\":\"https:\/\/www.kbmedshop.ch\/wp-content\/uploads\/2025\/04\/ecg-spray-gel-.jpg\",\"width\":458,\"height\":458,\"caption\":\"ECG SPRAY GEL\"},{\"@type\":\"BreadcrumbList\",\"@id\":\"https:\/\/www.kbmedshop.ch\/fr\/produit\/ecg-spray-gel\/#breadcrumb\",\"itemListElement\":[{\"@type\":\"ListItem\",\"position\":1,\"name\":\"Accueil\",\"item\":\"https:\/\/www.kbmedshop.ch\/fr\/\"},{\"@type\":\"ListItem\",\"position\":2,\"name\":\"Boutique\",\"item\":\"https:\/\/www.kbmedshop.ch\/shop\/\"},{\"@type\":\"ListItem\",\"position\":3,\"name\":\"ECG SPRAY GEL\"}]},{\"@type\":\"WebSite\",\"@id\":\"https:\/\/www.kbmedshop.ch\/fr\/#website\",\"url\":\"https:\/\/www.kbmedshop.ch\/fr\/\",\"name\":\"Kbmed\",\"description\":\"\",\"potentialAction\":[{\"@type\":\"SearchAction\",\"target\":{\"@type\":\"EntryPoint\",\"urlTemplate\":\"https:\/\/www.kbmedshop.ch\/fr\/?s={search_term_string}\"},\"query-input\":{\"@type\":\"PropertyValueSpecification\",\"valueRequired\":true,\"valueName\":\"search_term_string\"}}],\"inLanguage\":\"fr-FR\"}]}<\/script>\n<!-- \/ Yoast SEO plugin. -->","yoast_head_json":{"title":"ECG SPRAY GEL - KB Med","description":"Le ECG Spray Gel est con\u00e7u pour am\u00e9liorer la conductivit\u00e9 lors des examens ECG, garantissant des r\u00e9sultats pr\u00e9cis et fiables en milieu m\u00e9dical.","robots":{"index":"index","follow":"follow","max-snippet":"max-snippet:-1","max-image-preview":"max-image-preview:large","max-video-preview":"max-video-preview:-1"},"canonical":"https:\/\/www.kbmedshop.ch\/fr\/produit\/ecg-spray-gel\/","og_locale":"fr_FR","og_type":"article","og_title":"ECG SPRAY GEL - KB Med","og_description":"Le ECG Spray Gel est con\u00e7u pour am\u00e9liorer la conductivit\u00e9 lors des examens ECG, garantissant des r\u00e9sultats pr\u00e9cis et fiables en milieu m\u00e9dical.","og_url":"https:\/\/www.kbmedshop.ch\/fr\/produit\/ecg-spray-gel\/","og_site_name":"KB Med","article_modified_time":"2025-04-30T06:39:28+00:00","og_image":[{"width":458,"height":458,"url":"https:\/\/www.kbmedshop.ch\/wp-content\/uploads\/2025\/04\/ecg-spray-gel-.jpg","type":"image\/jpeg"}],"twitter_card":"summary_large_image","twitter_misc":{"Dur\u00e9e de lecture estim\u00e9e":"1 minute"},"schema":{"@context":"https:\/\/schema.org","@graph":[{"@type":"WebPage","@id":"https:\/\/www.kbmedshop.ch\/fr\/produit\/ecg-spray-gel\/","url":"https:\/\/www.kbmedshop.ch\/fr\/produit\/ecg-spray-gel\/","name":"ECG SPRAY GEL - KB Med","isPartOf":{"@id":"https:\/\/www.kbmedshop.ch\/fr\/#website"},"primaryImageOfPage":{"@id":"https:\/\/www.kbmedshop.ch\/fr\/produit\/ecg-spray-gel\/#primaryimage"},"image":{"@id":"https:\/\/www.kbmedshop.ch\/fr\/produit\/ecg-spray-gel\/#primaryimage"},"thumbnailUrl":"https:\/\/www.kbmedshop.ch\/wp-content\/uploads\/2025\/04\/ecg-spray-gel-.jpg","datePublished":"2025-04-08T06:50:09+00:00","dateModified":"2025-04-30T06:39:28+00:00","description":"Le ECG Spray Gel est con\u00e7u pour am\u00e9liorer la conductivit\u00e9 lors des examens ECG, garantissant des r\u00e9sultats pr\u00e9cis et fiables en milieu m\u00e9dical.","breadcrumb":{"@id":"https:\/\/www.kbmedshop.ch\/fr\/produit\/ecg-spray-gel\/#breadcrumb"},"inLanguage":"fr-FR","potentialAction":[{"@type":"ReadAction","target":["https:\/\/www.kbmedshop.ch\/fr\/produit\/ecg-spray-gel\/"]}]},{"@type":"ImageObject","inLanguage":"fr-FR","@id":"https:\/\/www.kbmedshop.ch\/fr\/produit\/ecg-spray-gel\/#primaryimage","url":"https:\/\/www.kbmedshop.ch\/wp-content\/uploads\/2025\/04\/ecg-spray-gel-.jpg","contentUrl":"https:\/\/www.kbmedshop.ch\/wp-content\/uploads\/2025\/04\/ecg-spray-gel-.jpg","width":458,"height":458,"caption":"ECG SPRAY GEL"},{"@type":"BreadcrumbList","@id":"https:\/\/www.kbmedshop.ch\/fr\/produit\/ecg-spray-gel\/#breadcrumb","itemListElement":[{"@type":"ListItem","position":1,"name":"Accueil","item":"https:\/\/www.kbmedshop.ch\/fr\/"},{"@type":"ListItem","position":2,"name":"Boutique","item":"https:\/\/www.kbmedshop.ch\/shop\/"},{"@type":"ListItem","position":3,"name":"ECG SPRAY GEL"}]},{"@type":"WebSite","@id":"https:\/\/www.kbmedshop.ch\/fr\/#website","url":"https:\/\/www.kbmedshop.ch\/fr\/","name":"Kbmed","description":"","potentialAction":[{"@type":"SearchAction","target":{"@type":"EntryPoint","urlTemplate":"https:\/\/www.kbmedshop.ch\/fr\/?s={search_term_string}"},"query-input":{"@type":"PropertyValueSpecification","valueRequired":true,"valueName":"search_term_string"}}],"inLanguage":"fr-FR"}]}},"_links":{"self":[{"href":"https:\/\/www.kbmedshop.ch\/fr\/wp-json\/wp\/v2\/product\/1677","targetHints":{"allow":["GET"]}}],"collection":[{"href":"https:\/\/www.kbmedshop.ch\/fr\/wp-json\/wp\/v2\/product"}],"about":[{"href":"https:\/\/www.kbmedshop.ch\/fr\/wp-json\/wp\/v2\/types\/product"}],"replies":[{"embeddable":true,"href":"https:\/\/www.kbmedshop.ch\/fr\/wp-json\/wp\/v2\/comments?post=1677"}],"wp:featuredmedia":[{"embeddable":true,"href":"https:\/\/www.kbmedshop.ch\/fr\/wp-json\/wp\/v2\/media\/773"}],"wp:attachment":[{"href":"https:\/\/www.kbmedshop.ch\/fr\/wp-json\/wp\/v2\/media?parent=1677"}],"wp:term":[{"taxonomy":"product_brand","embeddable":true,"href":"https:\/\/www.kbmedshop.ch\/fr\/wp-json\/wp\/v2\/product_brand?post=1677"},{"taxonomy":"product_cat","embeddable":true,"href":"https:\/\/www.kbmedshop.ch\/fr\/wp-json\/wp\/v2\/product_cat?post=1677"},{"taxonomy":"product_tag","embeddable":true,"href":"https:\/\/www.kbmedshop.ch\/fr\/wp-json\/wp\/v2\/product_tag?post=1677"}],"curies":[{"name":"wp","href":"https:\/\/api.w.org\/{rel}","templated":true}]}}