{"id":1620,"date":"2025-04-08T11:00:25","date_gmt":"2025-04-08T09:00:25","guid":{"rendered":"https:\/\/www.kbmedshop.ch\/?post_type=product&#038;p=1620"},"modified":"2025-04-29T15:12:53","modified_gmt":"2025-04-29T13:12:53","slug":"tabouret-medical","status":"publish","type":"product","link":"https:\/\/www.kbmedshop.ch\/fr\/produit\/tabouret-medical\/","title":{"rendered":"Tabouret m\u00e9dical"},"content":{"rendered":"<p>Description d\u00e9taill\u00e9e\u00a0:<\/p>\n<p>Le tabouret m\u00e9dical est con\u00e7u pour apporter confort et praticit\u00e9 aux professionnels de sant\u00e9. Disponible en plusieurs hauteurs r\u00e9glables (de 39,5 cm \u00e0 85,5 cm), il s&rsquo;adapte parfaitement aux besoins sp\u00e9cifiques de chaque utilisateur. Vous pouvez choisir entre des ailes rigides ou des roues doubles avec des roues de 50 mm pour une mobilit\u00e9 optimale.<\/p>\n<p>Ce tabouret est \u00e9galement personnalisable avec 18 couleurs de rembourrage et diff\u00e9rentes formes de selle au choix, vous permettant de r\u00e9pondre aux besoins esth\u00e9tiques et fonctionnels de votre environnement m\u00e9dical. Sa conception robuste et ergonomique en fait un outil indispensable pour les cabinets m\u00e9dicaux, les cliniques et autres espaces professionnels.<\/p>\n<p>Fonctionnalit\u00e9s:<\/p>\n<ul>\n<li>Hauteurs r\u00e9glables : De 39,5 cm (minimum) \u00e0 85,5 cm (maximum).<\/li>\n<li>Mobilit\u00e9 : Patins fixes ou roulettes doubles avec roulettes \u00d8 50 mm.<\/li>\n<li>Sellerie : 18 coloris disponibles.<\/li>\n<li>Forme de la selle : Plusieurs options au choix.<\/li>\n<\/ul>\n<p>Utilisation : Id\u00e9al pour les environnements m\u00e9dicaux et professionnels.<\/p>\n","protected":false},"excerpt":{"rendered":"<p>Tabouret m\u00e9dical ergonomique et personnalisable, disponible en plusieurs hauteurs et options de mobilit\u00e9. Id\u00e9al pour les cabinets m\u00e9dicaux et les environnements professionnels.<\/p>\n","protected":false},"featured_media":867,"comment_status":"open","ping_status":"closed","template":"","meta":{"_acf_changed":false},"product_brand":[],"product_cat":[343,345,336],"product_tag":[],"class_list":{"0":"post-1620","1":"product","2":"type-product","3":"status-publish","4":"has-post-thumbnail","6":"product_cat-consultation-orl","7":"product_cat-fauteuils-et-tabourets-orl","8":"product_cat-orl-fr","10":"first","11":"instock","12":"taxable","13":"shipping-taxable","14":"product-type-simple"},"acf":[],"yoast_head":"<!-- This site is optimized with the Yoast SEO plugin v25.0 - https:\/\/yoast.com\/wordpress\/plugins\/seo\/ -->\n<title>Tabouret m\u00e9dical - KB Med<\/title>\n<meta name=\"description\" content=\"Ce tabouret m\u00e9dical ergonomique est con\u00e7u pour offrir confort, mobilit\u00e9 et praticit\u00e9 aux professionnels de sant\u00e9 lors des consultations.\" \/>\n<meta name=\"robots\" content=\"index, follow, max-snippet:-1, max-image-preview:large, max-video-preview:-1\" \/>\n<link rel=\"canonical\" href=\"https:\/\/www.kbmedshop.ch\/fr\/produit\/tabouret-medical\/\" \/>\n<meta property=\"og:locale\" content=\"fr_FR\" \/>\n<meta property=\"og:type\" content=\"article\" \/>\n<meta property=\"og:title\" content=\"Tabouret m\u00e9dical - KB Med\" \/>\n<meta property=\"og:description\" content=\"Ce tabouret m\u00e9dical ergonomique est con\u00e7u pour offrir confort, mobilit\u00e9 et praticit\u00e9 aux professionnels de sant\u00e9 lors des consultations.\" \/>\n<meta property=\"og:url\" content=\"https:\/\/www.kbmedshop.ch\/fr\/produit\/tabouret-medical\/\" \/>\n<meta property=\"og:site_name\" content=\"KB Med\" \/>\n<meta property=\"article:modified_time\" content=\"2025-04-29T13:12:53+00:00\" \/>\n<meta property=\"og:image\" content=\"https:\/\/www.kbmedshop.ch\/wp-content\/uploads\/2025\/04\/tabouret-medical.jpg\" \/>\n\t<meta property=\"og:image:width\" content=\"458\" \/>\n\t<meta property=\"og:image:height\" content=\"458\" \/>\n\t<meta property=\"og:image:type\" content=\"image\/jpeg\" \/>\n<meta name=\"twitter:card\" content=\"summary_large_image\" \/>\n<meta name=\"twitter:label1\" content=\"Dur\u00e9e de lecture estim\u00e9e\" \/>\n\t<meta name=\"twitter:data1\" content=\"1 minute\" \/>\n<script type=\"application\/ld+json\" class=\"yoast-schema-graph\">{\"@context\":\"https:\/\/schema.org\",\"@graph\":[{\"@type\":\"WebPage\",\"@id\":\"https:\/\/www.kbmedshop.ch\/fr\/produit\/tabouret-medical\/\",\"url\":\"https:\/\/www.kbmedshop.ch\/fr\/produit\/tabouret-medical\/\",\"name\":\"Tabouret m\u00e9dical - KB Med\",\"isPartOf\":{\"@id\":\"https:\/\/www.kbmedshop.ch\/fr\/#website\"},\"primaryImageOfPage\":{\"@id\":\"https:\/\/www.kbmedshop.ch\/fr\/produit\/tabouret-medical\/#primaryimage\"},\"image\":{\"@id\":\"https:\/\/www.kbmedshop.ch\/fr\/produit\/tabouret-medical\/#primaryimage\"},\"thumbnailUrl\":\"https:\/\/www.kbmedshop.ch\/wp-content\/uploads\/2025\/04\/tabouret-medical.jpg\",\"datePublished\":\"2025-04-08T09:00:25+00:00\",\"dateModified\":\"2025-04-29T13:12:53+00:00\",\"description\":\"Ce tabouret m\u00e9dical ergonomique est con\u00e7u pour offrir confort, mobilit\u00e9 et praticit\u00e9 aux professionnels de sant\u00e9 lors des consultations.\",\"breadcrumb\":{\"@id\":\"https:\/\/www.kbmedshop.ch\/fr\/produit\/tabouret-medical\/#breadcrumb\"},\"inLanguage\":\"fr-FR\",\"potentialAction\":[{\"@type\":\"ReadAction\",\"target\":[\"https:\/\/www.kbmedshop.ch\/fr\/produit\/tabouret-medical\/\"]}]},{\"@type\":\"ImageObject\",\"inLanguage\":\"fr-FR\",\"@id\":\"https:\/\/www.kbmedshop.ch\/fr\/produit\/tabouret-medical\/#primaryimage\",\"url\":\"https:\/\/www.kbmedshop.ch\/wp-content\/uploads\/2025\/04\/tabouret-medical.jpg\",\"contentUrl\":\"https:\/\/www.kbmedshop.ch\/wp-content\/uploads\/2025\/04\/tabouret-medical.jpg\",\"width\":458,\"height\":458,\"caption\":\"Tabouret m\u00e9dical\"},{\"@type\":\"BreadcrumbList\",\"@id\":\"https:\/\/www.kbmedshop.ch\/fr\/produit\/tabouret-medical\/#breadcrumb\",\"itemListElement\":[{\"@type\":\"ListItem\",\"position\":1,\"name\":\"Accueil\",\"item\":\"https:\/\/www.kbmedshop.ch\/fr\/\"},{\"@type\":\"ListItem\",\"position\":2,\"name\":\"Boutique\",\"item\":\"https:\/\/www.kbmedshop.ch\/shop\/\"},{\"@type\":\"ListItem\",\"position\":3,\"name\":\"Tabouret m\u00e9dical\"}]},{\"@type\":\"WebSite\",\"@id\":\"https:\/\/www.kbmedshop.ch\/fr\/#website\",\"url\":\"https:\/\/www.kbmedshop.ch\/fr\/\",\"name\":\"Kbmed\",\"description\":\"\",\"potentialAction\":[{\"@type\":\"SearchAction\",\"target\":{\"@type\":\"EntryPoint\",\"urlTemplate\":\"https:\/\/www.kbmedshop.ch\/fr\/?s={search_term_string}\"},\"query-input\":{\"@type\":\"PropertyValueSpecification\",\"valueRequired\":true,\"valueName\":\"search_term_string\"}}],\"inLanguage\":\"fr-FR\"}]}<\/script>\n<!-- \/ Yoast SEO plugin. -->","yoast_head_json":{"title":"Tabouret m\u00e9dical - KB Med","description":"Ce tabouret m\u00e9dical ergonomique est con\u00e7u pour offrir confort, mobilit\u00e9 et praticit\u00e9 aux professionnels de sant\u00e9 lors des consultations.","robots":{"index":"index","follow":"follow","max-snippet":"max-snippet:-1","max-image-preview":"max-image-preview:large","max-video-preview":"max-video-preview:-1"},"canonical":"https:\/\/www.kbmedshop.ch\/fr\/produit\/tabouret-medical\/","og_locale":"fr_FR","og_type":"article","og_title":"Tabouret m\u00e9dical - KB Med","og_description":"Ce tabouret m\u00e9dical ergonomique est con\u00e7u pour offrir confort, mobilit\u00e9 et praticit\u00e9 aux professionnels de sant\u00e9 lors des consultations.","og_url":"https:\/\/www.kbmedshop.ch\/fr\/produit\/tabouret-medical\/","og_site_name":"KB Med","article_modified_time":"2025-04-29T13:12:53+00:00","og_image":[{"width":458,"height":458,"url":"https:\/\/www.kbmedshop.ch\/wp-content\/uploads\/2025\/04\/tabouret-medical.jpg","type":"image\/jpeg"}],"twitter_card":"summary_large_image","twitter_misc":{"Dur\u00e9e de lecture estim\u00e9e":"1 minute"},"schema":{"@context":"https:\/\/schema.org","@graph":[{"@type":"WebPage","@id":"https:\/\/www.kbmedshop.ch\/fr\/produit\/tabouret-medical\/","url":"https:\/\/www.kbmedshop.ch\/fr\/produit\/tabouret-medical\/","name":"Tabouret m\u00e9dical - KB Med","isPartOf":{"@id":"https:\/\/www.kbmedshop.ch\/fr\/#website"},"primaryImageOfPage":{"@id":"https:\/\/www.kbmedshop.ch\/fr\/produit\/tabouret-medical\/#primaryimage"},"image":{"@id":"https:\/\/www.kbmedshop.ch\/fr\/produit\/tabouret-medical\/#primaryimage"},"thumbnailUrl":"https:\/\/www.kbmedshop.ch\/wp-content\/uploads\/2025\/04\/tabouret-medical.jpg","datePublished":"2025-04-08T09:00:25+00:00","dateModified":"2025-04-29T13:12:53+00:00","description":"Ce tabouret m\u00e9dical ergonomique est con\u00e7u pour offrir confort, mobilit\u00e9 et praticit\u00e9 aux professionnels de sant\u00e9 lors des consultations.","breadcrumb":{"@id":"https:\/\/www.kbmedshop.ch\/fr\/produit\/tabouret-medical\/#breadcrumb"},"inLanguage":"fr-FR","potentialAction":[{"@type":"ReadAction","target":["https:\/\/www.kbmedshop.ch\/fr\/produit\/tabouret-medical\/"]}]},{"@type":"ImageObject","inLanguage":"fr-FR","@id":"https:\/\/www.kbmedshop.ch\/fr\/produit\/tabouret-medical\/#primaryimage","url":"https:\/\/www.kbmedshop.ch\/wp-content\/uploads\/2025\/04\/tabouret-medical.jpg","contentUrl":"https:\/\/www.kbmedshop.ch\/wp-content\/uploads\/2025\/04\/tabouret-medical.jpg","width":458,"height":458,"caption":"Tabouret m\u00e9dical"},{"@type":"BreadcrumbList","@id":"https:\/\/www.kbmedshop.ch\/fr\/produit\/tabouret-medical\/#breadcrumb","itemListElement":[{"@type":"ListItem","position":1,"name":"Accueil","item":"https:\/\/www.kbmedshop.ch\/fr\/"},{"@type":"ListItem","position":2,"name":"Boutique","item":"https:\/\/www.kbmedshop.ch\/shop\/"},{"@type":"ListItem","position":3,"name":"Tabouret m\u00e9dical"}]},{"@type":"WebSite","@id":"https:\/\/www.kbmedshop.ch\/fr\/#website","url":"https:\/\/www.kbmedshop.ch\/fr\/","name":"Kbmed","description":"","potentialAction":[{"@type":"SearchAction","target":{"@type":"EntryPoint","urlTemplate":"https:\/\/www.kbmedshop.ch\/fr\/?s={search_term_string}"},"query-input":{"@type":"PropertyValueSpecification","valueRequired":true,"valueName":"search_term_string"}}],"inLanguage":"fr-FR"}]}},"_links":{"self":[{"href":"https:\/\/www.kbmedshop.ch\/fr\/wp-json\/wp\/v2\/product\/1620","targetHints":{"allow":["GET"]}}],"collection":[{"href":"https:\/\/www.kbmedshop.ch\/fr\/wp-json\/wp\/v2\/product"}],"about":[{"href":"https:\/\/www.kbmedshop.ch\/fr\/wp-json\/wp\/v2\/types\/product"}],"replies":[{"embeddable":true,"href":"https:\/\/www.kbmedshop.ch\/fr\/wp-json\/wp\/v2\/comments?post=1620"}],"wp:featuredmedia":[{"embeddable":true,"href":"https:\/\/www.kbmedshop.ch\/fr\/wp-json\/wp\/v2\/media\/867"}],"wp:attachment":[{"href":"https:\/\/www.kbmedshop.ch\/fr\/wp-json\/wp\/v2\/media?parent=1620"}],"wp:term":[{"taxonomy":"product_brand","embeddable":true,"href":"https:\/\/www.kbmedshop.ch\/fr\/wp-json\/wp\/v2\/product_brand?post=1620"},{"taxonomy":"product_cat","embeddable":true,"href":"https:\/\/www.kbmedshop.ch\/fr\/wp-json\/wp\/v2\/product_cat?post=1620"},{"taxonomy":"product_tag","embeddable":true,"href":"https:\/\/www.kbmedshop.ch\/fr\/wp-json\/wp\/v2\/product_tag?post=1620"}],"curies":[{"name":"wp","href":"https:\/\/api.w.org\/{rel}","templated":true}]}}