{"id":1594,"date":"2025-04-08T11:33:36","date_gmt":"2025-04-08T09:33:36","guid":{"rendered":"https:\/\/www.kbmedshop.ch\/?post_type=product&#038;p=1594"},"modified":"2025-04-29T14:29:20","modified_gmt":"2025-04-29T12:29:20","slug":"pince-pour-le-nez-et-les-oreilles","status":"publish","type":"product","link":"https:\/\/www.kbmedshop.ch\/fr\/produit\/pince-pour-le-nez-et-les-oreilles\/","title":{"rendered":"Pince pour le nez et les oreilles"},"content":{"rendered":"<p>Description d\u00e9taill\u00e9e\u00a0:<\/p>\n<p>Le clip de nez et d&rsquo;oreille Lucae a \u00e9t\u00e9 sp\u00e9cialement d\u00e9velopp\u00e9 pour les proc\u00e9dures m\u00e9dicales qui n\u00e9cessitent une manipulation pr\u00e9cise et s\u00fbre dans la cavit\u00e9 du nez et de l&rsquo;oreille. D&rsquo;une longueur de 14 cm, il offre une excellente maniabilit\u00e9 et permet d&rsquo;atteindre facilement les endroits difficiles.<\/p>\n<p>Fabriqu\u00e9e en acier inoxydable, cette pince est r\u00e9sistante \u00e0 la corrosion et facile \u00e0 st\u00e9riliser, assurant une hygi\u00e8ne parfaite et une durabilit\u00e9 exceptionnelle. Sa conception ergonomique assure une prise en main et une manipulation confortables, m\u00eame lors d&rsquo;utilisations prolong\u00e9es.<\/p>\n<p>Fonctionnalit\u00e9s:<\/p>\n<ul>\n<li>Mat\u00e9riel\u00a0: Acier inoxydable, robuste et durable.<\/li>\n<li>Mesures\u00a0: 14 cm de long.<\/li>\n<li>Conception ergonomique : Facilite la manipulation et am\u00e9liore la pr\u00e9cision.<\/li>\n<li>Hygi\u00e8ne : Facile \u00e0 st\u00e9riliser pour une utilisation en toute s\u00e9curit\u00e9.<\/li>\n<\/ul>\n<p>Applications:<\/p>\n<ul>\n<li>Utilisez-le pour les proc\u00e9dures du nez et des oreilles.<\/li>\n<li>Extraction de corps \u00e9trangers ou nettoyage de cavit\u00e9s.<\/li>\n<li>Id\u00e9al pour les cabinets ORL et les environnements hospitaliers.<\/li>\n<\/ul>\n<p>Le pince nasal et auriculaire Lucae est un instrument indispensable pour les actes m\u00e9dicaux, alliant simplicit\u00e9, efficacit\u00e9 et robustesse.<\/p>\n","protected":false},"excerpt":{"rendered":"<p>Le clip de nez et d&rsquo;oreille Lucae 14 cm est un instrument m\u00e9dical polyvalent con\u00e7u pour les proc\u00e9dures de cavit\u00e9 nasale et auditive. Son ergonomie et sa pr\u00e9cision en font un outil indispensable pour les professionnels de sant\u00e9.<\/p>\n","protected":false},"featured_media":910,"comment_status":"open","ping_status":"closed","template":"","meta":{"_acf_changed":false},"product_brand":[],"product_cat":[342,336],"product_tag":[],"class_list":{"0":"post-1594","1":"product","2":"type-product","3":"status-publish","4":"has-post-thumbnail","6":"product_cat-instrumentation-orl","7":"product_cat-orl-fr","9":"first","10":"instock","11":"taxable","12":"shipping-taxable","13":"purchasable","14":"product-type-simple"},"acf":[],"yoast_head":"<!-- This site is optimized with the Yoast SEO plugin v25.0 - https:\/\/yoast.com\/wordpress\/plugins\/seo\/ -->\n<title>Pince pour le nez et les oreilles - KB Med<\/title>\n<meta name=\"description\" content=\"Le clip de nez et d&#039;oreille est un accessoire m\u00e9dical polyvalent, con\u00e7u pour des examens ORL pr\u00e9cis et confortables en milieu professionnel.\" \/>\n<meta name=\"robots\" content=\"index, follow, max-snippet:-1, max-image-preview:large, max-video-preview:-1\" \/>\n<link rel=\"canonical\" href=\"https:\/\/www.kbmedshop.ch\/fr\/produit\/pince-pour-le-nez-et-les-oreilles\/\" \/>\n<meta property=\"og:locale\" content=\"fr_FR\" \/>\n<meta property=\"og:type\" content=\"article\" \/>\n<meta property=\"og:title\" content=\"Pince pour le nez et les oreilles - KB Med\" \/>\n<meta property=\"og:description\" content=\"Le clip de nez et d&#039;oreille est un accessoire m\u00e9dical polyvalent, con\u00e7u pour des examens ORL pr\u00e9cis et confortables en milieu professionnel.\" \/>\n<meta property=\"og:url\" content=\"https:\/\/www.kbmedshop.ch\/fr\/produit\/pince-pour-le-nez-et-les-oreilles\/\" \/>\n<meta property=\"og:site_name\" content=\"KB Med\" \/>\n<meta property=\"article:modified_time\" content=\"2025-04-29T12:29:20+00:00\" \/>\n<meta property=\"og:image\" content=\"https:\/\/www.kbmedshop.ch\/wp-content\/uploads\/2025\/04\/pince-nasale-auriculaire.jpg\" \/>\n\t<meta property=\"og:image:width\" content=\"458\" \/>\n\t<meta property=\"og:image:height\" content=\"458\" \/>\n\t<meta property=\"og:image:type\" content=\"image\/jpeg\" \/>\n<meta name=\"twitter:card\" content=\"summary_large_image\" \/>\n<meta name=\"twitter:label1\" content=\"Dur\u00e9e de lecture estim\u00e9e\" \/>\n\t<meta name=\"twitter:data1\" content=\"2 minutes\" \/>\n<script type=\"application\/ld+json\" class=\"yoast-schema-graph\">{\"@context\":\"https:\/\/schema.org\",\"@graph\":[{\"@type\":\"WebPage\",\"@id\":\"https:\/\/www.kbmedshop.ch\/fr\/produit\/pince-pour-le-nez-et-les-oreilles\/\",\"url\":\"https:\/\/www.kbmedshop.ch\/fr\/produit\/pince-pour-le-nez-et-les-oreilles\/\",\"name\":\"Pince pour le nez et les oreilles - KB Med\",\"isPartOf\":{\"@id\":\"https:\/\/www.kbmedshop.ch\/fr\/#website\"},\"primaryImageOfPage\":{\"@id\":\"https:\/\/www.kbmedshop.ch\/fr\/produit\/pince-pour-le-nez-et-les-oreilles\/#primaryimage\"},\"image\":{\"@id\":\"https:\/\/www.kbmedshop.ch\/fr\/produit\/pince-pour-le-nez-et-les-oreilles\/#primaryimage\"},\"thumbnailUrl\":\"https:\/\/www.kbmedshop.ch\/wp-content\/uploads\/2025\/04\/pince-nasale-auriculaire.jpg\",\"datePublished\":\"2025-04-08T09:33:36+00:00\",\"dateModified\":\"2025-04-29T12:29:20+00:00\",\"description\":\"Le clip de nez et d'oreille est un accessoire m\u00e9dical polyvalent, con\u00e7u pour des examens ORL pr\u00e9cis et confortables en milieu professionnel.\",\"breadcrumb\":{\"@id\":\"https:\/\/www.kbmedshop.ch\/fr\/produit\/pince-pour-le-nez-et-les-oreilles\/#breadcrumb\"},\"inLanguage\":\"fr-FR\",\"potentialAction\":[{\"@type\":\"ReadAction\",\"target\":[\"https:\/\/www.kbmedshop.ch\/fr\/produit\/pince-pour-le-nez-et-les-oreilles\/\"]}]},{\"@type\":\"ImageObject\",\"inLanguage\":\"fr-FR\",\"@id\":\"https:\/\/www.kbmedshop.ch\/fr\/produit\/pince-pour-le-nez-et-les-oreilles\/#primaryimage\",\"url\":\"https:\/\/www.kbmedshop.ch\/wp-content\/uploads\/2025\/04\/pince-nasale-auriculaire.jpg\",\"contentUrl\":\"https:\/\/www.kbmedshop.ch\/wp-content\/uploads\/2025\/04\/pince-nasale-auriculaire.jpg\",\"width\":458,\"height\":458,\"caption\":\"Pince pour le nez et les oreilles\"},{\"@type\":\"BreadcrumbList\",\"@id\":\"https:\/\/www.kbmedshop.ch\/fr\/produit\/pince-pour-le-nez-et-les-oreilles\/#breadcrumb\",\"itemListElement\":[{\"@type\":\"ListItem\",\"position\":1,\"name\":\"Accueil\",\"item\":\"https:\/\/www.kbmedshop.ch\/fr\/\"},{\"@type\":\"ListItem\",\"position\":2,\"name\":\"Boutique\",\"item\":\"https:\/\/www.kbmedshop.ch\/shop\/\"},{\"@type\":\"ListItem\",\"position\":3,\"name\":\"Pince pour le nez et les oreilles\"}]},{\"@type\":\"WebSite\",\"@id\":\"https:\/\/www.kbmedshop.ch\/fr\/#website\",\"url\":\"https:\/\/www.kbmedshop.ch\/fr\/\",\"name\":\"Kbmed\",\"description\":\"\",\"potentialAction\":[{\"@type\":\"SearchAction\",\"target\":{\"@type\":\"EntryPoint\",\"urlTemplate\":\"https:\/\/www.kbmedshop.ch\/fr\/?s={search_term_string}\"},\"query-input\":{\"@type\":\"PropertyValueSpecification\",\"valueRequired\":true,\"valueName\":\"search_term_string\"}}],\"inLanguage\":\"fr-FR\"}]}<\/script>\n<!-- \/ Yoast SEO plugin. -->","yoast_head_json":{"title":"Pince pour le nez et les oreilles - KB Med","description":"Le clip de nez et d'oreille est un accessoire m\u00e9dical polyvalent, con\u00e7u pour des examens ORL pr\u00e9cis et confortables en milieu professionnel.","robots":{"index":"index","follow":"follow","max-snippet":"max-snippet:-1","max-image-preview":"max-image-preview:large","max-video-preview":"max-video-preview:-1"},"canonical":"https:\/\/www.kbmedshop.ch\/fr\/produit\/pince-pour-le-nez-et-les-oreilles\/","og_locale":"fr_FR","og_type":"article","og_title":"Pince pour le nez et les oreilles - KB Med","og_description":"Le clip de nez et d'oreille est un accessoire m\u00e9dical polyvalent, con\u00e7u pour des examens ORL pr\u00e9cis et confortables en milieu professionnel.","og_url":"https:\/\/www.kbmedshop.ch\/fr\/produit\/pince-pour-le-nez-et-les-oreilles\/","og_site_name":"KB Med","article_modified_time":"2025-04-29T12:29:20+00:00","og_image":[{"width":458,"height":458,"url":"https:\/\/www.kbmedshop.ch\/wp-content\/uploads\/2025\/04\/pince-nasale-auriculaire.jpg","type":"image\/jpeg"}],"twitter_card":"summary_large_image","twitter_misc":{"Dur\u00e9e de lecture estim\u00e9e":"2 minutes"},"schema":{"@context":"https:\/\/schema.org","@graph":[{"@type":"WebPage","@id":"https:\/\/www.kbmedshop.ch\/fr\/produit\/pince-pour-le-nez-et-les-oreilles\/","url":"https:\/\/www.kbmedshop.ch\/fr\/produit\/pince-pour-le-nez-et-les-oreilles\/","name":"Pince pour le nez et les oreilles - KB Med","isPartOf":{"@id":"https:\/\/www.kbmedshop.ch\/fr\/#website"},"primaryImageOfPage":{"@id":"https:\/\/www.kbmedshop.ch\/fr\/produit\/pince-pour-le-nez-et-les-oreilles\/#primaryimage"},"image":{"@id":"https:\/\/www.kbmedshop.ch\/fr\/produit\/pince-pour-le-nez-et-les-oreilles\/#primaryimage"},"thumbnailUrl":"https:\/\/www.kbmedshop.ch\/wp-content\/uploads\/2025\/04\/pince-nasale-auriculaire.jpg","datePublished":"2025-04-08T09:33:36+00:00","dateModified":"2025-04-29T12:29:20+00:00","description":"Le clip de nez et d'oreille est un accessoire m\u00e9dical polyvalent, con\u00e7u pour des examens ORL pr\u00e9cis et confortables en milieu professionnel.","breadcrumb":{"@id":"https:\/\/www.kbmedshop.ch\/fr\/produit\/pince-pour-le-nez-et-les-oreilles\/#breadcrumb"},"inLanguage":"fr-FR","potentialAction":[{"@type":"ReadAction","target":["https:\/\/www.kbmedshop.ch\/fr\/produit\/pince-pour-le-nez-et-les-oreilles\/"]}]},{"@type":"ImageObject","inLanguage":"fr-FR","@id":"https:\/\/www.kbmedshop.ch\/fr\/produit\/pince-pour-le-nez-et-les-oreilles\/#primaryimage","url":"https:\/\/www.kbmedshop.ch\/wp-content\/uploads\/2025\/04\/pince-nasale-auriculaire.jpg","contentUrl":"https:\/\/www.kbmedshop.ch\/wp-content\/uploads\/2025\/04\/pince-nasale-auriculaire.jpg","width":458,"height":458,"caption":"Pince pour le nez et les oreilles"},{"@type":"BreadcrumbList","@id":"https:\/\/www.kbmedshop.ch\/fr\/produit\/pince-pour-le-nez-et-les-oreilles\/#breadcrumb","itemListElement":[{"@type":"ListItem","position":1,"name":"Accueil","item":"https:\/\/www.kbmedshop.ch\/fr\/"},{"@type":"ListItem","position":2,"name":"Boutique","item":"https:\/\/www.kbmedshop.ch\/shop\/"},{"@type":"ListItem","position":3,"name":"Pince pour le nez et les oreilles"}]},{"@type":"WebSite","@id":"https:\/\/www.kbmedshop.ch\/fr\/#website","url":"https:\/\/www.kbmedshop.ch\/fr\/","name":"Kbmed","description":"","potentialAction":[{"@type":"SearchAction","target":{"@type":"EntryPoint","urlTemplate":"https:\/\/www.kbmedshop.ch\/fr\/?s={search_term_string}"},"query-input":{"@type":"PropertyValueSpecification","valueRequired":true,"valueName":"search_term_string"}}],"inLanguage":"fr-FR"}]}},"_links":{"self":[{"href":"https:\/\/www.kbmedshop.ch\/fr\/wp-json\/wp\/v2\/product\/1594","targetHints":{"allow":["GET"]}}],"collection":[{"href":"https:\/\/www.kbmedshop.ch\/fr\/wp-json\/wp\/v2\/product"}],"about":[{"href":"https:\/\/www.kbmedshop.ch\/fr\/wp-json\/wp\/v2\/types\/product"}],"replies":[{"embeddable":true,"href":"https:\/\/www.kbmedshop.ch\/fr\/wp-json\/wp\/v2\/comments?post=1594"}],"wp:featuredmedia":[{"embeddable":true,"href":"https:\/\/www.kbmedshop.ch\/fr\/wp-json\/wp\/v2\/media\/910"}],"wp:attachment":[{"href":"https:\/\/www.kbmedshop.ch\/fr\/wp-json\/wp\/v2\/media?parent=1594"}],"wp:term":[{"taxonomy":"product_brand","embeddable":true,"href":"https:\/\/www.kbmedshop.ch\/fr\/wp-json\/wp\/v2\/product_brand?post=1594"},{"taxonomy":"product_cat","embeddable":true,"href":"https:\/\/www.kbmedshop.ch\/fr\/wp-json\/wp\/v2\/product_cat?post=1594"},{"taxonomy":"product_tag","embeddable":true,"href":"https:\/\/www.kbmedshop.ch\/fr\/wp-json\/wp\/v2\/product_tag?post=1594"}],"curies":[{"name":"wp","href":"https:\/\/api.w.org\/{rel}","templated":true}]}}