{"id":1572,"date":"2025-04-08T13:36:11","date_gmt":"2025-04-08T11:36:11","guid":{"rendered":"https:\/\/www.kbmedshop.ch\/?post_type=product&#038;p=1572"},"modified":"2025-06-20T08:31:11","modified_gmt":"2025-06-20T06:31:11","slug":"orotol-desinfection-des-systemes-dextraction","status":"publish","type":"product","link":"https:\/\/www.kbmedshop.ch\/fr\/produit\/orotol-desinfection-des-systemes-dextraction\/","title":{"rendered":"OROTOL + d\u00e9sinfection des syst\u00e8mes d&rsquo;extraction"},"content":{"rendered":"<p>Fonctionnalit\u00e9s:<\/p>\n<ul>\n<li>Contenance : bouteille de 2,5 L.<\/li>\n<li>Formule : Non moussante, pour une application efficace et sans r\u00e9sidu.<\/li>\n<li>Fonctions\u00a0: D\u00e9sinfection, d\u00e9sodorisation, nettoyage et entretien simultan\u00e9.<\/li>\n<li>Marque : D\u00fcrr Dental, leader des solutions de nettoyage et de d\u00e9sinfection m\u00e9dicales.<\/li>\n<\/ul>\n<p>Applications:<\/p>\n<ul>\n<li>D\u00e9sinfection des syst\u00e8mes d&rsquo;extraction dans les cabinets dentaires.<\/li>\n<li>Nettoyage et entretien des collecteurs d&rsquo;amalgame.<\/li>\n<li>\u00c9limination des odeurs pour une atmosph\u00e8re de travail agr\u00e9able.<\/li>\n<\/ul>\n<p>OrotoL\u00ae Plus est la solution id\u00e9ale pour les professionnels de la sant\u00e9 qui souhaitent assurer une bonne hygi\u00e8ne et prolonger la dur\u00e9e de vie de leurs \u00e9quipements.<\/p>\n","protected":false},"excerpt":{"rendered":"<p>Le concentr\u00e9 liquide OrotoL\u00ae Plus de D\u00fcrr Dental est une solution non moussante qui a \u00e9t\u00e9 sp\u00e9cialement d\u00e9velopp\u00e9e pour la d\u00e9sinfection, la d\u00e9sodorisation, le nettoyage et l&rsquo;entretien simultan\u00e9s des syst\u00e8mes d&rsquo;aspiration et des r\u00e9cup\u00e9rateurs. Gr\u00e2ce \u00e0 sa formule avanc\u00e9e, ce produit garantit une hygi\u00e8ne optimale tout en \u00e9liminant efficacement les odeurs d\u00e9sagr\u00e9ables. Emball\u00e9 dans une bouteille pratique de 2,5 litres, OrotoL\u00ae Plus est id\u00e9al pour une utilisation r\u00e9guli\u00e8re dans les environnements m\u00e9dicaux et dentaires, garantissant la durabilit\u00e9 et les performances de l&rsquo;\u00e9quipement.<\/p>\n<p>&nbsp;<\/p>\n<p>Code produit : 1300105<\/p>\n","protected":false},"featured_media":945,"comment_status":"open","ping_status":"closed","template":"","meta":{"_acf_changed":false},"product_brand":[],"product_cat":[347,336],"product_tag":[],"class_list":{"0":"post-1572","1":"product","2":"type-product","3":"status-publish","4":"has-post-thumbnail","6":"product_cat-consommables-orl","7":"product_cat-orl-fr","9":"first","10":"instock","11":"taxable","12":"shipping-taxable","13":"purchasable","14":"product-type-simple"},"acf":[],"yoast_head":"<!-- This site is optimized with the Yoast SEO plugin v25.0 - https:\/\/yoast.com\/wordpress\/plugins\/seo\/ -->\n<title>OROTOL + d\u00e9sinfection des syst\u00e8mes d&#039;extraction - KB Med<\/title>\n<meta name=\"description\" content=\"OROTOL + est une solution puissante et efficace pour le nettoyage et la d\u00e9sinfection des syst\u00e8mes d&#039;aspiration, garantissant une hygi\u00e8ne optimale.\" \/>\n<meta name=\"robots\" content=\"index, follow, max-snippet:-1, max-image-preview:large, max-video-preview:-1\" \/>\n<link rel=\"canonical\" href=\"https:\/\/www.kbmedshop.ch\/fr\/produit\/orotol-desinfection-des-systemes-dextraction\/\" \/>\n<meta property=\"og:locale\" content=\"fr_FR\" \/>\n<meta property=\"og:type\" content=\"article\" \/>\n<meta property=\"og:title\" content=\"OROTOL + d\u00e9sinfection des syst\u00e8mes d&#039;extraction - KB Med\" \/>\n<meta property=\"og:description\" content=\"OROTOL + est une solution puissante et efficace pour le nettoyage et la d\u00e9sinfection des syst\u00e8mes d&#039;aspiration, garantissant une hygi\u00e8ne optimale.\" \/>\n<meta property=\"og:url\" content=\"https:\/\/www.kbmedshop.ch\/fr\/produit\/orotol-desinfection-des-systemes-dextraction\/\" \/>\n<meta property=\"og:site_name\" content=\"KB Med\" \/>\n<meta property=\"article:modified_time\" content=\"2025-06-20T06:31:11+00:00\" \/>\n<meta property=\"og:image\" content=\"https:\/\/www.kbmedshop.ch\/wp-content\/uploads\/2025\/04\/orotol-desinfection-systemes-d-aspiration-orl-suisse.jpg\" \/>\n\t<meta property=\"og:image:width\" content=\"458\" \/>\n\t<meta property=\"og:image:height\" content=\"458\" \/>\n\t<meta property=\"og:image:type\" content=\"image\/jpeg\" \/>\n<meta name=\"twitter:card\" content=\"summary_large_image\" \/>\n<meta name=\"twitter:label1\" content=\"Dur\u00e9e de lecture estim\u00e9e\" \/>\n\t<meta name=\"twitter:data1\" content=\"1 minute\" \/>\n<script type=\"application\/ld+json\" class=\"yoast-schema-graph\">{\"@context\":\"https:\/\/schema.org\",\"@graph\":[{\"@type\":\"WebPage\",\"@id\":\"https:\/\/www.kbmedshop.ch\/fr\/produit\/orotol-desinfection-des-systemes-dextraction\/\",\"url\":\"https:\/\/www.kbmedshop.ch\/fr\/produit\/orotol-desinfection-des-systemes-dextraction\/\",\"name\":\"OROTOL + d\u00e9sinfection des syst\u00e8mes d'extraction - KB Med\",\"isPartOf\":{\"@id\":\"https:\/\/www.kbmedshop.ch\/fr\/#website\"},\"primaryImageOfPage\":{\"@id\":\"https:\/\/www.kbmedshop.ch\/fr\/produit\/orotol-desinfection-des-systemes-dextraction\/#primaryimage\"},\"image\":{\"@id\":\"https:\/\/www.kbmedshop.ch\/fr\/produit\/orotol-desinfection-des-systemes-dextraction\/#primaryimage\"},\"thumbnailUrl\":\"https:\/\/www.kbmedshop.ch\/wp-content\/uploads\/2025\/04\/orotol-desinfection-systemes-d-aspiration-orl-suisse.jpg\",\"datePublished\":\"2025-04-08T11:36:11+00:00\",\"dateModified\":\"2025-06-20T06:31:11+00:00\",\"description\":\"OROTOL + est une solution puissante et efficace pour le nettoyage et la d\u00e9sinfection des syst\u00e8mes d'aspiration, garantissant une hygi\u00e8ne optimale.\",\"breadcrumb\":{\"@id\":\"https:\/\/www.kbmedshop.ch\/fr\/produit\/orotol-desinfection-des-systemes-dextraction\/#breadcrumb\"},\"inLanguage\":\"fr-FR\",\"potentialAction\":[{\"@type\":\"ReadAction\",\"target\":[\"https:\/\/www.kbmedshop.ch\/fr\/produit\/orotol-desinfection-des-systemes-dextraction\/\"]}]},{\"@type\":\"ImageObject\",\"inLanguage\":\"fr-FR\",\"@id\":\"https:\/\/www.kbmedshop.ch\/fr\/produit\/orotol-desinfection-des-systemes-dextraction\/#primaryimage\",\"url\":\"https:\/\/www.kbmedshop.ch\/wp-content\/uploads\/2025\/04\/orotol-desinfection-systemes-d-aspiration-orl-suisse.jpg\",\"contentUrl\":\"https:\/\/www.kbmedshop.ch\/wp-content\/uploads\/2025\/04\/orotol-desinfection-systemes-d-aspiration-orl-suisse.jpg\",\"width\":458,\"height\":458,\"caption\":\"OROTOL + d\u00e9sinfection des syst\u00e8mes d'extraction\"},{\"@type\":\"BreadcrumbList\",\"@id\":\"https:\/\/www.kbmedshop.ch\/fr\/produit\/orotol-desinfection-des-systemes-dextraction\/#breadcrumb\",\"itemListElement\":[{\"@type\":\"ListItem\",\"position\":1,\"name\":\"Accueil\",\"item\":\"https:\/\/www.kbmedshop.ch\/fr\/\"},{\"@type\":\"ListItem\",\"position\":2,\"name\":\"Boutique\",\"item\":\"https:\/\/www.kbmedshop.ch\/shop\/\"},{\"@type\":\"ListItem\",\"position\":3,\"name\":\"OROTOL + d\u00e9sinfection des syst\u00e8mes d&#8217;extraction\"}]},{\"@type\":\"WebSite\",\"@id\":\"https:\/\/www.kbmedshop.ch\/fr\/#website\",\"url\":\"https:\/\/www.kbmedshop.ch\/fr\/\",\"name\":\"Kbmed\",\"description\":\"\",\"potentialAction\":[{\"@type\":\"SearchAction\",\"target\":{\"@type\":\"EntryPoint\",\"urlTemplate\":\"https:\/\/www.kbmedshop.ch\/fr\/?s={search_term_string}\"},\"query-input\":{\"@type\":\"PropertyValueSpecification\",\"valueRequired\":true,\"valueName\":\"search_term_string\"}}],\"inLanguage\":\"fr-FR\"}]}<\/script>\n<!-- \/ Yoast SEO plugin. -->","yoast_head_json":{"title":"OROTOL + d\u00e9sinfection des syst\u00e8mes d'extraction - KB Med","description":"OROTOL + est une solution puissante et efficace pour le nettoyage et la d\u00e9sinfection des syst\u00e8mes d'aspiration, garantissant une hygi\u00e8ne optimale.","robots":{"index":"index","follow":"follow","max-snippet":"max-snippet:-1","max-image-preview":"max-image-preview:large","max-video-preview":"max-video-preview:-1"},"canonical":"https:\/\/www.kbmedshop.ch\/fr\/produit\/orotol-desinfection-des-systemes-dextraction\/","og_locale":"fr_FR","og_type":"article","og_title":"OROTOL + d\u00e9sinfection des syst\u00e8mes d'extraction - KB Med","og_description":"OROTOL + est une solution puissante et efficace pour le nettoyage et la d\u00e9sinfection des syst\u00e8mes d'aspiration, garantissant une hygi\u00e8ne optimale.","og_url":"https:\/\/www.kbmedshop.ch\/fr\/produit\/orotol-desinfection-des-systemes-dextraction\/","og_site_name":"KB Med","article_modified_time":"2025-06-20T06:31:11+00:00","og_image":[{"width":458,"height":458,"url":"https:\/\/www.kbmedshop.ch\/wp-content\/uploads\/2025\/04\/orotol-desinfection-systemes-d-aspiration-orl-suisse.jpg","type":"image\/jpeg"}],"twitter_card":"summary_large_image","twitter_misc":{"Dur\u00e9e de lecture estim\u00e9e":"1 minute"},"schema":{"@context":"https:\/\/schema.org","@graph":[{"@type":"WebPage","@id":"https:\/\/www.kbmedshop.ch\/fr\/produit\/orotol-desinfection-des-systemes-dextraction\/","url":"https:\/\/www.kbmedshop.ch\/fr\/produit\/orotol-desinfection-des-systemes-dextraction\/","name":"OROTOL + d\u00e9sinfection des syst\u00e8mes d'extraction - KB Med","isPartOf":{"@id":"https:\/\/www.kbmedshop.ch\/fr\/#website"},"primaryImageOfPage":{"@id":"https:\/\/www.kbmedshop.ch\/fr\/produit\/orotol-desinfection-des-systemes-dextraction\/#primaryimage"},"image":{"@id":"https:\/\/www.kbmedshop.ch\/fr\/produit\/orotol-desinfection-des-systemes-dextraction\/#primaryimage"},"thumbnailUrl":"https:\/\/www.kbmedshop.ch\/wp-content\/uploads\/2025\/04\/orotol-desinfection-systemes-d-aspiration-orl-suisse.jpg","datePublished":"2025-04-08T11:36:11+00:00","dateModified":"2025-06-20T06:31:11+00:00","description":"OROTOL + est une solution puissante et efficace pour le nettoyage et la d\u00e9sinfection des syst\u00e8mes d'aspiration, garantissant une hygi\u00e8ne optimale.","breadcrumb":{"@id":"https:\/\/www.kbmedshop.ch\/fr\/produit\/orotol-desinfection-des-systemes-dextraction\/#breadcrumb"},"inLanguage":"fr-FR","potentialAction":[{"@type":"ReadAction","target":["https:\/\/www.kbmedshop.ch\/fr\/produit\/orotol-desinfection-des-systemes-dextraction\/"]}]},{"@type":"ImageObject","inLanguage":"fr-FR","@id":"https:\/\/www.kbmedshop.ch\/fr\/produit\/orotol-desinfection-des-systemes-dextraction\/#primaryimage","url":"https:\/\/www.kbmedshop.ch\/wp-content\/uploads\/2025\/04\/orotol-desinfection-systemes-d-aspiration-orl-suisse.jpg","contentUrl":"https:\/\/www.kbmedshop.ch\/wp-content\/uploads\/2025\/04\/orotol-desinfection-systemes-d-aspiration-orl-suisse.jpg","width":458,"height":458,"caption":"OROTOL + d\u00e9sinfection des syst\u00e8mes d'extraction"},{"@type":"BreadcrumbList","@id":"https:\/\/www.kbmedshop.ch\/fr\/produit\/orotol-desinfection-des-systemes-dextraction\/#breadcrumb","itemListElement":[{"@type":"ListItem","position":1,"name":"Accueil","item":"https:\/\/www.kbmedshop.ch\/fr\/"},{"@type":"ListItem","position":2,"name":"Boutique","item":"https:\/\/www.kbmedshop.ch\/shop\/"},{"@type":"ListItem","position":3,"name":"OROTOL + d\u00e9sinfection des syst\u00e8mes d&#8217;extraction"}]},{"@type":"WebSite","@id":"https:\/\/www.kbmedshop.ch\/fr\/#website","url":"https:\/\/www.kbmedshop.ch\/fr\/","name":"Kbmed","description":"","potentialAction":[{"@type":"SearchAction","target":{"@type":"EntryPoint","urlTemplate":"https:\/\/www.kbmedshop.ch\/fr\/?s={search_term_string}"},"query-input":{"@type":"PropertyValueSpecification","valueRequired":true,"valueName":"search_term_string"}}],"inLanguage":"fr-FR"}]}},"_links":{"self":[{"href":"https:\/\/www.kbmedshop.ch\/fr\/wp-json\/wp\/v2\/product\/1572","targetHints":{"allow":["GET"]}}],"collection":[{"href":"https:\/\/www.kbmedshop.ch\/fr\/wp-json\/wp\/v2\/product"}],"about":[{"href":"https:\/\/www.kbmedshop.ch\/fr\/wp-json\/wp\/v2\/types\/product"}],"replies":[{"embeddable":true,"href":"https:\/\/www.kbmedshop.ch\/fr\/wp-json\/wp\/v2\/comments?post=1572"}],"wp:featuredmedia":[{"embeddable":true,"href":"https:\/\/www.kbmedshop.ch\/fr\/wp-json\/wp\/v2\/media\/945"}],"wp:attachment":[{"href":"https:\/\/www.kbmedshop.ch\/fr\/wp-json\/wp\/v2\/media?parent=1572"}],"wp:term":[{"taxonomy":"product_brand","embeddable":true,"href":"https:\/\/www.kbmedshop.ch\/fr\/wp-json\/wp\/v2\/product_brand?post=1572"},{"taxonomy":"product_cat","embeddable":true,"href":"https:\/\/www.kbmedshop.ch\/fr\/wp-json\/wp\/v2\/product_cat?post=1572"},{"taxonomy":"product_tag","embeddable":true,"href":"https:\/\/www.kbmedshop.ch\/fr\/wp-json\/wp\/v2\/product_tag?post=1572"}],"curies":[{"name":"wp","href":"https:\/\/api.w.org\/{rel}","templated":true}]}}