{"id":1570,"date":"2025-04-08T13:41:12","date_gmt":"2025-04-08T11:41:12","guid":{"rendered":"https:\/\/www.kbmedshop.ch\/?post_type=product&#038;p=1570"},"modified":"2025-05-20T15:08:04","modified_gmt":"2025-05-20T13:08:04","slug":"gigasept-ff-2-lt-desinfectant-pour-instruments-et-endoscopes","status":"publish","type":"product","link":"https:\/\/www.kbmedshop.ch\/fr\/produit\/gigasept-ff-2-lt-desinfectant-pour-instruments-et-endoscopes\/","title":{"rendered":"Gigasept FF 2 Lt. D\u00e9sinfectant pour instruments et endoscopes"},"content":{"rendered":"<p>Fonctionnalit\u00e9s:<\/p>\n<ul>\n<li>Contenance : bouteille de 2 litres.<\/li>\n<li>Formule : Sans formald\u00e9hyde, adapt\u00e9 aux mat\u00e9riaux sensibles.<\/li>\n<li>Applications : D\u00e9sinfection d&rsquo;instruments m\u00e9dicaux et d&rsquo;endoscopes.<\/li>\n<li>Efficacit\u00e9 : Action rapide et fiable pour une hygi\u00e8ne optimale.<\/li>\n<\/ul>\n<p>Applications:<\/p>\n<ul>\n<li>D\u00e9sinfection des endoscopes dans les cabinets m\u00e9dicaux et les h\u00f4pitaux.<\/li>\n<li>Nettoyage de dispositifs m\u00e9dicaux sensibles.<\/li>\n<li>Respect des normes d&rsquo;hygi\u00e8ne en milieu professionnel.<\/li>\n<\/ul>\n<p>Le Gigasept FF (nouveau) est la solution id\u00e9ale pour les professionnels de sant\u00e9 qui souhaitent allier efficacit\u00e9, s\u00e9curit\u00e9 et protection des mat\u00e9riaux.<\/p>\n","protected":false},"excerpt":{"rendered":"<p>Le d\u00e9sinfectant Gigasept FF (new) est une solution de haute qualit\u00e9 sp\u00e9cialement con\u00e7ue pour la d\u00e9sinfection des instruments m\u00e9dicaux et des endoscopes. Ce produit est sans formald\u00e9hyde et garantit une efficacit\u00e9 optimale tout en prot\u00e9geant les mat\u00e9riaux sensibles. Conditionn\u00e9 dans une bouteille de 2 litres, il est id\u00e9al pour un usage professionnel dans des environnements m\u00e9dicaux exigeants. Sa formule avanc\u00e9e assure une d\u00e9sinfection rapide et fiable, ce qui permet de maintenir des normes \u00e9lev\u00e9es d&rsquo;hygi\u00e8ne et de s\u00e9curit\u00e9.<\/p>\n<p>&nbsp;<\/p>\n<p>Code produit : 125502<\/p>\n","protected":false},"featured_media":949,"comment_status":"open","ping_status":"closed","template":"","meta":{"_acf_changed":false},"product_brand":[],"product_cat":[347,336],"product_tag":[],"class_list":{"0":"post-1570","1":"product","2":"type-product","3":"status-publish","4":"has-post-thumbnail","6":"product_cat-consommables-orl","7":"product_cat-orl-fr","9":"first","10":"instock","11":"taxable","12":"shipping-taxable","13":"purchasable","14":"product-type-simple"},"acf":[],"yoast_head":"<!-- This site is optimized with the Yoast SEO plugin v25.0 - https:\/\/yoast.com\/wordpress\/plugins\/seo\/ -->\n<title>Gigasept FF 2 Lt. D\u00e9sinfectant pour instruments et endoscopes - KB Med<\/title>\n<meta name=\"description\" content=\"Le Gigasept FF 2 Lt. est un d\u00e9sinfectant hautement efficace, con\u00e7u pour le nettoyage et la d\u00e9sinfection des instruments m\u00e9dicaux et endoscopes.\" \/>\n<meta name=\"robots\" content=\"index, follow, max-snippet:-1, max-image-preview:large, max-video-preview:-1\" \/>\n<link rel=\"canonical\" href=\"https:\/\/www.kbmedshop.ch\/fr\/produit\/gigasept-ff-2-lt-desinfectant-pour-instruments-et-endoscopes\/\" \/>\n<meta property=\"og:locale\" content=\"fr_FR\" \/>\n<meta property=\"og:type\" content=\"article\" \/>\n<meta property=\"og:title\" content=\"Gigasept FF 2 Lt. D\u00e9sinfectant pour instruments et endoscopes - KB Med\" \/>\n<meta property=\"og:description\" content=\"Le Gigasept FF 2 Lt. est un d\u00e9sinfectant hautement efficace, con\u00e7u pour le nettoyage et la d\u00e9sinfection des instruments m\u00e9dicaux et endoscopes.\" \/>\n<meta property=\"og:url\" content=\"https:\/\/www.kbmedshop.ch\/fr\/produit\/gigasept-ff-2-lt-desinfectant-pour-instruments-et-endoscopes\/\" \/>\n<meta property=\"og:site_name\" content=\"KB Med\" \/>\n<meta property=\"article:modified_time\" content=\"2025-05-20T13:08:04+00:00\" \/>\n<meta property=\"og:image\" content=\"https:\/\/www.kbmedshop.ch\/wp-content\/uploads\/2025\/04\/desinfectant-pour-instruments-endoscopes.jpg\" \/>\n\t<meta property=\"og:image:width\" content=\"458\" \/>\n\t<meta property=\"og:image:height\" content=\"458\" \/>\n\t<meta property=\"og:image:type\" content=\"image\/jpeg\" \/>\n<meta name=\"twitter:card\" content=\"summary_large_image\" \/>\n<meta name=\"twitter:label1\" content=\"Dur\u00e9e de lecture estim\u00e9e\" \/>\n\t<meta name=\"twitter:data1\" content=\"1 minute\" \/>\n<script type=\"application\/ld+json\" class=\"yoast-schema-graph\">{\"@context\":\"https:\/\/schema.org\",\"@graph\":[{\"@type\":\"WebPage\",\"@id\":\"https:\/\/www.kbmedshop.ch\/fr\/produit\/gigasept-ff-2-lt-desinfectant-pour-instruments-et-endoscopes\/\",\"url\":\"https:\/\/www.kbmedshop.ch\/fr\/produit\/gigasept-ff-2-lt-desinfectant-pour-instruments-et-endoscopes\/\",\"name\":\"Gigasept FF 2 Lt. D\u00e9sinfectant pour instruments et endoscopes - KB Med\",\"isPartOf\":{\"@id\":\"https:\/\/www.kbmedshop.ch\/fr\/#website\"},\"primaryImageOfPage\":{\"@id\":\"https:\/\/www.kbmedshop.ch\/fr\/produit\/gigasept-ff-2-lt-desinfectant-pour-instruments-et-endoscopes\/#primaryimage\"},\"image\":{\"@id\":\"https:\/\/www.kbmedshop.ch\/fr\/produit\/gigasept-ff-2-lt-desinfectant-pour-instruments-et-endoscopes\/#primaryimage\"},\"thumbnailUrl\":\"https:\/\/www.kbmedshop.ch\/wp-content\/uploads\/2025\/04\/desinfectant-pour-instruments-endoscopes.jpg\",\"datePublished\":\"2025-04-08T11:41:12+00:00\",\"dateModified\":\"2025-05-20T13:08:04+00:00\",\"description\":\"Le Gigasept FF 2 Lt. est un d\u00e9sinfectant hautement efficace, con\u00e7u pour le nettoyage et la d\u00e9sinfection des instruments m\u00e9dicaux et endoscopes.\",\"breadcrumb\":{\"@id\":\"https:\/\/www.kbmedshop.ch\/fr\/produit\/gigasept-ff-2-lt-desinfectant-pour-instruments-et-endoscopes\/#breadcrumb\"},\"inLanguage\":\"fr-FR\",\"potentialAction\":[{\"@type\":\"ReadAction\",\"target\":[\"https:\/\/www.kbmedshop.ch\/fr\/produit\/gigasept-ff-2-lt-desinfectant-pour-instruments-et-endoscopes\/\"]}]},{\"@type\":\"ImageObject\",\"inLanguage\":\"fr-FR\",\"@id\":\"https:\/\/www.kbmedshop.ch\/fr\/produit\/gigasept-ff-2-lt-desinfectant-pour-instruments-et-endoscopes\/#primaryimage\",\"url\":\"https:\/\/www.kbmedshop.ch\/wp-content\/uploads\/2025\/04\/desinfectant-pour-instruments-endoscopes.jpg\",\"contentUrl\":\"https:\/\/www.kbmedshop.ch\/wp-content\/uploads\/2025\/04\/desinfectant-pour-instruments-endoscopes.jpg\",\"width\":458,\"height\":458,\"caption\":\"Gigasept FF 2 Lt. D\u00e9sinfectant pour instruments et endoscopes\"},{\"@type\":\"BreadcrumbList\",\"@id\":\"https:\/\/www.kbmedshop.ch\/fr\/produit\/gigasept-ff-2-lt-desinfectant-pour-instruments-et-endoscopes\/#breadcrumb\",\"itemListElement\":[{\"@type\":\"ListItem\",\"position\":1,\"name\":\"Accueil\",\"item\":\"https:\/\/www.kbmedshop.ch\/fr\/\"},{\"@type\":\"ListItem\",\"position\":2,\"name\":\"Boutique\",\"item\":\"https:\/\/www.kbmedshop.ch\/shop\/\"},{\"@type\":\"ListItem\",\"position\":3,\"name\":\"Gigasept FF 2 Lt. D\u00e9sinfectant pour instruments et endoscopes\"}]},{\"@type\":\"WebSite\",\"@id\":\"https:\/\/www.kbmedshop.ch\/fr\/#website\",\"url\":\"https:\/\/www.kbmedshop.ch\/fr\/\",\"name\":\"Kbmed\",\"description\":\"\",\"potentialAction\":[{\"@type\":\"SearchAction\",\"target\":{\"@type\":\"EntryPoint\",\"urlTemplate\":\"https:\/\/www.kbmedshop.ch\/fr\/?s={search_term_string}\"},\"query-input\":{\"@type\":\"PropertyValueSpecification\",\"valueRequired\":true,\"valueName\":\"search_term_string\"}}],\"inLanguage\":\"fr-FR\"}]}<\/script>\n<!-- \/ Yoast SEO plugin. -->","yoast_head_json":{"title":"Gigasept FF 2 Lt. D\u00e9sinfectant pour instruments et endoscopes - KB Med","description":"Le Gigasept FF 2 Lt. est un d\u00e9sinfectant hautement efficace, con\u00e7u pour le nettoyage et la d\u00e9sinfection des instruments m\u00e9dicaux et endoscopes.","robots":{"index":"index","follow":"follow","max-snippet":"max-snippet:-1","max-image-preview":"max-image-preview:large","max-video-preview":"max-video-preview:-1"},"canonical":"https:\/\/www.kbmedshop.ch\/fr\/produit\/gigasept-ff-2-lt-desinfectant-pour-instruments-et-endoscopes\/","og_locale":"fr_FR","og_type":"article","og_title":"Gigasept FF 2 Lt. D\u00e9sinfectant pour instruments et endoscopes - KB Med","og_description":"Le Gigasept FF 2 Lt. est un d\u00e9sinfectant hautement efficace, con\u00e7u pour le nettoyage et la d\u00e9sinfection des instruments m\u00e9dicaux et endoscopes.","og_url":"https:\/\/www.kbmedshop.ch\/fr\/produit\/gigasept-ff-2-lt-desinfectant-pour-instruments-et-endoscopes\/","og_site_name":"KB Med","article_modified_time":"2025-05-20T13:08:04+00:00","og_image":[{"width":458,"height":458,"url":"https:\/\/www.kbmedshop.ch\/wp-content\/uploads\/2025\/04\/desinfectant-pour-instruments-endoscopes.jpg","type":"image\/jpeg"}],"twitter_card":"summary_large_image","twitter_misc":{"Dur\u00e9e de lecture estim\u00e9e":"1 minute"},"schema":{"@context":"https:\/\/schema.org","@graph":[{"@type":"WebPage","@id":"https:\/\/www.kbmedshop.ch\/fr\/produit\/gigasept-ff-2-lt-desinfectant-pour-instruments-et-endoscopes\/","url":"https:\/\/www.kbmedshop.ch\/fr\/produit\/gigasept-ff-2-lt-desinfectant-pour-instruments-et-endoscopes\/","name":"Gigasept FF 2 Lt. D\u00e9sinfectant pour instruments et endoscopes - KB Med","isPartOf":{"@id":"https:\/\/www.kbmedshop.ch\/fr\/#website"},"primaryImageOfPage":{"@id":"https:\/\/www.kbmedshop.ch\/fr\/produit\/gigasept-ff-2-lt-desinfectant-pour-instruments-et-endoscopes\/#primaryimage"},"image":{"@id":"https:\/\/www.kbmedshop.ch\/fr\/produit\/gigasept-ff-2-lt-desinfectant-pour-instruments-et-endoscopes\/#primaryimage"},"thumbnailUrl":"https:\/\/www.kbmedshop.ch\/wp-content\/uploads\/2025\/04\/desinfectant-pour-instruments-endoscopes.jpg","datePublished":"2025-04-08T11:41:12+00:00","dateModified":"2025-05-20T13:08:04+00:00","description":"Le Gigasept FF 2 Lt. est un d\u00e9sinfectant hautement efficace, con\u00e7u pour le nettoyage et la d\u00e9sinfection des instruments m\u00e9dicaux et endoscopes.","breadcrumb":{"@id":"https:\/\/www.kbmedshop.ch\/fr\/produit\/gigasept-ff-2-lt-desinfectant-pour-instruments-et-endoscopes\/#breadcrumb"},"inLanguage":"fr-FR","potentialAction":[{"@type":"ReadAction","target":["https:\/\/www.kbmedshop.ch\/fr\/produit\/gigasept-ff-2-lt-desinfectant-pour-instruments-et-endoscopes\/"]}]},{"@type":"ImageObject","inLanguage":"fr-FR","@id":"https:\/\/www.kbmedshop.ch\/fr\/produit\/gigasept-ff-2-lt-desinfectant-pour-instruments-et-endoscopes\/#primaryimage","url":"https:\/\/www.kbmedshop.ch\/wp-content\/uploads\/2025\/04\/desinfectant-pour-instruments-endoscopes.jpg","contentUrl":"https:\/\/www.kbmedshop.ch\/wp-content\/uploads\/2025\/04\/desinfectant-pour-instruments-endoscopes.jpg","width":458,"height":458,"caption":"Gigasept FF 2 Lt. D\u00e9sinfectant pour instruments et endoscopes"},{"@type":"BreadcrumbList","@id":"https:\/\/www.kbmedshop.ch\/fr\/produit\/gigasept-ff-2-lt-desinfectant-pour-instruments-et-endoscopes\/#breadcrumb","itemListElement":[{"@type":"ListItem","position":1,"name":"Accueil","item":"https:\/\/www.kbmedshop.ch\/fr\/"},{"@type":"ListItem","position":2,"name":"Boutique","item":"https:\/\/www.kbmedshop.ch\/shop\/"},{"@type":"ListItem","position":3,"name":"Gigasept FF 2 Lt. D\u00e9sinfectant pour instruments et endoscopes"}]},{"@type":"WebSite","@id":"https:\/\/www.kbmedshop.ch\/fr\/#website","url":"https:\/\/www.kbmedshop.ch\/fr\/","name":"Kbmed","description":"","potentialAction":[{"@type":"SearchAction","target":{"@type":"EntryPoint","urlTemplate":"https:\/\/www.kbmedshop.ch\/fr\/?s={search_term_string}"},"query-input":{"@type":"PropertyValueSpecification","valueRequired":true,"valueName":"search_term_string"}}],"inLanguage":"fr-FR"}]}},"_links":{"self":[{"href":"https:\/\/www.kbmedshop.ch\/fr\/wp-json\/wp\/v2\/product\/1570","targetHints":{"allow":["GET"]}}],"collection":[{"href":"https:\/\/www.kbmedshop.ch\/fr\/wp-json\/wp\/v2\/product"}],"about":[{"href":"https:\/\/www.kbmedshop.ch\/fr\/wp-json\/wp\/v2\/types\/product"}],"replies":[{"embeddable":true,"href":"https:\/\/www.kbmedshop.ch\/fr\/wp-json\/wp\/v2\/comments?post=1570"}],"wp:featuredmedia":[{"embeddable":true,"href":"https:\/\/www.kbmedshop.ch\/fr\/wp-json\/wp\/v2\/media\/949"}],"wp:attachment":[{"href":"https:\/\/www.kbmedshop.ch\/fr\/wp-json\/wp\/v2\/media?parent=1570"}],"wp:term":[{"taxonomy":"product_brand","embeddable":true,"href":"https:\/\/www.kbmedshop.ch\/fr\/wp-json\/wp\/v2\/product_brand?post=1570"},{"taxonomy":"product_cat","embeddable":true,"href":"https:\/\/www.kbmedshop.ch\/fr\/wp-json\/wp\/v2\/product_cat?post=1570"},{"taxonomy":"product_tag","embeddable":true,"href":"https:\/\/www.kbmedshop.ch\/fr\/wp-json\/wp\/v2\/product_tag?post=1570"}],"curies":[{"name":"wp","href":"https:\/\/api.w.org\/{rel}","templated":true}]}}