{"id":1566,"date":"2025-04-08T13:49:55","date_gmt":"2025-04-08T11:49:55","guid":{"rendered":"https:\/\/www.kbmedshop.ch\/?post_type=product&#038;p=1566"},"modified":"2025-05-20T15:00:23","modified_gmt":"2025-05-20T13:00:23","slug":"desinfectants-pour-instruments-et-endoscopes","status":"publish","type":"product","link":"https:\/\/www.kbmedshop.ch\/fr\/produit\/desinfectants-pour-instruments-et-endoscopes\/","title":{"rendered":"D\u00e9sinfectants pour instruments et endoscopes"},"content":{"rendered":"<p>Fonctionnalit\u00e9s:<\/p>\n<ul>\n<li>Contenance : seau de 6 kg (poudre).<\/li>\n<li>Formule : Agr\u00e9gat enti\u00e8rement soluble pour une efficacit\u00e9 maximale.<\/li>\n<li>Applications : Nettoyage et d\u00e9sinfection d&rsquo;instruments m\u00e9dicaux et d&rsquo;endoscopes flexibles.<\/li>\n<li>Adaptabilit\u00e9 : Convient aux mat\u00e9riaux d\u00e9licats tels que le chrome-nickel et les plastiques.<\/li>\n<\/ul>\n<p>Applications:<\/p>\n<ul>\n<li>D\u00e9sinfection des endoscopes souples et des instruments m\u00e9dicaux dans les cabinets et les h\u00f4pitaux.<\/li>\n<li>Nettoyage en profondeur pour assurer une hygi\u00e8ne irr\u00e9prochable.<\/li>\n<li>Utilis\u00e9 en anesth\u00e9sie, en urologie, en chirurgie et en dentisterie.<\/li>\n<\/ul>\n<p>Le Sekusept Aktiv est la solution id\u00e9ale pour les professionnels de sant\u00e9 qui souhaitent allier efficacit\u00e9, s\u00e9curit\u00e9 et respect des mat\u00e9riaux sensibles tout en r\u00e9pondant aux exigences des environnements m\u00e9dicaux intensifs.<\/p>\n","protected":false},"excerpt":{"rendered":"<p>Le d\u00e9sinfectant actif Sekusept d&rsquo;Ecolab est une solution en poudre tr\u00e8s efficace pour le nettoyage et la d\u00e9sinfection des instruments m\u00e9dicaux et des endoscopes. Adapt\u00e9 aux instruments souples et aux mat\u00e9riaux d\u00e9licats, ce produit garantit une hygi\u00e8ne optimale tout en r\u00e9pondant aux normes m\u00e9dicales les plus \u00e9lev\u00e9es. Sa formule enti\u00e8rement soluble permet une application facile et rapide, id\u00e9ale pour les environnements professionnels exigeants. Emball\u00e9 dans un seau de 6 kg, Sekusept Active est parfait pour une utilisation r\u00e9guli\u00e8re \u00e0 grande \u00e9chelle.<\/p>\n<p>&nbsp;<\/p>\n<p>Code produit : 3050570<\/p>\n","protected":false},"featured_media":0,"comment_status":"open","ping_status":"closed","template":"","meta":{"_acf_changed":false},"product_brand":[],"product_cat":[347,336],"product_tag":[],"class_list":{"0":"post-1566","1":"product","2":"type-product","3":"status-publish","5":"product_cat-consommables-orl","6":"product_cat-orl-fr","8":"first","9":"instock","10":"taxable","11":"shipping-taxable","12":"purchasable","13":"product-type-simple"},"acf":[],"yoast_head":"<!-- This site is optimized with the Yoast SEO plugin v25.0 - https:\/\/yoast.com\/wordpress\/plugins\/seo\/ -->\n<title>D\u00e9sinfectants pour instruments et endoscopes - KB Med<\/title>\n<meta name=\"description\" content=\"Ce d\u00e9sinfectant est sp\u00e9cialement con\u00e7u pour le nettoyage et la d\u00e9sinfection des instruments m\u00e9dicaux et endoscopes, garantissant une hygi\u00e8ne optimale.\" \/>\n<meta name=\"robots\" content=\"index, follow, max-snippet:-1, max-image-preview:large, max-video-preview:-1\" \/>\n<link rel=\"canonical\" href=\"https:\/\/www.kbmedshop.ch\/fr\/produit\/desinfectants-pour-instruments-et-endoscopes\/\" \/>\n<meta property=\"og:locale\" content=\"fr_FR\" \/>\n<meta property=\"og:type\" content=\"article\" \/>\n<meta property=\"og:title\" content=\"D\u00e9sinfectants pour instruments et endoscopes - KB Med\" \/>\n<meta property=\"og:description\" content=\"Ce d\u00e9sinfectant est sp\u00e9cialement con\u00e7u pour le nettoyage et la d\u00e9sinfection des instruments m\u00e9dicaux et endoscopes, garantissant une hygi\u00e8ne optimale.\" \/>\n<meta property=\"og:url\" content=\"https:\/\/www.kbmedshop.ch\/fr\/produit\/desinfectants-pour-instruments-et-endoscopes\/\" \/>\n<meta property=\"og:site_name\" content=\"KB Med\" \/>\n<meta property=\"article:modified_time\" content=\"2025-05-20T13:00:23+00:00\" \/>\n<meta name=\"twitter:card\" content=\"summary_large_image\" \/>\n<meta name=\"twitter:label1\" content=\"Dur\u00e9e de lecture estim\u00e9e\" \/>\n\t<meta name=\"twitter:data1\" content=\"1 minute\" \/>\n<script type=\"application\/ld+json\" class=\"yoast-schema-graph\">{\"@context\":\"https:\/\/schema.org\",\"@graph\":[{\"@type\":\"WebPage\",\"@id\":\"https:\/\/www.kbmedshop.ch\/fr\/produit\/desinfectants-pour-instruments-et-endoscopes\/\",\"url\":\"https:\/\/www.kbmedshop.ch\/fr\/produit\/desinfectants-pour-instruments-et-endoscopes\/\",\"name\":\"D\u00e9sinfectants pour instruments et endoscopes - KB Med\",\"isPartOf\":{\"@id\":\"https:\/\/www.kbmedshop.ch\/fr\/#website\"},\"datePublished\":\"2025-04-08T11:49:55+00:00\",\"dateModified\":\"2025-05-20T13:00:23+00:00\",\"description\":\"Ce d\u00e9sinfectant est sp\u00e9cialement con\u00e7u pour le nettoyage et la d\u00e9sinfection des instruments m\u00e9dicaux et endoscopes, garantissant une hygi\u00e8ne optimale.\",\"breadcrumb\":{\"@id\":\"https:\/\/www.kbmedshop.ch\/fr\/produit\/desinfectants-pour-instruments-et-endoscopes\/#breadcrumb\"},\"inLanguage\":\"fr-FR\",\"potentialAction\":[{\"@type\":\"ReadAction\",\"target\":[\"https:\/\/www.kbmedshop.ch\/fr\/produit\/desinfectants-pour-instruments-et-endoscopes\/\"]}]},{\"@type\":\"BreadcrumbList\",\"@id\":\"https:\/\/www.kbmedshop.ch\/fr\/produit\/desinfectants-pour-instruments-et-endoscopes\/#breadcrumb\",\"itemListElement\":[{\"@type\":\"ListItem\",\"position\":1,\"name\":\"Accueil\",\"item\":\"https:\/\/www.kbmedshop.ch\/fr\/\"},{\"@type\":\"ListItem\",\"position\":2,\"name\":\"Boutique\",\"item\":\"https:\/\/www.kbmedshop.ch\/shop\/\"},{\"@type\":\"ListItem\",\"position\":3,\"name\":\"D\u00e9sinfectants pour instruments et endoscopes\"}]},{\"@type\":\"WebSite\",\"@id\":\"https:\/\/www.kbmedshop.ch\/fr\/#website\",\"url\":\"https:\/\/www.kbmedshop.ch\/fr\/\",\"name\":\"Kbmed\",\"description\":\"\",\"potentialAction\":[{\"@type\":\"SearchAction\",\"target\":{\"@type\":\"EntryPoint\",\"urlTemplate\":\"https:\/\/www.kbmedshop.ch\/fr\/?s={search_term_string}\"},\"query-input\":{\"@type\":\"PropertyValueSpecification\",\"valueRequired\":true,\"valueName\":\"search_term_string\"}}],\"inLanguage\":\"fr-FR\"}]}<\/script>\n<!-- \/ Yoast SEO plugin. -->","yoast_head_json":{"title":"D\u00e9sinfectants pour instruments et endoscopes - KB Med","description":"Ce d\u00e9sinfectant est sp\u00e9cialement con\u00e7u pour le nettoyage et la d\u00e9sinfection des instruments m\u00e9dicaux et endoscopes, garantissant une hygi\u00e8ne optimale.","robots":{"index":"index","follow":"follow","max-snippet":"max-snippet:-1","max-image-preview":"max-image-preview:large","max-video-preview":"max-video-preview:-1"},"canonical":"https:\/\/www.kbmedshop.ch\/fr\/produit\/desinfectants-pour-instruments-et-endoscopes\/","og_locale":"fr_FR","og_type":"article","og_title":"D\u00e9sinfectants pour instruments et endoscopes - KB Med","og_description":"Ce d\u00e9sinfectant est sp\u00e9cialement con\u00e7u pour le nettoyage et la d\u00e9sinfection des instruments m\u00e9dicaux et endoscopes, garantissant une hygi\u00e8ne optimale.","og_url":"https:\/\/www.kbmedshop.ch\/fr\/produit\/desinfectants-pour-instruments-et-endoscopes\/","og_site_name":"KB Med","article_modified_time":"2025-05-20T13:00:23+00:00","twitter_card":"summary_large_image","twitter_misc":{"Dur\u00e9e de lecture estim\u00e9e":"1 minute"},"schema":{"@context":"https:\/\/schema.org","@graph":[{"@type":"WebPage","@id":"https:\/\/www.kbmedshop.ch\/fr\/produit\/desinfectants-pour-instruments-et-endoscopes\/","url":"https:\/\/www.kbmedshop.ch\/fr\/produit\/desinfectants-pour-instruments-et-endoscopes\/","name":"D\u00e9sinfectants pour instruments et endoscopes - KB Med","isPartOf":{"@id":"https:\/\/www.kbmedshop.ch\/fr\/#website"},"datePublished":"2025-04-08T11:49:55+00:00","dateModified":"2025-05-20T13:00:23+00:00","description":"Ce d\u00e9sinfectant est sp\u00e9cialement con\u00e7u pour le nettoyage et la d\u00e9sinfection des instruments m\u00e9dicaux et endoscopes, garantissant une hygi\u00e8ne optimale.","breadcrumb":{"@id":"https:\/\/www.kbmedshop.ch\/fr\/produit\/desinfectants-pour-instruments-et-endoscopes\/#breadcrumb"},"inLanguage":"fr-FR","potentialAction":[{"@type":"ReadAction","target":["https:\/\/www.kbmedshop.ch\/fr\/produit\/desinfectants-pour-instruments-et-endoscopes\/"]}]},{"@type":"BreadcrumbList","@id":"https:\/\/www.kbmedshop.ch\/fr\/produit\/desinfectants-pour-instruments-et-endoscopes\/#breadcrumb","itemListElement":[{"@type":"ListItem","position":1,"name":"Accueil","item":"https:\/\/www.kbmedshop.ch\/fr\/"},{"@type":"ListItem","position":2,"name":"Boutique","item":"https:\/\/www.kbmedshop.ch\/shop\/"},{"@type":"ListItem","position":3,"name":"D\u00e9sinfectants pour instruments et endoscopes"}]},{"@type":"WebSite","@id":"https:\/\/www.kbmedshop.ch\/fr\/#website","url":"https:\/\/www.kbmedshop.ch\/fr\/","name":"Kbmed","description":"","potentialAction":[{"@type":"SearchAction","target":{"@type":"EntryPoint","urlTemplate":"https:\/\/www.kbmedshop.ch\/fr\/?s={search_term_string}"},"query-input":{"@type":"PropertyValueSpecification","valueRequired":true,"valueName":"search_term_string"}}],"inLanguage":"fr-FR"}]}},"_links":{"self":[{"href":"https:\/\/www.kbmedshop.ch\/fr\/wp-json\/wp\/v2\/product\/1566","targetHints":{"allow":["GET"]}}],"collection":[{"href":"https:\/\/www.kbmedshop.ch\/fr\/wp-json\/wp\/v2\/product"}],"about":[{"href":"https:\/\/www.kbmedshop.ch\/fr\/wp-json\/wp\/v2\/types\/product"}],"replies":[{"embeddable":true,"href":"https:\/\/www.kbmedshop.ch\/fr\/wp-json\/wp\/v2\/comments?post=1566"}],"wp:attachment":[{"href":"https:\/\/www.kbmedshop.ch\/fr\/wp-json\/wp\/v2\/media?parent=1566"}],"wp:term":[{"taxonomy":"product_brand","embeddable":true,"href":"https:\/\/www.kbmedshop.ch\/fr\/wp-json\/wp\/v2\/product_brand?post=1566"},{"taxonomy":"product_cat","embeddable":true,"href":"https:\/\/www.kbmedshop.ch\/fr\/wp-json\/wp\/v2\/product_cat?post=1566"},{"taxonomy":"product_tag","embeddable":true,"href":"https:\/\/www.kbmedshop.ch\/fr\/wp-json\/wp\/v2\/product_tag?post=1566"}],"curies":[{"name":"wp","href":"https:\/\/api.w.org\/{rel}","templated":true}]}}