{"id":1557,"date":"2025-04-08T13:56:41","date_gmt":"2025-04-08T11:56:41","guid":{"rendered":"https:\/\/www.kbmedshop.ch\/?post_type=product&#038;p=1557"},"modified":"2025-05-26T08:41:23","modified_gmt":"2025-05-26T06:41:23","slug":"emag-desinfectants-pour-instruments","status":"publish","type":"product","link":"https:\/\/www.kbmedshop.ch\/fr\/produit\/emag-desinfectants-pour-instruments\/","title":{"rendered":"EMAG D\u00e9sinfectants pour instruments"},"content":{"rendered":"<p>Fonctionnalit\u00e9s:<\/p>\n<ul>\n<li>Application\u00a0: Nettoyage de proth\u00e8ses, d&rsquo;\u00e9quipements et d&rsquo;instruments m\u00e9dicaux.<\/li>\n<li>Compatibilit\u00e9\u00a0: Convient aux mat\u00e9riaux tels que l&rsquo;acier inoxydable, les m\u00e9taux pr\u00e9cieux, la porcelaine, le verre et le plastique.<\/li>\n<li>Efficacit\u00e9 : \u00c9limine les impuret\u00e9s, les r\u00e9sidus de ciment et de pl\u00e2tre.<\/li>\n<li>Applications\u00a0: Convient aux environnements m\u00e9dicaux et dentaires.<\/li>\n<\/ul>\n<p>Applications:<\/p>\n<ul>\n<li>Nettoyage de proth\u00e8ses et de dispositifs m\u00e9dicaux.<\/li>\n<li>Maintenance d&rsquo;instruments en mat\u00e9riaux sensibles.<\/li>\n<li>\u00c9limination des r\u00e9sidus tenaces tels que le ciment et le pl\u00e2tre.<\/li>\n<\/ul>\n<p>Le d\u00e9sinfectant EMAG EM-070 est la solution id\u00e9ale pour le personnel m\u00e9dical et de laboratoire qui souhaite assurer une hygi\u00e8ne irr\u00e9prochable tout en prot\u00e9geant son mat\u00e9riel.<\/p>\n","protected":false},"excerpt":{"rendered":"<p>Le d\u00e9sinfectant pour instruments EMAG EM-070 est une solution polyvalente et efficace qui a \u00e9t\u00e9 sp\u00e9cialement d\u00e9velopp\u00e9e pour l&rsquo;\u00e9limination des contaminants des proth\u00e8ses et des dispositifs m\u00e9dicaux. Il convient \u00e9galement pour le nettoyage de pi\u00e8ces en acier inoxydable, en m\u00e9taux pr\u00e9cieux, en porcelaine, en verre et en plastique. Gr\u00e2ce \u00e0 sa formule avanc\u00e9e, ce produit permet m\u00eame d&rsquo;\u00e9liminer les r\u00e9sidus de ciment et de pl\u00e2tre, garantissant ainsi une propret\u00e9 optimale. Id\u00e9al pour les environnements professionnels tels que les cabinets dentaires, les laboratoires et les h\u00f4pitaux, il offre une solution compl\u00e8te pour le nettoyage et l&rsquo;entretien des instruments sensibles.<\/p>\n<p>&nbsp;<\/p>\n<p>Code produit : EM-070<\/p>\n","protected":false},"featured_media":970,"comment_status":"open","ping_status":"closed","template":"","meta":{"_acf_changed":false},"product_brand":[],"product_cat":[347,336],"product_tag":[],"class_list":{"0":"post-1557","1":"product","2":"type-product","3":"status-publish","4":"has-post-thumbnail","6":"product_cat-consommables-orl","7":"product_cat-orl-fr","9":"first","10":"instock","11":"taxable","12":"shipping-taxable","13":"product-type-simple"},"acf":[],"yoast_head":"<!-- This site is optimized with the Yoast SEO plugin v25.0 - https:\/\/yoast.com\/wordpress\/plugins\/seo\/ -->\n<title>EMAG D\u00e9sinfectants pour instruments - KB Med<\/title>\n<meta name=\"description\" content=\"Le d\u00e9sinfectant pour instruments EMAG est sp\u00e9cialement con\u00e7u pour un nettoyage et une d\u00e9sinfection efficaces des instruments m\u00e9dicaux en toute s\u00e9curit\u00e9.\" \/>\n<meta name=\"robots\" content=\"index, follow, max-snippet:-1, max-image-preview:large, max-video-preview:-1\" \/>\n<link rel=\"canonical\" href=\"https:\/\/www.kbmedshop.ch\/fr\/produit\/emag-desinfectants-pour-instruments\/\" \/>\n<meta property=\"og:locale\" content=\"fr_FR\" \/>\n<meta property=\"og:type\" content=\"article\" \/>\n<meta property=\"og:title\" content=\"EMAG D\u00e9sinfectants pour instruments - KB Med\" \/>\n<meta property=\"og:description\" content=\"Le d\u00e9sinfectant pour instruments EMAG est sp\u00e9cialement con\u00e7u pour un nettoyage et une d\u00e9sinfection efficaces des instruments m\u00e9dicaux en toute s\u00e9curit\u00e9.\" \/>\n<meta property=\"og:url\" content=\"https:\/\/www.kbmedshop.ch\/fr\/produit\/emag-desinfectants-pour-instruments\/\" \/>\n<meta property=\"og:site_name\" content=\"KB Med\" \/>\n<meta property=\"article:modified_time\" content=\"2025-05-26T06:41:23+00:00\" \/>\n<meta property=\"og:image\" content=\"https:\/\/www.kbmedshop.ch\/wp-content\/uploads\/2025\/04\/desinfectant-pour-instruments.jpg\" \/>\n\t<meta property=\"og:image:width\" content=\"458\" \/>\n\t<meta property=\"og:image:height\" content=\"458\" \/>\n\t<meta property=\"og:image:type\" content=\"image\/jpeg\" \/>\n<meta name=\"twitter:card\" content=\"summary_large_image\" \/>\n<meta name=\"twitter:label1\" content=\"Dur\u00e9e de lecture estim\u00e9e\" \/>\n\t<meta name=\"twitter:data1\" content=\"1 minute\" \/>\n<script type=\"application\/ld+json\" class=\"yoast-schema-graph\">{\"@context\":\"https:\/\/schema.org\",\"@graph\":[{\"@type\":\"WebPage\",\"@id\":\"https:\/\/www.kbmedshop.ch\/fr\/produit\/emag-desinfectants-pour-instruments\/\",\"url\":\"https:\/\/www.kbmedshop.ch\/fr\/produit\/emag-desinfectants-pour-instruments\/\",\"name\":\"EMAG D\u00e9sinfectants pour instruments - KB Med\",\"isPartOf\":{\"@id\":\"https:\/\/www.kbmedshop.ch\/fr\/#website\"},\"primaryImageOfPage\":{\"@id\":\"https:\/\/www.kbmedshop.ch\/fr\/produit\/emag-desinfectants-pour-instruments\/#primaryimage\"},\"image\":{\"@id\":\"https:\/\/www.kbmedshop.ch\/fr\/produit\/emag-desinfectants-pour-instruments\/#primaryimage\"},\"thumbnailUrl\":\"https:\/\/www.kbmedshop.ch\/wp-content\/uploads\/2025\/04\/desinfectant-pour-instruments.jpg\",\"datePublished\":\"2025-04-08T11:56:41+00:00\",\"dateModified\":\"2025-05-26T06:41:23+00:00\",\"description\":\"Le d\u00e9sinfectant pour instruments EMAG est sp\u00e9cialement con\u00e7u pour un nettoyage et une d\u00e9sinfection efficaces des instruments m\u00e9dicaux en toute s\u00e9curit\u00e9.\",\"breadcrumb\":{\"@id\":\"https:\/\/www.kbmedshop.ch\/fr\/produit\/emag-desinfectants-pour-instruments\/#breadcrumb\"},\"inLanguage\":\"fr-FR\",\"potentialAction\":[{\"@type\":\"ReadAction\",\"target\":[\"https:\/\/www.kbmedshop.ch\/fr\/produit\/emag-desinfectants-pour-instruments\/\"]}]},{\"@type\":\"ImageObject\",\"inLanguage\":\"fr-FR\",\"@id\":\"https:\/\/www.kbmedshop.ch\/fr\/produit\/emag-desinfectants-pour-instruments\/#primaryimage\",\"url\":\"https:\/\/www.kbmedshop.ch\/wp-content\/uploads\/2025\/04\/desinfectant-pour-instruments.jpg\",\"contentUrl\":\"https:\/\/www.kbmedshop.ch\/wp-content\/uploads\/2025\/04\/desinfectant-pour-instruments.jpg\",\"width\":458,\"height\":458,\"caption\":\"EMAG D\u00e9sinfectants pour instruments\"},{\"@type\":\"BreadcrumbList\",\"@id\":\"https:\/\/www.kbmedshop.ch\/fr\/produit\/emag-desinfectants-pour-instruments\/#breadcrumb\",\"itemListElement\":[{\"@type\":\"ListItem\",\"position\":1,\"name\":\"Accueil\",\"item\":\"https:\/\/www.kbmedshop.ch\/fr\/\"},{\"@type\":\"ListItem\",\"position\":2,\"name\":\"Boutique\",\"item\":\"https:\/\/www.kbmedshop.ch\/shop\/\"},{\"@type\":\"ListItem\",\"position\":3,\"name\":\"EMAG D\u00e9sinfectants pour instruments\"}]},{\"@type\":\"WebSite\",\"@id\":\"https:\/\/www.kbmedshop.ch\/fr\/#website\",\"url\":\"https:\/\/www.kbmedshop.ch\/fr\/\",\"name\":\"Kbmed\",\"description\":\"\",\"potentialAction\":[{\"@type\":\"SearchAction\",\"target\":{\"@type\":\"EntryPoint\",\"urlTemplate\":\"https:\/\/www.kbmedshop.ch\/fr\/?s={search_term_string}\"},\"query-input\":{\"@type\":\"PropertyValueSpecification\",\"valueRequired\":true,\"valueName\":\"search_term_string\"}}],\"inLanguage\":\"fr-FR\"}]}<\/script>\n<!-- \/ Yoast SEO plugin. -->","yoast_head_json":{"title":"EMAG D\u00e9sinfectants pour instruments - KB Med","description":"Le d\u00e9sinfectant pour instruments EMAG est sp\u00e9cialement con\u00e7u pour un nettoyage et une d\u00e9sinfection efficaces des instruments m\u00e9dicaux en toute s\u00e9curit\u00e9.","robots":{"index":"index","follow":"follow","max-snippet":"max-snippet:-1","max-image-preview":"max-image-preview:large","max-video-preview":"max-video-preview:-1"},"canonical":"https:\/\/www.kbmedshop.ch\/fr\/produit\/emag-desinfectants-pour-instruments\/","og_locale":"fr_FR","og_type":"article","og_title":"EMAG D\u00e9sinfectants pour instruments - KB Med","og_description":"Le d\u00e9sinfectant pour instruments EMAG est sp\u00e9cialement con\u00e7u pour un nettoyage et une d\u00e9sinfection efficaces des instruments m\u00e9dicaux en toute s\u00e9curit\u00e9.","og_url":"https:\/\/www.kbmedshop.ch\/fr\/produit\/emag-desinfectants-pour-instruments\/","og_site_name":"KB Med","article_modified_time":"2025-05-26T06:41:23+00:00","og_image":[{"width":458,"height":458,"url":"https:\/\/www.kbmedshop.ch\/wp-content\/uploads\/2025\/04\/desinfectant-pour-instruments.jpg","type":"image\/jpeg"}],"twitter_card":"summary_large_image","twitter_misc":{"Dur\u00e9e de lecture estim\u00e9e":"1 minute"},"schema":{"@context":"https:\/\/schema.org","@graph":[{"@type":"WebPage","@id":"https:\/\/www.kbmedshop.ch\/fr\/produit\/emag-desinfectants-pour-instruments\/","url":"https:\/\/www.kbmedshop.ch\/fr\/produit\/emag-desinfectants-pour-instruments\/","name":"EMAG D\u00e9sinfectants pour instruments - KB Med","isPartOf":{"@id":"https:\/\/www.kbmedshop.ch\/fr\/#website"},"primaryImageOfPage":{"@id":"https:\/\/www.kbmedshop.ch\/fr\/produit\/emag-desinfectants-pour-instruments\/#primaryimage"},"image":{"@id":"https:\/\/www.kbmedshop.ch\/fr\/produit\/emag-desinfectants-pour-instruments\/#primaryimage"},"thumbnailUrl":"https:\/\/www.kbmedshop.ch\/wp-content\/uploads\/2025\/04\/desinfectant-pour-instruments.jpg","datePublished":"2025-04-08T11:56:41+00:00","dateModified":"2025-05-26T06:41:23+00:00","description":"Le d\u00e9sinfectant pour instruments EMAG est sp\u00e9cialement con\u00e7u pour un nettoyage et une d\u00e9sinfection efficaces des instruments m\u00e9dicaux en toute s\u00e9curit\u00e9.","breadcrumb":{"@id":"https:\/\/www.kbmedshop.ch\/fr\/produit\/emag-desinfectants-pour-instruments\/#breadcrumb"},"inLanguage":"fr-FR","potentialAction":[{"@type":"ReadAction","target":["https:\/\/www.kbmedshop.ch\/fr\/produit\/emag-desinfectants-pour-instruments\/"]}]},{"@type":"ImageObject","inLanguage":"fr-FR","@id":"https:\/\/www.kbmedshop.ch\/fr\/produit\/emag-desinfectants-pour-instruments\/#primaryimage","url":"https:\/\/www.kbmedshop.ch\/wp-content\/uploads\/2025\/04\/desinfectant-pour-instruments.jpg","contentUrl":"https:\/\/www.kbmedshop.ch\/wp-content\/uploads\/2025\/04\/desinfectant-pour-instruments.jpg","width":458,"height":458,"caption":"EMAG D\u00e9sinfectants pour instruments"},{"@type":"BreadcrumbList","@id":"https:\/\/www.kbmedshop.ch\/fr\/produit\/emag-desinfectants-pour-instruments\/#breadcrumb","itemListElement":[{"@type":"ListItem","position":1,"name":"Accueil","item":"https:\/\/www.kbmedshop.ch\/fr\/"},{"@type":"ListItem","position":2,"name":"Boutique","item":"https:\/\/www.kbmedshop.ch\/shop\/"},{"@type":"ListItem","position":3,"name":"EMAG D\u00e9sinfectants pour instruments"}]},{"@type":"WebSite","@id":"https:\/\/www.kbmedshop.ch\/fr\/#website","url":"https:\/\/www.kbmedshop.ch\/fr\/","name":"Kbmed","description":"","potentialAction":[{"@type":"SearchAction","target":{"@type":"EntryPoint","urlTemplate":"https:\/\/www.kbmedshop.ch\/fr\/?s={search_term_string}"},"query-input":{"@type":"PropertyValueSpecification","valueRequired":true,"valueName":"search_term_string"}}],"inLanguage":"fr-FR"}]}},"_links":{"self":[{"href":"https:\/\/www.kbmedshop.ch\/fr\/wp-json\/wp\/v2\/product\/1557","targetHints":{"allow":["GET"]}}],"collection":[{"href":"https:\/\/www.kbmedshop.ch\/fr\/wp-json\/wp\/v2\/product"}],"about":[{"href":"https:\/\/www.kbmedshop.ch\/fr\/wp-json\/wp\/v2\/types\/product"}],"replies":[{"embeddable":true,"href":"https:\/\/www.kbmedshop.ch\/fr\/wp-json\/wp\/v2\/comments?post=1557"}],"wp:featuredmedia":[{"embeddable":true,"href":"https:\/\/www.kbmedshop.ch\/fr\/wp-json\/wp\/v2\/media\/970"}],"wp:attachment":[{"href":"https:\/\/www.kbmedshop.ch\/fr\/wp-json\/wp\/v2\/media?parent=1557"}],"wp:term":[{"taxonomy":"product_brand","embeddable":true,"href":"https:\/\/www.kbmedshop.ch\/fr\/wp-json\/wp\/v2\/product_brand?post=1557"},{"taxonomy":"product_cat","embeddable":true,"href":"https:\/\/www.kbmedshop.ch\/fr\/wp-json\/wp\/v2\/product_cat?post=1557"},{"taxonomy":"product_tag","embeddable":true,"href":"https:\/\/www.kbmedshop.ch\/fr\/wp-json\/wp\/v2\/product_tag?post=1557"}],"curies":[{"name":"wp","href":"https:\/\/api.w.org\/{rel}","templated":true}]}}