{"id":1555,"date":"2025-04-08T14:06:02","date_gmt":"2025-04-08T12:06:02","guid":{"rendered":"https:\/\/www.kbmedshop.ch\/?post_type=product&#038;p=1555"},"modified":"2025-05-16T14:11:46","modified_gmt":"2025-05-16T12:11:46","slug":"reservoir-a-ultrasons-promotal-3l","status":"publish","type":"product","link":"https:\/\/www.kbmedshop.ch\/fr\/produit\/reservoir-a-ultrasons-promotal-3l\/","title":{"rendered":"R\u00e9servoir \u00e0 ultrasons Promotal 3L"},"content":{"rendered":"<p>Fonctionnalit\u00e9s:<\/p>\n<ul>\n<li>Contenance : 3 litres.<\/li>\n<li>Technologie : Nettoyage par ultrasons pour une pr\u00e9cision optimale.<\/li>\n<li>Efficacit\u00e9 : Nettoyage en profondeur, m\u00eame dans les zones difficiles d&rsquo;acc\u00e8s.<\/li>\n<li>S\u00e9curit\u00e9 : R\u00e9duction du risque de contamination des outils.<\/li>\n<li>Caract\u00e9ristique\u00a0: R\u00e9duction des gaz dissous pour un meilleur lavage.<\/li>\n<\/ul>\n<p>Applications:<\/p>\n<ul>\n<li>Nettoyage d&rsquo;instruments m\u00e9dicaux dans les cabinets, les h\u00f4pitaux et les laboratoires.<\/li>\n<li>\u00c9limination des impuret\u00e9s pour assurer une hygi\u00e8ne irr\u00e9prochable.<\/li>\n<li>Utilisation dans des environnements professionnels exigeants.<\/li>\n<\/ul>\n<p>La cuve \u00e0 ultrasons Promotal 3 L est l&rsquo;outil indispensable pour les professionnels de sant\u00e9 qui souhaitent allier pr\u00e9cision, s\u00e9curit\u00e9 et efficacit\u00e9 dans le nettoyage de leurs instruments m\u00e9dicaux.<\/p>\n","protected":false},"excerpt":{"rendered":"<p>La cuve \u00e0 ultrasons Promotal 3L est un appareil de nettoyage de haute pr\u00e9cision sp\u00e9cialement con\u00e7u pour les instruments m\u00e9dicaux. Gr\u00e2ce \u00e0 la technologie \u00e0 ultrasons, il permet un nettoyage en profondeur, atteint les endroits difficiles d&rsquo;acc\u00e8s et \u00e9limine efficacement les impuret\u00e9s. La s\u00e9quence de lavage par ultrasons r\u00e9duit consid\u00e9rablement les risques li\u00e9s \u00e0 l&rsquo;utilisation d&rsquo;outils contamin\u00e9s tout en optimisant le nettoyage. De plus, ce r\u00e9servoir est \u00e9quip\u00e9 d&rsquo;un syst\u00e8me qui r\u00e9duit les gaz dissous pendant le lavage, assurant ainsi une efficacit\u00e9 maximale.<\/p>\n<p>&nbsp;<\/p>\n<p>Code produit : MEW-QC1-02<\/p>\n","protected":false},"featured_media":974,"comment_status":"open","ping_status":"closed","template":"","meta":{"_acf_changed":false},"product_brand":[],"product_cat":[363,357],"product_tag":[],"class_list":{"0":"post-1555","1":"product","2":"type-product","3":"status-publish","4":"has-post-thumbnail","6":"product_cat-bains-a-ultrasons-fr","7":"product_cat-sterilisation-hygiene-fr","9":"first","10":"instock","11":"taxable","12":"shipping-taxable","13":"product-type-simple"},"acf":[],"yoast_head":"<!-- This site is optimized with the Yoast SEO plugin v25.0 - https:\/\/yoast.com\/wordpress\/plugins\/seo\/ -->\n<title>R\u00e9servoir \u00e0 ultrasons Promotal 3L - KB Med<\/title>\n<meta name=\"description\" content=\"Le r\u00e9servoir \u00e0 ultrasons Promotal 3L est compact et performant, id\u00e9al pour un nettoyage pr\u00e9cis et efficace des instruments m\u00e9dicaux.\" \/>\n<meta name=\"robots\" content=\"index, follow, max-snippet:-1, max-image-preview:large, max-video-preview:-1\" \/>\n<link rel=\"canonical\" href=\"https:\/\/www.kbmedshop.ch\/fr\/produit\/reservoir-a-ultrasons-promotal-3l\/\" \/>\n<meta property=\"og:locale\" content=\"fr_FR\" \/>\n<meta property=\"og:type\" content=\"article\" \/>\n<meta property=\"og:title\" content=\"R\u00e9servoir \u00e0 ultrasons Promotal 3L - KB Med\" \/>\n<meta property=\"og:description\" content=\"Le r\u00e9servoir \u00e0 ultrasons Promotal 3L est compact et performant, id\u00e9al pour un nettoyage pr\u00e9cis et efficace des instruments m\u00e9dicaux.\" \/>\n<meta property=\"og:url\" content=\"https:\/\/www.kbmedshop.ch\/fr\/produit\/reservoir-a-ultrasons-promotal-3l\/\" \/>\n<meta property=\"og:site_name\" content=\"KB Med\" \/>\n<meta property=\"article:modified_time\" content=\"2025-05-16T12:11:46+00:00\" \/>\n<meta property=\"og:image\" content=\"https:\/\/www.kbmedshop.ch\/wp-content\/uploads\/2025\/04\/cuve-a-ultrasons-3-l.jpg\" \/>\n\t<meta property=\"og:image:width\" content=\"458\" \/>\n\t<meta property=\"og:image:height\" content=\"458\" \/>\n\t<meta property=\"og:image:type\" content=\"image\/jpeg\" \/>\n<meta name=\"twitter:card\" content=\"summary_large_image\" \/>\n<meta name=\"twitter:label1\" content=\"Dur\u00e9e de lecture estim\u00e9e\" \/>\n\t<meta name=\"twitter:data1\" content=\"1 minute\" \/>\n<script type=\"application\/ld+json\" class=\"yoast-schema-graph\">{\"@context\":\"https:\/\/schema.org\",\"@graph\":[{\"@type\":\"WebPage\",\"@id\":\"https:\/\/www.kbmedshop.ch\/fr\/produit\/reservoir-a-ultrasons-promotal-3l\/\",\"url\":\"https:\/\/www.kbmedshop.ch\/fr\/produit\/reservoir-a-ultrasons-promotal-3l\/\",\"name\":\"R\u00e9servoir \u00e0 ultrasons Promotal 3L - KB Med\",\"isPartOf\":{\"@id\":\"https:\/\/www.kbmedshop.ch\/fr\/#website\"},\"primaryImageOfPage\":{\"@id\":\"https:\/\/www.kbmedshop.ch\/fr\/produit\/reservoir-a-ultrasons-promotal-3l\/#primaryimage\"},\"image\":{\"@id\":\"https:\/\/www.kbmedshop.ch\/fr\/produit\/reservoir-a-ultrasons-promotal-3l\/#primaryimage\"},\"thumbnailUrl\":\"https:\/\/www.kbmedshop.ch\/wp-content\/uploads\/2025\/04\/cuve-a-ultrasons-3-l.jpg\",\"datePublished\":\"2025-04-08T12:06:02+00:00\",\"dateModified\":\"2025-05-16T12:11:46+00:00\",\"description\":\"Le r\u00e9servoir \u00e0 ultrasons Promotal 3L est compact et performant, id\u00e9al pour un nettoyage pr\u00e9cis et efficace des instruments m\u00e9dicaux.\",\"breadcrumb\":{\"@id\":\"https:\/\/www.kbmedshop.ch\/fr\/produit\/reservoir-a-ultrasons-promotal-3l\/#breadcrumb\"},\"inLanguage\":\"fr-FR\",\"potentialAction\":[{\"@type\":\"ReadAction\",\"target\":[\"https:\/\/www.kbmedshop.ch\/fr\/produit\/reservoir-a-ultrasons-promotal-3l\/\"]}]},{\"@type\":\"ImageObject\",\"inLanguage\":\"fr-FR\",\"@id\":\"https:\/\/www.kbmedshop.ch\/fr\/produit\/reservoir-a-ultrasons-promotal-3l\/#primaryimage\",\"url\":\"https:\/\/www.kbmedshop.ch\/wp-content\/uploads\/2025\/04\/cuve-a-ultrasons-3-l.jpg\",\"contentUrl\":\"https:\/\/www.kbmedshop.ch\/wp-content\/uploads\/2025\/04\/cuve-a-ultrasons-3-l.jpg\",\"width\":458,\"height\":458,\"caption\":\"R\u00e9servoir \u00e0 ultrasons Promotal 3L\"},{\"@type\":\"BreadcrumbList\",\"@id\":\"https:\/\/www.kbmedshop.ch\/fr\/produit\/reservoir-a-ultrasons-promotal-3l\/#breadcrumb\",\"itemListElement\":[{\"@type\":\"ListItem\",\"position\":1,\"name\":\"Accueil\",\"item\":\"https:\/\/www.kbmedshop.ch\/fr\/\"},{\"@type\":\"ListItem\",\"position\":2,\"name\":\"Boutique\",\"item\":\"https:\/\/www.kbmedshop.ch\/shop\/\"},{\"@type\":\"ListItem\",\"position\":3,\"name\":\"R\u00e9servoir \u00e0 ultrasons Promotal 3L\"}]},{\"@type\":\"WebSite\",\"@id\":\"https:\/\/www.kbmedshop.ch\/fr\/#website\",\"url\":\"https:\/\/www.kbmedshop.ch\/fr\/\",\"name\":\"Kbmed\",\"description\":\"\",\"potentialAction\":[{\"@type\":\"SearchAction\",\"target\":{\"@type\":\"EntryPoint\",\"urlTemplate\":\"https:\/\/www.kbmedshop.ch\/fr\/?s={search_term_string}\"},\"query-input\":{\"@type\":\"PropertyValueSpecification\",\"valueRequired\":true,\"valueName\":\"search_term_string\"}}],\"inLanguage\":\"fr-FR\"}]}<\/script>\n<!-- \/ Yoast SEO plugin. -->","yoast_head_json":{"title":"R\u00e9servoir \u00e0 ultrasons Promotal 3L - KB Med","description":"Le r\u00e9servoir \u00e0 ultrasons Promotal 3L est compact et performant, id\u00e9al pour un nettoyage pr\u00e9cis et efficace des instruments m\u00e9dicaux.","robots":{"index":"index","follow":"follow","max-snippet":"max-snippet:-1","max-image-preview":"max-image-preview:large","max-video-preview":"max-video-preview:-1"},"canonical":"https:\/\/www.kbmedshop.ch\/fr\/produit\/reservoir-a-ultrasons-promotal-3l\/","og_locale":"fr_FR","og_type":"article","og_title":"R\u00e9servoir \u00e0 ultrasons Promotal 3L - KB Med","og_description":"Le r\u00e9servoir \u00e0 ultrasons Promotal 3L est compact et performant, id\u00e9al pour un nettoyage pr\u00e9cis et efficace des instruments m\u00e9dicaux.","og_url":"https:\/\/www.kbmedshop.ch\/fr\/produit\/reservoir-a-ultrasons-promotal-3l\/","og_site_name":"KB Med","article_modified_time":"2025-05-16T12:11:46+00:00","og_image":[{"width":458,"height":458,"url":"https:\/\/www.kbmedshop.ch\/wp-content\/uploads\/2025\/04\/cuve-a-ultrasons-3-l.jpg","type":"image\/jpeg"}],"twitter_card":"summary_large_image","twitter_misc":{"Dur\u00e9e de lecture estim\u00e9e":"1 minute"},"schema":{"@context":"https:\/\/schema.org","@graph":[{"@type":"WebPage","@id":"https:\/\/www.kbmedshop.ch\/fr\/produit\/reservoir-a-ultrasons-promotal-3l\/","url":"https:\/\/www.kbmedshop.ch\/fr\/produit\/reservoir-a-ultrasons-promotal-3l\/","name":"R\u00e9servoir \u00e0 ultrasons Promotal 3L - KB Med","isPartOf":{"@id":"https:\/\/www.kbmedshop.ch\/fr\/#website"},"primaryImageOfPage":{"@id":"https:\/\/www.kbmedshop.ch\/fr\/produit\/reservoir-a-ultrasons-promotal-3l\/#primaryimage"},"image":{"@id":"https:\/\/www.kbmedshop.ch\/fr\/produit\/reservoir-a-ultrasons-promotal-3l\/#primaryimage"},"thumbnailUrl":"https:\/\/www.kbmedshop.ch\/wp-content\/uploads\/2025\/04\/cuve-a-ultrasons-3-l.jpg","datePublished":"2025-04-08T12:06:02+00:00","dateModified":"2025-05-16T12:11:46+00:00","description":"Le r\u00e9servoir \u00e0 ultrasons Promotal 3L est compact et performant, id\u00e9al pour un nettoyage pr\u00e9cis et efficace des instruments m\u00e9dicaux.","breadcrumb":{"@id":"https:\/\/www.kbmedshop.ch\/fr\/produit\/reservoir-a-ultrasons-promotal-3l\/#breadcrumb"},"inLanguage":"fr-FR","potentialAction":[{"@type":"ReadAction","target":["https:\/\/www.kbmedshop.ch\/fr\/produit\/reservoir-a-ultrasons-promotal-3l\/"]}]},{"@type":"ImageObject","inLanguage":"fr-FR","@id":"https:\/\/www.kbmedshop.ch\/fr\/produit\/reservoir-a-ultrasons-promotal-3l\/#primaryimage","url":"https:\/\/www.kbmedshop.ch\/wp-content\/uploads\/2025\/04\/cuve-a-ultrasons-3-l.jpg","contentUrl":"https:\/\/www.kbmedshop.ch\/wp-content\/uploads\/2025\/04\/cuve-a-ultrasons-3-l.jpg","width":458,"height":458,"caption":"R\u00e9servoir \u00e0 ultrasons Promotal 3L"},{"@type":"BreadcrumbList","@id":"https:\/\/www.kbmedshop.ch\/fr\/produit\/reservoir-a-ultrasons-promotal-3l\/#breadcrumb","itemListElement":[{"@type":"ListItem","position":1,"name":"Accueil","item":"https:\/\/www.kbmedshop.ch\/fr\/"},{"@type":"ListItem","position":2,"name":"Boutique","item":"https:\/\/www.kbmedshop.ch\/shop\/"},{"@type":"ListItem","position":3,"name":"R\u00e9servoir \u00e0 ultrasons Promotal 3L"}]},{"@type":"WebSite","@id":"https:\/\/www.kbmedshop.ch\/fr\/#website","url":"https:\/\/www.kbmedshop.ch\/fr\/","name":"Kbmed","description":"","potentialAction":[{"@type":"SearchAction","target":{"@type":"EntryPoint","urlTemplate":"https:\/\/www.kbmedshop.ch\/fr\/?s={search_term_string}"},"query-input":{"@type":"PropertyValueSpecification","valueRequired":true,"valueName":"search_term_string"}}],"inLanguage":"fr-FR"}]}},"_links":{"self":[{"href":"https:\/\/www.kbmedshop.ch\/fr\/wp-json\/wp\/v2\/product\/1555","targetHints":{"allow":["GET"]}}],"collection":[{"href":"https:\/\/www.kbmedshop.ch\/fr\/wp-json\/wp\/v2\/product"}],"about":[{"href":"https:\/\/www.kbmedshop.ch\/fr\/wp-json\/wp\/v2\/types\/product"}],"replies":[{"embeddable":true,"href":"https:\/\/www.kbmedshop.ch\/fr\/wp-json\/wp\/v2\/comments?post=1555"}],"wp:featuredmedia":[{"embeddable":true,"href":"https:\/\/www.kbmedshop.ch\/fr\/wp-json\/wp\/v2\/media\/974"}],"wp:attachment":[{"href":"https:\/\/www.kbmedshop.ch\/fr\/wp-json\/wp\/v2\/media?parent=1555"}],"wp:term":[{"taxonomy":"product_brand","embeddable":true,"href":"https:\/\/www.kbmedshop.ch\/fr\/wp-json\/wp\/v2\/product_brand?post=1555"},{"taxonomy":"product_cat","embeddable":true,"href":"https:\/\/www.kbmedshop.ch\/fr\/wp-json\/wp\/v2\/product_cat?post=1555"},{"taxonomy":"product_tag","embeddable":true,"href":"https:\/\/www.kbmedshop.ch\/fr\/wp-json\/wp\/v2\/product_tag?post=1555"}],"curies":[{"name":"wp","href":"https:\/\/api.w.org\/{rel}","templated":true}]}}