{"id":1550,"date":"2025-04-08T14:09:56","date_gmt":"2025-04-08T12:09:56","guid":{"rendered":"https:\/\/www.kbmedshop.ch\/?post_type=product&#038;p=1550"},"modified":"2025-04-29T08:58:49","modified_gmt":"2025-04-29T06:58:49","slug":"reservoir-a-ultrasons-emmi-h22","status":"publish","type":"product","link":"https:\/\/www.kbmedshop.ch\/fr\/produit\/reservoir-a-ultrasons-emmi-h22\/","title":{"rendered":"R\u00e9servoir \u00e0 ultrasons EMMI H22"},"content":{"rendered":"<p>Fonctionnalit\u00e9s:<\/p>\n<ul>\n<li>Volume de l&rsquo;\u00e9tang : 2,2 litres.<\/li>\n<li>Mat\u00e9riaux : Bo\u00eetier, couvercle et bassin en acier inoxydable.<\/li>\n<li>Minuterie : R\u00e9glable de 1 \u00e0 60 minutes.<\/li>\n<li>Chauffage int\u00e9gr\u00e9 : R\u00e9glage thermostatique entre 20 et 80\u00b0C.<\/li>\n<li>Taille:\n<ul>\n<li>Bo\u00eetier ext\u00e9rieur : 300 x 170 x 225 mm.<\/li>\n<li>Piscine int\u00e9rieure : 238 x 138 x 65 mm.<\/li>\n<li>Panier int\u00e9rieur : 220 x 120 x 50 mm.<\/li>\n<\/ul>\n<\/li>\n<\/ul>\n<p>Applications:<\/p>\n<ul>\n<li>Nettoyage d&rsquo;instruments m\u00e9dicaux dans les cabinets, les h\u00f4pitaux et les laboratoires.<\/li>\n<li>\u00c9limination des impuret\u00e9s pour assurer une hygi\u00e8ne optimale.<\/li>\n<li>Utilisation dans des environnements professionnels qui n\u00e9cessitent un nettoyage pr\u00e9cis et rapide.<\/li>\n<\/ul>\n<p>La cuve \u00e0 ultrasons EMMI H22 est l&rsquo;outil indispensable pour les professionnels de sant\u00e9 qui souhaitent allier efficacit\u00e9, s\u00e9curit\u00e9 et praticit\u00e9 lors du nettoyage de leurs instruments m\u00e9dicaux.<\/p>\n","protected":false},"excerpt":{"rendered":"<p>La cuve \u00e0 ultrasons EMMI H22 est un appareil universel con\u00e7u pour le nettoyage pr\u00e9cis et efficace des instruments m\u00e9dicaux. Equip\u00e9 d&rsquo;un bo\u00eetier, d&rsquo;un couvercle et d&rsquo;un bassin robustes en inox, il garantit une durabilit\u00e9 optimale et une hygi\u00e8ne irr\u00e9prochable. Ce mod\u00e8le est \u00e9quip\u00e9 d&rsquo;une minuterie r\u00e9glable (1 \u00e0 60 minutes) et d&rsquo;un syst\u00e8me de chauffage int\u00e9gr\u00e9 avec r\u00e9glage thermostatique (20-80\u00b0C) qui permet un nettoyage selon vos besoins. Avec un volume de bassin de 2,2 litres, ce r\u00e9servoir est id\u00e9al pour les environnements professionnels qui n\u00e9cessitent un nettoyage rapide et fiable.<\/p>\n","protected":false},"featured_media":982,"comment_status":"open","ping_status":"closed","template":"","meta":{"_acf_changed":false},"product_brand":[],"product_cat":[15],"product_tag":[],"class_list":{"0":"post-1550","1":"product","2":"type-product","3":"status-publish","4":"has-post-thumbnail","6":"product_cat-nicht-kategorisiert","8":"first","9":"instock","10":"taxable","11":"shipping-taxable","12":"purchasable","13":"product-type-simple"},"acf":[],"yoast_head":"<!-- This site is optimized with the Yoast SEO plugin v25.0 - https:\/\/yoast.com\/wordpress\/plugins\/seo\/ -->\n<title>R\u00e9servoir \u00e0 ultrasons EMMI H22 - KB Med<\/title>\n<meta name=\"description\" content=\"D\u00e9couvrez le r\u00e9servoir \u00e0 ultrasons EMMI H22 : une solution fiable et performante pour le nettoyage des instruments m\u00e9dicaux.\" \/>\n<meta name=\"robots\" content=\"index, follow, max-snippet:-1, max-image-preview:large, max-video-preview:-1\" \/>\n<link rel=\"canonical\" href=\"https:\/\/www.kbmedshop.ch\/fr\/produit\/reservoir-a-ultrasons-emmi-h22\/\" \/>\n<meta property=\"og:locale\" content=\"fr_FR\" \/>\n<meta property=\"og:type\" content=\"article\" \/>\n<meta property=\"og:title\" content=\"R\u00e9servoir \u00e0 ultrasons EMMI H22 - KB Med\" \/>\n<meta property=\"og:description\" content=\"D\u00e9couvrez le r\u00e9servoir \u00e0 ultrasons EMMI H22 : une solution fiable et performante pour le nettoyage des instruments m\u00e9dicaux.\" \/>\n<meta property=\"og:url\" content=\"https:\/\/www.kbmedshop.ch\/fr\/produit\/reservoir-a-ultrasons-emmi-h22\/\" \/>\n<meta property=\"og:site_name\" content=\"KB Med\" \/>\n<meta property=\"article:modified_time\" content=\"2025-04-29T06:58:49+00:00\" \/>\n<meta property=\"og:image\" content=\"https:\/\/www.kbmedshop.ch\/wp-content\/uploads\/2025\/04\/cuve-a-ultra-sons.jpg\" \/>\n\t<meta property=\"og:image:width\" content=\"458\" \/>\n\t<meta property=\"og:image:height\" content=\"458\" \/>\n\t<meta property=\"og:image:type\" content=\"image\/jpeg\" \/>\n<meta name=\"twitter:card\" content=\"summary_large_image\" \/>\n<meta name=\"twitter:label1\" content=\"Dur\u00e9e de lecture estim\u00e9e\" \/>\n\t<meta name=\"twitter:data1\" content=\"1 minute\" \/>\n<script type=\"application\/ld+json\" class=\"yoast-schema-graph\">{\"@context\":\"https:\/\/schema.org\",\"@graph\":[{\"@type\":\"WebPage\",\"@id\":\"https:\/\/www.kbmedshop.ch\/fr\/produit\/reservoir-a-ultrasons-emmi-h22\/\",\"url\":\"https:\/\/www.kbmedshop.ch\/fr\/produit\/reservoir-a-ultrasons-emmi-h22\/\",\"name\":\"R\u00e9servoir \u00e0 ultrasons EMMI H22 - KB Med\",\"isPartOf\":{\"@id\":\"https:\/\/www.kbmedshop.ch\/fr\/#website\"},\"primaryImageOfPage\":{\"@id\":\"https:\/\/www.kbmedshop.ch\/fr\/produit\/reservoir-a-ultrasons-emmi-h22\/#primaryimage\"},\"image\":{\"@id\":\"https:\/\/www.kbmedshop.ch\/fr\/produit\/reservoir-a-ultrasons-emmi-h22\/#primaryimage\"},\"thumbnailUrl\":\"https:\/\/www.kbmedshop.ch\/wp-content\/uploads\/2025\/04\/cuve-a-ultra-sons.jpg\",\"datePublished\":\"2025-04-08T12:09:56+00:00\",\"dateModified\":\"2025-04-29T06:58:49+00:00\",\"description\":\"D\u00e9couvrez le r\u00e9servoir \u00e0 ultrasons EMMI H22 : une solution fiable et performante pour le nettoyage des instruments m\u00e9dicaux.\",\"breadcrumb\":{\"@id\":\"https:\/\/www.kbmedshop.ch\/fr\/produit\/reservoir-a-ultrasons-emmi-h22\/#breadcrumb\"},\"inLanguage\":\"fr-FR\",\"potentialAction\":[{\"@type\":\"ReadAction\",\"target\":[\"https:\/\/www.kbmedshop.ch\/fr\/produit\/reservoir-a-ultrasons-emmi-h22\/\"]}]},{\"@type\":\"ImageObject\",\"inLanguage\":\"fr-FR\",\"@id\":\"https:\/\/www.kbmedshop.ch\/fr\/produit\/reservoir-a-ultrasons-emmi-h22\/#primaryimage\",\"url\":\"https:\/\/www.kbmedshop.ch\/wp-content\/uploads\/2025\/04\/cuve-a-ultra-sons.jpg\",\"contentUrl\":\"https:\/\/www.kbmedshop.ch\/wp-content\/uploads\/2025\/04\/cuve-a-ultra-sons.jpg\",\"width\":458,\"height\":458,\"caption\":\"R\u00e9servoir \u00e0 ultrasons EMMI H22\"},{\"@type\":\"BreadcrumbList\",\"@id\":\"https:\/\/www.kbmedshop.ch\/fr\/produit\/reservoir-a-ultrasons-emmi-h22\/#breadcrumb\",\"itemListElement\":[{\"@type\":\"ListItem\",\"position\":1,\"name\":\"Accueil\",\"item\":\"https:\/\/www.kbmedshop.ch\/fr\/\"},{\"@type\":\"ListItem\",\"position\":2,\"name\":\"Boutique\",\"item\":\"https:\/\/www.kbmedshop.ch\/shop\/\"},{\"@type\":\"ListItem\",\"position\":3,\"name\":\"R\u00e9servoir \u00e0 ultrasons EMMI H22\"}]},{\"@type\":\"WebSite\",\"@id\":\"https:\/\/www.kbmedshop.ch\/fr\/#website\",\"url\":\"https:\/\/www.kbmedshop.ch\/fr\/\",\"name\":\"Kbmed\",\"description\":\"\",\"potentialAction\":[{\"@type\":\"SearchAction\",\"target\":{\"@type\":\"EntryPoint\",\"urlTemplate\":\"https:\/\/www.kbmedshop.ch\/fr\/?s={search_term_string}\"},\"query-input\":{\"@type\":\"PropertyValueSpecification\",\"valueRequired\":true,\"valueName\":\"search_term_string\"}}],\"inLanguage\":\"fr-FR\"}]}<\/script>\n<!-- \/ Yoast SEO plugin. -->","yoast_head_json":{"title":"R\u00e9servoir \u00e0 ultrasons EMMI H22 - KB Med","description":"D\u00e9couvrez le r\u00e9servoir \u00e0 ultrasons EMMI H22 : une solution fiable et performante pour le nettoyage des instruments m\u00e9dicaux.","robots":{"index":"index","follow":"follow","max-snippet":"max-snippet:-1","max-image-preview":"max-image-preview:large","max-video-preview":"max-video-preview:-1"},"canonical":"https:\/\/www.kbmedshop.ch\/fr\/produit\/reservoir-a-ultrasons-emmi-h22\/","og_locale":"fr_FR","og_type":"article","og_title":"R\u00e9servoir \u00e0 ultrasons EMMI H22 - KB Med","og_description":"D\u00e9couvrez le r\u00e9servoir \u00e0 ultrasons EMMI H22 : une solution fiable et performante pour le nettoyage des instruments m\u00e9dicaux.","og_url":"https:\/\/www.kbmedshop.ch\/fr\/produit\/reservoir-a-ultrasons-emmi-h22\/","og_site_name":"KB Med","article_modified_time":"2025-04-29T06:58:49+00:00","og_image":[{"width":458,"height":458,"url":"https:\/\/www.kbmedshop.ch\/wp-content\/uploads\/2025\/04\/cuve-a-ultra-sons.jpg","type":"image\/jpeg"}],"twitter_card":"summary_large_image","twitter_misc":{"Dur\u00e9e de lecture estim\u00e9e":"1 minute"},"schema":{"@context":"https:\/\/schema.org","@graph":[{"@type":"WebPage","@id":"https:\/\/www.kbmedshop.ch\/fr\/produit\/reservoir-a-ultrasons-emmi-h22\/","url":"https:\/\/www.kbmedshop.ch\/fr\/produit\/reservoir-a-ultrasons-emmi-h22\/","name":"R\u00e9servoir \u00e0 ultrasons EMMI H22 - KB Med","isPartOf":{"@id":"https:\/\/www.kbmedshop.ch\/fr\/#website"},"primaryImageOfPage":{"@id":"https:\/\/www.kbmedshop.ch\/fr\/produit\/reservoir-a-ultrasons-emmi-h22\/#primaryimage"},"image":{"@id":"https:\/\/www.kbmedshop.ch\/fr\/produit\/reservoir-a-ultrasons-emmi-h22\/#primaryimage"},"thumbnailUrl":"https:\/\/www.kbmedshop.ch\/wp-content\/uploads\/2025\/04\/cuve-a-ultra-sons.jpg","datePublished":"2025-04-08T12:09:56+00:00","dateModified":"2025-04-29T06:58:49+00:00","description":"D\u00e9couvrez le r\u00e9servoir \u00e0 ultrasons EMMI H22 : une solution fiable et performante pour le nettoyage des instruments m\u00e9dicaux.","breadcrumb":{"@id":"https:\/\/www.kbmedshop.ch\/fr\/produit\/reservoir-a-ultrasons-emmi-h22\/#breadcrumb"},"inLanguage":"fr-FR","potentialAction":[{"@type":"ReadAction","target":["https:\/\/www.kbmedshop.ch\/fr\/produit\/reservoir-a-ultrasons-emmi-h22\/"]}]},{"@type":"ImageObject","inLanguage":"fr-FR","@id":"https:\/\/www.kbmedshop.ch\/fr\/produit\/reservoir-a-ultrasons-emmi-h22\/#primaryimage","url":"https:\/\/www.kbmedshop.ch\/wp-content\/uploads\/2025\/04\/cuve-a-ultra-sons.jpg","contentUrl":"https:\/\/www.kbmedshop.ch\/wp-content\/uploads\/2025\/04\/cuve-a-ultra-sons.jpg","width":458,"height":458,"caption":"R\u00e9servoir \u00e0 ultrasons EMMI H22"},{"@type":"BreadcrumbList","@id":"https:\/\/www.kbmedshop.ch\/fr\/produit\/reservoir-a-ultrasons-emmi-h22\/#breadcrumb","itemListElement":[{"@type":"ListItem","position":1,"name":"Accueil","item":"https:\/\/www.kbmedshop.ch\/fr\/"},{"@type":"ListItem","position":2,"name":"Boutique","item":"https:\/\/www.kbmedshop.ch\/shop\/"},{"@type":"ListItem","position":3,"name":"R\u00e9servoir \u00e0 ultrasons EMMI H22"}]},{"@type":"WebSite","@id":"https:\/\/www.kbmedshop.ch\/fr\/#website","url":"https:\/\/www.kbmedshop.ch\/fr\/","name":"Kbmed","description":"","potentialAction":[{"@type":"SearchAction","target":{"@type":"EntryPoint","urlTemplate":"https:\/\/www.kbmedshop.ch\/fr\/?s={search_term_string}"},"query-input":{"@type":"PropertyValueSpecification","valueRequired":true,"valueName":"search_term_string"}}],"inLanguage":"fr-FR"}]}},"_links":{"self":[{"href":"https:\/\/www.kbmedshop.ch\/fr\/wp-json\/wp\/v2\/product\/1550","targetHints":{"allow":["GET"]}}],"collection":[{"href":"https:\/\/www.kbmedshop.ch\/fr\/wp-json\/wp\/v2\/product"}],"about":[{"href":"https:\/\/www.kbmedshop.ch\/fr\/wp-json\/wp\/v2\/types\/product"}],"replies":[{"embeddable":true,"href":"https:\/\/www.kbmedshop.ch\/fr\/wp-json\/wp\/v2\/comments?post=1550"}],"wp:featuredmedia":[{"embeddable":true,"href":"https:\/\/www.kbmedshop.ch\/fr\/wp-json\/wp\/v2\/media\/982"}],"wp:attachment":[{"href":"https:\/\/www.kbmedshop.ch\/fr\/wp-json\/wp\/v2\/media?parent=1550"}],"wp:term":[{"taxonomy":"product_brand","embeddable":true,"href":"https:\/\/www.kbmedshop.ch\/fr\/wp-json\/wp\/v2\/product_brand?post=1550"},{"taxonomy":"product_cat","embeddable":true,"href":"https:\/\/www.kbmedshop.ch\/fr\/wp-json\/wp\/v2\/product_cat?post=1550"},{"taxonomy":"product_tag","embeddable":true,"href":"https:\/\/www.kbmedshop.ch\/fr\/wp-json\/wp\/v2\/product_tag?post=1550"}],"curies":[{"name":"wp","href":"https:\/\/api.w.org\/{rel}","templated":true}]}}